{"id":14466,"date":"2021-06-23T12:23:10","date_gmt":"2021-06-23T10:23:10","guid":{"rendered":"https:\/\/www.pp-ucka.hr\/natura-2000\/"},"modified":"2021-07-29T11:31:11","modified_gmt":"2021-07-29T09:31:11","slug":"natura-2000","status":"publish","type":"page","link":"https:\/\/www.pp-ucka.hr\/en\/natura-2000\/","title":{"rendered":"Natura 2000"},"content":{"rendered":"<p>Natura 2000\u00a0is a\u00a0network of protected areas covering Europe&#8217;s most valuable and threatened species and habitats.<\/p>\n<p>Its main goal is to protect or restore habitats for more than a thousand endangered and rare species and about 230 natural and semi-natural habitat type.<\/p>\n<p>The Natura 2000 is based upon EU directives, its areas are chosen through scientific measurements, while in management planning for these areas, local inhabitants&#8217; welfare is also taken into account.<\/p>\n<p>The U\u010dka Nature Park Public Institution manages the Habitats Directive and Birds Directive Natura 2000 protected areas of the rest of the \u0106i\u0107arija plateau that extends all to the Slovenian border, then the Boljunsko and \u010cepi\u0107ko polje (<em>field<\/em>) toward the Istrian inland.<\/p>\n<p>If You happen to notice one od the protected species, You can report <a href=\"https:\/\/www.pp-ucka.hr\/en\/wildlife-reports-and-findings\/\">Your finding<\/a> to us via <a href=\"mailto:info@pp-ucka.hr\">e-mail<\/a>, helping us track and monitor the species and habitat status and hence their protection.<\/p>\n<div class=\"et_pb_slider et_pb_slider_fullwidth_off et_pb_gallery_post_type\">\n\t\t\t\t<div class=\"et_pb_slides\">\n\t\t\t\t\t<div class=\"et_pb_slide\" style=\"background: url(https:\/\/www.pp-ucka.hr\/2020\/wp-content\/uploads\/Euphydryas_aurinia-Mocvarna_ridja-5.jpg);\"><\/div><div class=\"et_pb_slide\" style=\"background: url(https:\/\/www.pp-ucka.hr\/2020\/wp-content\/uploads\/jelenak.jpg);\"><\/div><div class=\"et_pb_slide\" style=\"background: url(https:\/\/www.pp-ucka.hr\/2020\/wp-content\/uploads\/Morimus-funereus-Velika-cetveropjega-cvilidreta.jpg);\"><\/div><div class=\"et_pb_slide\" style=\"background: url(https:\/\/www.pp-ucka.hr\/2020\/wp-content\/uploads\/P5237210.jpg);\"><\/div><div class=\"et_pb_slide\" style=\"background: url(https:\/\/www.pp-ucka.hr\/2020\/wp-content\/uploads\/Rosalia_alpina_Alpinska_strizibuba-2.jpg);\"><\/div><div class=\"et_pb_slide\" style=\"background: url(https:\/\/www.pp-ucka.hr\/2020\/wp-content\/uploads\/zasticena-podrucja.jpg);\"><\/div>\n\t\t\t\t<\/div>\n\t\t\t<\/div>\n","protected":false},"excerpt":{"rendered":"<p>Natura 2000\u00a0is a\u00a0network of protected areas covering Europe&#8217;s most valuable and threatened species and habitats. Its main goal is to protect or restore habitats for more than a thousand endangered and rare species and about 230 natural and semi-natural habitat type. The Natura 2000 is based upon EU directives, its areas are chosen through scientific [&hellip;]<\/p>\n","protected":false},"author":3,"featured_media":14467,"parent":0,"menu_order":0,"comment_status":"closed","ping_status":"closed","template":"","meta":{"_et_pb_use_builder":"off","_et_pb_old_content":"","_et_gb_content_width":"","inline_featured_image":false,"footnotes":""},"categories":[122],"tags":[],"class_list":["post-14466","page","type-page","status-publish","has-post-thumbnail","hentry","category-about-the-park"],"yoast_head":"<!-- This site is optimized with the Yoast SEO plugin v27.3 - https:\/\/yoast.com\/product\/yoast-seo-wordpress\/ -->\n<title>Natura 2000 - Park prirode U\u010dka<\/title>\n<meta name=\"robots\" content=\"index, follow, max-snippet:-1, max-image-preview:large, max-video-preview:-1\" \/>\n<link rel=\"canonical\" href=\"https:\/\/www.pp-ucka.hr\/en\/natura-2000\/\" \/>\n<meta property=\"og:locale\" content=\"en_US\" \/>\n<meta property=\"og:type\" content=\"article\" \/>\n<meta property=\"og:title\" content=\"Natura 2000 - Park prirode U\u010dka\" \/>\n<meta property=\"og:description\" content=\"Natura 2000\u00a0is a\u00a0network of protected areas covering Europe&#8217;s most valuable and threatened species and habitats. Its main goal is to protect or restore habitats for more than a thousand endangered and rare species and about 230 natural and semi-natural habitat type. The Natura 2000 is based upon EU directives, its areas are chosen through scientific [&hellip;]\" \/>\n<meta property=\"og:url\" content=\"https:\/\/www.pp-ucka.hr\/en\/natura-2000\/\" \/>\n<meta property=\"og:site_name\" content=\"Park prirode U\u010dka\" \/>\n<meta property=\"article:modified_time\" content=\"2021-07-29T09:31:11+00:00\" \/>\n<meta property=\"og:image\" content=\"https:\/\/www.pp-ucka.hr\/2020\/wp-content\/uploads\/pp_ucka_natura_2000_naslovna.jpg\" \/>\n\t<meta property=\"og:image:width\" content=\"1920\" \/>\n\t<meta property=\"og:image:height\" content=\"1080\" \/>\n\t<meta property=\"og:image:type\" content=\"image\/jpeg\" \/>\n<meta name=\"twitter:card\" content=\"summary_large_image\" \/>\n<script type=\"application\/ld+json\" class=\"yoast-schema-graph\">{\"@context\":\"https:\\\/\\\/schema.org\",\"@graph\":[{\"@type\":\"WebPage\",\"@id\":\"https:\\\/\\\/www.pp-ucka.hr\\\/en\\\/natura-2000\\\/\",\"url\":\"https:\\\/\\\/www.pp-ucka.hr\\\/en\\\/natura-2000\\\/\",\"name\":\"Natura 2000 - Park prirode U\u010dka\",\"isPartOf\":{\"@id\":\"https:\\\/\\\/www.pp-ucka.hr\\\/#website\"},\"primaryImageOfPage\":{\"@id\":\"https:\\\/\\\/www.pp-ucka.hr\\\/en\\\/natura-2000\\\/#primaryimage\"},\"image\":{\"@id\":\"https:\\\/\\\/www.pp-ucka.hr\\\/en\\\/natura-2000\\\/#primaryimage\"},\"thumbnailUrl\":\"https:\\\/\\\/www.pp-ucka.hr\\\/2020\\\/wp-content\\\/uploads\\\/pp_ucka_natura_2000_naslovna.jpg\",\"datePublished\":\"2021-06-23T10:23:10+00:00\",\"dateModified\":\"2021-07-29T09:31:11+00:00\",\"breadcrumb\":{\"@id\":\"https:\\\/\\\/www.pp-ucka.hr\\\/en\\\/natura-2000\\\/#breadcrumb\"},\"inLanguage\":\"en-US\",\"potentialAction\":[{\"@type\":\"ReadAction\",\"target\":[\"https:\\\/\\\/www.pp-ucka.hr\\\/en\\\/natura-2000\\\/\"]}]},{\"@type\":\"ImageObject\",\"inLanguage\":\"en-US\",\"@id\":\"https:\\\/\\\/www.pp-ucka.hr\\\/en\\\/natura-2000\\\/#primaryimage\",\"url\":\"https:\\\/\\\/www.pp-ucka.hr\\\/2020\\\/wp-content\\\/uploads\\\/pp_ucka_natura_2000_naslovna.jpg\",\"contentUrl\":\"https:\\\/\\\/www.pp-ucka.hr\\\/2020\\\/wp-content\\\/uploads\\\/pp_ucka_natura_2000_naslovna.jpg\",\"width\":1920,\"height\":1080},{\"@type\":\"BreadcrumbList\",\"@id\":\"https:\\\/\\\/www.pp-ucka.hr\\\/en\\\/natura-2000\\\/#breadcrumb\",\"itemListElement\":[{\"@type\":\"ListItem\",\"position\":1,\"name\":\"Po\u010detna stranica\",\"item\":\"https:\\\/\\\/www.pp-ucka.hr\\\/en\\\/\"},{\"@type\":\"ListItem\",\"position\":2,\"name\":\"Natura 2000\"}]},{\"@type\":\"WebSite\",\"@id\":\"https:\\\/\\\/www.pp-ucka.hr\\\/#website\",\"url\":\"https:\\\/\\\/www.pp-ucka.hr\\\/\",\"name\":\"Park prirode U\u010dka\",\"description\":\"Park prirode U\u010dka\",\"potentialAction\":[{\"@type\":\"SearchAction\",\"target\":{\"@type\":\"EntryPoint\",\"urlTemplate\":\"https:\\\/\\\/www.pp-ucka.hr\\\/?s={search_term_string}\"},\"query-input\":{\"@type\":\"PropertyValueSpecification\",\"valueRequired\":true,\"valueName\":\"search_term_string\"}}],\"inLanguage\":\"en-US\"}]}<\/script>\n<!-- \/ Yoast SEO plugin. -->","yoast_head_json":{"title":"Natura 2000 - Park prirode U\u010dka","robots":{"index":"index","follow":"follow","max-snippet":"max-snippet:-1","max-image-preview":"max-image-preview:large","max-video-preview":"max-video-preview:-1"},"canonical":"https:\/\/www.pp-ucka.hr\/en\/natura-2000\/","og_locale":"en_US","og_type":"article","og_title":"Natura 2000 - Park prirode U\u010dka","og_description":"Natura 2000\u00a0is a\u00a0network of protected areas covering Europe&#8217;s most valuable and threatened species and habitats. Its main goal is to protect or restore habitats for more than a thousand endangered and rare species and about 230 natural and semi-natural habitat type. The Natura 2000 is based upon EU directives, its areas are chosen through scientific [&hellip;]","og_url":"https:\/\/www.pp-ucka.hr\/en\/natura-2000\/","og_site_name":"Park prirode U\u010dka","article_modified_time":"2021-07-29T09:31:11+00:00","og_image":[{"width":1920,"height":1080,"url":"https:\/\/www.pp-ucka.hr\/2020\/wp-content\/uploads\/pp_ucka_natura_2000_naslovna.jpg","type":"image\/jpeg"}],"twitter_card":"summary_large_image","schema":{"@context":"https:\/\/schema.org","@graph":[{"@type":"WebPage","@id":"https:\/\/www.pp-ucka.hr\/en\/natura-2000\/","url":"https:\/\/www.pp-ucka.hr\/en\/natura-2000\/","name":"Natura 2000 - Park prirode U\u010dka","isPartOf":{"@id":"https:\/\/www.pp-ucka.hr\/#website"},"primaryImageOfPage":{"@id":"https:\/\/www.pp-ucka.hr\/en\/natura-2000\/#primaryimage"},"image":{"@id":"https:\/\/www.pp-ucka.hr\/en\/natura-2000\/#primaryimage"},"thumbnailUrl":"https:\/\/www.pp-ucka.hr\/2020\/wp-content\/uploads\/pp_ucka_natura_2000_naslovna.jpg","datePublished":"2021-06-23T10:23:10+00:00","dateModified":"2021-07-29T09:31:11+00:00","breadcrumb":{"@id":"https:\/\/www.pp-ucka.hr\/en\/natura-2000\/#breadcrumb"},"inLanguage":"en-US","potentialAction":[{"@type":"ReadAction","target":["https:\/\/www.pp-ucka.hr\/en\/natura-2000\/"]}]},{"@type":"ImageObject","inLanguage":"en-US","@id":"https:\/\/www.pp-ucka.hr\/en\/natura-2000\/#primaryimage","url":"https:\/\/www.pp-ucka.hr\/2020\/wp-content\/uploads\/pp_ucka_natura_2000_naslovna.jpg","contentUrl":"https:\/\/www.pp-ucka.hr\/2020\/wp-content\/uploads\/pp_ucka_natura_2000_naslovna.jpg","width":1920,"height":1080},{"@type":"BreadcrumbList","@id":"https:\/\/www.pp-ucka.hr\/en\/natura-2000\/#breadcrumb","itemListElement":[{"@type":"ListItem","position":1,"name":"Po\u010detna stranica","item":"https:\/\/www.pp-ucka.hr\/en\/"},{"@type":"ListItem","position":2,"name":"Natura 2000"}]},{"@type":"WebSite","@id":"https:\/\/www.pp-ucka.hr\/#website","url":"https:\/\/www.pp-ucka.hr\/","name":"Park prirode U\u010dka","description":"Park prirode U\u010dka","potentialAction":[{"@type":"SearchAction","target":{"@type":"EntryPoint","urlTemplate":"https:\/\/www.pp-ucka.hr\/?s={search_term_string}"},"query-input":{"@type":"PropertyValueSpecification","valueRequired":true,"valueName":"search_term_string"}}],"inLanguage":"en-US"}]}},"_links":{"self":[{"href":"https:\/\/www.pp-ucka.hr\/en\/wp-json\/wp\/v2\/pages\/14466","targetHints":{"allow":["GET"]}}],"collection":[{"href":"https:\/\/www.pp-ucka.hr\/en\/wp-json\/wp\/v2\/pages"}],"about":[{"href":"https:\/\/www.pp-ucka.hr\/en\/wp-json\/wp\/v2\/types\/page"}],"author":[{"embeddable":true,"href":"https:\/\/www.pp-ucka.hr\/en\/wp-json\/wp\/v2\/users\/3"}],"replies":[{"embeddable":true,"href":"https:\/\/www.pp-ucka.hr\/en\/wp-json\/wp\/v2\/comments?post=14466"}],"version-history":[{"count":0,"href":"https:\/\/www.pp-ucka.hr\/en\/wp-json\/wp\/v2\/pages\/14466\/revisions"}],"wp:featuredmedia":[{"embeddable":true,"href":"https:\/\/www.pp-ucka.hr\/en\/wp-json\/wp\/v2\/media\/14467"}],"wp:attachment":[{"href":"https:\/\/www.pp-ucka.hr\/en\/wp-json\/wp\/v2\/media?parent=14466"}],"wp:term":[{"taxonomy":"category","embeddable":true,"href":"https:\/\/www.pp-ucka.hr\/en\/wp-json\/wp\/v2\/categories?post=14466"},{"taxonomy":"post_tag","embeddable":true,"href":"https:\/\/www.pp-ucka.hr\/en\/wp-json\/wp\/v2\/tags?post=14466"}],"curies":[{"name":"wp","href":"https:\/\/api.w.org\/{rel}","templated":true}]}}