{"id":14468,"date":"2021-06-23T12:23:42","date_gmt":"2021-06-23T10:23:42","guid":{"rendered":"https:\/\/www.pp-ucka.hr\/wildlife-reports-and-findings\/"},"modified":"2021-08-02T19:36:16","modified_gmt":"2021-08-02T17:36:16","slug":"wildlife-reports-and-findings","status":"publish","type":"page","link":"https:\/\/www.pp-ucka.hr\/en\/wildlife-reports-and-findings\/","title":{"rendered":"Wildlife reports and findings"},"content":{"rendered":"<p><img loading=\"lazy\" decoding=\"async\" class=\"alignleft size-medium wp-image-11277\" src=\"http:\/\/www.pp-ucka.hr\/2020\/wp-content\/uploads\/jelenak-300x225.jpg\" alt=\"\" width=\"300\" height=\"225\" \/>Citizen&#8217;s reports on species findings are a valuable source of information which contributes to their monitoring and protection. If you&#8217;ve noticed some interesting plant or animal on the area of <strong>U\u010dka Natural Park<\/strong> of on the areas of <strong>\u0106i\u0107arija<\/strong>, <strong>Boljunsko<\/strong> or <strong>\u010cepi\u0107ko polje<\/strong>, we kindly request you to send your finding through e-mail (<a href=\"mailto:info@pp-ucka.hr\">info@pp-ucka.hr<\/a>) which as much detail as possible, such as the <strong>date, photographs and the coordinates<\/strong>. We will surely try to identify the species and let you know some interesting facts about it. Thank You!<\/p>\n<p>&nbsp;<\/p>\n","protected":false},"excerpt":{"rendered":"<p>Citizen&#8217;s reports on species findings are a valuable source of information which contributes to their monitoring and protection. If you&#8217;ve noticed some interesting plant or animal on the area of U\u010dka Natural Park of on the areas of \u0106i\u0107arija, Boljunsko or \u010cepi\u0107ko polje, we kindly request you to send your finding through e-mail (info@pp-ucka.hr) which [&hellip;]<\/p>\n","protected":false},"author":3,"featured_media":9704,"parent":0,"menu_order":0,"comment_status":"closed","ping_status":"closed","template":"","meta":{"_et_pb_use_builder":"off","_et_pb_old_content":"","_et_gb_content_width":"","inline_featured_image":false,"footnotes":""},"categories":[123],"tags":[],"class_list":["post-14468","page","type-page","status-publish","has-post-thumbnail","hentry","category-informations"],"yoast_head":"<!-- This site is optimized with the Yoast SEO plugin v27.5 - https:\/\/yoast.com\/product\/yoast-seo-wordpress\/ -->\n<title>Wildlife reports and findings - Park prirode U\u010dka<\/title>\n<meta name=\"robots\" content=\"index, follow, max-snippet:-1, max-image-preview:large, max-video-preview:-1\" \/>\n<link rel=\"canonical\" href=\"https:\/\/www.pp-ucka.hr\/en\/wildlife-reports-and-findings\/\" \/>\n<meta property=\"og:locale\" content=\"en_US\" \/>\n<meta property=\"og:type\" content=\"article\" \/>\n<meta property=\"og:title\" content=\"Wildlife reports and findings - Park prirode U\u010dka\" \/>\n<meta property=\"og:description\" content=\"Citizen&#8217;s reports on species findings are a valuable source of information which contributes to their monitoring and protection. If you&#8217;ve noticed some interesting plant or animal on the area of U\u010dka Natural Park of on the areas of \u0106i\u0107arija, Boljunsko or \u010cepi\u0107ko polje, we kindly request you to send your finding through e-mail (info@pp-ucka.hr) which [&hellip;]\" \/>\n<meta property=\"og:url\" content=\"https:\/\/www.pp-ucka.hr\/en\/wildlife-reports-and-findings\/\" \/>\n<meta property=\"og:site_name\" content=\"Park prirode U\u010dka\" \/>\n<meta property=\"article:modified_time\" content=\"2021-08-02T17:36:16+00:00\" \/>\n<meta property=\"og:image\" content=\"https:\/\/www.pp-ucka.hr\/2020\/wp-content\/uploads\/pp_ucka_featured_2000.jpg\" \/>\n\t<meta property=\"og:image:width\" content=\"2000\" \/>\n\t<meta property=\"og:image:height\" content=\"1129\" \/>\n\t<meta property=\"og:image:type\" content=\"image\/jpeg\" \/>\n<meta name=\"twitter:card\" content=\"summary_large_image\" \/>\n<script type=\"application\/ld+json\" class=\"yoast-schema-graph\">{\"@context\":\"https:\\\/\\\/schema.org\",\"@graph\":[{\"@type\":\"WebPage\",\"@id\":\"https:\\\/\\\/www.pp-ucka.hr\\\/en\\\/wildlife-reports-and-findings\\\/\",\"url\":\"https:\\\/\\\/www.pp-ucka.hr\\\/en\\\/wildlife-reports-and-findings\\\/\",\"name\":\"Wildlife reports and findings - Park prirode U\u010dka\",\"isPartOf\":{\"@id\":\"https:\\\/\\\/www.pp-ucka.hr\\\/#website\"},\"primaryImageOfPage\":{\"@id\":\"https:\\\/\\\/www.pp-ucka.hr\\\/en\\\/wildlife-reports-and-findings\\\/#primaryimage\"},\"image\":{\"@id\":\"https:\\\/\\\/www.pp-ucka.hr\\\/en\\\/wildlife-reports-and-findings\\\/#primaryimage\"},\"thumbnailUrl\":\"https:\\\/\\\/www.pp-ucka.hr\\\/2020\\\/wp-content\\\/uploads\\\/pp_ucka_featured_2000.jpg\",\"datePublished\":\"2021-06-23T10:23:42+00:00\",\"dateModified\":\"2021-08-02T17:36:16+00:00\",\"breadcrumb\":{\"@id\":\"https:\\\/\\\/www.pp-ucka.hr\\\/en\\\/wildlife-reports-and-findings\\\/#breadcrumb\"},\"inLanguage\":\"en-US\",\"potentialAction\":[{\"@type\":\"ReadAction\",\"target\":[\"https:\\\/\\\/www.pp-ucka.hr\\\/en\\\/wildlife-reports-and-findings\\\/\"]}]},{\"@type\":\"ImageObject\",\"inLanguage\":\"en-US\",\"@id\":\"https:\\\/\\\/www.pp-ucka.hr\\\/en\\\/wildlife-reports-and-findings\\\/#primaryimage\",\"url\":\"https:\\\/\\\/www.pp-ucka.hr\\\/2020\\\/wp-content\\\/uploads\\\/pp_ucka_featured_2000.jpg\",\"contentUrl\":\"https:\\\/\\\/www.pp-ucka.hr\\\/2020\\\/wp-content\\\/uploads\\\/pp_ucka_featured_2000.jpg\",\"width\":2000,\"height\":1129},{\"@type\":\"BreadcrumbList\",\"@id\":\"https:\\\/\\\/www.pp-ucka.hr\\\/en\\\/wildlife-reports-and-findings\\\/#breadcrumb\",\"itemListElement\":[{\"@type\":\"ListItem\",\"position\":1,\"name\":\"Po\u010detna stranica\",\"item\":\"https:\\\/\\\/www.pp-ucka.hr\\\/en\\\/\"},{\"@type\":\"ListItem\",\"position\":2,\"name\":\"Wildlife reports and findings\"}]},{\"@type\":\"WebSite\",\"@id\":\"https:\\\/\\\/www.pp-ucka.hr\\\/#website\",\"url\":\"https:\\\/\\\/www.pp-ucka.hr\\\/\",\"name\":\"Park prirode U\u010dka\",\"description\":\"Park prirode U\u010dka\",\"potentialAction\":[{\"@type\":\"SearchAction\",\"target\":{\"@type\":\"EntryPoint\",\"urlTemplate\":\"https:\\\/\\\/www.pp-ucka.hr\\\/?s={search_term_string}\"},\"query-input\":{\"@type\":\"PropertyValueSpecification\",\"valueRequired\":true,\"valueName\":\"search_term_string\"}}],\"inLanguage\":\"en-US\"}]}<\/script>\n<!-- \/ Yoast SEO plugin. -->","yoast_head_json":{"title":"Wildlife reports and findings - Park prirode U\u010dka","robots":{"index":"index","follow":"follow","max-snippet":"max-snippet:-1","max-image-preview":"max-image-preview:large","max-video-preview":"max-video-preview:-1"},"canonical":"https:\/\/www.pp-ucka.hr\/en\/wildlife-reports-and-findings\/","og_locale":"en_US","og_type":"article","og_title":"Wildlife reports and findings - Park prirode U\u010dka","og_description":"Citizen&#8217;s reports on species findings are a valuable source of information which contributes to their monitoring and protection. If you&#8217;ve noticed some interesting plant or animal on the area of U\u010dka Natural Park of on the areas of \u0106i\u0107arija, Boljunsko or \u010cepi\u0107ko polje, we kindly request you to send your finding through e-mail (info@pp-ucka.hr) which [&hellip;]","og_url":"https:\/\/www.pp-ucka.hr\/en\/wildlife-reports-and-findings\/","og_site_name":"Park prirode U\u010dka","article_modified_time":"2021-08-02T17:36:16+00:00","og_image":[{"width":2000,"height":1129,"url":"https:\/\/www.pp-ucka.hr\/2020\/wp-content\/uploads\/pp_ucka_featured_2000.jpg","type":"image\/jpeg"}],"twitter_card":"summary_large_image","schema":{"@context":"https:\/\/schema.org","@graph":[{"@type":"WebPage","@id":"https:\/\/www.pp-ucka.hr\/en\/wildlife-reports-and-findings\/","url":"https:\/\/www.pp-ucka.hr\/en\/wildlife-reports-and-findings\/","name":"Wildlife reports and findings - Park prirode U\u010dka","isPartOf":{"@id":"https:\/\/www.pp-ucka.hr\/#website"},"primaryImageOfPage":{"@id":"https:\/\/www.pp-ucka.hr\/en\/wildlife-reports-and-findings\/#primaryimage"},"image":{"@id":"https:\/\/www.pp-ucka.hr\/en\/wildlife-reports-and-findings\/#primaryimage"},"thumbnailUrl":"https:\/\/www.pp-ucka.hr\/2020\/wp-content\/uploads\/pp_ucka_featured_2000.jpg","datePublished":"2021-06-23T10:23:42+00:00","dateModified":"2021-08-02T17:36:16+00:00","breadcrumb":{"@id":"https:\/\/www.pp-ucka.hr\/en\/wildlife-reports-and-findings\/#breadcrumb"},"inLanguage":"en-US","potentialAction":[{"@type":"ReadAction","target":["https:\/\/www.pp-ucka.hr\/en\/wildlife-reports-and-findings\/"]}]},{"@type":"ImageObject","inLanguage":"en-US","@id":"https:\/\/www.pp-ucka.hr\/en\/wildlife-reports-and-findings\/#primaryimage","url":"https:\/\/www.pp-ucka.hr\/2020\/wp-content\/uploads\/pp_ucka_featured_2000.jpg","contentUrl":"https:\/\/www.pp-ucka.hr\/2020\/wp-content\/uploads\/pp_ucka_featured_2000.jpg","width":2000,"height":1129},{"@type":"BreadcrumbList","@id":"https:\/\/www.pp-ucka.hr\/en\/wildlife-reports-and-findings\/#breadcrumb","itemListElement":[{"@type":"ListItem","position":1,"name":"Po\u010detna stranica","item":"https:\/\/www.pp-ucka.hr\/en\/"},{"@type":"ListItem","position":2,"name":"Wildlife reports and findings"}]},{"@type":"WebSite","@id":"https:\/\/www.pp-ucka.hr\/#website","url":"https:\/\/www.pp-ucka.hr\/","name":"Park prirode U\u010dka","description":"Park prirode U\u010dka","potentialAction":[{"@type":"SearchAction","target":{"@type":"EntryPoint","urlTemplate":"https:\/\/www.pp-ucka.hr\/?s={search_term_string}"},"query-input":{"@type":"PropertyValueSpecification","valueRequired":true,"valueName":"search_term_string"}}],"inLanguage":"en-US"}]}},"_links":{"self":[{"href":"https:\/\/www.pp-ucka.hr\/en\/wp-json\/wp\/v2\/pages\/14468","targetHints":{"allow":["GET"]}}],"collection":[{"href":"https:\/\/www.pp-ucka.hr\/en\/wp-json\/wp\/v2\/pages"}],"about":[{"href":"https:\/\/www.pp-ucka.hr\/en\/wp-json\/wp\/v2\/types\/page"}],"author":[{"embeddable":true,"href":"https:\/\/www.pp-ucka.hr\/en\/wp-json\/wp\/v2\/users\/3"}],"replies":[{"embeddable":true,"href":"https:\/\/www.pp-ucka.hr\/en\/wp-json\/wp\/v2\/comments?post=14468"}],"version-history":[{"count":0,"href":"https:\/\/www.pp-ucka.hr\/en\/wp-json\/wp\/v2\/pages\/14468\/revisions"}],"wp:featuredmedia":[{"embeddable":true,"href":"https:\/\/www.pp-ucka.hr\/en\/wp-json\/wp\/v2\/media\/9704"}],"wp:attachment":[{"href":"https:\/\/www.pp-ucka.hr\/en\/wp-json\/wp\/v2\/media?parent=14468"}],"wp:term":[{"taxonomy":"category","embeddable":true,"href":"https:\/\/www.pp-ucka.hr\/en\/wp-json\/wp\/v2\/categories?post=14468"},{"taxonomy":"post_tag","embeddable":true,"href":"https:\/\/www.pp-ucka.hr\/en\/wp-json\/wp\/v2\/tags?post=14468"}],"curies":[{"name":"wp","href":"https:\/\/api.w.org\/{rel}","templated":true}]}}