{"id":14472,"date":"2021-06-23T13:08:20","date_gmt":"2021-06-23T11:08:20","guid":{"rendered":"https:\/\/www.pp-ucka.hr\/useful-information\/"},"modified":"2021-06-23T13:08:20","modified_gmt":"2021-06-23T11:08:20","slug":"useful-information","status":"publish","type":"page","link":"https:\/\/www.pp-ucka.hr\/en\/useful-information\/","title":{"rendered":"Useful information"},"content":{"rendered":"<h1>IMPORTANT TELEPHONE NUMBERS<\/h1>\n<p>112 &#8211; National emergency number<br \/>192 &#8211; Police<br \/>193 &#8211; Firefighters<br \/>194 &#8211; Ambulance<br \/><a href=\"tel:385917210000\">091 721 0000<\/a> &#8211; Croatian Mountain Rescue Service (HGSS), Rijeka<br \/><a href=\"tel:385917210006\">091 721 0006<\/a> &#8211; Croatian Mountain Rescue Service (HGSS), Istra <br \/><a href=\"tel:38551770100\">051 770 100<\/a> &#8211; PP U\u010dka Nature Park (reception)<\/p>\n<h2>SAFETY, WEATHER FOREAST, INTERACTIVE MAPS<\/p>\n<\/h2>\n<p>Croatian Mountain Rescue Service (HGSS) &#8211; <a href=\"http:\/\/www.hgss.hr\/\" target=\"_blank\" rel=\"noopener\">http:\/\/www.hgss.hr\/<\/a> <br \/>HGSS \u2013 Rijeka station &#8211; <a href=\"http:\/\/www.gss-rijeka.hr\/\" target=\"_blank\" rel=\"noopener\">http:\/\/www.gss-rijeka.hr\/<\/a> <br \/>HGSS \u2013 Istra station &#8211;\u00a0<a href=\"http:\/\/www.hgss.hr\/stanice\/stanica-istra\/\" target=\"_blank\" rel=\"noopener\">http:\/\/www.hgss.hr\/stanice\/stanica-istra\/<\/a> National Weather Bureau (DHMZ) &#8211; <a href=\"https:\/\/meteo.hr\/\" target=\"_blank\" rel=\"noopener\">https:\/\/meteo.hr\/<\/a> <br \/>Croatian Mountaineering Association (HPS) &#8211; <a href=\"https:\/\/www.hps.hr\/karta\/\" target=\"_blank\" rel=\"noopener\">https:\/\/www.hps.hr\/karta\/<\/a><\/p>\n<h2>HOSPITALITY ESTABLISHMENTS AND ACCOMMODATIONS, TOURISM BOARDS\u00a0<\/h2>\n<p><strong>Poklon:<\/strong><br \/>Poklon Mountain Lodge- <a href=\"tel:38551299610\">051 299 610<\/a> &#8211; Opatija Mountaineering Association<br \/>U\u010dka Restaurant &amp; Rooming House &#8211; <a href=\"tel:38551516899\">051 516 899<\/a>\u00a0<br \/>Dopolavoro Restaurant &#8211;<a href=\"tel:38551299641\">051299641<\/a> <a href=\"https:\/\/www.dopolavoro.hr\/\">https:\/\/www.dopolavoro.hr\/<\/a><\/p>\n<p><strong>Korita:<\/strong><br \/>Korita Mountain Cottage &#8211; <a href=\"tel:385959118118\">095 911 8118<\/a> \u2013\u00a0 Glas Istre Mountaineering Association<\/p>\n<p><strong>Lovranska Draga:<br \/><\/strong>Hotel Draga di Lovrana &#8211;<a href=\"tel:38551294166\">051294166 &#8211; <\/a><a href=\"http:\/\/www.dragadilovrana.hr\/\">http:\/\/www.dragadilovrana.hr\/<\/a><br \/>Vila Betina Bed &amp; Breakfast &#8211; <a href=\"tel:38551301914\">051301914 &#8211;<\/a><br \/><a href=\"https:\/\/villa-betina.com\/en\/home\/\">https:\/\/villa-betina.com\/en\/home\/<\/a><br \/>Sirotnjakovi Dvori &#8211; <a href=\"tel:385914291348\">0914291348<\/a><br \/>Lovranska Draga Inn &#8211; <a href=\"tel:38551292720\">051292720<\/a><\/p>\n<p><strong>Brest pod U\u010dkom:<br \/><\/strong>Robinson House in the Nature Park &#8211; <a href=\"tel:385512121162\">0512121162<\/a><br \/>Vista Suites &#8211; <a href=\"tel:385977367420\">0977367420<\/a><br \/>Villa Staraj &#8211; <a href=\"tel:385919791163\">0919791163<\/a><\/p>\n<p><strong>Vranja:<\/strong><br \/>Villa Aurania &#8211; <a href=\"https:\/\/villa-aurania.com\/en\">https:\/\/villa-aurania.com\/en<\/a><\/p>\n<p>&nbsp;<\/p>\n<p>You can find more information on accommodations, hospitality services and other tourism amenities at the official web-pages of the following tourism boards:<\/p>\n<p><strong>Kvarner Tourism Board<\/strong> &#8211; <a href=\"http:\/\/www.kvarner.hr\/turizam\" target=\"_blank\" rel=\"noopener\">http:\/\/www.kvarner.hr\/turizam<\/a> <br \/><strong>Istria County Tourism Board<\/strong> &#8211; <a href=\"https:\/\/www.istra.hr\/hr\" target=\"_blank\" rel=\"noopener\">https:\/\/www.istra.hr\/hr<\/a> <br \/><strong>Central Istria Tourism Board\u00a0<\/strong> &#8211; <a href=\"https:\/\/www.central-istria.com\/hr\/\" target=\"_blank\" rel=\"noopener\">https:\/\/www.central-istria.com\/hr\/<\/a> <br \/><strong>City of Opatija Tourism Board<\/strong> &#8211; <a href=\"https:\/\/www.visitopatija.com\/hr\" target=\"_blank\" rel=\"noopener\">https:\/\/www.visitopatija.com\/hr<\/a> <br \/><strong>Mo\u0161\u0107eni\u010dka Drafa Municipal Tourism Board<\/strong> &#8211; <a href=\"https:\/\/www.tz-moscenicka.hr\/\" target=\"_blank\" rel=\"noopener\">https:\/\/www.tz-moscenicka.hr\/<\/a> <strong>Lovran Municipal Tourism Board<\/strong> &#8211; <a href=\"http:\/\/www.tz-lovran.hr\/\" target=\"_blank\" rel=\"noopener\">http:\/\/www.tz-lovran.hr\/<\/a> <br \/><strong>I\u010di\u0107i Local Tourism Board\u00a0<\/strong> &#8211; <a href=\"http:\/\/icici-tourism.com\/naslovna\/\" target=\"_blank\" rel=\"noopener\">http:\/\/icici-tourism.com\/naslovna\/<\/a> <br \/><strong>Matulji Municipal Tourism Board<\/strong> &#8211; <a href=\"https:\/\/tzmatulji.hr\/\" target=\"_blank\" rel=\"noopener\">https:\/\/tzmatulji.hr\/<\/a><\/p>\n","protected":false},"excerpt":{"rendered":"<p>IMPORTANT TELEPHONE NUMBERS 112 &#8211; National emergency number192 &#8211; Police193 &#8211; Firefighters194 &#8211; Ambulance091 721 0000 &#8211; Croatian Mountain Rescue Service (HGSS), Rijeka091 721 0006 &#8211; Croatian Mountain Rescue Service (HGSS), Istra 051 770 100 &#8211; PP U\u010dka Nature Park (reception) SAFETY, WEATHER FOREAST, INTERACTIVE MAPS Croatian Mountain Rescue Service (HGSS) &#8211; http:\/\/www.hgss.hr\/ HGSS \u2013 [&hellip;]<\/p>\n","protected":false},"author":3,"featured_media":21769,"parent":0,"menu_order":0,"comment_status":"closed","ping_status":"closed","template":"","meta":{"_et_pb_use_builder":"","_et_pb_old_content":"","_et_gb_content_width":"","inline_featured_image":false,"footnotes":""},"categories":[121],"tags":[],"class_list":["post-14472","page","type-page","status-publish","has-post-thumbnail","hentry","category-ucka-outdoor-en"],"yoast_head":"<!-- This site is optimized with the Yoast SEO plugin v27.3 - https:\/\/yoast.com\/product\/yoast-seo-wordpress\/ -->\n<title>Useful information - Park prirode U\u010dka<\/title>\n<meta name=\"robots\" content=\"index, follow, max-snippet:-1, max-image-preview:large, max-video-preview:-1\" \/>\n<link rel=\"canonical\" href=\"https:\/\/www.pp-ucka.hr\/en\/useful-information\/\" \/>\n<meta property=\"og:locale\" content=\"en_US\" \/>\n<meta property=\"og:type\" content=\"article\" \/>\n<meta property=\"og:title\" content=\"Useful information - Park prirode U\u010dka\" \/>\n<meta property=\"og:description\" content=\"IMPORTANT TELEPHONE NUMBERS 112 &#8211; National emergency number192 &#8211; Police193 &#8211; Firefighters194 &#8211; Ambulance091 721 0000 &#8211; Croatian Mountain Rescue Service (HGSS), Rijeka091 721 0006 &#8211; Croatian Mountain Rescue Service (HGSS), Istra 051 770 100 &#8211; PP U\u010dka Nature Park (reception) SAFETY, WEATHER FOREAST, INTERACTIVE MAPS Croatian Mountain Rescue Service (HGSS) &#8211; http:\/\/www.hgss.hr\/ HGSS \u2013 [&hellip;]\" \/>\n<meta property=\"og:url\" content=\"https:\/\/www.pp-ucka.hr\/en\/useful-information\/\" \/>\n<meta property=\"og:site_name\" content=\"Park prirode U\u010dka\" \/>\n<meta property=\"og:image\" content=\"https:\/\/www.pp-ucka.hr\/2020\/wp-content\/uploads\/pp_ucka_featured_2000.jpg\" \/>\n\t<meta property=\"og:image:width\" content=\"2000\" \/>\n\t<meta property=\"og:image:height\" content=\"1129\" \/>\n\t<meta property=\"og:image:type\" content=\"image\/jpeg\" \/>\n<meta name=\"twitter:card\" content=\"summary_large_image\" \/>\n<script type=\"application\/ld+json\" class=\"yoast-schema-graph\">{\"@context\":\"https:\\\/\\\/schema.org\",\"@graph\":[{\"@type\":\"WebPage\",\"@id\":\"https:\\\/\\\/www.pp-ucka.hr\\\/en\\\/useful-information\\\/\",\"url\":\"https:\\\/\\\/www.pp-ucka.hr\\\/en\\\/useful-information\\\/\",\"name\":\"Useful information - Park prirode U\u010dka\",\"isPartOf\":{\"@id\":\"https:\\\/\\\/www.pp-ucka.hr\\\/#website\"},\"primaryImageOfPage\":{\"@id\":\"https:\\\/\\\/www.pp-ucka.hr\\\/en\\\/useful-information\\\/#primaryimage\"},\"image\":{\"@id\":\"https:\\\/\\\/www.pp-ucka.hr\\\/en\\\/useful-information\\\/#primaryimage\"},\"thumbnailUrl\":\"https:\\\/\\\/www.pp-ucka.hr\\\/2020\\\/wp-content\\\/uploads\\\/pp_ucka_outdoor_korisne-informacije_naslovna.jpg\",\"datePublished\":\"2021-06-23T11:08:20+00:00\",\"breadcrumb\":{\"@id\":\"https:\\\/\\\/www.pp-ucka.hr\\\/en\\\/useful-information\\\/#breadcrumb\"},\"inLanguage\":\"en-US\",\"potentialAction\":[{\"@type\":\"ReadAction\",\"target\":[\"https:\\\/\\\/www.pp-ucka.hr\\\/en\\\/useful-information\\\/\"]}]},{\"@type\":\"ImageObject\",\"inLanguage\":\"en-US\",\"@id\":\"https:\\\/\\\/www.pp-ucka.hr\\\/en\\\/useful-information\\\/#primaryimage\",\"url\":\"https:\\\/\\\/www.pp-ucka.hr\\\/2020\\\/wp-content\\\/uploads\\\/pp_ucka_outdoor_korisne-informacije_naslovna.jpg\",\"contentUrl\":\"https:\\\/\\\/www.pp-ucka.hr\\\/2020\\\/wp-content\\\/uploads\\\/pp_ucka_outdoor_korisne-informacije_naslovna.jpg\",\"width\":1920,\"height\":1080},{\"@type\":\"BreadcrumbList\",\"@id\":\"https:\\\/\\\/www.pp-ucka.hr\\\/en\\\/useful-information\\\/#breadcrumb\",\"itemListElement\":[{\"@type\":\"ListItem\",\"position\":1,\"name\":\"Po\u010detna stranica\",\"item\":\"https:\\\/\\\/www.pp-ucka.hr\\\/en\\\/\"},{\"@type\":\"ListItem\",\"position\":2,\"name\":\"Useful information\"}]},{\"@type\":\"WebSite\",\"@id\":\"https:\\\/\\\/www.pp-ucka.hr\\\/#website\",\"url\":\"https:\\\/\\\/www.pp-ucka.hr\\\/\",\"name\":\"Park prirode U\u010dka\",\"description\":\"Park prirode U\u010dka\",\"potentialAction\":[{\"@type\":\"SearchAction\",\"target\":{\"@type\":\"EntryPoint\",\"urlTemplate\":\"https:\\\/\\\/www.pp-ucka.hr\\\/?s={search_term_string}\"},\"query-input\":{\"@type\":\"PropertyValueSpecification\",\"valueRequired\":true,\"valueName\":\"search_term_string\"}}],\"inLanguage\":\"en-US\"}]}<\/script>\n<!-- \/ Yoast SEO plugin. -->","yoast_head_json":{"title":"Useful information - Park prirode U\u010dka","robots":{"index":"index","follow":"follow","max-snippet":"max-snippet:-1","max-image-preview":"max-image-preview:large","max-video-preview":"max-video-preview:-1"},"canonical":"https:\/\/www.pp-ucka.hr\/en\/useful-information\/","og_locale":"en_US","og_type":"article","og_title":"Useful information - Park prirode U\u010dka","og_description":"IMPORTANT TELEPHONE NUMBERS 112 &#8211; National emergency number192 &#8211; Police193 &#8211; Firefighters194 &#8211; Ambulance091 721 0000 &#8211; Croatian Mountain Rescue Service (HGSS), Rijeka091 721 0006 &#8211; Croatian Mountain Rescue Service (HGSS), Istra 051 770 100 &#8211; PP U\u010dka Nature Park (reception) SAFETY, WEATHER FOREAST, INTERACTIVE MAPS Croatian Mountain Rescue Service (HGSS) &#8211; http:\/\/www.hgss.hr\/ HGSS \u2013 [&hellip;]","og_url":"https:\/\/www.pp-ucka.hr\/en\/useful-information\/","og_site_name":"Park prirode U\u010dka","og_image":[{"width":2000,"height":1129,"url":"https:\/\/www.pp-ucka.hr\/2020\/wp-content\/uploads\/pp_ucka_featured_2000.jpg","type":"image\/jpeg"}],"twitter_card":"summary_large_image","schema":{"@context":"https:\/\/schema.org","@graph":[{"@type":"WebPage","@id":"https:\/\/www.pp-ucka.hr\/en\/useful-information\/","url":"https:\/\/www.pp-ucka.hr\/en\/useful-information\/","name":"Useful information - Park prirode U\u010dka","isPartOf":{"@id":"https:\/\/www.pp-ucka.hr\/#website"},"primaryImageOfPage":{"@id":"https:\/\/www.pp-ucka.hr\/en\/useful-information\/#primaryimage"},"image":{"@id":"https:\/\/www.pp-ucka.hr\/en\/useful-information\/#primaryimage"},"thumbnailUrl":"https:\/\/www.pp-ucka.hr\/2020\/wp-content\/uploads\/pp_ucka_outdoor_korisne-informacije_naslovna.jpg","datePublished":"2021-06-23T11:08:20+00:00","breadcrumb":{"@id":"https:\/\/www.pp-ucka.hr\/en\/useful-information\/#breadcrumb"},"inLanguage":"en-US","potentialAction":[{"@type":"ReadAction","target":["https:\/\/www.pp-ucka.hr\/en\/useful-information\/"]}]},{"@type":"ImageObject","inLanguage":"en-US","@id":"https:\/\/www.pp-ucka.hr\/en\/useful-information\/#primaryimage","url":"https:\/\/www.pp-ucka.hr\/2020\/wp-content\/uploads\/pp_ucka_outdoor_korisne-informacije_naslovna.jpg","contentUrl":"https:\/\/www.pp-ucka.hr\/2020\/wp-content\/uploads\/pp_ucka_outdoor_korisne-informacije_naslovna.jpg","width":1920,"height":1080},{"@type":"BreadcrumbList","@id":"https:\/\/www.pp-ucka.hr\/en\/useful-information\/#breadcrumb","itemListElement":[{"@type":"ListItem","position":1,"name":"Po\u010detna stranica","item":"https:\/\/www.pp-ucka.hr\/en\/"},{"@type":"ListItem","position":2,"name":"Useful information"}]},{"@type":"WebSite","@id":"https:\/\/www.pp-ucka.hr\/#website","url":"https:\/\/www.pp-ucka.hr\/","name":"Park prirode U\u010dka","description":"Park prirode U\u010dka","potentialAction":[{"@type":"SearchAction","target":{"@type":"EntryPoint","urlTemplate":"https:\/\/www.pp-ucka.hr\/?s={search_term_string}"},"query-input":{"@type":"PropertyValueSpecification","valueRequired":true,"valueName":"search_term_string"}}],"inLanguage":"en-US"}]}},"_links":{"self":[{"href":"https:\/\/www.pp-ucka.hr\/en\/wp-json\/wp\/v2\/pages\/14472","targetHints":{"allow":["GET"]}}],"collection":[{"href":"https:\/\/www.pp-ucka.hr\/en\/wp-json\/wp\/v2\/pages"}],"about":[{"href":"https:\/\/www.pp-ucka.hr\/en\/wp-json\/wp\/v2\/types\/page"}],"author":[{"embeddable":true,"href":"https:\/\/www.pp-ucka.hr\/en\/wp-json\/wp\/v2\/users\/3"}],"replies":[{"embeddable":true,"href":"https:\/\/www.pp-ucka.hr\/en\/wp-json\/wp\/v2\/comments?post=14472"}],"version-history":[{"count":0,"href":"https:\/\/www.pp-ucka.hr\/en\/wp-json\/wp\/v2\/pages\/14472\/revisions"}],"wp:featuredmedia":[{"embeddable":true,"href":"https:\/\/www.pp-ucka.hr\/en\/wp-json\/wp\/v2\/media\/21769"}],"wp:attachment":[{"href":"https:\/\/www.pp-ucka.hr\/en\/wp-json\/wp\/v2\/media?parent=14472"}],"wp:term":[{"taxonomy":"category","embeddable":true,"href":"https:\/\/www.pp-ucka.hr\/en\/wp-json\/wp\/v2\/categories?post=14472"},{"taxonomy":"post_tag","embeddable":true,"href":"https:\/\/www.pp-ucka.hr\/en\/wp-json\/wp\/v2\/tags?post=14472"}],"curies":[{"name":"wp","href":"https:\/\/api.w.org\/{rel}","templated":true}]}}