{"id":16340,"date":"2021-01-13T15:40:02","date_gmt":"2021-01-13T14:40:02","guid":{"rendered":"https:\/\/www.pp-ucka.hr\/?page_id=16340"},"modified":"2025-02-25T09:58:34","modified_gmt":"2025-02-25T08:58:34","slug":"poklon-visitor-centre","status":"publish","type":"page","link":"https:\/\/www.pp-ucka.hr\/en\/poklon-visitor-centre\/","title":{"rendered":"Poklon Visitor Centre"},"content":{"rendered":"<p>[et_pb_section fb_built=&#8221;1&#8243; _builder_version=&#8221;4.16&#8243; _module_preset=&#8221;default&#8221; custom_margin=&#8221;0px||0px||false|false&#8221; custom_padding=&#8221;0px||0px||false|false&#8221; collapsed=&#8221;off&#8221; global_colors_info=&#8221;{}&#8221;][et_pb_row column_structure=&#8221;1_2,1_2&#8243; _builder_version=&#8221;4.16&#8243; _module_preset=&#8221;default&#8221; width=&#8221;100%&#8221; max_width=&#8221;100%&#8221; custom_padding=&#8221;0px||||false|false&#8221; global_colors_info=&#8221;{}&#8221;][et_pb_column type=&#8221;1_2&#8243; _builder_version=&#8221;4.16&#8243; _module_preset=&#8221;default&#8221; global_colors_info=&#8221;{}&#8221;][et_pb_text _builder_version=&#8221;4.20.4&#8243; _module_preset=&#8221;default&#8221; global_colors_info=&#8221;{}&#8221;]<\/p>\n<p><span style=\"font-weight: 400;\"><strong>The Poklon Visitor Centre<\/strong> is the new prime destination for all future visitors to the U\u010dka Nature Park. Through education and multimedia experience the Center aims to raise visitors\u2019 awareness of the importance of nature and the need for its active protection.<\/span><\/p>\n<p><span style=\"font-weight: 400;\">Interpretive, educational, tourist, conference, and office facilities are placed in about 1,200 m2 big visitor center. The center was built with the reconstruction of an old, devastated, and abandoned farm building in the center of the Park. It is at 930 meters above sea level, which makes it truly unique locally and globally.<\/span><\/p>\n<p>[\/et_pb_text][\/et_pb_column][et_pb_column type=&#8221;1_2&#8243; _builder_version=&#8221;4.16&#8243; _module_preset=&#8221;default&#8221; global_colors_info=&#8221;{}&#8221;][et_pb_text _builder_version=&#8221;4.20.4&#8243; _module_preset=&#8221;default&#8221; global_colors_info=&#8221;{}&#8221;]<\/p>\n<p><span style=\"font-weight: 400;\">The central place of the Center is a <strong>multimedia exhibition<\/strong>, in which, in a modern and interactive way, the natural, cultural and historical values \u200b\u200bof the U\u010dka Nature Park and the surrounding area are presented, with an emphasis on the needs of its protection and preservation. The content is divided into thematic units: In the mountain, Home, Fascination, Inspiration, and From the top of U\u010dka. The units present the natural and cultural-historical richness of U\u010dka and \u0106i\u0107arija in a fun and educational way, which makes them interesting to all generations.<\/span><\/p>\n<p><span style=\"font-weight: 400;\">Besides the interpretation center, in Poklon you will also a souvenir shop, coffee bar, conference room, and a large classroom divided into four units that symbolize the four seasons, and which is intended for educational programs with the youngest visitors.<\/span><\/p>\n<p>[\/et_pb_text][\/et_pb_column][\/et_pb_row][et_pb_row _builder_version=&#8221;4.16&#8243; _module_preset=&#8221;default&#8221; width=&#8221;100%&#8221; max_width=&#8221;100%&#8221; global_colors_info=&#8221;{}&#8221;][et_pb_column type=&#8221;4_4&#8243; _builder_version=&#8221;4.16&#8243; _module_preset=&#8221;default&#8221; global_colors_info=&#8221;{}&#8221;][et_pb_text _builder_version=&#8221;4.27.4&#8243; _module_preset=&#8221;default&#8221; hover_enabled=&#8221;0&#8243; global_colors_info=&#8221;{}&#8221; sticky_enabled=&#8221;0&#8243;]<\/p>\n<p><strong>TICKET PRICES<\/strong><\/p>\n<table style=\"height: 254px;\" width=\"823\">\n<tbody>\n<tr style=\"height: 47px;\">\n<td style=\"height: 47px; width: 535.833px;\">\u00a0<\/td>\n<td style=\"text-align: center; height: 47px; width: 123.278px;\">Jan, Feb, Mar, Nov, Dec<\/td>\n<td style=\"text-align: center; height: 47px; width: 143.667px;\">Apr, May, Jun, Jul, Aug, Sep, Oct<\/td>\n<\/tr>\n<tr style=\"height: 23px;\">\n<td style=\"height: 23px; width: 535.833px;\">People with disabilities<\/td>\n<td style=\"text-align: center; height: 23px; width: 272.5px;\" colspan=\"2\">free<\/td>\n<\/tr>\n<tr style=\"height: 23px;\">\n<td style=\"height: 23px; width: 535.833px;\">Children up to 7 years (individual visit with adult supervision)<\/td>\n<td style=\"text-align: center; height: 23px; width: 272.5px;\" colspan=\"2\">free<\/td>\n<\/tr>\n<tr style=\"height: 23px;\">\n<td style=\"height: 23px; width: 535.833px;\">Children aged 7 to 18<\/td>\n<td style=\"text-align: center; height: 23px; width: 123.278px;\">4,00<\/td>\n<td style=\"text-align: center; height: 23px; width: 143.667px;\">5,50<\/td>\n<\/tr>\n<tr style=\"height: 23px;\">\n<td style=\"height: 23px; width: 535.833px;\">Adults<\/td>\n<td style=\"text-align: center; height: 23px; width: 123.278px;\">6,00<\/td>\n<td style=\"text-align: center; height: 23px; width: 143.667px;\">10,00<\/td>\n<\/tr>\n<tr style=\"height: 23px;\">\n<td style=\"height: 23px; width: 535.833px;\">Family Ticket (2 adults + up to 2 children)<\/td>\n<td style=\"text-align: center; height: 23px; width: 123.278px;\">15,00<\/td>\n<td style=\"text-align: center; height: 23px; width: 143.667px;\">23,00<\/td>\n<\/tr>\n<tr style=\"height: 23px;\">\n<td style=\"height: 23px; width: 535.833px;\">Supplement for children aged 7 to 18 years (per child)<\/td>\n<td style=\"text-align: center; height: 23px; width: 123.278px;\">1,50<\/td>\n<td style=\"text-align: center; height: 23px; width: 143.667px;\">3,00<\/td>\n<\/tr>\n<tr style=\"height: 23px;\">\n<td style=\"height: 23px; width: 535.833px;\">Students and seniors<\/td>\n<td style=\"text-align: center; height: 23px; width: 123.278px;\">4,00<\/td>\n<td style=\"text-align: center; height: 23px; width: 143.667px;\">6,00<\/td>\n<\/tr>\n<tr style=\"height: 23px;\">\n<td style=\"height: 23px; width: 535.833px;\">Organized groups of children*<\/td>\n<td style=\"text-align: center; height: 23px; width: 123.278px;\">3,00<\/td>\n<td style=\"text-align: center; height: 23px; width: 143.667px;\">4,00<\/td>\n<\/tr>\n<tr style=\"height: 23px;\">\n<td style=\"height: 23px; width: 535.833px;\">Organized groups of adults*<\/td>\n<td style=\"text-align: center; height: 23px; width: 123.278px;\">4,50<\/td>\n<td style=\"text-align: center; height: 23px; width: 143.667px;\">8,50<\/td>\n<\/tr>\n<\/tbody>\n<\/table>\n<p>*Minimum of 15 people<\/p>\n<p>[\/et_pb_text][\/et_pb_column][\/et_pb_row][et_pb_row _builder_version=&#8221;4.16&#8243; _module_preset=&#8221;default&#8221; width=&#8221;100%&#8221; max_width=&#8221;100%&#8221; custom_margin=&#8221;|auto|40px|auto||&#8221; custom_padding=&#8221;0px||||false|false&#8221; global_colors_info=&#8221;{}&#8221;][et_pb_column type=&#8221;4_4&#8243; _builder_version=&#8221;4.16&#8243; _module_preset=&#8221;default&#8221; global_colors_info=&#8221;{}&#8221;][et_pb_gallery gallery_ids=&#8221;14726,14708,14711,14744,14738,14735,14714,14750,14741,14747,14705,13697,13730,13739,14717,13061,14729&#8243; fullwidth=&#8221;on&#8221; _builder_version=&#8221;4.16&#8243; _module_preset=&#8221;default&#8221; auto=&#8221;on&#8221; auto_speed=&#8221;5000&#8243; global_colors_info=&#8221;{}&#8221;][\/et_pb_gallery][\/et_pb_column][\/et_pb_row][\/et_pb_section]<\/p>\n","protected":false},"excerpt":{"rendered":"<p>The Poklon Visitor Centre is the new prime destination for all future visitors to the U\u010dka Nature Park. Through education and multimedia experience the Center aims to raise visitors\u2019 awareness of the importance of nature and the need for its active protection. Interpretive, educational, tourist, conference, and office facilities are placed in about 1,200 m2 [&hellip;]<\/p>\n","protected":false},"author":3,"featured_media":16342,"parent":0,"menu_order":0,"comment_status":"closed","ping_status":"closed","template":"","meta":{"_et_pb_use_builder":"on","_et_pb_old_content":"<p>[et_pb_section fb_built=\"1\" _builder_version=\"4.7.7\" _module_preset=\"default\" custom_margin=\"0px||0px||false|false\" custom_padding=\"0px||0px||false|false\" collapsed=\"off\"][et_pb_row column_structure=\"1_2,1_2\" _builder_version=\"4.9.3\" _module_preset=\"default\" width=\"100%\" max_width=\"100%\" custom_padding=\"0px||||false|false\"][et_pb_column type=\"1_2\" _builder_version=\"4.7.7\" _module_preset=\"default\"][et_pb_text _builder_version=\"4.9.3\" _module_preset=\"default\"]<\/p><p><strong>Centar za posjetitelje Poklon<\/strong> novo je glavno odredi\u0161te svih budu\u0107ih posjetitelja Parka prirode U\u010dka. Glavna uloga Centra je, kroz edukaciju i multimedijalno iskustvo, podi\u0107i svijest posjetitelja o va\u017enosti prirode i potrebi njezine aktivne za\u0161tite.<br \/>Na oko 1.200 m\u00b2 svoje mjesto prona\u0161li su interpretacijski, edukacijski, turisti\u010dki, konferencijski i uredski sadr\u017eaji. Centar je izgra\u0111en rekonstrukcijom i sanacijom starog, devastiranog i napu\u0161tenog gospodarskog objekta u samom centru Parka, a nalazi se na 930 metara nadmorske visine, \u0161to ga \u010dini uistinu jedinstvenim u lokalnim, ali i svjetskim razmjerima.<\/p><p>[\/et_pb_text][\/et_pb_column][et_pb_column type=\"1_2\" _builder_version=\"4.7.7\" _module_preset=\"default\"][et_pb_text _builder_version=\"4.9.3\" _module_preset=\"default\"]<\/p><p>Sredi\u0161nje mjesto Centra je <strong>multimedijalni interpretacijski postav<\/strong>, u kojem su, na moderan i interaktivan na\u010din, prezentirane prirodne, kulturne i povijesne vrijednosti prostora Parka prirode U\u010dka i okolnog podru\u010dja, uz naglasak na potrebe njegove za\u0161tite i o\u010duvanja. Sadr\u017eaj je podijeljen u tematske cjeline: U planini, Dom, Fascinacija, Inspiracija i S vrha U\u010dke. Cjeline na zabavan i edukativan na\u010din prikazuju prirodno i kulturno-povijesno bogatstvo U\u010dke i \u0106i\u0107arije, \u0161to ih \u010dini zanimljivim svim generacijama.<\/p><p>Uz interpretacijski centar, na Poklonu su smje\u0161teni i suvenirnica, caffe bar, konferencijski centar, velika u\u010dionica podijeljena na \u010detiri cjeline koje simboliziraju \u010detiri godi\u0161nja doba, a koja je namijenjena provo\u0111enju edukacijskih programa s najmla\u0111im posjetiteljima.<br \/>Centar za posjetitelje Poklon otvoren je svakodnevno od 9 do 19 sati.<\/p><p>[\/et_pb_text][\/et_pb_column][\/et_pb_row][et_pb_row _builder_version=\"4.9.3\" _module_preset=\"default\" width=\"100%\" max_width=\"100%\"][et_pb_column type=\"4_4\" _builder_version=\"4.9.3\" _module_preset=\"default\"][et_pb_text _builder_version=\"4.9.3\" _module_preset=\"default\"]<\/p><p><strong>CJENIK ULAZNICA<\/strong><\/p><table class=\"alignleft\" style=\"height: 230px; width: 100%; border-collapse: collapse; border-color: #ffffff; background-color: #ffffff; border-style: solid;\" border=\"1\"><tbody><tr style=\"height: 115px;\"><td style=\"width: 33.3333%; height: 115px;\">Ulaznica u multimedijalni interpretacijski postav Centra za posjetitelje<\/td><td style=\"width: 33.0882%; height: 115px;\" width=\"201\">I, II, III, X, XI i XII mj.<\/td><td style=\"width: 33.4559%; height: 115px;\" width=\"201\">IV, V, VI, VII, VIII i IX mj.<\/td><\/tr><tr style=\"height: 23px;\"><td style=\"width: 33.3333%; height: 23px;\">djeca do 6 godina i osobe s <span style=\"font-family: inherit; font-size: inherit;\">invaliditetom<\/span><\/td><td style=\"width: 33.0882%; height: 23px;\">gratis<\/td><td style=\"width: 33.4559%; height: 23px;\">gratis<\/td><\/tr><tr style=\"height: 23px;\"><td style=\"width: 33.3333%; height: 23px;\">djeca od 6 \u2013 12 godina<\/td><td style=\"width: 33.0882%; height: 23px;\">10,00 kn<\/td><td style=\"width: 33.4559%; height: 23px;\">20,00 kn<\/td><\/tr><tr style=\"height: 23px;\"><td style=\"width: 33.3333%; height: 23px;\">djeca od 12 \u2013 18 godina<\/td><td style=\"width: 33.0882%; height: 23px;\">15,00 kn<\/td><td style=\"width: 33.4559%; height: 23px;\">25,00 kn<\/td><\/tr><tr style=\"height: 23px;\"><td style=\"width: 33.3333%; height: 23px;\">odrasli<\/td><td style=\"width: 33.0882%; height: 23px;\">35,00 kn<\/td><td style=\"width: 33.4559%; height: 23px;\">50,00 kn<\/td><\/tr><tr style=\"height: 23px;\"><td style=\"width: 33.3333%; height: 23px;\">umirovljenici<\/td><td style=\"width: 33.0882%; height: 23px;\">20,00 kn<\/td><td style=\"width: 33.4559%; height: 23px;\">30,00 kn<\/td><\/tr><\/tbody><\/table><p>[\/et_pb_text][\/et_pb_column][\/et_pb_row][et_pb_row _builder_version=\"4.7.7\" _module_preset=\"default\" width=\"100%\" max_width=\"100%\" custom_margin=\"|auto|40px|auto||\" custom_padding=\"0px||||false|false\"][et_pb_column type=\"4_4\" _builder_version=\"4.7.7\" _module_preset=\"default\"][et_pb_gallery gallery_ids=\"13062,13057,13059,13060,13061,13063,13058,13064\" fullwidth=\"on\" _builder_version=\"4.9.2\" _module_preset=\"default\" auto=\"on\" auto_speed=\"5000\"][\/et_pb_gallery][\/et_pb_column][\/et_pb_row][et_pb_row _builder_version=\"4.9.3\" _module_preset=\"default\" width=\"100%\" max_width=\"100%\" custom_margin=\"0px|0px|0px|0px|false|false\" custom_padding=\"0px|0px|0px|0px|false|false\"][et_pb_column type=\"4_4\" _builder_version=\"4.9.3\" _module_preset=\"default\"][et_pb_text _builder_version=\"4.9.3\" _module_preset=\"default\"]<\/p><h2>Projekt izgradnje Centra za posjetitelje Poklon<\/h2><p>[\/et_pb_text][\/et_pb_column][\/et_pb_row][et_pb_row column_structure=\"1_2,1_2\" _builder_version=\"4.9.3\" _module_preset=\"default\" width=\"100%\" max_width=\"100%\"][et_pb_column type=\"1_2\" _builder_version=\"4.9.3\" _module_preset=\"default\"][et_pb_text _builder_version=\"4.9.3\" _module_preset=\"default\"]<\/p><p><strong>Centar za posjetitelje Poklon<\/strong> izgra\u0111en je u sklopu projekta <strong>U\u010dka 360\u00b0<\/strong>. Rije\u010d je o projektu <strong>Javne ustanove Park prirode U\u010dk<\/strong>a i partnera - <strong>Op\u0107ine Kr\u0161an<\/strong> i <strong>Udruge BIOM<\/strong>, kojim su predvi\u0111eni izgradnja i opremanje <strong>Centra za posjetitelje Poklon<\/strong> te jo\u0161 4 objekta (3 volonterskoinformacijska centra u <strong>Rovozni<\/strong>, <strong>Podmaju<\/strong> i <strong>Lovranskoj Dragi<\/strong> te interpretacijskog centra u nekada\u0161njoj \u0161koli <strong>\u0160u\u0161njevica<\/strong>), razvoj inovativnih programa temeljenih na prirodnoj i kulturnoj ba\u0161tini te unaprje\u0111enje i pro\u0161irenje postoje\u0107ih edukativnih programa <strong>Parka prirode U\u010dka<\/strong>.<\/p><p>Ukupna vrijednost <strong>Projekta U\u010dka 360\u00b0<\/strong> je <strong>49.907.256,75 kuna<\/strong>, od \u010dega su <strong>38.541.982,09 kuna<\/strong> ukupni prihvatljivi tro\u0161kovi. Projekt sufinanciraju Europska unija s <strong>32.760.684,77 kuna<\/strong> bespovratnih sredstava iz Europskog fonda za regionalni razvoj i Fond za za\u0161titu okoli\u0161a i energetsku u\u010dinkovitost s <strong>3.449.711,97 kuna<\/strong>, dok su ostatak sredstava prihvatljivih tro\u0161kova osigurali Ministarstvo za\u0161tite okoli\u0161a i energetike iz dr\u017eavnog prora\u010duna i partneri.<\/p><p>[\/et_pb_text][\/et_pb_column][et_pb_column type=\"1_2\" _builder_version=\"4.9.3\" _module_preset=\"default\"][et_pb_text _builder_version=\"4.9.3\" _module_preset=\"default\"]<\/p><p><span style=\"font-size: 15px;\"><strong>Op\u0107i cilj projekta<\/strong> je unaprje\u0111enje sustava posje\u0107ivanja i edukacije u Parku prirode U\u010dka u svrhu odr\u017eivog kori\u0161tenja prirodne ba\u0161tine, dok su specifi\u010dni ciljevi pove\u0107anje privla\u010dnost i raznolikost sadr\u017eaja PP U\u010dka razvojem infrastrukture i programa za posjetitelje te podizanje razine znanja posjetitelja o Parku prirode U\u010dka kroz unaprje\u0111enje edukativne komponente u programima posje\u0107ivanja.<\/span><\/p><p>Centralno mjesto projekta je izgradnja <strong>Centra za posjetitelje Poklon<\/strong> koje \u0107e se realizirati rekonstrukcijom i prenamjenom stare gospodarske zgrade u moderan vi\u0161enamjenski objekt s interpretacijskim, edukacijskim, turisti\u010dkim i administrativno upravnim sadr\u017eajima. Kroz projekt realizirani sadr\u017eaji Parka stvorit \u0107e uvjete za otvaranje novih radnih mjesta, unaprijedit \u0107e turisti\u010dku ponudu, doprinijeti produljenju turisti\u010dke sezone i ukupnom dru\u0161tveno-gospodarskom razvitku destinacije.<\/p><p>[\/et_pb_text][\/et_pb_column][\/et_pb_row][et_pb_row _builder_version=\"4.7.7\" _module_preset=\"default\" width=\"100%\" max_width=\"100%\" custom_padding=\"0px||||false|false\"][et_pb_column type=\"4_4\" _builder_version=\"4.7.7\" _module_preset=\"default\"][et_pb_text _builder_version=\"4.7.7\" _module_preset=\"default\"]<\/p><h1>Projektne skice<\/h1><p>[\/et_pb_text][et_pb_gallery gallery_ids=\"8144,8143,8142,8141,8140,13068\" posts_number=\"5\" _builder_version=\"4.9.3\" _module_preset=\"default\"][\/et_pb_gallery][\/et_pb_column][\/et_pb_row][\/et_pb_section]<\/p>","_et_gb_content_width":"","inline_featured_image":false,"footnotes":""},"categories":[],"tags":[],"class_list":["post-16340","page","type-page","status-publish","has-post-thumbnail","hentry"],"yoast_head":"<!-- This site is optimized with the Yoast SEO plugin v27.3 - https:\/\/yoast.com\/product\/yoast-seo-wordpress\/ -->\n<title>Poklon Visitor Centre - Park prirode U\u010dka<\/title>\n<meta name=\"robots\" content=\"index, follow, max-snippet:-1, max-image-preview:large, max-video-preview:-1\" \/>\n<link rel=\"canonical\" href=\"https:\/\/www.pp-ucka.hr\/en\/poklon-visitor-centre\/\" \/>\n<meta property=\"og:locale\" content=\"en_US\" \/>\n<meta property=\"og:type\" content=\"article\" \/>\n<meta property=\"og:title\" content=\"Poklon Visitor Centre - Park prirode U\u010dka\" \/>\n<meta property=\"og:description\" content=\"The Poklon Visitor Centre is the new prime destination for all future visitors to the U\u010dka Nature Park. Through education and multimedia experience the Center aims to raise visitors\u2019 awareness of the importance of nature and the need for its active protection. Interpretive, educational, tourist, conference, and office facilities are placed in about 1,200 m2 [&hellip;]\" \/>\n<meta property=\"og:url\" content=\"https:\/\/www.pp-ucka.hr\/en\/poklon-visitor-centre\/\" \/>\n<meta property=\"og:site_name\" content=\"Park prirode U\u010dka\" \/>\n<meta property=\"article:modified_time\" content=\"2025-02-25T08:58:34+00:00\" \/>\n<meta property=\"og:image\" content=\"https:\/\/www.pp-ucka.hr\/2020\/wp-content\/uploads\/pp_ucka_czp_2.jpg\" \/>\n\t<meta property=\"og:image:width\" content=\"1600\" \/>\n\t<meta property=\"og:image:height\" content=\"1000\" \/>\n\t<meta property=\"og:image:type\" content=\"image\/jpeg\" \/>\n<meta name=\"twitter:card\" content=\"summary_large_image\" \/>\n<meta name=\"twitter:label1\" content=\"Est. reading time\" \/>\n\t<meta name=\"twitter:data1\" content=\"5 minutes\" \/>\n<script type=\"application\/ld+json\" class=\"yoast-schema-graph\">{\"@context\":\"https:\\\/\\\/schema.org\",\"@graph\":[{\"@type\":\"WebPage\",\"@id\":\"https:\\\/\\\/www.pp-ucka.hr\\\/en\\\/poklon-visitor-centre\\\/\",\"url\":\"https:\\\/\\\/www.pp-ucka.hr\\\/en\\\/poklon-visitor-centre\\\/\",\"name\":\"Poklon Visitor Centre - Park prirode U\u010dka\",\"isPartOf\":{\"@id\":\"https:\\\/\\\/www.pp-ucka.hr\\\/#website\"},\"primaryImageOfPage\":{\"@id\":\"https:\\\/\\\/www.pp-ucka.hr\\\/en\\\/poklon-visitor-centre\\\/#primaryimage\"},\"image\":{\"@id\":\"https:\\\/\\\/www.pp-ucka.hr\\\/en\\\/poklon-visitor-centre\\\/#primaryimage\"},\"thumbnailUrl\":\"https:\\\/\\\/www.pp-ucka.hr\\\/2020\\\/wp-content\\\/uploads\\\/pp_ucka_czp_2.jpg\",\"datePublished\":\"2021-01-13T14:40:02+00:00\",\"dateModified\":\"2025-02-25T08:58:34+00:00\",\"breadcrumb\":{\"@id\":\"https:\\\/\\\/www.pp-ucka.hr\\\/en\\\/poklon-visitor-centre\\\/#breadcrumb\"},\"inLanguage\":\"en-US\",\"potentialAction\":[{\"@type\":\"ReadAction\",\"target\":[\"https:\\\/\\\/www.pp-ucka.hr\\\/en\\\/poklon-visitor-centre\\\/\"]}]},{\"@type\":\"ImageObject\",\"inLanguage\":\"en-US\",\"@id\":\"https:\\\/\\\/www.pp-ucka.hr\\\/en\\\/poklon-visitor-centre\\\/#primaryimage\",\"url\":\"https:\\\/\\\/www.pp-ucka.hr\\\/2020\\\/wp-content\\\/uploads\\\/pp_ucka_czp_2.jpg\",\"contentUrl\":\"https:\\\/\\\/www.pp-ucka.hr\\\/2020\\\/wp-content\\\/uploads\\\/pp_ucka_czp_2.jpg\",\"width\":1600,\"height\":1000},{\"@type\":\"BreadcrumbList\",\"@id\":\"https:\\\/\\\/www.pp-ucka.hr\\\/en\\\/poklon-visitor-centre\\\/#breadcrumb\",\"itemListElement\":[{\"@type\":\"ListItem\",\"position\":1,\"name\":\"Po\u010detna stranica\",\"item\":\"https:\\\/\\\/www.pp-ucka.hr\\\/en\\\/\"},{\"@type\":\"ListItem\",\"position\":2,\"name\":\"Poklon Visitor Centre\"}]},{\"@type\":\"WebSite\",\"@id\":\"https:\\\/\\\/www.pp-ucka.hr\\\/#website\",\"url\":\"https:\\\/\\\/www.pp-ucka.hr\\\/\",\"name\":\"Park prirode U\u010dka\",\"description\":\"Park prirode U\u010dka\",\"potentialAction\":[{\"@type\":\"SearchAction\",\"target\":{\"@type\":\"EntryPoint\",\"urlTemplate\":\"https:\\\/\\\/www.pp-ucka.hr\\\/?s={search_term_string}\"},\"query-input\":{\"@type\":\"PropertyValueSpecification\",\"valueRequired\":true,\"valueName\":\"search_term_string\"}}],\"inLanguage\":\"en-US\"}]}<\/script>\n<!-- \/ Yoast SEO plugin. -->","yoast_head_json":{"title":"Poklon Visitor Centre - Park prirode U\u010dka","robots":{"index":"index","follow":"follow","max-snippet":"max-snippet:-1","max-image-preview":"max-image-preview:large","max-video-preview":"max-video-preview:-1"},"canonical":"https:\/\/www.pp-ucka.hr\/en\/poklon-visitor-centre\/","og_locale":"en_US","og_type":"article","og_title":"Poklon Visitor Centre - Park prirode U\u010dka","og_description":"The Poklon Visitor Centre is the new prime destination for all future visitors to the U\u010dka Nature Park. Through education and multimedia experience the Center aims to raise visitors\u2019 awareness of the importance of nature and the need for its active protection. Interpretive, educational, tourist, conference, and office facilities are placed in about 1,200 m2 [&hellip;]","og_url":"https:\/\/www.pp-ucka.hr\/en\/poklon-visitor-centre\/","og_site_name":"Park prirode U\u010dka","article_modified_time":"2025-02-25T08:58:34+00:00","og_image":[{"width":1600,"height":1000,"url":"https:\/\/www.pp-ucka.hr\/2020\/wp-content\/uploads\/pp_ucka_czp_2.jpg","type":"image\/jpeg"}],"twitter_card":"summary_large_image","twitter_misc":{"Est. reading time":"5 minutes"},"schema":{"@context":"https:\/\/schema.org","@graph":[{"@type":"WebPage","@id":"https:\/\/www.pp-ucka.hr\/en\/poklon-visitor-centre\/","url":"https:\/\/www.pp-ucka.hr\/en\/poklon-visitor-centre\/","name":"Poklon Visitor Centre - Park prirode U\u010dka","isPartOf":{"@id":"https:\/\/www.pp-ucka.hr\/#website"},"primaryImageOfPage":{"@id":"https:\/\/www.pp-ucka.hr\/en\/poklon-visitor-centre\/#primaryimage"},"image":{"@id":"https:\/\/www.pp-ucka.hr\/en\/poklon-visitor-centre\/#primaryimage"},"thumbnailUrl":"https:\/\/www.pp-ucka.hr\/2020\/wp-content\/uploads\/pp_ucka_czp_2.jpg","datePublished":"2021-01-13T14:40:02+00:00","dateModified":"2025-02-25T08:58:34+00:00","breadcrumb":{"@id":"https:\/\/www.pp-ucka.hr\/en\/poklon-visitor-centre\/#breadcrumb"},"inLanguage":"en-US","potentialAction":[{"@type":"ReadAction","target":["https:\/\/www.pp-ucka.hr\/en\/poklon-visitor-centre\/"]}]},{"@type":"ImageObject","inLanguage":"en-US","@id":"https:\/\/www.pp-ucka.hr\/en\/poklon-visitor-centre\/#primaryimage","url":"https:\/\/www.pp-ucka.hr\/2020\/wp-content\/uploads\/pp_ucka_czp_2.jpg","contentUrl":"https:\/\/www.pp-ucka.hr\/2020\/wp-content\/uploads\/pp_ucka_czp_2.jpg","width":1600,"height":1000},{"@type":"BreadcrumbList","@id":"https:\/\/www.pp-ucka.hr\/en\/poklon-visitor-centre\/#breadcrumb","itemListElement":[{"@type":"ListItem","position":1,"name":"Po\u010detna stranica","item":"https:\/\/www.pp-ucka.hr\/en\/"},{"@type":"ListItem","position":2,"name":"Poklon Visitor Centre"}]},{"@type":"WebSite","@id":"https:\/\/www.pp-ucka.hr\/#website","url":"https:\/\/www.pp-ucka.hr\/","name":"Park prirode U\u010dka","description":"Park prirode U\u010dka","potentialAction":[{"@type":"SearchAction","target":{"@type":"EntryPoint","urlTemplate":"https:\/\/www.pp-ucka.hr\/?s={search_term_string}"},"query-input":{"@type":"PropertyValueSpecification","valueRequired":true,"valueName":"search_term_string"}}],"inLanguage":"en-US"}]}},"_links":{"self":[{"href":"https:\/\/www.pp-ucka.hr\/en\/wp-json\/wp\/v2\/pages\/16340","targetHints":{"allow":["GET"]}}],"collection":[{"href":"https:\/\/www.pp-ucka.hr\/en\/wp-json\/wp\/v2\/pages"}],"about":[{"href":"https:\/\/www.pp-ucka.hr\/en\/wp-json\/wp\/v2\/types\/page"}],"author":[{"embeddable":true,"href":"https:\/\/www.pp-ucka.hr\/en\/wp-json\/wp\/v2\/users\/3"}],"replies":[{"embeddable":true,"href":"https:\/\/www.pp-ucka.hr\/en\/wp-json\/wp\/v2\/comments?post=16340"}],"version-history":[{"count":1,"href":"https:\/\/www.pp-ucka.hr\/en\/wp-json\/wp\/v2\/pages\/16340\/revisions"}],"predecessor-version":[{"id":21864,"href":"https:\/\/www.pp-ucka.hr\/en\/wp-json\/wp\/v2\/pages\/16340\/revisions\/21864"}],"wp:featuredmedia":[{"embeddable":true,"href":"https:\/\/www.pp-ucka.hr\/en\/wp-json\/wp\/v2\/media\/16342"}],"wp:attachment":[{"href":"https:\/\/www.pp-ucka.hr\/en\/wp-json\/wp\/v2\/media?parent=16340"}],"wp:term":[{"taxonomy":"category","embeddable":true,"href":"https:\/\/www.pp-ucka.hr\/en\/wp-json\/wp\/v2\/categories?post=16340"},{"taxonomy":"post_tag","embeddable":true,"href":"https:\/\/www.pp-ucka.hr\/en\/wp-json\/wp\/v2\/tags?post=16340"}],"curies":[{"name":"wp","href":"https:\/\/api.w.org\/{rel}","templated":true}]}}