{"id":1743,"date":"2013-07-09T12:26:40","date_gmt":"2013-07-09T10:26:40","guid":{"rendered":"http:\/\/www.pp-ucka.hr\/wordpress\/?page_id=1743"},"modified":"2023-02-01T15:32:10","modified_gmt":"2023-02-01T14:32:10","slug":"mountain-biking","status":"publish","type":"page","link":"https:\/\/www.pp-ucka.hr\/en\/ucka-outdoor-2\/mountain-biking\/","title":{"rendered":"Mountain biking"},"content":{"rendered":"<p>Within U\u010dka Nature Park are 8 well-tended, marked mountain-bike trails of varying difficulty to a total length of 180 km. The trails lead through various landscapes, providing a unique chance to enjoy magnificent views of Rijeka Bay, the islands and towns along the coast, and then experience the beauty of Mount U\u010dka and the \u0106i\u0107arija plateau at higher altitudes. Please note that our trails are intended for mountainbikes!<\/p>\n<p>Each trail is described in more detail in the U\u010dka Bike <a href=\"https:\/\/www.pp-ucka.hr\/en\/downloads-3\/3628-2\/\">&#8220;Brochure&#8221;<\/a>, which can be downloaded from this web page.<\/p>\n<p>Download the <a href=\"https:\/\/www.pp-ucka.hr\/2020\/wp-content\/uploads\/Bro%C5%A1ura-U%C4%8Dka-Bike1.pdf\">U\u010dka Bike<\/a>\u00a0brochure<\/p>\n<p>Download <a href=\"https:\/\/www.pp-ucka.hr\/2020\/wp-content\/uploads\/sve_staze.zip\">GPX <\/a>tracks of all the routes<\/p>\n<table class=\"bike\" style=\"width: 100%;\" border=\"0\" cellspacing=\"0\" cellpadding=\"0\" align=\"center\">\n<tbody>\n<tr>\n<th style=\"text-align: left;\" scope=\"col\">NAME<\/th>\n<th style=\"text-align: left;\" scope=\"col\"><strong>POSITION<\/strong><\/th>\n<th style=\"text-align: left;\" scope=\"col\"><strong>LENGTH<\/strong><\/th>\n<th style=\"text-align: left;\" scope=\"col\"><strong>DIFFICULTY<\/strong><\/th>\n<\/tr>\n<tr>\n<td valign=\"bottom\" nowrap=\"nowrap\"><a title=\"Route No. 1\" href=\"http:\/\/www.pp-ucka.hr\/en\/ucka-outdoor-2\/mountain-biking\/route-no-1\/\">ROUTE NO. 1<\/a><\/td>\n<td valign=\"bottom\" nowrap=\"nowrap\">Eastern slopes of U\u010dka<\/td>\n<td valign=\"bottom\" nowrap=\"nowrap\">15,3 km<\/td>\n<td valign=\"bottom\" nowrap=\"nowrap\">easy<\/td>\n<\/tr>\n<tr>\n<td valign=\"bottom\" nowrap=\"nowrap\"><a title=\"Route No. 2\" href=\"http:\/\/www.pp-ucka.hr\/en\/ucka-outdoor-2\/mountain-biking\/route-no-2\/\">ROUTE NO. 2<\/a><\/td>\n<td valign=\"bottom\" nowrap=\"nowrap\">Eastern slopes of U\u010dka<\/td>\n<td valign=\"bottom\" nowrap=\"nowrap\">15,3 km<\/td>\n<td valign=\"bottom\" nowrap=\"nowrap\">easy<\/td>\n<\/tr>\n<tr>\n<td valign=\"bottom\" nowrap=\"nowrap\"><a title=\"Route No. 3\" href=\"http:\/\/www.pp-ucka.hr\/en\/ucka-outdoor-2\/mountain-biking\/route-no-3\/\">ROUTE NO. 3<\/a><\/td>\n<td valign=\"bottom\" nowrap=\"nowrap\">\u0106i\u0107arija<\/td>\n<td valign=\"bottom\" nowrap=\"nowrap\">12 km<\/td>\n<td valign=\"bottom\" nowrap=\"nowrap\">easy<\/td>\n<\/tr>\n<tr>\n<td valign=\"bottom\" nowrap=\"nowrap\"><a title=\"Route No. 4\" href=\"http:\/\/www.pp-ucka.hr\/en\/ucka-outdoor-2\/mountain-biking\/route-no-4\/\">ROUTE NO. 4<\/a><\/td>\n<td valign=\"bottom\" nowrap=\"nowrap\">Western slopes of U\u010dka<\/td>\n<td valign=\"bottom\" nowrap=\"nowrap\">17 km<\/td>\n<td valign=\"bottom\" nowrap=\"nowrap\">medium<\/td>\n<\/tr>\n<tr>\n<td valign=\"bottom\" nowrap=\"nowrap\"><a title=\"Route No. 5\" href=\"http:\/\/www.pp-ucka.hr\/en\/ucka-outdoor-2\/mountain-biking\/route-no-5\/\">ROUTE NO. 5<\/a><\/td>\n<td valign=\"bottom\" nowrap=\"nowrap\">Peak of U\u010dka<\/td>\n<td valign=\"bottom\" nowrap=\"nowrap\">14 km<\/td>\n<td valign=\"bottom\" nowrap=\"nowrap\">medium<\/td>\n<\/tr>\n<tr>\n<td valign=\"bottom\" nowrap=\"nowrap\"><a title=\"Route No. 6\" href=\"http:\/\/www.pp-ucka.hr\/en\/ucka-outdoor-2\/mountain-biking\/route-no-6\/\">ROUTE NO. 6<\/a><\/td>\n<td valign=\"bottom\" nowrap=\"nowrap\">Eastern slopes of U\u010dka and \u0106i\u0107arija<\/td>\n<td valign=\"bottom\" nowrap=\"nowrap\">25,7 km<\/td>\n<td valign=\"bottom\" nowrap=\"nowrap\">difficult<\/td>\n<\/tr>\n<tr>\n<td valign=\"bottom\" nowrap=\"nowrap\"><a title=\"Route No. 7\" href=\"http:\/\/www.pp-ucka.hr\/en\/ucka-outdoor-2\/mountain-biking\/route-no-7\/\">ROUTE NO. 7<\/a><\/td>\n<td valign=\"bottom\" nowrap=\"nowrap\">Western slopes of U\u010dka and \u0106i\u0107arija<\/td>\n<td valign=\"bottom\" nowrap=\"nowrap\">25 km<\/td>\n<td valign=\"bottom\" nowrap=\"nowrap\">difficult<\/td>\n<\/tr>\n<tr>\n<td style=\"text-align: left;\" valign=\"bottom\" nowrap=\"nowrap\"><a title=\"Route No. 8\" href=\"http:\/\/www.pp-ucka.hr\/en\/ucka-outdoor-2\/mountain-biking\/route-no-8\/\">ROUTE NO. 8<\/a><\/td>\n<td style=\"text-align: left;\" valign=\"bottom\" nowrap=\"nowrap\">Eastern slopes of U\u010dka and \u0106i\u0107arija<\/td>\n<td style=\"text-align: left;\" valign=\"bottom\" nowrap=\"nowrap\">52 km<\/td>\n<td style=\"text-align: left;\" valign=\"bottom\" nowrap=\"nowrap\">difficult<\/td>\n<\/tr>\n<\/tbody>\n<\/table>\n<p>&nbsp;<\/p>\n<h2>RULES OF BEHAVIOUR:<\/h2>\n<ul>\n<li>CYCLING IS ENTIRELY AT YOUR OWN RISK!<\/li>\n<li>ALWAYS WEAR A HELMET!<\/li>\n<li>ONLY FOLLOW THE MARKED TRAILS!<\/li>\n<li>TAKE ENOUGH DRINKING WATER!<\/li>\n<\/ul>\n<p>For more information look out for the <strong>Outdoor guide to U\u010dka Nature Park<\/strong> on sale at the Poklon Visitor Centre&#8217;s souvenir shop!<\/p>\n","protected":false},"excerpt":{"rendered":"<p>Within U\u010dka Nature Park are 8 well-tended, marked mountain-bike trails of varying difficulty to a total length of 180 km. The trails lead through various landscapes, providing a unique chance to enjoy magnificent views of Rijeka Bay, the islands and towns along the coast, and then experience the beauty of Mount U\u010dka and the \u0106i\u0107arija [&hellip;]<\/p>\n","protected":false},"author":3,"featured_media":13926,"parent":280,"menu_order":1,"comment_status":"closed","ping_status":"closed","template":"","meta":{"_et_pb_use_builder":"off","_et_pb_old_content":"","_et_gb_content_width":"","inline_featured_image":false,"footnotes":""},"categories":[121],"tags":[],"class_list":["post-1743","page","type-page","status-publish","has-post-thumbnail","hentry","category-ucka-outdoor-en"],"yoast_head":"<!-- This site is optimized with the Yoast SEO plugin v27.3 - https:\/\/yoast.com\/product\/yoast-seo-wordpress\/ -->\n<title>Mountain biking - Park prirode U\u010dka<\/title>\n<meta name=\"robots\" content=\"index, follow, max-snippet:-1, max-image-preview:large, max-video-preview:-1\" \/>\n<link rel=\"canonical\" href=\"https:\/\/www.pp-ucka.hr\/en\/ucka-outdoor-2\/mountain-biking\/\" \/>\n<meta property=\"og:locale\" content=\"en_US\" \/>\n<meta property=\"og:type\" content=\"article\" \/>\n<meta property=\"og:title\" content=\"Mountain biking - Park prirode U\u010dka\" \/>\n<meta property=\"og:description\" content=\"Within U\u010dka Nature Park are 8 well-tended, marked mountain-bike trails of varying difficulty to a total length of 180 km. The trails lead through various landscapes, providing a unique chance to enjoy magnificent views of Rijeka Bay, the islands and towns along the coast, and then experience the beauty of Mount U\u010dka and the \u0106i\u0107arija [&hellip;]\" \/>\n<meta property=\"og:url\" content=\"https:\/\/www.pp-ucka.hr\/en\/ucka-outdoor-2\/mountain-biking\/\" \/>\n<meta property=\"og:site_name\" content=\"Park prirode U\u010dka\" \/>\n<meta property=\"article:modified_time\" content=\"2023-02-01T14:32:10+00:00\" \/>\n<meta property=\"og:image\" content=\"https:\/\/www.pp-ucka.hr\/2020\/wp-content\/uploads\/pp_ucka_outdoor_biciklizam_naslovna.jpg\" \/>\n\t<meta property=\"og:image:width\" content=\"1920\" \/>\n\t<meta property=\"og:image:height\" content=\"1080\" \/>\n\t<meta property=\"og:image:type\" content=\"image\/jpeg\" \/>\n<meta name=\"twitter:card\" content=\"summary_large_image\" \/>\n<meta name=\"twitter:label1\" content=\"Est. reading time\" \/>\n\t<meta name=\"twitter:data1\" content=\"2 minutes\" \/>\n<script type=\"application\/ld+json\" class=\"yoast-schema-graph\">{\"@context\":\"https:\\\/\\\/schema.org\",\"@graph\":[{\"@type\":\"WebPage\",\"@id\":\"https:\\\/\\\/www.pp-ucka.hr\\\/en\\\/ucka-outdoor-2\\\/mountain-biking\\\/\",\"url\":\"https:\\\/\\\/www.pp-ucka.hr\\\/en\\\/ucka-outdoor-2\\\/mountain-biking\\\/\",\"name\":\"Mountain biking - Park prirode U\u010dka\",\"isPartOf\":{\"@id\":\"https:\\\/\\\/www.pp-ucka.hr\\\/#website\"},\"primaryImageOfPage\":{\"@id\":\"https:\\\/\\\/www.pp-ucka.hr\\\/en\\\/ucka-outdoor-2\\\/mountain-biking\\\/#primaryimage\"},\"image\":{\"@id\":\"https:\\\/\\\/www.pp-ucka.hr\\\/en\\\/ucka-outdoor-2\\\/mountain-biking\\\/#primaryimage\"},\"thumbnailUrl\":\"https:\\\/\\\/www.pp-ucka.hr\\\/2020\\\/wp-content\\\/uploads\\\/pp_ucka_outdoor_biciklizam_naslovna.jpg\",\"datePublished\":\"2013-07-09T10:26:40+00:00\",\"dateModified\":\"2023-02-01T14:32:10+00:00\",\"breadcrumb\":{\"@id\":\"https:\\\/\\\/www.pp-ucka.hr\\\/en\\\/ucka-outdoor-2\\\/mountain-biking\\\/#breadcrumb\"},\"inLanguage\":\"en-US\",\"potentialAction\":[{\"@type\":\"ReadAction\",\"target\":[\"https:\\\/\\\/www.pp-ucka.hr\\\/en\\\/ucka-outdoor-2\\\/mountain-biking\\\/\"]}]},{\"@type\":\"ImageObject\",\"inLanguage\":\"en-US\",\"@id\":\"https:\\\/\\\/www.pp-ucka.hr\\\/en\\\/ucka-outdoor-2\\\/mountain-biking\\\/#primaryimage\",\"url\":\"https:\\\/\\\/www.pp-ucka.hr\\\/2020\\\/wp-content\\\/uploads\\\/pp_ucka_outdoor_biciklizam_naslovna.jpg\",\"contentUrl\":\"https:\\\/\\\/www.pp-ucka.hr\\\/2020\\\/wp-content\\\/uploads\\\/pp_ucka_outdoor_biciklizam_naslovna.jpg\",\"width\":1920,\"height\":1080},{\"@type\":\"BreadcrumbList\",\"@id\":\"https:\\\/\\\/www.pp-ucka.hr\\\/en\\\/ucka-outdoor-2\\\/mountain-biking\\\/#breadcrumb\",\"itemListElement\":[{\"@type\":\"ListItem\",\"position\":1,\"name\":\"Po\u010detna stranica\",\"item\":\"https:\\\/\\\/www.pp-ucka.hr\\\/en\\\/\"},{\"@type\":\"ListItem\",\"position\":2,\"name\":\"U\u010dka Outdoor\",\"item\":\"https:\\\/\\\/www.pp-ucka.hr\\\/en\\\/ucka-outdoor-2\\\/\"},{\"@type\":\"ListItem\",\"position\":3,\"name\":\"Mountain biking\"}]},{\"@type\":\"WebSite\",\"@id\":\"https:\\\/\\\/www.pp-ucka.hr\\\/#website\",\"url\":\"https:\\\/\\\/www.pp-ucka.hr\\\/\",\"name\":\"Park prirode U\u010dka\",\"description\":\"Park prirode U\u010dka\",\"potentialAction\":[{\"@type\":\"SearchAction\",\"target\":{\"@type\":\"EntryPoint\",\"urlTemplate\":\"https:\\\/\\\/www.pp-ucka.hr\\\/?s={search_term_string}\"},\"query-input\":{\"@type\":\"PropertyValueSpecification\",\"valueRequired\":true,\"valueName\":\"search_term_string\"}}],\"inLanguage\":\"en-US\"}]}<\/script>\n<!-- \/ Yoast SEO plugin. -->","yoast_head_json":{"title":"Mountain biking - Park prirode U\u010dka","robots":{"index":"index","follow":"follow","max-snippet":"max-snippet:-1","max-image-preview":"max-image-preview:large","max-video-preview":"max-video-preview:-1"},"canonical":"https:\/\/www.pp-ucka.hr\/en\/ucka-outdoor-2\/mountain-biking\/","og_locale":"en_US","og_type":"article","og_title":"Mountain biking - Park prirode U\u010dka","og_description":"Within U\u010dka Nature Park are 8 well-tended, marked mountain-bike trails of varying difficulty to a total length of 180 km. The trails lead through various landscapes, providing a unique chance to enjoy magnificent views of Rijeka Bay, the islands and towns along the coast, and then experience the beauty of Mount U\u010dka and the \u0106i\u0107arija [&hellip;]","og_url":"https:\/\/www.pp-ucka.hr\/en\/ucka-outdoor-2\/mountain-biking\/","og_site_name":"Park prirode U\u010dka","article_modified_time":"2023-02-01T14:32:10+00:00","og_image":[{"width":1920,"height":1080,"url":"https:\/\/www.pp-ucka.hr\/2020\/wp-content\/uploads\/pp_ucka_outdoor_biciklizam_naslovna.jpg","type":"image\/jpeg"}],"twitter_card":"summary_large_image","twitter_misc":{"Est. reading time":"2 minutes"},"schema":{"@context":"https:\/\/schema.org","@graph":[{"@type":"WebPage","@id":"https:\/\/www.pp-ucka.hr\/en\/ucka-outdoor-2\/mountain-biking\/","url":"https:\/\/www.pp-ucka.hr\/en\/ucka-outdoor-2\/mountain-biking\/","name":"Mountain biking - Park prirode U\u010dka","isPartOf":{"@id":"https:\/\/www.pp-ucka.hr\/#website"},"primaryImageOfPage":{"@id":"https:\/\/www.pp-ucka.hr\/en\/ucka-outdoor-2\/mountain-biking\/#primaryimage"},"image":{"@id":"https:\/\/www.pp-ucka.hr\/en\/ucka-outdoor-2\/mountain-biking\/#primaryimage"},"thumbnailUrl":"https:\/\/www.pp-ucka.hr\/2020\/wp-content\/uploads\/pp_ucka_outdoor_biciklizam_naslovna.jpg","datePublished":"2013-07-09T10:26:40+00:00","dateModified":"2023-02-01T14:32:10+00:00","breadcrumb":{"@id":"https:\/\/www.pp-ucka.hr\/en\/ucka-outdoor-2\/mountain-biking\/#breadcrumb"},"inLanguage":"en-US","potentialAction":[{"@type":"ReadAction","target":["https:\/\/www.pp-ucka.hr\/en\/ucka-outdoor-2\/mountain-biking\/"]}]},{"@type":"ImageObject","inLanguage":"en-US","@id":"https:\/\/www.pp-ucka.hr\/en\/ucka-outdoor-2\/mountain-biking\/#primaryimage","url":"https:\/\/www.pp-ucka.hr\/2020\/wp-content\/uploads\/pp_ucka_outdoor_biciklizam_naslovna.jpg","contentUrl":"https:\/\/www.pp-ucka.hr\/2020\/wp-content\/uploads\/pp_ucka_outdoor_biciklizam_naslovna.jpg","width":1920,"height":1080},{"@type":"BreadcrumbList","@id":"https:\/\/www.pp-ucka.hr\/en\/ucka-outdoor-2\/mountain-biking\/#breadcrumb","itemListElement":[{"@type":"ListItem","position":1,"name":"Po\u010detna stranica","item":"https:\/\/www.pp-ucka.hr\/en\/"},{"@type":"ListItem","position":2,"name":"U\u010dka Outdoor","item":"https:\/\/www.pp-ucka.hr\/en\/ucka-outdoor-2\/"},{"@type":"ListItem","position":3,"name":"Mountain biking"}]},{"@type":"WebSite","@id":"https:\/\/www.pp-ucka.hr\/#website","url":"https:\/\/www.pp-ucka.hr\/","name":"Park prirode U\u010dka","description":"Park prirode U\u010dka","potentialAction":[{"@type":"SearchAction","target":{"@type":"EntryPoint","urlTemplate":"https:\/\/www.pp-ucka.hr\/?s={search_term_string}"},"query-input":{"@type":"PropertyValueSpecification","valueRequired":true,"valueName":"search_term_string"}}],"inLanguage":"en-US"}]}},"_links":{"self":[{"href":"https:\/\/www.pp-ucka.hr\/en\/wp-json\/wp\/v2\/pages\/1743","targetHints":{"allow":["GET"]}}],"collection":[{"href":"https:\/\/www.pp-ucka.hr\/en\/wp-json\/wp\/v2\/pages"}],"about":[{"href":"https:\/\/www.pp-ucka.hr\/en\/wp-json\/wp\/v2\/types\/page"}],"author":[{"embeddable":true,"href":"https:\/\/www.pp-ucka.hr\/en\/wp-json\/wp\/v2\/users\/3"}],"replies":[{"embeddable":true,"href":"https:\/\/www.pp-ucka.hr\/en\/wp-json\/wp\/v2\/comments?post=1743"}],"version-history":[{"count":0,"href":"https:\/\/www.pp-ucka.hr\/en\/wp-json\/wp\/v2\/pages\/1743\/revisions"}],"up":[{"embeddable":true,"href":"https:\/\/www.pp-ucka.hr\/en\/wp-json\/wp\/v2\/pages\/280"}],"wp:featuredmedia":[{"embeddable":true,"href":"https:\/\/www.pp-ucka.hr\/en\/wp-json\/wp\/v2\/media\/13926"}],"wp:attachment":[{"href":"https:\/\/www.pp-ucka.hr\/en\/wp-json\/wp\/v2\/media?parent=1743"}],"wp:term":[{"taxonomy":"category","embeddable":true,"href":"https:\/\/www.pp-ucka.hr\/en\/wp-json\/wp\/v2\/categories?post=1743"},{"taxonomy":"post_tag","embeddable":true,"href":"https:\/\/www.pp-ucka.hr\/en\/wp-json\/wp\/v2\/tags?post=1743"}],"curies":[{"name":"wp","href":"https:\/\/api.w.org\/{rel}","templated":true}]}}