{"id":1831,"date":"2013-07-10T05:54:07","date_gmt":"2013-07-10T03:54:07","guid":{"rendered":"http:\/\/www.pp-ucka.hr\/wordpress\/?page_id=1831"},"modified":"2021-08-04T18:53:55","modified_gmt":"2021-08-04T16:53:55","slug":"hang-gliding-and-paragliding","status":"publish","type":"page","link":"https:\/\/www.pp-ucka.hr\/en\/ucka-outdoor-2\/hang-gliding-and-paragliding\/","title":{"rendered":"Hang gliding and paragliding"},"content":{"rendered":"<p><img loading=\"lazy\" decoding=\"async\" class=\"alignleft size-medium wp-image-585\" src=\"http:\/\/www.pp-ucka.hr\/wordpress\/wp-content\/uploads\/letenje-300x225.jpg\" alt=\"Letenje\" width=\"300\" height=\"225\" srcset=\"https:\/\/www.pp-ucka.hr\/2020\/wp-content\/uploads\/letenje-300x225.jpg 300w, https:\/\/www.pp-ucka.hr\/2020\/wp-content\/uploads\/letenje.jpg 400w\" sizes=\"(max-width: 300px) 100vw, 300px\" \/>Since the very beginnings of modern paragliding and hang-gliding, U\u010dka has attracted many enthusiasts of these sports and hosted several Croatian and international competitions. The U\u010dka paragliding and hang-gliding area is located within the nature park&#8217;s borders and includes take-off ramps at Vojak and Brgud.<\/p>\n<p>In cooperation with the Homo Volans paragliding and hang-gliding club, the U\u010dka Nature Park Public Institution registered the U\u010dka paragliding and hang-gliding area with two take-off ramps, Vojak and Brgud, and one landing area, the plain of Boljunsko polje (please see the map for more details).<\/p>\n<p>&nbsp;<\/p>\n","protected":false},"excerpt":{"rendered":"<p>Since the very beginnings of modern paragliding and hang-gliding, U\u010dka has attracted many enthusiasts of these sports and hosted several Croatian and international competitions. The U\u010dka paragliding and hang-gliding area is located within the nature park&#8217;s borders and includes take-off ramps at Vojak and Brgud. In cooperation with the Homo Volans paragliding and hang-gliding club, [&hellip;]<\/p>\n","protected":false},"author":3,"featured_media":9704,"parent":280,"menu_order":4,"comment_status":"closed","ping_status":"closed","template":"","meta":{"_et_pb_use_builder":"","_et_pb_old_content":"","_et_gb_content_width":"","inline_featured_image":false,"footnotes":""},"categories":[],"tags":[],"class_list":["post-1831","page","type-page","status-publish","has-post-thumbnail","hentry"],"yoast_head":"<!-- This site is optimized with the Yoast SEO plugin v27.3 - https:\/\/yoast.com\/product\/yoast-seo-wordpress\/ -->\n<title>Hang gliding and paragliding - Park prirode U\u010dka<\/title>\n<meta name=\"robots\" content=\"index, follow, max-snippet:-1, max-image-preview:large, max-video-preview:-1\" \/>\n<link rel=\"canonical\" href=\"https:\/\/www.pp-ucka.hr\/en\/ucka-outdoor-2\/hang-gliding-and-paragliding\/\" \/>\n<meta property=\"og:locale\" content=\"en_US\" \/>\n<meta property=\"og:type\" content=\"article\" \/>\n<meta property=\"og:title\" content=\"Hang gliding and paragliding - Park prirode U\u010dka\" \/>\n<meta property=\"og:description\" content=\"Since the very beginnings of modern paragliding and hang-gliding, U\u010dka has attracted many enthusiasts of these sports and hosted several Croatian and international competitions. The U\u010dka paragliding and hang-gliding area is located within the nature park&#8217;s borders and includes take-off ramps at Vojak and Brgud. In cooperation with the Homo Volans paragliding and hang-gliding club, [&hellip;]\" \/>\n<meta property=\"og:url\" content=\"https:\/\/www.pp-ucka.hr\/en\/ucka-outdoor-2\/hang-gliding-and-paragliding\/\" \/>\n<meta property=\"og:site_name\" content=\"Park prirode U\u010dka\" \/>\n<meta property=\"article:modified_time\" content=\"2021-08-04T16:53:55+00:00\" \/>\n<meta property=\"og:image\" content=\"https:\/\/www.pp-ucka.hr\/2020\/wp-content\/uploads\/pp_ucka_featured_2000.jpg\" \/>\n\t<meta property=\"og:image:width\" content=\"2000\" \/>\n\t<meta property=\"og:image:height\" content=\"1129\" \/>\n\t<meta property=\"og:image:type\" content=\"image\/jpeg\" \/>\n<meta name=\"twitter:card\" content=\"summary_large_image\" \/>\n<script type=\"application\/ld+json\" class=\"yoast-schema-graph\">{\"@context\":\"https:\\\/\\\/schema.org\",\"@graph\":[{\"@type\":\"WebPage\",\"@id\":\"https:\\\/\\\/www.pp-ucka.hr\\\/en\\\/ucka-outdoor-2\\\/hang-gliding-and-paragliding\\\/\",\"url\":\"https:\\\/\\\/www.pp-ucka.hr\\\/en\\\/ucka-outdoor-2\\\/hang-gliding-and-paragliding\\\/\",\"name\":\"Hang gliding and paragliding - Park prirode U\u010dka\",\"isPartOf\":{\"@id\":\"https:\\\/\\\/www.pp-ucka.hr\\\/#website\"},\"primaryImageOfPage\":{\"@id\":\"https:\\\/\\\/www.pp-ucka.hr\\\/en\\\/ucka-outdoor-2\\\/hang-gliding-and-paragliding\\\/#primaryimage\"},\"image\":{\"@id\":\"https:\\\/\\\/www.pp-ucka.hr\\\/en\\\/ucka-outdoor-2\\\/hang-gliding-and-paragliding\\\/#primaryimage\"},\"thumbnailUrl\":\"https:\\\/\\\/www.pp-ucka.hr\\\/2020\\\/wp-content\\\/uploads\\\/pp_ucka_featured_2000.jpg\",\"datePublished\":\"2013-07-10T03:54:07+00:00\",\"dateModified\":\"2021-08-04T16:53:55+00:00\",\"breadcrumb\":{\"@id\":\"https:\\\/\\\/www.pp-ucka.hr\\\/en\\\/ucka-outdoor-2\\\/hang-gliding-and-paragliding\\\/#breadcrumb\"},\"inLanguage\":\"en-US\",\"potentialAction\":[{\"@type\":\"ReadAction\",\"target\":[\"https:\\\/\\\/www.pp-ucka.hr\\\/en\\\/ucka-outdoor-2\\\/hang-gliding-and-paragliding\\\/\"]}]},{\"@type\":\"ImageObject\",\"inLanguage\":\"en-US\",\"@id\":\"https:\\\/\\\/www.pp-ucka.hr\\\/en\\\/ucka-outdoor-2\\\/hang-gliding-and-paragliding\\\/#primaryimage\",\"url\":\"https:\\\/\\\/www.pp-ucka.hr\\\/2020\\\/wp-content\\\/uploads\\\/pp_ucka_featured_2000.jpg\",\"contentUrl\":\"https:\\\/\\\/www.pp-ucka.hr\\\/2020\\\/wp-content\\\/uploads\\\/pp_ucka_featured_2000.jpg\",\"width\":2000,\"height\":1129},{\"@type\":\"BreadcrumbList\",\"@id\":\"https:\\\/\\\/www.pp-ucka.hr\\\/en\\\/ucka-outdoor-2\\\/hang-gliding-and-paragliding\\\/#breadcrumb\",\"itemListElement\":[{\"@type\":\"ListItem\",\"position\":1,\"name\":\"Po\u010detna stranica\",\"item\":\"https:\\\/\\\/www.pp-ucka.hr\\\/en\\\/\"},{\"@type\":\"ListItem\",\"position\":2,\"name\":\"U\u010dka Outdoor\",\"item\":\"https:\\\/\\\/www.pp-ucka.hr\\\/en\\\/ucka-outdoor-2\\\/\"},{\"@type\":\"ListItem\",\"position\":3,\"name\":\"Hang gliding and paragliding\"}]},{\"@type\":\"WebSite\",\"@id\":\"https:\\\/\\\/www.pp-ucka.hr\\\/#website\",\"url\":\"https:\\\/\\\/www.pp-ucka.hr\\\/\",\"name\":\"Park prirode U\u010dka\",\"description\":\"Park prirode U\u010dka\",\"potentialAction\":[{\"@type\":\"SearchAction\",\"target\":{\"@type\":\"EntryPoint\",\"urlTemplate\":\"https:\\\/\\\/www.pp-ucka.hr\\\/?s={search_term_string}\"},\"query-input\":{\"@type\":\"PropertyValueSpecification\",\"valueRequired\":true,\"valueName\":\"search_term_string\"}}],\"inLanguage\":\"en-US\"}]}<\/script>\n<!-- \/ Yoast SEO plugin. -->","yoast_head_json":{"title":"Hang gliding and paragliding - Park prirode U\u010dka","robots":{"index":"index","follow":"follow","max-snippet":"max-snippet:-1","max-image-preview":"max-image-preview:large","max-video-preview":"max-video-preview:-1"},"canonical":"https:\/\/www.pp-ucka.hr\/en\/ucka-outdoor-2\/hang-gliding-and-paragliding\/","og_locale":"en_US","og_type":"article","og_title":"Hang gliding and paragliding - Park prirode U\u010dka","og_description":"Since the very beginnings of modern paragliding and hang-gliding, U\u010dka has attracted many enthusiasts of these sports and hosted several Croatian and international competitions. The U\u010dka paragliding and hang-gliding area is located within the nature park&#8217;s borders and includes take-off ramps at Vojak and Brgud. In cooperation with the Homo Volans paragliding and hang-gliding club, [&hellip;]","og_url":"https:\/\/www.pp-ucka.hr\/en\/ucka-outdoor-2\/hang-gliding-and-paragliding\/","og_site_name":"Park prirode U\u010dka","article_modified_time":"2021-08-04T16:53:55+00:00","og_image":[{"width":2000,"height":1129,"url":"https:\/\/www.pp-ucka.hr\/2020\/wp-content\/uploads\/pp_ucka_featured_2000.jpg","type":"image\/jpeg"}],"twitter_card":"summary_large_image","schema":{"@context":"https:\/\/schema.org","@graph":[{"@type":"WebPage","@id":"https:\/\/www.pp-ucka.hr\/en\/ucka-outdoor-2\/hang-gliding-and-paragliding\/","url":"https:\/\/www.pp-ucka.hr\/en\/ucka-outdoor-2\/hang-gliding-and-paragliding\/","name":"Hang gliding and paragliding - Park prirode U\u010dka","isPartOf":{"@id":"https:\/\/www.pp-ucka.hr\/#website"},"primaryImageOfPage":{"@id":"https:\/\/www.pp-ucka.hr\/en\/ucka-outdoor-2\/hang-gliding-and-paragliding\/#primaryimage"},"image":{"@id":"https:\/\/www.pp-ucka.hr\/en\/ucka-outdoor-2\/hang-gliding-and-paragliding\/#primaryimage"},"thumbnailUrl":"https:\/\/www.pp-ucka.hr\/2020\/wp-content\/uploads\/pp_ucka_featured_2000.jpg","datePublished":"2013-07-10T03:54:07+00:00","dateModified":"2021-08-04T16:53:55+00:00","breadcrumb":{"@id":"https:\/\/www.pp-ucka.hr\/en\/ucka-outdoor-2\/hang-gliding-and-paragliding\/#breadcrumb"},"inLanguage":"en-US","potentialAction":[{"@type":"ReadAction","target":["https:\/\/www.pp-ucka.hr\/en\/ucka-outdoor-2\/hang-gliding-and-paragliding\/"]}]},{"@type":"ImageObject","inLanguage":"en-US","@id":"https:\/\/www.pp-ucka.hr\/en\/ucka-outdoor-2\/hang-gliding-and-paragliding\/#primaryimage","url":"https:\/\/www.pp-ucka.hr\/2020\/wp-content\/uploads\/pp_ucka_featured_2000.jpg","contentUrl":"https:\/\/www.pp-ucka.hr\/2020\/wp-content\/uploads\/pp_ucka_featured_2000.jpg","width":2000,"height":1129},{"@type":"BreadcrumbList","@id":"https:\/\/www.pp-ucka.hr\/en\/ucka-outdoor-2\/hang-gliding-and-paragliding\/#breadcrumb","itemListElement":[{"@type":"ListItem","position":1,"name":"Po\u010detna stranica","item":"https:\/\/www.pp-ucka.hr\/en\/"},{"@type":"ListItem","position":2,"name":"U\u010dka Outdoor","item":"https:\/\/www.pp-ucka.hr\/en\/ucka-outdoor-2\/"},{"@type":"ListItem","position":3,"name":"Hang gliding and paragliding"}]},{"@type":"WebSite","@id":"https:\/\/www.pp-ucka.hr\/#website","url":"https:\/\/www.pp-ucka.hr\/","name":"Park prirode U\u010dka","description":"Park prirode U\u010dka","potentialAction":[{"@type":"SearchAction","target":{"@type":"EntryPoint","urlTemplate":"https:\/\/www.pp-ucka.hr\/?s={search_term_string}"},"query-input":{"@type":"PropertyValueSpecification","valueRequired":true,"valueName":"search_term_string"}}],"inLanguage":"en-US"}]}},"_links":{"self":[{"href":"https:\/\/www.pp-ucka.hr\/en\/wp-json\/wp\/v2\/pages\/1831","targetHints":{"allow":["GET"]}}],"collection":[{"href":"https:\/\/www.pp-ucka.hr\/en\/wp-json\/wp\/v2\/pages"}],"about":[{"href":"https:\/\/www.pp-ucka.hr\/en\/wp-json\/wp\/v2\/types\/page"}],"author":[{"embeddable":true,"href":"https:\/\/www.pp-ucka.hr\/en\/wp-json\/wp\/v2\/users\/3"}],"replies":[{"embeddable":true,"href":"https:\/\/www.pp-ucka.hr\/en\/wp-json\/wp\/v2\/comments?post=1831"}],"version-history":[{"count":0,"href":"https:\/\/www.pp-ucka.hr\/en\/wp-json\/wp\/v2\/pages\/1831\/revisions"}],"up":[{"embeddable":true,"href":"https:\/\/www.pp-ucka.hr\/en\/wp-json\/wp\/v2\/pages\/280"}],"wp:featuredmedia":[{"embeddable":true,"href":"https:\/\/www.pp-ucka.hr\/en\/wp-json\/wp\/v2\/media\/9704"}],"wp:attachment":[{"href":"https:\/\/www.pp-ucka.hr\/en\/wp-json\/wp\/v2\/media?parent=1831"}],"wp:term":[{"taxonomy":"category","embeddable":true,"href":"https:\/\/www.pp-ucka.hr\/en\/wp-json\/wp\/v2\/categories?post=1831"},{"taxonomy":"post_tag","embeddable":true,"href":"https:\/\/www.pp-ucka.hr\/en\/wp-json\/wp\/v2\/tags?post=1831"}],"curies":[{"name":"wp","href":"https:\/\/api.w.org\/{rel}","templated":true}]}}