{"id":18475,"date":"2022-08-30T09:51:13","date_gmt":"2022-08-30T07:51:13","guid":{"rendered":"https:\/\/www.pp-ucka.hr\/?page_id=18475"},"modified":"2025-08-28T13:02:47","modified_gmt":"2025-08-28T11:02:47","slug":"ucka-fair","status":"publish","type":"page","link":"https:\/\/www.pp-ucka.hr\/en\/ucka-fair\/","title":{"rendered":"U\u010dka Fair"},"content":{"rendered":"<p>The <strong>U\u010dka Fair<\/strong> will be held on <strong>Sunday, September 7, 2025<\/strong>, at the <strong>Poklon Pass<\/strong> in the U\u010dka Nature Park, from <strong>10:00 AM to 8:00 PM<\/strong>.<\/p>\n<p>The U\u010dka Fair is the largest fair of traditional products from Istria and Kvarner. This year, the fair will once again feature an exhibition and sales area, cultural and entertainment programs, food and beverage offerings, and activities for children. The entertainment program will be led by Mauro Staraj &amp; La Banda band, while Dellboys Band will entertain visitors on the terrace of the Mountain Bar in the afternoon.<\/p>\n<p>&nbsp;<\/p>\n<h3 style=\"text-align: center;\"><strong>**EVENT SCHEDULE**<\/strong><\/h3>\n<p>&nbsp;<\/p>\n<h4><strong>**MAIN STAGE**<\/strong><\/h4>\n<p>11:00 \u2013 Accordion School of Niko Poles<\/p>\n<p>12:00 \u2013 Folk singers \u017dejanski kntaduri<\/p>\n<p>12:30 \u2013 Folklore Group \u201cSokol\u201d Buzet<\/p>\n<p>14:00 \u2013 Group Veja<\/p>\n<p>16:00 \u2013 Presentation of the Bo\u0161karin (Istrian ox)<\/p>\n<p><strong>17:30 \u2013 Mauro Staraj &amp; La Banda<\/strong><\/p>\n<p>Host: Robert Ferlin<\/p>\n<p>&nbsp;<\/p>\n<h4><strong>**POKLON VISITOR CENTER**<\/strong><\/h4>\n<p><strong>11:30 \u2013 U\u010cKA NATURE PARK: Sustainable Agriculture in the Function of Nature Protection<\/strong><\/p>\n<p><strong>14:00 \u2013 VIKI GRO\u0160ELJ: \u201cMy Encounters with the Himalayas\u201d<\/strong><\/p>\n<h4><\/h4>\n<h4><strong>**MOUNTAIN BAR**<\/strong><\/h4>\n<p>12:00 PM \u2013 5:00 PM <strong>DELLBOYS BAND<\/strong><\/p>\n<blockquote><p><strong>During the fair, visitors can also visit the interpretive exhibit at the Poklon Visitor Center at discounted ticket prices:<\/strong><br \/>\n<strong>&#8211; Adults \u2013 6.5 EUR<\/strong><br \/>\n<strong>&#8211; Children 7\u201318 years \u2013 3.5 EUR<\/strong><br \/>\n<strong>&#8211; Seniors and students \u2013 4 EUR<\/strong><br \/>\n<strong>*Children under 7 and people with disabilities enter for free.<\/strong><\/p><\/blockquote>\n<h4><\/h4>\n<h4><strong>**OUTDOOR THEATRE**<\/strong><\/h4>\n<p>Children\u2019s Play: 11:30 AM and 12:30 PM \u2013 \u201cThe Fox and the Stork\u201d performed by Teatar Naran\u010da from Pula.<\/p>\n<h3><\/h3>\n<p>&nbsp;<\/p>\n<h3 style=\"text-align: center;\"><strong>**GETTING TO THE FAIR**<\/strong><\/h3>\n<h4><strong>**BY CAR**<\/strong><\/h4>\n<p>During the 16th U\u010dka Fair, traffic on the road over U\u010dka will be <strong>one-way from Istria towards Kvarner from 9:00 AM to 9:00 PM<\/strong>.<\/p>\n<p>Fair visitors can pass through the U\u010dka Tunnel at a <strong>sponsored price<\/strong> by presenting a voucher. The sponsored toll price, provided by BINA Istra, is <strong>1.50 EUR<\/strong>.<\/p>\n<p><strong>Visitors coming from the Kvarner side<\/strong> can collect a voucher for the discounted toll price at the exit from the highway when paying at the Vranja toll station (mentioning that they are attending the fair).<\/p>\n<p><strong>Visitors coming from the Istrian side<\/strong> can collect their voucher at the checkpoint in Vela U\u010dka before arriving at the fair. When paying the toll on the way back from the fair, use the lane with manual toll payment (cashier) and present the voucher.<\/p>\n<blockquote><p><strong>Directions for arriving at the fair from Kvarner:<\/strong><br \/>\nPass through the U\u010dka Tunnel \u2013 Vranja Toll Station \u2013 Vela U\u010dka \u2013 Poklon \u2013 return via Veprinac.<\/p>\n<p><em>Voucher collection for the tunnel: At the toll booths when paying the tunnel toll (mentioning that you are attending the fair).<\/em><\/p>\n<p>&nbsp;<\/p>\n<p><strong>Directions for arriving at the fair from Istria:<\/strong><br \/>\nVranja Toll Station \u2013 Vela U\u010dka \u2013 Poklon \u2013 return via Veprinac and pass through the U\u010dka Tunnel.<\/p>\n<p><em>Voucher collection for the tunnel: At the collection point in Vela U\u010dka or in the Poklon Visitor Centre<\/em><\/p><\/blockquote>\n<p>Visitors are kindly asked to follow the temporary traffic signs and the instructions of official personnel.<\/p>\n<p>&nbsp;<\/p>\n<h4><strong>**BY BUS**<\/strong><\/h4>\n<p>For visitors to the 16th U\u010dka Fair, free bus transport is organized from Opatija (Slatina) to Poklon, provided by company <strong>BRIONI PULA<\/strong>.<\/p>\n<p>**Departure from Opatija (Slatina stop):**<br \/>\n9:30 AM, 10:00 AM, 10:30 AM, 11:00 AM, 11:30 AM, 12:00 PM, 12:30 PM, 1:00 PM, 2:00 PM, 3:00 PM, 4:00 PM, 5:00 PM, 6:00 PM.<\/p>\n<p>**Return from U\u010dka (Poklon stop):**<br \/>\n10:45 AM, 11:15 AM, 11:45 AM, 12:15 PM, 12:45 PM, 1:15 PM, 1:45 PM, 2:45 PM, 3:45 PM, 4:45 PM, 5:45 PM, 6:15 PM, 6:45 PM, 7:15 PM, 7:45 PM, 8:15 PM<\/p>\n<p>&nbsp;<\/p>\n<h4><strong>**ON FOOT \u2013 HIKING**<\/strong><\/h4>\n<p>Organized by the Opatija and Knezgrad hiking clubs, the fair can also be reached on foot. A hiking trip is organized:<\/p>\n<p>From Liganj \u2013 gathering at 10:00 AM and departure at 10:15 AM (in front of the headquarters of the U\u010dka Nature Park Public Institution) \u2013 expected arrival at Poklon around 12:00 PM.<\/p>\n<p>&nbsp;<\/p>\n<p>&nbsp;<\/p>\n<h3 style=\"text-align: center;\"><strong>**EXHIBITION AND SALES PROGRAM**<\/strong><\/h3>\n<p>&nbsp;<\/p>\n<p>Over 50 producers and associations will present their products, services, and crafts at the exhibition and sales stands.<\/p>\n<p>&nbsp;<\/p>\n<h4><strong>**FOOD AND BEVERAGE OFFERINGS**<\/strong><\/h4>\n<p>At three food and beverage points, visitors will find a rich offer of local gastronomy, along with a variety of drinks.<\/p>\n<p>&nbsp;<\/p>\n<div class=\"et_pb_slider et_pb_slider_fullwidth_off et_pb_gallery_post_type\">\n\t\t\t\t<div class=\"et_pb_slides\">\n\t\t\t\t\t<div class=\"et_pb_slide\" style=\"background: url(https:\/\/www.pp-ucka.hr\/2020\/wp-content\/uploads\/001-Uckarski-Samanj-2023-jpg.webp);\"><\/div><div class=\"et_pb_slide\" style=\"background: url(https:\/\/www.pp-ucka.hr\/2020\/wp-content\/uploads\/008-Uckarski-Samanj-2023-jpg.webp);\"><\/div><div class=\"et_pb_slide\" style=\"background: url(https:\/\/www.pp-ucka.hr\/2020\/wp-content\/uploads\/014-Uckarski-Samanj-2023-jpg.webp);\"><\/div><div class=\"et_pb_slide\" style=\"background: url(https:\/\/www.pp-ucka.hr\/2020\/wp-content\/uploads\/024-Uckarski-Samanj-2023-jpg.webp);\"><\/div><div class=\"et_pb_slide\" style=\"background: url(https:\/\/www.pp-ucka.hr\/2020\/wp-content\/uploads\/029-Uckarski-Samanj-2023-jpg.webp);\"><\/div><div class=\"et_pb_slide\" style=\"background: url(https:\/\/www.pp-ucka.hr\/2020\/wp-content\/uploads\/035-Uckarski-Samanj-2023-1-jpg.webp);\"><\/div><div class=\"et_pb_slide\" style=\"background: url(https:\/\/www.pp-ucka.hr\/2020\/wp-content\/uploads\/037-Uckarski-Samanj-2023-jpg.webp);\"><\/div><div class=\"et_pb_slide\" style=\"background: url(https:\/\/www.pp-ucka.hr\/2020\/wp-content\/uploads\/039-Uckarski-Samanj-2023-jpg.webp);\"><\/div><div class=\"et_pb_slide\" style=\"background: url(https:\/\/www.pp-ucka.hr\/2020\/wp-content\/uploads\/047-Uckarski-Samanj-2023-1-jpg.webp);\"><\/div><div class=\"et_pb_slide\" style=\"background: url(https:\/\/www.pp-ucka.hr\/2020\/wp-content\/uploads\/050-Uckarski-Samanj-2023-jpg.webp);\"><\/div><div class=\"et_pb_slide\" style=\"background: url(https:\/\/www.pp-ucka.hr\/2020\/wp-content\/uploads\/062-Uckarski-Samanj-2023-jpg.webp);\"><\/div><div class=\"et_pb_slide\" style=\"background: url(https:\/\/www.pp-ucka.hr\/2020\/wp-content\/uploads\/066-Uckarski-Samanj-2023-scaled.webp);\"><\/div><div class=\"et_pb_slide\" style=\"background: url(https:\/\/www.pp-ucka.hr\/2020\/wp-content\/uploads\/082-Uckarski-Samanj-2023-jpg.webp);\"><\/div><div class=\"et_pb_slide\" style=\"background: url(https:\/\/www.pp-ucka.hr\/2020\/wp-content\/uploads\/112-Uckarski-Samanj-2023-scaled.webp);\"><\/div>\n\t\t\t\t<\/div>\n\t\t\t<\/div>\n","protected":false},"excerpt":{"rendered":"<p>14th U\u010dka Fair will be held on Sunday, September 4th, 2022. at Poklon Pass in the U\u010dka Nature Park, from 10:00 a.m. to 8:00 p.m.<\/p>\n","protected":false},"author":13,"featured_media":18393,"parent":0,"menu_order":0,"comment_status":"closed","ping_status":"closed","template":"","meta":{"_et_pb_use_builder":"","_et_pb_old_content":"","_et_gb_content_width":"","inline_featured_image":false,"footnotes":""},"categories":[],"tags":[],"class_list":["post-18475","page","type-page","status-publish","has-post-thumbnail","hentry"],"yoast_head":"<!-- This site is optimized with the Yoast SEO plugin v27.3 - https:\/\/yoast.com\/product\/yoast-seo-wordpress\/ -->\n<title>U\u010dka Fair - Park prirode U\u010dka<\/title>\n<meta name=\"robots\" content=\"index, follow, max-snippet:-1, max-image-preview:large, max-video-preview:-1\" \/>\n<link rel=\"canonical\" href=\"https:\/\/www.pp-ucka.hr\/en\/ucka-fair\/\" \/>\n<meta property=\"og:locale\" content=\"en_US\" \/>\n<meta property=\"og:type\" content=\"article\" \/>\n<meta property=\"og:title\" content=\"U\u010dka Fair - Park prirode U\u010dka\" \/>\n<meta property=\"og:description\" content=\"14th U\u010dka Fair will be held on Sunday, September 4th, 2022. at Poklon Pass in the U\u010dka Nature Park, from 10:00 a.m. to 8:00 p.m.\" \/>\n<meta property=\"og:url\" content=\"https:\/\/www.pp-ucka.hr\/en\/ucka-fair\/\" \/>\n<meta property=\"og:site_name\" content=\"Park prirode U\u010dka\" \/>\n<meta property=\"article:modified_time\" content=\"2025-08-28T11:02:47+00:00\" \/>\n<meta property=\"og:image\" content=\"https:\/\/www.pp-ucka.hr\/2020\/wp-content\/uploads\/UckarskiSajam_001-scaled.jpg\" \/>\n\t<meta property=\"og:image:width\" content=\"2560\" \/>\n\t<meta property=\"og:image:height\" content=\"1702\" \/>\n\t<meta property=\"og:image:type\" content=\"image\/jpeg\" \/>\n<meta name=\"twitter:card\" content=\"summary_large_image\" \/>\n<meta name=\"twitter:label1\" content=\"Est. reading time\" \/>\n\t<meta name=\"twitter:data1\" content=\"3 minutes\" \/>\n<script type=\"application\/ld+json\" class=\"yoast-schema-graph\">{\"@context\":\"https:\\\/\\\/schema.org\",\"@graph\":[{\"@type\":\"WebPage\",\"@id\":\"https:\\\/\\\/www.pp-ucka.hr\\\/en\\\/ucka-fair\\\/\",\"url\":\"https:\\\/\\\/www.pp-ucka.hr\\\/en\\\/ucka-fair\\\/\",\"name\":\"U\u010dka Fair - Park prirode U\u010dka\",\"isPartOf\":{\"@id\":\"https:\\\/\\\/www.pp-ucka.hr\\\/#website\"},\"primaryImageOfPage\":{\"@id\":\"https:\\\/\\\/www.pp-ucka.hr\\\/en\\\/ucka-fair\\\/#primaryimage\"},\"image\":{\"@id\":\"https:\\\/\\\/www.pp-ucka.hr\\\/en\\\/ucka-fair\\\/#primaryimage\"},\"thumbnailUrl\":\"https:\\\/\\\/www.pp-ucka.hr\\\/2020\\\/wp-content\\\/uploads\\\/UckarskiSajam_001-scaled.jpg\",\"datePublished\":\"2022-08-30T07:51:13+00:00\",\"dateModified\":\"2025-08-28T11:02:47+00:00\",\"breadcrumb\":{\"@id\":\"https:\\\/\\\/www.pp-ucka.hr\\\/en\\\/ucka-fair\\\/#breadcrumb\"},\"inLanguage\":\"en-US\",\"potentialAction\":[{\"@type\":\"ReadAction\",\"target\":[\"https:\\\/\\\/www.pp-ucka.hr\\\/en\\\/ucka-fair\\\/\"]}]},{\"@type\":\"ImageObject\",\"inLanguage\":\"en-US\",\"@id\":\"https:\\\/\\\/www.pp-ucka.hr\\\/en\\\/ucka-fair\\\/#primaryimage\",\"url\":\"https:\\\/\\\/www.pp-ucka.hr\\\/2020\\\/wp-content\\\/uploads\\\/UckarskiSajam_001-scaled.jpg\",\"contentUrl\":\"https:\\\/\\\/www.pp-ucka.hr\\\/2020\\\/wp-content\\\/uploads\\\/UckarskiSajam_001-scaled.jpg\",\"width\":2560,\"height\":1702},{\"@type\":\"BreadcrumbList\",\"@id\":\"https:\\\/\\\/www.pp-ucka.hr\\\/en\\\/ucka-fair\\\/#breadcrumb\",\"itemListElement\":[{\"@type\":\"ListItem\",\"position\":1,\"name\":\"Po\u010detna stranica\",\"item\":\"https:\\\/\\\/www.pp-ucka.hr\\\/en\\\/\"},{\"@type\":\"ListItem\",\"position\":2,\"name\":\"U\u010dka Fair\"}]},{\"@type\":\"WebSite\",\"@id\":\"https:\\\/\\\/www.pp-ucka.hr\\\/#website\",\"url\":\"https:\\\/\\\/www.pp-ucka.hr\\\/\",\"name\":\"Park prirode U\u010dka\",\"description\":\"Park prirode U\u010dka\",\"potentialAction\":[{\"@type\":\"SearchAction\",\"target\":{\"@type\":\"EntryPoint\",\"urlTemplate\":\"https:\\\/\\\/www.pp-ucka.hr\\\/?s={search_term_string}\"},\"query-input\":{\"@type\":\"PropertyValueSpecification\",\"valueRequired\":true,\"valueName\":\"search_term_string\"}}],\"inLanguage\":\"en-US\"}]}<\/script>\n<!-- \/ Yoast SEO plugin. -->","yoast_head_json":{"title":"U\u010dka Fair - Park prirode U\u010dka","robots":{"index":"index","follow":"follow","max-snippet":"max-snippet:-1","max-image-preview":"max-image-preview:large","max-video-preview":"max-video-preview:-1"},"canonical":"https:\/\/www.pp-ucka.hr\/en\/ucka-fair\/","og_locale":"en_US","og_type":"article","og_title":"U\u010dka Fair - Park prirode U\u010dka","og_description":"14th U\u010dka Fair will be held on Sunday, September 4th, 2022. at Poklon Pass in the U\u010dka Nature Park, from 10:00 a.m. to 8:00 p.m.","og_url":"https:\/\/www.pp-ucka.hr\/en\/ucka-fair\/","og_site_name":"Park prirode U\u010dka","article_modified_time":"2025-08-28T11:02:47+00:00","og_image":[{"width":2560,"height":1702,"url":"https:\/\/www.pp-ucka.hr\/2020\/wp-content\/uploads\/UckarskiSajam_001-scaled.jpg","type":"image\/jpeg"}],"twitter_card":"summary_large_image","twitter_misc":{"Est. reading time":"3 minutes"},"schema":{"@context":"https:\/\/schema.org","@graph":[{"@type":"WebPage","@id":"https:\/\/www.pp-ucka.hr\/en\/ucka-fair\/","url":"https:\/\/www.pp-ucka.hr\/en\/ucka-fair\/","name":"U\u010dka Fair - Park prirode U\u010dka","isPartOf":{"@id":"https:\/\/www.pp-ucka.hr\/#website"},"primaryImageOfPage":{"@id":"https:\/\/www.pp-ucka.hr\/en\/ucka-fair\/#primaryimage"},"image":{"@id":"https:\/\/www.pp-ucka.hr\/en\/ucka-fair\/#primaryimage"},"thumbnailUrl":"https:\/\/www.pp-ucka.hr\/2020\/wp-content\/uploads\/UckarskiSajam_001-scaled.jpg","datePublished":"2022-08-30T07:51:13+00:00","dateModified":"2025-08-28T11:02:47+00:00","breadcrumb":{"@id":"https:\/\/www.pp-ucka.hr\/en\/ucka-fair\/#breadcrumb"},"inLanguage":"en-US","potentialAction":[{"@type":"ReadAction","target":["https:\/\/www.pp-ucka.hr\/en\/ucka-fair\/"]}]},{"@type":"ImageObject","inLanguage":"en-US","@id":"https:\/\/www.pp-ucka.hr\/en\/ucka-fair\/#primaryimage","url":"https:\/\/www.pp-ucka.hr\/2020\/wp-content\/uploads\/UckarskiSajam_001-scaled.jpg","contentUrl":"https:\/\/www.pp-ucka.hr\/2020\/wp-content\/uploads\/UckarskiSajam_001-scaled.jpg","width":2560,"height":1702},{"@type":"BreadcrumbList","@id":"https:\/\/www.pp-ucka.hr\/en\/ucka-fair\/#breadcrumb","itemListElement":[{"@type":"ListItem","position":1,"name":"Po\u010detna stranica","item":"https:\/\/www.pp-ucka.hr\/en\/"},{"@type":"ListItem","position":2,"name":"U\u010dka Fair"}]},{"@type":"WebSite","@id":"https:\/\/www.pp-ucka.hr\/#website","url":"https:\/\/www.pp-ucka.hr\/","name":"Park prirode U\u010dka","description":"Park prirode U\u010dka","potentialAction":[{"@type":"SearchAction","target":{"@type":"EntryPoint","urlTemplate":"https:\/\/www.pp-ucka.hr\/?s={search_term_string}"},"query-input":{"@type":"PropertyValueSpecification","valueRequired":true,"valueName":"search_term_string"}}],"inLanguage":"en-US"}]}},"_links":{"self":[{"href":"https:\/\/www.pp-ucka.hr\/en\/wp-json\/wp\/v2\/pages\/18475","targetHints":{"allow":["GET"]}}],"collection":[{"href":"https:\/\/www.pp-ucka.hr\/en\/wp-json\/wp\/v2\/pages"}],"about":[{"href":"https:\/\/www.pp-ucka.hr\/en\/wp-json\/wp\/v2\/types\/page"}],"author":[{"embeddable":true,"href":"https:\/\/www.pp-ucka.hr\/en\/wp-json\/wp\/v2\/users\/13"}],"replies":[{"embeddable":true,"href":"https:\/\/www.pp-ucka.hr\/en\/wp-json\/wp\/v2\/comments?post=18475"}],"version-history":[{"count":5,"href":"https:\/\/www.pp-ucka.hr\/en\/wp-json\/wp\/v2\/pages\/18475\/revisions"}],"predecessor-version":[{"id":22621,"href":"https:\/\/www.pp-ucka.hr\/en\/wp-json\/wp\/v2\/pages\/18475\/revisions\/22621"}],"wp:featuredmedia":[{"embeddable":true,"href":"https:\/\/www.pp-ucka.hr\/en\/wp-json\/wp\/v2\/media\/18393"}],"wp:attachment":[{"href":"https:\/\/www.pp-ucka.hr\/en\/wp-json\/wp\/v2\/media?parent=18475"}],"wp:term":[{"taxonomy":"category","embeddable":true,"href":"https:\/\/www.pp-ucka.hr\/en\/wp-json\/wp\/v2\/categories?post=18475"},{"taxonomy":"post_tag","embeddable":true,"href":"https:\/\/www.pp-ucka.hr\/en\/wp-json\/wp\/v2\/tags?post=18475"}],"curies":[{"name":"wp","href":"https:\/\/api.w.org\/{rel}","templated":true}]}}