{"id":1869,"date":"2013-07-10T07:06:29","date_gmt":"2013-07-10T07:06:29","guid":{"rendered":"http:\/\/www.pp-ucka.hr\/wordpress\/?page_id=1869"},"modified":"2023-02-01T14:58:31","modified_gmt":"2023-02-01T13:58:31","slug":"route-no-4","status":"publish","type":"page","link":"https:\/\/www.pp-ucka.hr\/en\/ucka-outdoor-2\/mountain-biking\/route-no-4\/","title":{"rendered":"Route No. 4"},"content":{"rendered":"<p><img loading=\"lazy\" decoding=\"async\" class=\"alignright wp-image-12456 size-full\" src=\"https:\/\/www.pp-ucka.hr\/2020\/wp-content\/uploads\/pp_ucka_staza_4.jpg\" alt=\"\" width=\"605\" height=\"215\" srcset=\"https:\/\/www.pp-ucka.hr\/2020\/wp-content\/uploads\/pp_ucka_staza_4.jpg 605w, https:\/\/www.pp-ucka.hr\/2020\/wp-content\/uploads\/pp_ucka_staza_4-480x171.jpg 480w\" sizes=\"(min-width: 0px) and (max-width: 480px) 480px, (min-width: 481px) 605px, 100vw\" \/>Length: 17 km<br \/>\nCategory: medium<br \/>\nSurface: 100% gravel<br \/>\nDuration: up to 2 hours<br \/>\nLocation: western slopes of U\u010dka<br \/>\nStart: Mala U\u010dka 988 m above sea level<br \/>\nFinish: Mala U\u010dka 988 m above sea level<br \/>\nDifference in elevation: 200 m<\/p>\n<p>An ideal trail for recreational bikers, beginners and whoever wishes to enjoy magnificent views of Istria and Kvarner while cycling.<\/p>\n<p>The route starts from the village of Mala U\u010dka and runs along the gravel road towards Vela U\u010dka. After 500 m it turns left in the direction of Bodaj, offering breathtaking views of the landscapes of central Istria and the top of U\u010dka. From the peak of Bodaj the trail then leads back the same way to Mala U\u010dka.<\/p>\n<p>Download the <a href=\"https:\/\/www.pp-ucka.hr\/2020\/wp-content\/uploads\/Bro%C5%A1ura-U%C4%8Dka-Bike1.pdf\">U\u010dka Bike<\/a>\u00a0brochure<\/p>\n<p>Download <a href=\"https:\/\/www.pp-ucka.hr\/2020\/wp-content\/uploads\/bike_4-1.rar\">GPX<\/a>\u00a0track<\/p>\n<p>Download <a href=\"http:\/\/www.pp-ucka.hr\/?attachment_id=4778\">KML<\/a>\u00a0track<\/p>\n<table class=\"bike\" style=\"width: 100%;\" border=\"0\" cellspacing=\"0\" cellpadding=\"0\" align=\"center\">\n<tbody>\n<tr>\n<th style=\"text-align: left;\" valign=\"top\"><\/th>\n<th style=\"text-align: left;\" valign=\"top\"><\/th>\n<th style=\"text-align: left;\" valign=\"top\">elevation (m a.s.l.)<\/th>\n<th style=\"text-align: left;\" valign=\"top\">Km<\/th>\n<\/tr>\n<tr>\n<td valign=\"top\">Mala U\u010dka<\/td>\n<td valign=\"top\"><\/td>\n<td valign=\"top\"><\/td>\n<td valign=\"top\">0<\/td>\n<\/tr>\n<tr>\n<td valign=\"top\"><\/td>\n<td valign=\"top\">left<\/td>\n<td valign=\"top\">990<\/td>\n<td valign=\"top\">0,5<\/td>\n<\/tr>\n<tr>\n<td valign=\"top\"><\/td>\n<td valign=\"top\">left<\/td>\n<td valign=\"top\">880<\/td>\n<td valign=\"top\">2,3<\/td>\n<\/tr>\n<tr>\n<td valign=\"top\"><\/td>\n<td valign=\"top\">straight<\/td>\n<td valign=\"top\">850<\/td>\n<td valign=\"top\">6,7<\/td>\n<\/tr>\n<tr>\n<td valign=\"top\"><\/td>\n<td valign=\"top\">straight<\/td>\n<td valign=\"top\">860<\/td>\n<td valign=\"top\">7,2<\/td>\n<\/tr>\n<tr>\n<td valign=\"top\">Bodaj<\/td>\n<td valign=\"top\"><\/td>\n<td valign=\"top\">900<\/td>\n<td valign=\"top\">8,5<\/td>\n<\/tr>\n<tr>\n<td valign=\"top\"><\/td>\n<td valign=\"top\">right<\/td>\n<td valign=\"top\">880<\/td>\n<td valign=\"top\">14,7<\/td>\n<\/tr>\n<tr>\n<td valign=\"top\">Road V. U\u010dka \u2013 M. U\u010dka<\/td>\n<td valign=\"top\">right<\/td>\n<td valign=\"top\">990<\/td>\n<td valign=\"top\">16,5<\/td>\n<\/tr>\n<tr>\n<td style=\"text-align: left;\" valign=\"top\">Mala U\u010dka<\/td>\n<td style=\"text-align: left;\" valign=\"top\"><\/td>\n<td style=\"text-align: left;\" valign=\"top\">1000<\/td>\n<td valign=\"top\">\n<p style=\"text-align: left;\">17,0<\/p>\n<\/td>\n<\/tr>\n<\/tbody>\n<\/table>\n","protected":false},"excerpt":{"rendered":"<p>Length: 17 km Category: medium Surface: 100% gravel Duration: up to 2 hours Location: western slopes of U\u010dka Start: Mala U\u010dka 988 m above sea level Finish: Mala U\u010dka 988 m above sea level Difference in elevation: 200 m An ideal trail for recreational bikers, beginners and whoever wishes to enjoy magnificent views of Istria [&hellip;]<\/p>\n","protected":false},"author":3,"featured_media":9704,"parent":1743,"menu_order":4,"comment_status":"closed","ping_status":"closed","template":"","meta":{"_et_pb_use_builder":"","_et_pb_old_content":"","_et_gb_content_width":"","inline_featured_image":false,"footnotes":""},"categories":[148],"tags":[],"class_list":["post-1869","page","type-page","status-publish","has-post-thumbnail","hentry","category-trails"],"yoast_head":"<!-- This site is optimized with the Yoast SEO plugin v27.3 - https:\/\/yoast.com\/product\/yoast-seo-wordpress\/ -->\n<title>Route No. 4 - Park prirode U\u010dka<\/title>\n<meta name=\"robots\" content=\"index, follow, max-snippet:-1, max-image-preview:large, max-video-preview:-1\" \/>\n<link rel=\"canonical\" href=\"https:\/\/www.pp-ucka.hr\/en\/ucka-outdoor-2\/mountain-biking\/route-no-4\/\" \/>\n<meta property=\"og:locale\" content=\"en_US\" \/>\n<meta property=\"og:type\" content=\"article\" \/>\n<meta property=\"og:title\" content=\"Route No. 4 - Park prirode U\u010dka\" \/>\n<meta property=\"og:description\" content=\"Length: 17 km Category: medium Surface: 100% gravel Duration: up to 2 hours Location: western slopes of U\u010dka Start: Mala U\u010dka 988 m above sea level Finish: Mala U\u010dka 988 m above sea level Difference in elevation: 200 m An ideal trail for recreational bikers, beginners and whoever wishes to enjoy magnificent views of Istria [&hellip;]\" \/>\n<meta property=\"og:url\" content=\"https:\/\/www.pp-ucka.hr\/en\/ucka-outdoor-2\/mountain-biking\/route-no-4\/\" \/>\n<meta property=\"og:site_name\" content=\"Park prirode U\u010dka\" \/>\n<meta property=\"article:modified_time\" content=\"2023-02-01T13:58:31+00:00\" \/>\n<meta property=\"og:image\" content=\"https:\/\/www.pp-ucka.hr\/2020\/wp-content\/uploads\/pp_ucka_staza_4.jpg\" \/>\n<meta name=\"twitter:card\" content=\"summary_large_image\" \/>\n<meta name=\"twitter:label1\" content=\"Est. reading time\" \/>\n\t<meta name=\"twitter:data1\" content=\"2 minutes\" \/>\n<script type=\"application\/ld+json\" class=\"yoast-schema-graph\">{\"@context\":\"https:\\\/\\\/schema.org\",\"@graph\":[{\"@type\":\"WebPage\",\"@id\":\"https:\\\/\\\/www.pp-ucka.hr\\\/en\\\/ucka-outdoor-2\\\/mountain-biking\\\/route-no-4\\\/\",\"url\":\"https:\\\/\\\/www.pp-ucka.hr\\\/en\\\/ucka-outdoor-2\\\/mountain-biking\\\/route-no-4\\\/\",\"name\":\"Route No. 4 - Park prirode U\u010dka\",\"isPartOf\":{\"@id\":\"https:\\\/\\\/www.pp-ucka.hr\\\/#website\"},\"primaryImageOfPage\":{\"@id\":\"https:\\\/\\\/www.pp-ucka.hr\\\/en\\\/ucka-outdoor-2\\\/mountain-biking\\\/route-no-4\\\/#primaryimage\"},\"image\":{\"@id\":\"https:\\\/\\\/www.pp-ucka.hr\\\/en\\\/ucka-outdoor-2\\\/mountain-biking\\\/route-no-4\\\/#primaryimage\"},\"thumbnailUrl\":\"https:\\\/\\\/www.pp-ucka.hr\\\/2020\\\/wp-content\\\/uploads\\\/pp_ucka_featured_2000.jpg\",\"datePublished\":\"2013-07-10T07:06:29+00:00\",\"dateModified\":\"2023-02-01T13:58:31+00:00\",\"breadcrumb\":{\"@id\":\"https:\\\/\\\/www.pp-ucka.hr\\\/en\\\/ucka-outdoor-2\\\/mountain-biking\\\/route-no-4\\\/#breadcrumb\"},\"inLanguage\":\"en-US\",\"potentialAction\":[{\"@type\":\"ReadAction\",\"target\":[\"https:\\\/\\\/www.pp-ucka.hr\\\/en\\\/ucka-outdoor-2\\\/mountain-biking\\\/route-no-4\\\/\"]}]},{\"@type\":\"ImageObject\",\"inLanguage\":\"en-US\",\"@id\":\"https:\\\/\\\/www.pp-ucka.hr\\\/en\\\/ucka-outdoor-2\\\/mountain-biking\\\/route-no-4\\\/#primaryimage\",\"url\":\"https:\\\/\\\/www.pp-ucka.hr\\\/2020\\\/wp-content\\\/uploads\\\/pp_ucka_featured_2000.jpg\",\"contentUrl\":\"https:\\\/\\\/www.pp-ucka.hr\\\/2020\\\/wp-content\\\/uploads\\\/pp_ucka_featured_2000.jpg\",\"width\":2000,\"height\":1129},{\"@type\":\"BreadcrumbList\",\"@id\":\"https:\\\/\\\/www.pp-ucka.hr\\\/en\\\/ucka-outdoor-2\\\/mountain-biking\\\/route-no-4\\\/#breadcrumb\",\"itemListElement\":[{\"@type\":\"ListItem\",\"position\":1,\"name\":\"Po\u010detna stranica\",\"item\":\"https:\\\/\\\/www.pp-ucka.hr\\\/en\\\/\"},{\"@type\":\"ListItem\",\"position\":2,\"name\":\"U\u010dka Outdoor\",\"item\":\"https:\\\/\\\/www.pp-ucka.hr\\\/en\\\/ucka-outdoor-2\\\/\"},{\"@type\":\"ListItem\",\"position\":3,\"name\":\"Mountain biking\",\"item\":\"https:\\\/\\\/www.pp-ucka.hr\\\/en\\\/ucka-outdoor-2\\\/mountain-biking\\\/\"},{\"@type\":\"ListItem\",\"position\":4,\"name\":\"Route No. 4\"}]},{\"@type\":\"WebSite\",\"@id\":\"https:\\\/\\\/www.pp-ucka.hr\\\/#website\",\"url\":\"https:\\\/\\\/www.pp-ucka.hr\\\/\",\"name\":\"Park prirode U\u010dka\",\"description\":\"Park prirode U\u010dka\",\"potentialAction\":[{\"@type\":\"SearchAction\",\"target\":{\"@type\":\"EntryPoint\",\"urlTemplate\":\"https:\\\/\\\/www.pp-ucka.hr\\\/?s={search_term_string}\"},\"query-input\":{\"@type\":\"PropertyValueSpecification\",\"valueRequired\":true,\"valueName\":\"search_term_string\"}}],\"inLanguage\":\"en-US\"}]}<\/script>\n<!-- \/ Yoast SEO plugin. -->","yoast_head_json":{"title":"Route No. 4 - Park prirode U\u010dka","robots":{"index":"index","follow":"follow","max-snippet":"max-snippet:-1","max-image-preview":"max-image-preview:large","max-video-preview":"max-video-preview:-1"},"canonical":"https:\/\/www.pp-ucka.hr\/en\/ucka-outdoor-2\/mountain-biking\/route-no-4\/","og_locale":"en_US","og_type":"article","og_title":"Route No. 4 - Park prirode U\u010dka","og_description":"Length: 17 km Category: medium Surface: 100% gravel Duration: up to 2 hours Location: western slopes of U\u010dka Start: Mala U\u010dka 988 m above sea level Finish: Mala U\u010dka 988 m above sea level Difference in elevation: 200 m An ideal trail for recreational bikers, beginners and whoever wishes to enjoy magnificent views of Istria [&hellip;]","og_url":"https:\/\/www.pp-ucka.hr\/en\/ucka-outdoor-2\/mountain-biking\/route-no-4\/","og_site_name":"Park prirode U\u010dka","article_modified_time":"2023-02-01T13:58:31+00:00","og_image":[{"url":"https:\/\/www.pp-ucka.hr\/2020\/wp-content\/uploads\/pp_ucka_staza_4.jpg","type":"","width":"","height":""}],"twitter_card":"summary_large_image","twitter_misc":{"Est. reading time":"2 minutes"},"schema":{"@context":"https:\/\/schema.org","@graph":[{"@type":"WebPage","@id":"https:\/\/www.pp-ucka.hr\/en\/ucka-outdoor-2\/mountain-biking\/route-no-4\/","url":"https:\/\/www.pp-ucka.hr\/en\/ucka-outdoor-2\/mountain-biking\/route-no-4\/","name":"Route No. 4 - Park prirode U\u010dka","isPartOf":{"@id":"https:\/\/www.pp-ucka.hr\/#website"},"primaryImageOfPage":{"@id":"https:\/\/www.pp-ucka.hr\/en\/ucka-outdoor-2\/mountain-biking\/route-no-4\/#primaryimage"},"image":{"@id":"https:\/\/www.pp-ucka.hr\/en\/ucka-outdoor-2\/mountain-biking\/route-no-4\/#primaryimage"},"thumbnailUrl":"https:\/\/www.pp-ucka.hr\/2020\/wp-content\/uploads\/pp_ucka_featured_2000.jpg","datePublished":"2013-07-10T07:06:29+00:00","dateModified":"2023-02-01T13:58:31+00:00","breadcrumb":{"@id":"https:\/\/www.pp-ucka.hr\/en\/ucka-outdoor-2\/mountain-biking\/route-no-4\/#breadcrumb"},"inLanguage":"en-US","potentialAction":[{"@type":"ReadAction","target":["https:\/\/www.pp-ucka.hr\/en\/ucka-outdoor-2\/mountain-biking\/route-no-4\/"]}]},{"@type":"ImageObject","inLanguage":"en-US","@id":"https:\/\/www.pp-ucka.hr\/en\/ucka-outdoor-2\/mountain-biking\/route-no-4\/#primaryimage","url":"https:\/\/www.pp-ucka.hr\/2020\/wp-content\/uploads\/pp_ucka_featured_2000.jpg","contentUrl":"https:\/\/www.pp-ucka.hr\/2020\/wp-content\/uploads\/pp_ucka_featured_2000.jpg","width":2000,"height":1129},{"@type":"BreadcrumbList","@id":"https:\/\/www.pp-ucka.hr\/en\/ucka-outdoor-2\/mountain-biking\/route-no-4\/#breadcrumb","itemListElement":[{"@type":"ListItem","position":1,"name":"Po\u010detna stranica","item":"https:\/\/www.pp-ucka.hr\/en\/"},{"@type":"ListItem","position":2,"name":"U\u010dka Outdoor","item":"https:\/\/www.pp-ucka.hr\/en\/ucka-outdoor-2\/"},{"@type":"ListItem","position":3,"name":"Mountain biking","item":"https:\/\/www.pp-ucka.hr\/en\/ucka-outdoor-2\/mountain-biking\/"},{"@type":"ListItem","position":4,"name":"Route No. 4"}]},{"@type":"WebSite","@id":"https:\/\/www.pp-ucka.hr\/#website","url":"https:\/\/www.pp-ucka.hr\/","name":"Park prirode U\u010dka","description":"Park prirode U\u010dka","potentialAction":[{"@type":"SearchAction","target":{"@type":"EntryPoint","urlTemplate":"https:\/\/www.pp-ucka.hr\/?s={search_term_string}"},"query-input":{"@type":"PropertyValueSpecification","valueRequired":true,"valueName":"search_term_string"}}],"inLanguage":"en-US"}]}},"_links":{"self":[{"href":"https:\/\/www.pp-ucka.hr\/en\/wp-json\/wp\/v2\/pages\/1869","targetHints":{"allow":["GET"]}}],"collection":[{"href":"https:\/\/www.pp-ucka.hr\/en\/wp-json\/wp\/v2\/pages"}],"about":[{"href":"https:\/\/www.pp-ucka.hr\/en\/wp-json\/wp\/v2\/types\/page"}],"author":[{"embeddable":true,"href":"https:\/\/www.pp-ucka.hr\/en\/wp-json\/wp\/v2\/users\/3"}],"replies":[{"embeddable":true,"href":"https:\/\/www.pp-ucka.hr\/en\/wp-json\/wp\/v2\/comments?post=1869"}],"version-history":[{"count":0,"href":"https:\/\/www.pp-ucka.hr\/en\/wp-json\/wp\/v2\/pages\/1869\/revisions"}],"up":[{"embeddable":true,"href":"https:\/\/www.pp-ucka.hr\/en\/wp-json\/wp\/v2\/pages\/1743"}],"wp:featuredmedia":[{"embeddable":true,"href":"https:\/\/www.pp-ucka.hr\/en\/wp-json\/wp\/v2\/media\/9704"}],"wp:attachment":[{"href":"https:\/\/www.pp-ucka.hr\/en\/wp-json\/wp\/v2\/media?parent=1869"}],"wp:term":[{"taxonomy":"category","embeddable":true,"href":"https:\/\/www.pp-ucka.hr\/en\/wp-json\/wp\/v2\/categories?post=1869"},{"taxonomy":"post_tag","embeddable":true,"href":"https:\/\/www.pp-ucka.hr\/en\/wp-json\/wp\/v2\/tags?post=1869"}],"curies":[{"name":"wp","href":"https:\/\/api.w.org\/{rel}","templated":true}]}}