{"id":1878,"date":"2013-07-10T07:26:35","date_gmt":"2013-07-10T07:26:35","guid":{"rendered":"http:\/\/www.pp-ucka.hr\/wordpress\/?page_id=1878"},"modified":"2023-02-01T15:03:20","modified_gmt":"2023-02-01T14:03:20","slug":"route-no-6","status":"publish","type":"page","link":"https:\/\/www.pp-ucka.hr\/en\/ucka-outdoor-2\/mountain-biking\/route-no-6\/","title":{"rendered":"Route No. 6"},"content":{"rendered":"<p><img loading=\"lazy\" decoding=\"async\" class=\"alignright size-full wp-image-12458\" src=\"https:\/\/www.pp-ucka.hr\/2020\/wp-content\/uploads\/pp_ucka_staza_6.jpg\" alt=\"\" width=\"605\" height=\"170\" srcset=\"https:\/\/www.pp-ucka.hr\/2020\/wp-content\/uploads\/pp_ucka_staza_6.jpg 605w, https:\/\/www.pp-ucka.hr\/2020\/wp-content\/uploads\/pp_ucka_staza_6-480x135.jpg 480w\" sizes=\"(min-width: 0px) and (max-width: 480px) 480px, (min-width: 481px) 605px, 100vw\" \/>Length: 25.7 km<br \/>\nCategory: difficult<br \/>\nSurface: 85% gravel, 15% asphalt<br \/>\nDuration: up to 3 hours<br \/>\nLocation: eastern slopes of U\u010dka and \u0106i\u0107arija<br \/>\nStart: Poklon mountain hut 925 m above sea level<br \/>\nFinish: Poklon mountain hut 925 m above sea level<br \/>\nDifference in elevation: 267 m<\/p>\n<p>This route is intended for cyclists and enthusiasts with sufficient cycling skill and stamina for extreme ascents and descents. The trail leads through some of the most interesting parts of \u0106i\u0107arija from the naturalist&#8217;s point of view. We recommend taking several short breaks and enjoying the beauty and richness of the surrounding landscape. You will be surrounded by typical mountain flora before entering a dense beech forest below the summits of Veli Planik and Mali Planik. Veli Planik is the highest peak of \u0106i\u0107arija and offers magnificent views of the Alps, Mount Velebit and the mountains in the hinterland of Rijeka. After Veli Planik, the trail descends gently towards the Bon\u010di\u0107 house. From there, an extreme downhill stretch runs towards the Veprinac-U\u010dka Tunnel asphalt road. A new ascent leads towards Poklon pass, the end of this demanding route. By the time you&#8217;ve finished it, you&#8217;ll have earned our congratulations.<\/p>\n<p>Download the <a href=\"https:\/\/www.pp-ucka.hr\/2020\/wp-content\/uploads\/Bro%C5%A1ura-U%C4%8Dka-Bike1.pdf\">U\u010dka Bike<\/a>\u00a0brochure<\/p>\n<p>Download <a href=\"https:\/\/www.pp-ucka.hr\/2020\/wp-content\/uploads\/bike_6-1.rar\">GPX<\/a> track<\/p>\n<p>Download <a href=\"http:\/\/www.pp-ucka.hr\/?attachment_id=4771%20\">KML<\/a>\u00a0track<\/p>\n<table class=\"bike\" style=\"width: 100%;\" border=\"0\" cellspacing=\"0\" cellpadding=\"0\" align=\"center\">\n<tbody>\n<tr>\n<th style=\"text-align: left;\" valign=\"top\"><\/th>\n<th style=\"text-align: left;\" valign=\"top\"><\/th>\n<th style=\"text-align: left;\" valign=\"top\">elevation (m a.s.l.)<\/th>\n<th style=\"text-align: left;\" valign=\"top\">km<\/th>\n<\/tr>\n<tr>\n<td valign=\"top\">Poklon<\/td>\n<td valign=\"top\"><\/td>\n<td valign=\"top\">925<\/td>\n<td valign=\"top\">0<\/td>\n<\/tr>\n<tr>\n<td valign=\"top\">Old poultry house<\/td>\n<td valign=\"top\">right uphill on gravel road<\/td>\n<td valign=\"top\">925<\/td>\n<td valign=\"top\">0,2<\/td>\n<\/tr>\n<tr>\n<td valign=\"top\">Turning for Ravne staje<\/td>\n<td valign=\"top\">left<\/td>\n<td valign=\"top\">940<\/td>\n<td valign=\"top\">0,6<\/td>\n<\/tr>\n<tr>\n<td valign=\"top\">Gospin dol<\/td>\n<td valign=\"top\">right<\/td>\n<td valign=\"top\">940<\/td>\n<td valign=\"top\">3,6<\/td>\n<\/tr>\n<tr>\n<td valign=\"top\">Pod Gradac<\/td>\n<td valign=\"top\">left<\/td>\n<td valign=\"top\">980<\/td>\n<td valign=\"top\">5,4<\/td>\n<\/tr>\n<tr>\n<td valign=\"top\">Seno\u017eet<\/td>\n<td valign=\"top\">right<\/td>\n<td valign=\"top\">1000<\/td>\n<td valign=\"top\">6,5<\/td>\n<\/tr>\n<tr>\n<td valign=\"top\">Mountain pass<\/td>\n<td valign=\"top\"><\/td>\n<td valign=\"top\">1200<\/td>\n<td valign=\"top\">7,8<\/td>\n<\/tr>\n<tr>\n<td valign=\"top\">Bon\u010di\u0107 house<\/td>\n<td valign=\"top\"><\/td>\n<td valign=\"top\">1000<\/td>\n<td valign=\"top\">10,5<\/td>\n<\/tr>\n<tr>\n<td valign=\"top\"><\/td>\n<td valign=\"top\">right<\/td>\n<td valign=\"top\">950<\/td>\n<td valign=\"top\">11,1<\/td>\n<\/tr>\n<tr>\n<td valign=\"top\">Arrival to the road<\/td>\n<td valign=\"top\">right<\/td>\n<td valign=\"top\">900<\/td>\n<td valign=\"top\">12,7<\/td>\n<\/tr>\n<tr>\n<td valign=\"top\">Turning for Mahenac<\/td>\n<td valign=\"top\">left<\/td>\n<td valign=\"top\">840<\/td>\n<td valign=\"top\">18,2<\/td>\n<\/tr>\n<tr>\n<td valign=\"top\">Turning for Vela Sapca<\/td>\n<td valign=\"top\">straight<\/td>\n<td valign=\"top\"><\/td>\n<td valign=\"top\">18,4<\/td>\n<\/tr>\n<tr>\n<td valign=\"top\">Brdo hunting lodge<\/td>\n<td valign=\"top\">straight<\/td>\n<td valign=\"top\">825<\/td>\n<td valign=\"top\">19,3<\/td>\n<\/tr>\n<tr>\n<td valign=\"top\">Arrival to asphalt road<\/td>\n<td valign=\"top\">right<\/td>\n<td valign=\"top\">720<\/td>\n<td valign=\"top\">22,1<\/td>\n<\/tr>\n<tr>\n<td valign=\"top\">Turning for the Hotel INA<\/td>\n<td valign=\"top\">straight<\/td>\n<td valign=\"top\">900<\/td>\n<td valign=\"top\">24,7<\/td>\n<\/tr>\n<tr>\n<td style=\"text-align: left;\" valign=\"top\">Poklon<\/td>\n<td style=\"text-align: left;\" valign=\"top\"><\/td>\n<td style=\"text-align: left;\" valign=\"top\">925<\/td>\n<td style=\"text-align: left;\" valign=\"top\">25,7<\/td>\n<\/tr>\n<\/tbody>\n<\/table>\n","protected":false},"excerpt":{"rendered":"<p>Length: 25.7 km Category: difficult Surface: 85% gravel, 15% asphalt Duration: up to 3 hours Location: eastern slopes of U\u010dka and \u0106i\u0107arija Start: Poklon mountain hut 925 m above sea level Finish: Poklon mountain hut 925 m above sea level Difference in elevation: 267 m This route is intended for cyclists and enthusiasts with sufficient [&hellip;]<\/p>\n","protected":false},"author":3,"featured_media":9704,"parent":1743,"menu_order":6,"comment_status":"closed","ping_status":"closed","template":"","meta":{"_et_pb_use_builder":"","_et_pb_old_content":"","_et_gb_content_width":"","inline_featured_image":false,"footnotes":""},"categories":[148],"tags":[],"class_list":["post-1878","page","type-page","status-publish","has-post-thumbnail","hentry","category-trails"],"yoast_head":"<!-- This site is optimized with the Yoast SEO plugin v27.3 - https:\/\/yoast.com\/product\/yoast-seo-wordpress\/ -->\n<title>Route No. 6 - Park prirode U\u010dka<\/title>\n<meta name=\"robots\" content=\"index, follow, max-snippet:-1, max-image-preview:large, max-video-preview:-1\" \/>\n<link rel=\"canonical\" href=\"https:\/\/www.pp-ucka.hr\/en\/ucka-outdoor-2\/mountain-biking\/route-no-6\/\" \/>\n<meta property=\"og:locale\" content=\"en_US\" \/>\n<meta property=\"og:type\" content=\"article\" \/>\n<meta property=\"og:title\" content=\"Route No. 6 - Park prirode U\u010dka\" \/>\n<meta property=\"og:description\" content=\"Length: 25.7 km Category: difficult Surface: 85% gravel, 15% asphalt Duration: up to 3 hours Location: eastern slopes of U\u010dka and \u0106i\u0107arija Start: Poklon mountain hut 925 m above sea level Finish: Poklon mountain hut 925 m above sea level Difference in elevation: 267 m This route is intended for cyclists and enthusiasts with sufficient [&hellip;]\" \/>\n<meta property=\"og:url\" content=\"https:\/\/www.pp-ucka.hr\/en\/ucka-outdoor-2\/mountain-biking\/route-no-6\/\" \/>\n<meta property=\"og:site_name\" content=\"Park prirode U\u010dka\" \/>\n<meta property=\"article:modified_time\" content=\"2023-02-01T14:03:20+00:00\" \/>\n<meta property=\"og:image\" content=\"https:\/\/www.pp-ucka.hr\/2020\/wp-content\/uploads\/pp_ucka_staza_6.jpg\" \/>\n<meta name=\"twitter:card\" content=\"summary_large_image\" \/>\n<meta name=\"twitter:label1\" content=\"Est. reading time\" \/>\n\t<meta name=\"twitter:data1\" content=\"2 minutes\" \/>\n<script type=\"application\/ld+json\" class=\"yoast-schema-graph\">{\"@context\":\"https:\\\/\\\/schema.org\",\"@graph\":[{\"@type\":\"WebPage\",\"@id\":\"https:\\\/\\\/www.pp-ucka.hr\\\/en\\\/ucka-outdoor-2\\\/mountain-biking\\\/route-no-6\\\/\",\"url\":\"https:\\\/\\\/www.pp-ucka.hr\\\/en\\\/ucka-outdoor-2\\\/mountain-biking\\\/route-no-6\\\/\",\"name\":\"Route No. 6 - Park prirode U\u010dka\",\"isPartOf\":{\"@id\":\"https:\\\/\\\/www.pp-ucka.hr\\\/#website\"},\"primaryImageOfPage\":{\"@id\":\"https:\\\/\\\/www.pp-ucka.hr\\\/en\\\/ucka-outdoor-2\\\/mountain-biking\\\/route-no-6\\\/#primaryimage\"},\"image\":{\"@id\":\"https:\\\/\\\/www.pp-ucka.hr\\\/en\\\/ucka-outdoor-2\\\/mountain-biking\\\/route-no-6\\\/#primaryimage\"},\"thumbnailUrl\":\"https:\\\/\\\/www.pp-ucka.hr\\\/2020\\\/wp-content\\\/uploads\\\/pp_ucka_featured_2000.jpg\",\"datePublished\":\"2013-07-10T07:26:35+00:00\",\"dateModified\":\"2023-02-01T14:03:20+00:00\",\"breadcrumb\":{\"@id\":\"https:\\\/\\\/www.pp-ucka.hr\\\/en\\\/ucka-outdoor-2\\\/mountain-biking\\\/route-no-6\\\/#breadcrumb\"},\"inLanguage\":\"en-US\",\"potentialAction\":[{\"@type\":\"ReadAction\",\"target\":[\"https:\\\/\\\/www.pp-ucka.hr\\\/en\\\/ucka-outdoor-2\\\/mountain-biking\\\/route-no-6\\\/\"]}]},{\"@type\":\"ImageObject\",\"inLanguage\":\"en-US\",\"@id\":\"https:\\\/\\\/www.pp-ucka.hr\\\/en\\\/ucka-outdoor-2\\\/mountain-biking\\\/route-no-6\\\/#primaryimage\",\"url\":\"https:\\\/\\\/www.pp-ucka.hr\\\/2020\\\/wp-content\\\/uploads\\\/pp_ucka_featured_2000.jpg\",\"contentUrl\":\"https:\\\/\\\/www.pp-ucka.hr\\\/2020\\\/wp-content\\\/uploads\\\/pp_ucka_featured_2000.jpg\",\"width\":2000,\"height\":1129},{\"@type\":\"BreadcrumbList\",\"@id\":\"https:\\\/\\\/www.pp-ucka.hr\\\/en\\\/ucka-outdoor-2\\\/mountain-biking\\\/route-no-6\\\/#breadcrumb\",\"itemListElement\":[{\"@type\":\"ListItem\",\"position\":1,\"name\":\"Po\u010detna stranica\",\"item\":\"https:\\\/\\\/www.pp-ucka.hr\\\/en\\\/\"},{\"@type\":\"ListItem\",\"position\":2,\"name\":\"U\u010dka Outdoor\",\"item\":\"https:\\\/\\\/www.pp-ucka.hr\\\/en\\\/ucka-outdoor-2\\\/\"},{\"@type\":\"ListItem\",\"position\":3,\"name\":\"Mountain biking\",\"item\":\"https:\\\/\\\/www.pp-ucka.hr\\\/en\\\/ucka-outdoor-2\\\/mountain-biking\\\/\"},{\"@type\":\"ListItem\",\"position\":4,\"name\":\"Route No. 6\"}]},{\"@type\":\"WebSite\",\"@id\":\"https:\\\/\\\/www.pp-ucka.hr\\\/#website\",\"url\":\"https:\\\/\\\/www.pp-ucka.hr\\\/\",\"name\":\"Park prirode U\u010dka\",\"description\":\"Park prirode U\u010dka\",\"potentialAction\":[{\"@type\":\"SearchAction\",\"target\":{\"@type\":\"EntryPoint\",\"urlTemplate\":\"https:\\\/\\\/www.pp-ucka.hr\\\/?s={search_term_string}\"},\"query-input\":{\"@type\":\"PropertyValueSpecification\",\"valueRequired\":true,\"valueName\":\"search_term_string\"}}],\"inLanguage\":\"en-US\"}]}<\/script>\n<!-- \/ Yoast SEO plugin. -->","yoast_head_json":{"title":"Route No. 6 - Park prirode U\u010dka","robots":{"index":"index","follow":"follow","max-snippet":"max-snippet:-1","max-image-preview":"max-image-preview:large","max-video-preview":"max-video-preview:-1"},"canonical":"https:\/\/www.pp-ucka.hr\/en\/ucka-outdoor-2\/mountain-biking\/route-no-6\/","og_locale":"en_US","og_type":"article","og_title":"Route No. 6 - Park prirode U\u010dka","og_description":"Length: 25.7 km Category: difficult Surface: 85% gravel, 15% asphalt Duration: up to 3 hours Location: eastern slopes of U\u010dka and \u0106i\u0107arija Start: Poklon mountain hut 925 m above sea level Finish: Poklon mountain hut 925 m above sea level Difference in elevation: 267 m This route is intended for cyclists and enthusiasts with sufficient [&hellip;]","og_url":"https:\/\/www.pp-ucka.hr\/en\/ucka-outdoor-2\/mountain-biking\/route-no-6\/","og_site_name":"Park prirode U\u010dka","article_modified_time":"2023-02-01T14:03:20+00:00","og_image":[{"url":"https:\/\/www.pp-ucka.hr\/2020\/wp-content\/uploads\/pp_ucka_staza_6.jpg","type":"","width":"","height":""}],"twitter_card":"summary_large_image","twitter_misc":{"Est. reading time":"2 minutes"},"schema":{"@context":"https:\/\/schema.org","@graph":[{"@type":"WebPage","@id":"https:\/\/www.pp-ucka.hr\/en\/ucka-outdoor-2\/mountain-biking\/route-no-6\/","url":"https:\/\/www.pp-ucka.hr\/en\/ucka-outdoor-2\/mountain-biking\/route-no-6\/","name":"Route No. 6 - Park prirode U\u010dka","isPartOf":{"@id":"https:\/\/www.pp-ucka.hr\/#website"},"primaryImageOfPage":{"@id":"https:\/\/www.pp-ucka.hr\/en\/ucka-outdoor-2\/mountain-biking\/route-no-6\/#primaryimage"},"image":{"@id":"https:\/\/www.pp-ucka.hr\/en\/ucka-outdoor-2\/mountain-biking\/route-no-6\/#primaryimage"},"thumbnailUrl":"https:\/\/www.pp-ucka.hr\/2020\/wp-content\/uploads\/pp_ucka_featured_2000.jpg","datePublished":"2013-07-10T07:26:35+00:00","dateModified":"2023-02-01T14:03:20+00:00","breadcrumb":{"@id":"https:\/\/www.pp-ucka.hr\/en\/ucka-outdoor-2\/mountain-biking\/route-no-6\/#breadcrumb"},"inLanguage":"en-US","potentialAction":[{"@type":"ReadAction","target":["https:\/\/www.pp-ucka.hr\/en\/ucka-outdoor-2\/mountain-biking\/route-no-6\/"]}]},{"@type":"ImageObject","inLanguage":"en-US","@id":"https:\/\/www.pp-ucka.hr\/en\/ucka-outdoor-2\/mountain-biking\/route-no-6\/#primaryimage","url":"https:\/\/www.pp-ucka.hr\/2020\/wp-content\/uploads\/pp_ucka_featured_2000.jpg","contentUrl":"https:\/\/www.pp-ucka.hr\/2020\/wp-content\/uploads\/pp_ucka_featured_2000.jpg","width":2000,"height":1129},{"@type":"BreadcrumbList","@id":"https:\/\/www.pp-ucka.hr\/en\/ucka-outdoor-2\/mountain-biking\/route-no-6\/#breadcrumb","itemListElement":[{"@type":"ListItem","position":1,"name":"Po\u010detna stranica","item":"https:\/\/www.pp-ucka.hr\/en\/"},{"@type":"ListItem","position":2,"name":"U\u010dka Outdoor","item":"https:\/\/www.pp-ucka.hr\/en\/ucka-outdoor-2\/"},{"@type":"ListItem","position":3,"name":"Mountain biking","item":"https:\/\/www.pp-ucka.hr\/en\/ucka-outdoor-2\/mountain-biking\/"},{"@type":"ListItem","position":4,"name":"Route No. 6"}]},{"@type":"WebSite","@id":"https:\/\/www.pp-ucka.hr\/#website","url":"https:\/\/www.pp-ucka.hr\/","name":"Park prirode U\u010dka","description":"Park prirode U\u010dka","potentialAction":[{"@type":"SearchAction","target":{"@type":"EntryPoint","urlTemplate":"https:\/\/www.pp-ucka.hr\/?s={search_term_string}"},"query-input":{"@type":"PropertyValueSpecification","valueRequired":true,"valueName":"search_term_string"}}],"inLanguage":"en-US"}]}},"_links":{"self":[{"href":"https:\/\/www.pp-ucka.hr\/en\/wp-json\/wp\/v2\/pages\/1878","targetHints":{"allow":["GET"]}}],"collection":[{"href":"https:\/\/www.pp-ucka.hr\/en\/wp-json\/wp\/v2\/pages"}],"about":[{"href":"https:\/\/www.pp-ucka.hr\/en\/wp-json\/wp\/v2\/types\/page"}],"author":[{"embeddable":true,"href":"https:\/\/www.pp-ucka.hr\/en\/wp-json\/wp\/v2\/users\/3"}],"replies":[{"embeddable":true,"href":"https:\/\/www.pp-ucka.hr\/en\/wp-json\/wp\/v2\/comments?post=1878"}],"version-history":[{"count":0,"href":"https:\/\/www.pp-ucka.hr\/en\/wp-json\/wp\/v2\/pages\/1878\/revisions"}],"up":[{"embeddable":true,"href":"https:\/\/www.pp-ucka.hr\/en\/wp-json\/wp\/v2\/pages\/1743"}],"wp:featuredmedia":[{"embeddable":true,"href":"https:\/\/www.pp-ucka.hr\/en\/wp-json\/wp\/v2\/media\/9704"}],"wp:attachment":[{"href":"https:\/\/www.pp-ucka.hr\/en\/wp-json\/wp\/v2\/media?parent=1878"}],"wp:term":[{"taxonomy":"category","embeddable":true,"href":"https:\/\/www.pp-ucka.hr\/en\/wp-json\/wp\/v2\/categories?post=1878"},{"taxonomy":"post_tag","embeddable":true,"href":"https:\/\/www.pp-ucka.hr\/en\/wp-json\/wp\/v2\/tags?post=1878"}],"curies":[{"name":"wp","href":"https:\/\/api.w.org\/{rel}","templated":true}]}}