{"id":1885,"date":"2013-07-10T07:35:16","date_gmt":"2013-07-10T07:35:16","guid":{"rendered":"http:\/\/www.pp-ucka.hr\/wordpress\/?page_id=1885"},"modified":"2023-02-01T15:04:30","modified_gmt":"2023-02-01T14:04:30","slug":"route-no-7","status":"publish","type":"page","link":"https:\/\/www.pp-ucka.hr\/en\/ucka-outdoor-2\/mountain-biking\/route-no-7\/","title":{"rendered":"Route No. 7"},"content":{"rendered":"<p><img loading=\"lazy\" decoding=\"async\" class=\"alignright size-full wp-image-12459\" src=\"https:\/\/www.pp-ucka.hr\/2020\/wp-content\/uploads\/pp_ucka_staza_7.jpg\" alt=\"\" width=\"605\" height=\"178\" srcset=\"https:\/\/www.pp-ucka.hr\/2020\/wp-content\/uploads\/pp_ucka_staza_7.jpg 605w, https:\/\/www.pp-ucka.hr\/2020\/wp-content\/uploads\/pp_ucka_staza_7-480x141.jpg 480w\" sizes=\"(min-width: 0px) and (max-width: 480px) 480px, (min-width: 481px) 605px, 100vw\" \/>Length: 25 km<br \/>\nCategory: difficult<br \/>\nSurface: 95% gravel, 5% asphalt<br \/>\nDuration: up to 3 hours<br \/>\nLocation: western slopes of U\u010dka and \u0106i\u0107arija<br \/>\nStart: Poklon mountain hut 925 m above sea level<br \/>\nFinish: Poklon mountain hut 925 m above sea level<br \/>\nDifference in elevation: 468 m<\/p>\n<p>This route is recommended for mountain-biking enthusiasts in good shape who relish the challenge of very demanding ascents and descents with frequent changes in inclination, from mild to very steep gradients. At first, this trail follows the same route as trail no. 6, but then turns towards the village of Brest, a well-preserved rural settlement surrounded by a typical agricultural landscape. After Brest, the trail leads uphill again, and after 3 hours of cycling you will reach Poklon where your adventure started. Well done!<\/p>\n<p>Download the <a href=\"https:\/\/www.pp-ucka.hr\/2020\/wp-content\/uploads\/Bro%C5%A1ura-U%C4%8Dka-Bike1.pdf\">U\u010dka Bike<\/a>\u00a0brochure<\/p>\n<p>Download <a href=\"https:\/\/www.pp-ucka.hr\/2020\/wp-content\/uploads\/bike_7-1.rar\">GPX<\/a> track<\/p>\n<p>Download <a href=\"http:\/\/www.pp-ucka.hr\/?attachment_id=4772\">KML<\/a>\u00a0track<\/p>\n<table class=\"bike\" style=\"width: 100%;\" border=\"0\" cellspacing=\"0\" cellpadding=\"0\" align=\"center\">\n<tbody>\n<tr>\n<th style=\"text-align: left;\" valign=\"top\" width=\"180\"><\/th>\n<th style=\"text-align: left;\" valign=\"top\" width=\"132\"><\/th>\n<th style=\"text-align: left;\" valign=\"top\" width=\"60\">elevation (m a.s.l.)<\/th>\n<th style=\"text-align: left;\" valign=\"top\" width=\"72\">km<\/th>\n<\/tr>\n<tr>\n<td valign=\"top\" width=\"180\">Poklon<\/td>\n<td valign=\"top\" width=\"132\"><\/td>\n<td valign=\"top\" width=\"60\">925<\/td>\n<td valign=\"top\" width=\"72\">0<\/td>\n<\/tr>\n<tr>\n<td valign=\"top\" width=\"180\">Old poultry house<\/td>\n<td valign=\"top\" width=\"132\">right uphill on gravel road<\/td>\n<td valign=\"top\" width=\"60\">925<\/td>\n<td valign=\"top\" width=\"72\">0,1<\/td>\n<\/tr>\n<tr>\n<td valign=\"top\" width=\"180\">Turning for Ravne staje<\/td>\n<td valign=\"top\" width=\"132\">lijevo<\/td>\n<td valign=\"top\" width=\"60\">940<\/td>\n<td valign=\"top\" width=\"72\">0,6<\/td>\n<\/tr>\n<tr>\n<td valign=\"top\" width=\"180\">Gospin dol<\/td>\n<td valign=\"top\" width=\"132\">desno<\/td>\n<td valign=\"top\" width=\"60\">970<\/td>\n<td valign=\"top\" width=\"72\">3,6<\/td>\n<\/tr>\n<tr>\n<td valign=\"top\" width=\"180\">Pod Gradac<\/td>\n<td valign=\"top\" width=\"132\">lijevo<\/td>\n<td valign=\"top\" width=\"60\">980<\/td>\n<td valign=\"top\" width=\"72\">5,4<\/td>\n<\/tr>\n<tr>\n<td valign=\"top\" width=\"180\">Seno\u017eet<\/td>\n<td valign=\"top\" width=\"132\">lijevo<\/td>\n<td valign=\"top\" width=\"60\">1060<\/td>\n<td valign=\"top\" width=\"72\">6,5<\/td>\n<\/tr>\n<tr>\n<td valign=\"top\" width=\"180\">Turning point for trucks<\/td>\n<td valign=\"top\" width=\"132\">lijevo<\/td>\n<td valign=\"top\" width=\"60\">1020<\/td>\n<td valign=\"top\" width=\"72\">7,0<\/td>\n<\/tr>\n<tr>\n<td valign=\"top\" width=\"180\">Logging trail<\/td>\n<td valign=\"top\" width=\"132\">desno<\/td>\n<td valign=\"top\" width=\"60\">1000<\/td>\n<td valign=\"top\" width=\"72\">7,2<\/td>\n<\/tr>\n<tr>\n<td valign=\"top\" width=\"180\">Grabrovica<\/td>\n<td valign=\"top\" width=\"132\">desno<\/td>\n<td valign=\"top\" width=\"60\">820<\/td>\n<td valign=\"top\" width=\"72\">9,2<\/td>\n<\/tr>\n<tr>\n<td valign=\"top\" width=\"180\"><\/td>\n<td valign=\"top\" width=\"132\">desno<\/td>\n<td valign=\"top\" width=\"60\">780<\/td>\n<td valign=\"top\" width=\"72\">10,0<\/td>\n<\/tr>\n<tr>\n<td valign=\"top\" width=\"180\">Moljevi dvori<\/td>\n<td valign=\"top\" width=\"132\">lijevo<\/td>\n<td valign=\"top\" width=\"60\">740<\/td>\n<td valign=\"top\" width=\"72\">11,0<\/td>\n<\/tr>\n<tr>\n<td valign=\"top\" width=\"180\">Brest &#8211; Brgudac crossroads<\/td>\n<td valign=\"top\" width=\"132\">lijevo<\/td>\n<td valign=\"top\" width=\"60\">700<\/td>\n<td valign=\"top\" width=\"72\">11,6<\/td>\n<\/tr>\n<tr>\n<td valign=\"top\" width=\"180\">exit from the range<\/td>\n<td valign=\"top\" width=\"132\">desno<\/td>\n<td valign=\"top\" width=\"60\">700<\/td>\n<td valign=\"top\" width=\"72\">13,4<\/td>\n<\/tr>\n<tr>\n<td valign=\"top\" width=\"180\">Brest &#8211; Lupoglav asphalt road<\/td>\n<td valign=\"top\" width=\"132\">lijevo<\/td>\n<td valign=\"top\" width=\"60\">620<\/td>\n<td valign=\"top\" width=\"72\">14,3<\/td>\n<\/tr>\n<tr>\n<td valign=\"top\" width=\"180\">Brest<\/td>\n<td valign=\"top\" width=\"132\">ravno<\/td>\n<td valign=\"top\" width=\"60\">620<\/td>\n<td valign=\"top\" width=\"72\">16,3<\/td>\n<\/tr>\n<tr>\n<td valign=\"top\" width=\"180\">Chapel<\/td>\n<td valign=\"top\" width=\"132\">lijevo<\/td>\n<td valign=\"top\" width=\"60\">620<\/td>\n<td valign=\"top\" width=\"72\">16,5<\/td>\n<\/tr>\n<tr>\n<td valign=\"top\" width=\"180\">Gospin dol<\/td>\n<td valign=\"top\" width=\"132\">desno<\/td>\n<td valign=\"top\" width=\"60\">970<\/td>\n<td valign=\"top\" width=\"72\">21,0<\/td>\n<\/tr>\n<tr>\n<td valign=\"top\" width=\"180\">Turning for Ravne staje<\/td>\n<td valign=\"top\" width=\"132\">desno<\/td>\n<td valign=\"top\" width=\"60\">940<\/td>\n<td valign=\"top\" width=\"72\">24,5<\/td>\n<\/tr>\n<tr>\n<td style=\"text-align: left;\" valign=\"top\" width=\"180\">Poklon<\/td>\n<td style=\"text-align: left;\" valign=\"top\" width=\"132\"><\/td>\n<td style=\"text-align: left;\" valign=\"top\" width=\"60\">925<\/td>\n<td style=\"text-align: left;\" valign=\"top\" width=\"72\">25,0<\/td>\n<\/tr>\n<\/tbody>\n<\/table>\n","protected":false},"excerpt":{"rendered":"<p>Length: 25 km Category: difficult Surface: 95% gravel, 5% asphalt Duration: up to 3 hours Location: western slopes of U\u010dka and \u0106i\u0107arija Start: Poklon mountain hut 925 m above sea level Finish: Poklon mountain hut 925 m above sea level Difference in elevation: 468 m This route is recommended for mountain-biking enthusiasts in good shape [&hellip;]<\/p>\n","protected":false},"author":3,"featured_media":9704,"parent":1743,"menu_order":7,"comment_status":"closed","ping_status":"closed","template":"","meta":{"_et_pb_use_builder":"","_et_pb_old_content":"","_et_gb_content_width":"","inline_featured_image":false,"footnotes":""},"categories":[148],"tags":[],"class_list":["post-1885","page","type-page","status-publish","has-post-thumbnail","hentry","category-trails"],"yoast_head":"<!-- This site is optimized with the Yoast SEO plugin v27.3 - https:\/\/yoast.com\/product\/yoast-seo-wordpress\/ -->\n<title>Route No. 7 - Park prirode U\u010dka<\/title>\n<meta name=\"robots\" content=\"index, follow, max-snippet:-1, max-image-preview:large, max-video-preview:-1\" \/>\n<link rel=\"canonical\" href=\"https:\/\/www.pp-ucka.hr\/en\/ucka-outdoor-2\/mountain-biking\/route-no-7\/\" \/>\n<meta property=\"og:locale\" content=\"en_US\" \/>\n<meta property=\"og:type\" content=\"article\" \/>\n<meta property=\"og:title\" content=\"Route No. 7 - Park prirode U\u010dka\" \/>\n<meta property=\"og:description\" content=\"Length: 25 km Category: difficult Surface: 95% gravel, 5% asphalt Duration: up to 3 hours Location: western slopes of U\u010dka and \u0106i\u0107arija Start: Poklon mountain hut 925 m above sea level Finish: Poklon mountain hut 925 m above sea level Difference in elevation: 468 m This route is recommended for mountain-biking enthusiasts in good shape [&hellip;]\" \/>\n<meta property=\"og:url\" content=\"https:\/\/www.pp-ucka.hr\/en\/ucka-outdoor-2\/mountain-biking\/route-no-7\/\" \/>\n<meta property=\"og:site_name\" content=\"Park prirode U\u010dka\" \/>\n<meta property=\"article:modified_time\" content=\"2023-02-01T14:04:30+00:00\" \/>\n<meta property=\"og:image\" content=\"https:\/\/www.pp-ucka.hr\/2020\/wp-content\/uploads\/pp_ucka_staza_7.jpg\" \/>\n<meta name=\"twitter:card\" content=\"summary_large_image\" \/>\n<meta name=\"twitter:label1\" content=\"Est. reading time\" \/>\n\t<meta name=\"twitter:data1\" content=\"2 minutes\" \/>\n<script type=\"application\/ld+json\" class=\"yoast-schema-graph\">{\"@context\":\"https:\\\/\\\/schema.org\",\"@graph\":[{\"@type\":\"WebPage\",\"@id\":\"https:\\\/\\\/www.pp-ucka.hr\\\/en\\\/ucka-outdoor-2\\\/mountain-biking\\\/route-no-7\\\/\",\"url\":\"https:\\\/\\\/www.pp-ucka.hr\\\/en\\\/ucka-outdoor-2\\\/mountain-biking\\\/route-no-7\\\/\",\"name\":\"Route No. 7 - Park prirode U\u010dka\",\"isPartOf\":{\"@id\":\"https:\\\/\\\/www.pp-ucka.hr\\\/#website\"},\"primaryImageOfPage\":{\"@id\":\"https:\\\/\\\/www.pp-ucka.hr\\\/en\\\/ucka-outdoor-2\\\/mountain-biking\\\/route-no-7\\\/#primaryimage\"},\"image\":{\"@id\":\"https:\\\/\\\/www.pp-ucka.hr\\\/en\\\/ucka-outdoor-2\\\/mountain-biking\\\/route-no-7\\\/#primaryimage\"},\"thumbnailUrl\":\"https:\\\/\\\/www.pp-ucka.hr\\\/2020\\\/wp-content\\\/uploads\\\/pp_ucka_featured_2000.jpg\",\"datePublished\":\"2013-07-10T07:35:16+00:00\",\"dateModified\":\"2023-02-01T14:04:30+00:00\",\"breadcrumb\":{\"@id\":\"https:\\\/\\\/www.pp-ucka.hr\\\/en\\\/ucka-outdoor-2\\\/mountain-biking\\\/route-no-7\\\/#breadcrumb\"},\"inLanguage\":\"en-US\",\"potentialAction\":[{\"@type\":\"ReadAction\",\"target\":[\"https:\\\/\\\/www.pp-ucka.hr\\\/en\\\/ucka-outdoor-2\\\/mountain-biking\\\/route-no-7\\\/\"]}]},{\"@type\":\"ImageObject\",\"inLanguage\":\"en-US\",\"@id\":\"https:\\\/\\\/www.pp-ucka.hr\\\/en\\\/ucka-outdoor-2\\\/mountain-biking\\\/route-no-7\\\/#primaryimage\",\"url\":\"https:\\\/\\\/www.pp-ucka.hr\\\/2020\\\/wp-content\\\/uploads\\\/pp_ucka_featured_2000.jpg\",\"contentUrl\":\"https:\\\/\\\/www.pp-ucka.hr\\\/2020\\\/wp-content\\\/uploads\\\/pp_ucka_featured_2000.jpg\",\"width\":2000,\"height\":1129},{\"@type\":\"BreadcrumbList\",\"@id\":\"https:\\\/\\\/www.pp-ucka.hr\\\/en\\\/ucka-outdoor-2\\\/mountain-biking\\\/route-no-7\\\/#breadcrumb\",\"itemListElement\":[{\"@type\":\"ListItem\",\"position\":1,\"name\":\"Po\u010detna stranica\",\"item\":\"https:\\\/\\\/www.pp-ucka.hr\\\/en\\\/\"},{\"@type\":\"ListItem\",\"position\":2,\"name\":\"U\u010dka Outdoor\",\"item\":\"https:\\\/\\\/www.pp-ucka.hr\\\/en\\\/ucka-outdoor-2\\\/\"},{\"@type\":\"ListItem\",\"position\":3,\"name\":\"Mountain biking\",\"item\":\"https:\\\/\\\/www.pp-ucka.hr\\\/en\\\/ucka-outdoor-2\\\/mountain-biking\\\/\"},{\"@type\":\"ListItem\",\"position\":4,\"name\":\"Route No. 7\"}]},{\"@type\":\"WebSite\",\"@id\":\"https:\\\/\\\/www.pp-ucka.hr\\\/#website\",\"url\":\"https:\\\/\\\/www.pp-ucka.hr\\\/\",\"name\":\"Park prirode U\u010dka\",\"description\":\"Park prirode U\u010dka\",\"potentialAction\":[{\"@type\":\"SearchAction\",\"target\":{\"@type\":\"EntryPoint\",\"urlTemplate\":\"https:\\\/\\\/www.pp-ucka.hr\\\/?s={search_term_string}\"},\"query-input\":{\"@type\":\"PropertyValueSpecification\",\"valueRequired\":true,\"valueName\":\"search_term_string\"}}],\"inLanguage\":\"en-US\"}]}<\/script>\n<!-- \/ Yoast SEO plugin. -->","yoast_head_json":{"title":"Route No. 7 - Park prirode U\u010dka","robots":{"index":"index","follow":"follow","max-snippet":"max-snippet:-1","max-image-preview":"max-image-preview:large","max-video-preview":"max-video-preview:-1"},"canonical":"https:\/\/www.pp-ucka.hr\/en\/ucka-outdoor-2\/mountain-biking\/route-no-7\/","og_locale":"en_US","og_type":"article","og_title":"Route No. 7 - Park prirode U\u010dka","og_description":"Length: 25 km Category: difficult Surface: 95% gravel, 5% asphalt Duration: up to 3 hours Location: western slopes of U\u010dka and \u0106i\u0107arija Start: Poklon mountain hut 925 m above sea level Finish: Poklon mountain hut 925 m above sea level Difference in elevation: 468 m This route is recommended for mountain-biking enthusiasts in good shape [&hellip;]","og_url":"https:\/\/www.pp-ucka.hr\/en\/ucka-outdoor-2\/mountain-biking\/route-no-7\/","og_site_name":"Park prirode U\u010dka","article_modified_time":"2023-02-01T14:04:30+00:00","og_image":[{"url":"https:\/\/www.pp-ucka.hr\/2020\/wp-content\/uploads\/pp_ucka_staza_7.jpg","type":"","width":"","height":""}],"twitter_card":"summary_large_image","twitter_misc":{"Est. reading time":"2 minutes"},"schema":{"@context":"https:\/\/schema.org","@graph":[{"@type":"WebPage","@id":"https:\/\/www.pp-ucka.hr\/en\/ucka-outdoor-2\/mountain-biking\/route-no-7\/","url":"https:\/\/www.pp-ucka.hr\/en\/ucka-outdoor-2\/mountain-biking\/route-no-7\/","name":"Route No. 7 - Park prirode U\u010dka","isPartOf":{"@id":"https:\/\/www.pp-ucka.hr\/#website"},"primaryImageOfPage":{"@id":"https:\/\/www.pp-ucka.hr\/en\/ucka-outdoor-2\/mountain-biking\/route-no-7\/#primaryimage"},"image":{"@id":"https:\/\/www.pp-ucka.hr\/en\/ucka-outdoor-2\/mountain-biking\/route-no-7\/#primaryimage"},"thumbnailUrl":"https:\/\/www.pp-ucka.hr\/2020\/wp-content\/uploads\/pp_ucka_featured_2000.jpg","datePublished":"2013-07-10T07:35:16+00:00","dateModified":"2023-02-01T14:04:30+00:00","breadcrumb":{"@id":"https:\/\/www.pp-ucka.hr\/en\/ucka-outdoor-2\/mountain-biking\/route-no-7\/#breadcrumb"},"inLanguage":"en-US","potentialAction":[{"@type":"ReadAction","target":["https:\/\/www.pp-ucka.hr\/en\/ucka-outdoor-2\/mountain-biking\/route-no-7\/"]}]},{"@type":"ImageObject","inLanguage":"en-US","@id":"https:\/\/www.pp-ucka.hr\/en\/ucka-outdoor-2\/mountain-biking\/route-no-7\/#primaryimage","url":"https:\/\/www.pp-ucka.hr\/2020\/wp-content\/uploads\/pp_ucka_featured_2000.jpg","contentUrl":"https:\/\/www.pp-ucka.hr\/2020\/wp-content\/uploads\/pp_ucka_featured_2000.jpg","width":2000,"height":1129},{"@type":"BreadcrumbList","@id":"https:\/\/www.pp-ucka.hr\/en\/ucka-outdoor-2\/mountain-biking\/route-no-7\/#breadcrumb","itemListElement":[{"@type":"ListItem","position":1,"name":"Po\u010detna stranica","item":"https:\/\/www.pp-ucka.hr\/en\/"},{"@type":"ListItem","position":2,"name":"U\u010dka Outdoor","item":"https:\/\/www.pp-ucka.hr\/en\/ucka-outdoor-2\/"},{"@type":"ListItem","position":3,"name":"Mountain biking","item":"https:\/\/www.pp-ucka.hr\/en\/ucka-outdoor-2\/mountain-biking\/"},{"@type":"ListItem","position":4,"name":"Route No. 7"}]},{"@type":"WebSite","@id":"https:\/\/www.pp-ucka.hr\/#website","url":"https:\/\/www.pp-ucka.hr\/","name":"Park prirode U\u010dka","description":"Park prirode U\u010dka","potentialAction":[{"@type":"SearchAction","target":{"@type":"EntryPoint","urlTemplate":"https:\/\/www.pp-ucka.hr\/?s={search_term_string}"},"query-input":{"@type":"PropertyValueSpecification","valueRequired":true,"valueName":"search_term_string"}}],"inLanguage":"en-US"}]}},"_links":{"self":[{"href":"https:\/\/www.pp-ucka.hr\/en\/wp-json\/wp\/v2\/pages\/1885","targetHints":{"allow":["GET"]}}],"collection":[{"href":"https:\/\/www.pp-ucka.hr\/en\/wp-json\/wp\/v2\/pages"}],"about":[{"href":"https:\/\/www.pp-ucka.hr\/en\/wp-json\/wp\/v2\/types\/page"}],"author":[{"embeddable":true,"href":"https:\/\/www.pp-ucka.hr\/en\/wp-json\/wp\/v2\/users\/3"}],"replies":[{"embeddable":true,"href":"https:\/\/www.pp-ucka.hr\/en\/wp-json\/wp\/v2\/comments?post=1885"}],"version-history":[{"count":0,"href":"https:\/\/www.pp-ucka.hr\/en\/wp-json\/wp\/v2\/pages\/1885\/revisions"}],"up":[{"embeddable":true,"href":"https:\/\/www.pp-ucka.hr\/en\/wp-json\/wp\/v2\/pages\/1743"}],"wp:featuredmedia":[{"embeddable":true,"href":"https:\/\/www.pp-ucka.hr\/en\/wp-json\/wp\/v2\/media\/9704"}],"wp:attachment":[{"href":"https:\/\/www.pp-ucka.hr\/en\/wp-json\/wp\/v2\/media?parent=1885"}],"wp:term":[{"taxonomy":"category","embeddable":true,"href":"https:\/\/www.pp-ucka.hr\/en\/wp-json\/wp\/v2\/categories?post=1885"},{"taxonomy":"post_tag","embeddable":true,"href":"https:\/\/www.pp-ucka.hr\/en\/wp-json\/wp\/v2\/tags?post=1885"}],"curies":[{"name":"wp","href":"https:\/\/api.w.org\/{rel}","templated":true}]}}