{"id":1891,"date":"2013-07-10T07:41:18","date_gmt":"2013-07-10T07:41:18","guid":{"rendered":"http:\/\/www.pp-ucka.hr\/wordpress\/?page_id=1891"},"modified":"2023-02-01T15:14:32","modified_gmt":"2023-02-01T14:14:32","slug":"route-no-8","status":"publish","type":"page","link":"https:\/\/www.pp-ucka.hr\/en\/ucka-outdoor-2\/mountain-biking\/route-no-8\/","title":{"rendered":"Route No. 8"},"content":{"rendered":"<p><img loading=\"lazy\" decoding=\"async\" class=\"alignright size-full wp-image-12460\" src=\"https:\/\/www.pp-ucka.hr\/2020\/wp-content\/uploads\/pp_ucka_staza_8.jpg\" alt=\"\" width=\"605\" height=\"145\" srcset=\"https:\/\/www.pp-ucka.hr\/2020\/wp-content\/uploads\/pp_ucka_staza_8.jpg 605w, https:\/\/www.pp-ucka.hr\/2020\/wp-content\/uploads\/pp_ucka_staza_8-480x115.jpg 480w\" sizes=\"(min-width: 0px) and (max-width: 480px) 480px, (min-width: 481px) 605px, 100vw\" \/>Length: 52 km<br \/>\nCategory: difficult<br \/>\nSurface: 40% asphalt, 60% gravel<br \/>\nDuration: 4.5 hours<br \/>\nStart: Lovran 0 m above sea level<br \/>\nFinish: Lovran 0 m above sea level<br \/>\nDifference in elevation: 1,019 m<\/p>\n<p>This is a trail for cyclists willing to push themselves to the limit: on this route, you will first have to conquer the ascent from sea-level up to a height of 1,019 metres, and then the extreme descent down a gravel road. You start from Lovran and after a pleasant ride through typical Mediterranean landscape you reach Mo\u0161\u0107eni\u010dka Draga and Mo\u0161\u0107enice, a medieval hilltop town whose history dates back to the time of the Liburnians. While ascending to the village of Sv. Jelena, you will enjoy magnificent views of the Opatija Riviera, Kvarner Bay and the islands. This panorama accompanies you all the way to the Bodaj pass, from which the entire U\u010dka ridge can be seen. The route then leads to the village of Mala U\u010dka, the highest rural settlement in Istria, then downhill to the Kvarner entrance to the U\u010dka Tunnel and further towards Tuli\u0161evica. After reaching the Lovran\u2013Lovranska Draga road, the route continues further on down to Lovran where, after 52 km, you come back to the starting point. You deserve all our congratulations and a pleasant rest in Lovran, the town of sweet chestnuts and cherries.<\/p>\n<p>Download the <a href=\"https:\/\/www.pp-ucka.hr\/2020\/wp-content\/uploads\/Bro%C5%A1ura-U%C4%8Dka-Bike1.pdf\">U\u010dka Bike<\/a>\u00a0brochure<\/p>\n<p>Download <a href=\"https:\/\/www.pp-ucka.hr\/2020\/wp-content\/uploads\/bike_8-1.rar\">GPX<\/a> track<\/p>\n<p>Download <a href=\"http:\/\/www.pp-ucka.hr\/?attachment_id=4773\">KML<\/a>\u00a0track<\/p>\n<table class=\"bike\" style=\"width: 100%;\" border=\"0\" cellspacing=\"0\" cellpadding=\"0\" align=\"center\">\n<tbody>\n<tr>\n<th style=\"text-align: left;\" valign=\"top\"><\/th>\n<th style=\"text-align: left;\" valign=\"top\"><\/th>\n<th style=\"text-align: left;\" valign=\"top\">elevation (m a.s.l.)<\/th>\n<th style=\"text-align: left;\" valign=\"top\">km<\/th>\n<\/tr>\n<tr>\n<td valign=\"top\">Lovran (hotel Excelsior)<\/td>\n<td valign=\"top\"><\/td>\n<td valign=\"top\">0<\/td>\n<td valign=\"top\">0<\/td>\n<\/tr>\n<tr>\n<td valign=\"top\">Medveja<\/td>\n<td valign=\"top\"><\/td>\n<td valign=\"top\">0<\/td>\n<td valign=\"top\">3,0<\/td>\n<\/tr>\n<tr>\n<td valign=\"top\">Kraj<\/td>\n<td valign=\"top\"><\/td>\n<td valign=\"top\">80<\/td>\n<td valign=\"top\">6,0<\/td>\n<\/tr>\n<tr>\n<td valign=\"top\">Mo\u0161\u0107eni\u010dka Draga<\/td>\n<td valign=\"top\">right<\/td>\n<td valign=\"top\">10<\/td>\n<td valign=\"top\">8,0<\/td>\n<\/tr>\n<tr>\n<td valign=\"top\">Mo\u0161\u0107enice<\/td>\n<td valign=\"top\"><\/td>\n<td valign=\"top\">165<\/td>\n<td valign=\"top\">11,0<\/td>\n<\/tr>\n<tr>\n<td valign=\"top\">Sv. Jelena<\/td>\n<td valign=\"top\">right<\/td>\n<td valign=\"top\">360<\/td>\n<td valign=\"top\">14,2<\/td>\n<\/tr>\n<tr>\n<td valign=\"top\">End of asphalt road<\/td>\n<td valign=\"top\"><\/td>\n<td valign=\"top\">500<\/td>\n<td valign=\"top\">16,0<\/td>\n<\/tr>\n<tr>\n<td valign=\"top\"><\/td>\n<td valign=\"top\">right<\/td>\n<td valign=\"top\">730<\/td>\n<td valign=\"top\">17,0<\/td>\n<\/tr>\n<tr>\n<td valign=\"top\">Hunting stand<\/td>\n<td valign=\"top\">lijevo<\/td>\n<td valign=\"top\">680<\/td>\n<td valign=\"top\">20,2<\/td>\n<\/tr>\n<tr>\n<td valign=\"top\">Bodaj<\/td>\n<td valign=\"top\"><\/td>\n<td valign=\"top\">900<\/td>\n<td valign=\"top\">21,7<\/td>\n<\/tr>\n<tr>\n<td valign=\"top\"><\/td>\n<td valign=\"top\">right<\/td>\n<td valign=\"top\">880<\/td>\n<td valign=\"top\">27,7<\/td>\n<\/tr>\n<tr>\n<td valign=\"top\"><\/td>\n<td valign=\"top\">right<\/td>\n<td valign=\"top\">990<\/td>\n<td valign=\"top\">29,0<\/td>\n<\/tr>\n<tr>\n<td valign=\"top\">Mala U\u010dka<\/td>\n<td valign=\"top\">ravno<\/td>\n<td valign=\"top\">1000<\/td>\n<td valign=\"top\">29,6<\/td>\n<\/tr>\n<tr>\n<td valign=\"top\">Mountain pass<\/td>\n<td valign=\"top\"><\/td>\n<td valign=\"top\">1020<\/td>\n<td valign=\"top\">32,6<\/td>\n<\/tr>\n<tr>\n<td valign=\"top\">U\u010dka Tunnel<\/td>\n<td valign=\"top\">right<\/td>\n<td valign=\"top\">500<\/td>\n<td valign=\"top\">39,3<\/td>\n<\/tr>\n<tr>\n<td valign=\"top\">Asphalt road<\/td>\n<td valign=\"top\">lijevo<\/td>\n<td valign=\"top\">550<\/td>\n<td valign=\"top\">44,0<\/td>\n<\/tr>\n<tr>\n<td valign=\"top\">Liganj<\/td>\n<td valign=\"top\">ravno<\/td>\n<td valign=\"top\">310<\/td>\n<td valign=\"top\">48,0<\/td>\n<\/tr>\n<tr>\n<td style=\"text-align: left;\" valign=\"top\">Lovran<\/td>\n<td style=\"text-align: left;\" valign=\"top\"><\/td>\n<td style=\"text-align: left;\" valign=\"top\">0<\/td>\n<td style=\"text-align: left;\" valign=\"top\">52,0<\/td>\n<\/tr>\n<\/tbody>\n<\/table>\n","protected":false},"excerpt":{"rendered":"<p>Length: 52 km Category: difficult Surface: 40% asphalt, 60% gravel Duration: 4.5 hours Start: Lovran 0 m above sea level Finish: Lovran 0 m above sea level Difference in elevation: 1,019 m This is a trail for cyclists willing to push themselves to the limit: on this route, you will first have to conquer the [&hellip;]<\/p>\n","protected":false},"author":3,"featured_media":9704,"parent":1743,"menu_order":8,"comment_status":"closed","ping_status":"closed","template":"","meta":{"_et_pb_use_builder":"","_et_pb_old_content":"","_et_gb_content_width":"","inline_featured_image":false,"footnotes":""},"categories":[148],"tags":[],"class_list":["post-1891","page","type-page","status-publish","has-post-thumbnail","hentry","category-trails"],"yoast_head":"<!-- This site is optimized with the Yoast SEO plugin v27.3 - https:\/\/yoast.com\/product\/yoast-seo-wordpress\/ -->\n<title>Route No. 8 - Park prirode U\u010dka<\/title>\n<meta name=\"robots\" content=\"index, follow, max-snippet:-1, max-image-preview:large, max-video-preview:-1\" \/>\n<link rel=\"canonical\" href=\"https:\/\/www.pp-ucka.hr\/en\/ucka-outdoor-2\/mountain-biking\/route-no-8\/\" \/>\n<meta property=\"og:locale\" content=\"en_US\" \/>\n<meta property=\"og:type\" content=\"article\" \/>\n<meta property=\"og:title\" content=\"Route No. 8 - Park prirode U\u010dka\" \/>\n<meta property=\"og:description\" content=\"Length: 52 km Category: difficult Surface: 40% asphalt, 60% gravel Duration: 4.5 hours Start: Lovran 0 m above sea level Finish: Lovran 0 m above sea level Difference in elevation: 1,019 m This is a trail for cyclists willing to push themselves to the limit: on this route, you will first have to conquer the [&hellip;]\" \/>\n<meta property=\"og:url\" content=\"https:\/\/www.pp-ucka.hr\/en\/ucka-outdoor-2\/mountain-biking\/route-no-8\/\" \/>\n<meta property=\"og:site_name\" content=\"Park prirode U\u010dka\" \/>\n<meta property=\"article:modified_time\" content=\"2023-02-01T14:14:32+00:00\" \/>\n<meta property=\"og:image\" content=\"https:\/\/www.pp-ucka.hr\/2020\/wp-content\/uploads\/pp_ucka_staza_8.jpg\" \/>\n<meta name=\"twitter:card\" content=\"summary_large_image\" \/>\n<meta name=\"twitter:label1\" content=\"Est. reading time\" \/>\n\t<meta name=\"twitter:data1\" content=\"2 minutes\" \/>\n<script type=\"application\/ld+json\" class=\"yoast-schema-graph\">{\"@context\":\"https:\\\/\\\/schema.org\",\"@graph\":[{\"@type\":\"WebPage\",\"@id\":\"https:\\\/\\\/www.pp-ucka.hr\\\/en\\\/ucka-outdoor-2\\\/mountain-biking\\\/route-no-8\\\/\",\"url\":\"https:\\\/\\\/www.pp-ucka.hr\\\/en\\\/ucka-outdoor-2\\\/mountain-biking\\\/route-no-8\\\/\",\"name\":\"Route No. 8 - Park prirode U\u010dka\",\"isPartOf\":{\"@id\":\"https:\\\/\\\/www.pp-ucka.hr\\\/#website\"},\"primaryImageOfPage\":{\"@id\":\"https:\\\/\\\/www.pp-ucka.hr\\\/en\\\/ucka-outdoor-2\\\/mountain-biking\\\/route-no-8\\\/#primaryimage\"},\"image\":{\"@id\":\"https:\\\/\\\/www.pp-ucka.hr\\\/en\\\/ucka-outdoor-2\\\/mountain-biking\\\/route-no-8\\\/#primaryimage\"},\"thumbnailUrl\":\"https:\\\/\\\/www.pp-ucka.hr\\\/2020\\\/wp-content\\\/uploads\\\/pp_ucka_featured_2000.jpg\",\"datePublished\":\"2013-07-10T07:41:18+00:00\",\"dateModified\":\"2023-02-01T14:14:32+00:00\",\"breadcrumb\":{\"@id\":\"https:\\\/\\\/www.pp-ucka.hr\\\/en\\\/ucka-outdoor-2\\\/mountain-biking\\\/route-no-8\\\/#breadcrumb\"},\"inLanguage\":\"en-US\",\"potentialAction\":[{\"@type\":\"ReadAction\",\"target\":[\"https:\\\/\\\/www.pp-ucka.hr\\\/en\\\/ucka-outdoor-2\\\/mountain-biking\\\/route-no-8\\\/\"]}]},{\"@type\":\"ImageObject\",\"inLanguage\":\"en-US\",\"@id\":\"https:\\\/\\\/www.pp-ucka.hr\\\/en\\\/ucka-outdoor-2\\\/mountain-biking\\\/route-no-8\\\/#primaryimage\",\"url\":\"https:\\\/\\\/www.pp-ucka.hr\\\/2020\\\/wp-content\\\/uploads\\\/pp_ucka_featured_2000.jpg\",\"contentUrl\":\"https:\\\/\\\/www.pp-ucka.hr\\\/2020\\\/wp-content\\\/uploads\\\/pp_ucka_featured_2000.jpg\",\"width\":2000,\"height\":1129},{\"@type\":\"BreadcrumbList\",\"@id\":\"https:\\\/\\\/www.pp-ucka.hr\\\/en\\\/ucka-outdoor-2\\\/mountain-biking\\\/route-no-8\\\/#breadcrumb\",\"itemListElement\":[{\"@type\":\"ListItem\",\"position\":1,\"name\":\"Po\u010detna stranica\",\"item\":\"https:\\\/\\\/www.pp-ucka.hr\\\/en\\\/\"},{\"@type\":\"ListItem\",\"position\":2,\"name\":\"U\u010dka Outdoor\",\"item\":\"https:\\\/\\\/www.pp-ucka.hr\\\/en\\\/ucka-outdoor-2\\\/\"},{\"@type\":\"ListItem\",\"position\":3,\"name\":\"Mountain biking\",\"item\":\"https:\\\/\\\/www.pp-ucka.hr\\\/en\\\/ucka-outdoor-2\\\/mountain-biking\\\/\"},{\"@type\":\"ListItem\",\"position\":4,\"name\":\"Route No. 8\"}]},{\"@type\":\"WebSite\",\"@id\":\"https:\\\/\\\/www.pp-ucka.hr\\\/#website\",\"url\":\"https:\\\/\\\/www.pp-ucka.hr\\\/\",\"name\":\"Park prirode U\u010dka\",\"description\":\"Park prirode U\u010dka\",\"potentialAction\":[{\"@type\":\"SearchAction\",\"target\":{\"@type\":\"EntryPoint\",\"urlTemplate\":\"https:\\\/\\\/www.pp-ucka.hr\\\/?s={search_term_string}\"},\"query-input\":{\"@type\":\"PropertyValueSpecification\",\"valueRequired\":true,\"valueName\":\"search_term_string\"}}],\"inLanguage\":\"en-US\"}]}<\/script>\n<!-- \/ Yoast SEO plugin. -->","yoast_head_json":{"title":"Route No. 8 - Park prirode U\u010dka","robots":{"index":"index","follow":"follow","max-snippet":"max-snippet:-1","max-image-preview":"max-image-preview:large","max-video-preview":"max-video-preview:-1"},"canonical":"https:\/\/www.pp-ucka.hr\/en\/ucka-outdoor-2\/mountain-biking\/route-no-8\/","og_locale":"en_US","og_type":"article","og_title":"Route No. 8 - Park prirode U\u010dka","og_description":"Length: 52 km Category: difficult Surface: 40% asphalt, 60% gravel Duration: 4.5 hours Start: Lovran 0 m above sea level Finish: Lovran 0 m above sea level Difference in elevation: 1,019 m This is a trail for cyclists willing to push themselves to the limit: on this route, you will first have to conquer the [&hellip;]","og_url":"https:\/\/www.pp-ucka.hr\/en\/ucka-outdoor-2\/mountain-biking\/route-no-8\/","og_site_name":"Park prirode U\u010dka","article_modified_time":"2023-02-01T14:14:32+00:00","og_image":[{"url":"https:\/\/www.pp-ucka.hr\/2020\/wp-content\/uploads\/pp_ucka_staza_8.jpg","type":"","width":"","height":""}],"twitter_card":"summary_large_image","twitter_misc":{"Est. reading time":"2 minutes"},"schema":{"@context":"https:\/\/schema.org","@graph":[{"@type":"WebPage","@id":"https:\/\/www.pp-ucka.hr\/en\/ucka-outdoor-2\/mountain-biking\/route-no-8\/","url":"https:\/\/www.pp-ucka.hr\/en\/ucka-outdoor-2\/mountain-biking\/route-no-8\/","name":"Route No. 8 - Park prirode U\u010dka","isPartOf":{"@id":"https:\/\/www.pp-ucka.hr\/#website"},"primaryImageOfPage":{"@id":"https:\/\/www.pp-ucka.hr\/en\/ucka-outdoor-2\/mountain-biking\/route-no-8\/#primaryimage"},"image":{"@id":"https:\/\/www.pp-ucka.hr\/en\/ucka-outdoor-2\/mountain-biking\/route-no-8\/#primaryimage"},"thumbnailUrl":"https:\/\/www.pp-ucka.hr\/2020\/wp-content\/uploads\/pp_ucka_featured_2000.jpg","datePublished":"2013-07-10T07:41:18+00:00","dateModified":"2023-02-01T14:14:32+00:00","breadcrumb":{"@id":"https:\/\/www.pp-ucka.hr\/en\/ucka-outdoor-2\/mountain-biking\/route-no-8\/#breadcrumb"},"inLanguage":"en-US","potentialAction":[{"@type":"ReadAction","target":["https:\/\/www.pp-ucka.hr\/en\/ucka-outdoor-2\/mountain-biking\/route-no-8\/"]}]},{"@type":"ImageObject","inLanguage":"en-US","@id":"https:\/\/www.pp-ucka.hr\/en\/ucka-outdoor-2\/mountain-biking\/route-no-8\/#primaryimage","url":"https:\/\/www.pp-ucka.hr\/2020\/wp-content\/uploads\/pp_ucka_featured_2000.jpg","contentUrl":"https:\/\/www.pp-ucka.hr\/2020\/wp-content\/uploads\/pp_ucka_featured_2000.jpg","width":2000,"height":1129},{"@type":"BreadcrumbList","@id":"https:\/\/www.pp-ucka.hr\/en\/ucka-outdoor-2\/mountain-biking\/route-no-8\/#breadcrumb","itemListElement":[{"@type":"ListItem","position":1,"name":"Po\u010detna stranica","item":"https:\/\/www.pp-ucka.hr\/en\/"},{"@type":"ListItem","position":2,"name":"U\u010dka Outdoor","item":"https:\/\/www.pp-ucka.hr\/en\/ucka-outdoor-2\/"},{"@type":"ListItem","position":3,"name":"Mountain biking","item":"https:\/\/www.pp-ucka.hr\/en\/ucka-outdoor-2\/mountain-biking\/"},{"@type":"ListItem","position":4,"name":"Route No. 8"}]},{"@type":"WebSite","@id":"https:\/\/www.pp-ucka.hr\/#website","url":"https:\/\/www.pp-ucka.hr\/","name":"Park prirode U\u010dka","description":"Park prirode U\u010dka","potentialAction":[{"@type":"SearchAction","target":{"@type":"EntryPoint","urlTemplate":"https:\/\/www.pp-ucka.hr\/?s={search_term_string}"},"query-input":{"@type":"PropertyValueSpecification","valueRequired":true,"valueName":"search_term_string"}}],"inLanguage":"en-US"}]}},"_links":{"self":[{"href":"https:\/\/www.pp-ucka.hr\/en\/wp-json\/wp\/v2\/pages\/1891","targetHints":{"allow":["GET"]}}],"collection":[{"href":"https:\/\/www.pp-ucka.hr\/en\/wp-json\/wp\/v2\/pages"}],"about":[{"href":"https:\/\/www.pp-ucka.hr\/en\/wp-json\/wp\/v2\/types\/page"}],"author":[{"embeddable":true,"href":"https:\/\/www.pp-ucka.hr\/en\/wp-json\/wp\/v2\/users\/3"}],"replies":[{"embeddable":true,"href":"https:\/\/www.pp-ucka.hr\/en\/wp-json\/wp\/v2\/comments?post=1891"}],"version-history":[{"count":0,"href":"https:\/\/www.pp-ucka.hr\/en\/wp-json\/wp\/v2\/pages\/1891\/revisions"}],"up":[{"embeddable":true,"href":"https:\/\/www.pp-ucka.hr\/en\/wp-json\/wp\/v2\/pages\/1743"}],"wp:featuredmedia":[{"embeddable":true,"href":"https:\/\/www.pp-ucka.hr\/en\/wp-json\/wp\/v2\/media\/9704"}],"wp:attachment":[{"href":"https:\/\/www.pp-ucka.hr\/en\/wp-json\/wp\/v2\/media?parent=1891"}],"wp:term":[{"taxonomy":"category","embeddable":true,"href":"https:\/\/www.pp-ucka.hr\/en\/wp-json\/wp\/v2\/categories?post=1891"},{"taxonomy":"post_tag","embeddable":true,"href":"https:\/\/www.pp-ucka.hr\/en\/wp-json\/wp\/v2\/tags?post=1891"}],"curies":[{"name":"wp","href":"https:\/\/api.w.org\/{rel}","templated":true}]}}