{"id":1948,"date":"2013-07-10T10:31:36","date_gmt":"2013-07-10T10:31:36","guid":{"rendered":"http:\/\/www.pp-ucka.hr\/wordpress\/?page_id=1948"},"modified":"2021-06-15T13:02:38","modified_gmt":"2021-06-15T11:02:38","slug":"grasslands","status":"publish","type":"page","link":"https:\/\/www.pp-ucka.hr\/en\/natural-heritage\/flora-and-plant-associations\/grasslands\/","title":{"rendered":"Grasslands"},"content":{"rendered":"<div class=\"et_pb_slider et_pb_slider_fullwidth_off et_pb_gallery_post_type\">\n\t\t\t\t<div class=\"et_pb_slides\">\n\t\t\t\t\t<div class=\"et_pb_slide\" style=\"background: url(https:\/\/www.pp-ucka.hr\/2020\/wp-content\/uploads\/Gospin-dol-scaled.jpg);\"><\/div><div class=\"et_pb_slide\" style=\"background: url(https:\/\/www.pp-ucka.hr\/2020\/wp-content\/uploads\/Livada-scaled.jpg);\"><\/div><div class=\"et_pb_slide\" style=\"background: url(https:\/\/www.pp-ucka.hr\/2020\/wp-content\/uploads\/livada_Egon-scaled.jpg);\"><\/div><div class=\"et_pb_slide\" style=\"background: url(https:\/\/www.pp-ucka.hr\/2020\/wp-content\/uploads\/livada11-scaled.jpg);\"><\/div><div class=\"et_pb_slide\" style=\"background: url(https:\/\/www.pp-ucka.hr\/2020\/wp-content\/uploads\/Livada-Egon-Vasilic_CROP.jpg);\"><\/div><div class=\"et_pb_slide\" style=\"background: url(https:\/\/www.pp-ucka.hr\/2020\/wp-content\/uploads\/P1010001.jpg);\"><\/div><div class=\"et_pb_slide\" style=\"background: url(https:\/\/www.pp-ucka.hr\/2020\/wp-content\/uploads\/P1010004.jpg);\"><\/div><div class=\"et_pb_slide\" style=\"background: url(https:\/\/www.pp-ucka.hr\/2020\/wp-content\/uploads\/travnjaci-Mala-Ucka-2016-N.Trinajstic-scaled.jpg);\"><\/div>\n\t\t\t\t<\/div>\n\t\t\t<\/div>\n<p>The grasslands of U\u010dka and \u0106i\u0107arija are the result of millennia-long suppression of forest vegetation by human activity. Today they play a very important role in the preservation of biodiversity due to their specific and varied flora and fauna. Different grassland communities that are present in the park developed depending on how they were being managed and overall ecological factors such as bedrock, depth of soil, inclination, height above sea level, etc. Most of these grassland areas were used for pasture, and some were mowed for hay. Today, the number of areas under active management is decreasing because livestock numbers have been reduced to a historical minimum.<\/p>\n<p>Grasslands are home to a variety of rare, endangered and protected plant species, such as yellow gentian (<em>Gentiana lutea<\/em>), cross gentian (<em>Gentiana cruciata<\/em>), orange lily (<em>Lilium bulbiferum<\/em>), wild daffodil (<em>Narcissus radiiflorus<\/em>), etc. Yellow gentian is an endangered species that is often dug up because of the healing properties of its root, despite legal prohibition. Cross gentian (<em>Gentiana cruciata<\/em>) is crucial for the survival of the mountain alcon blue, one of the five most-endangered European butterflies.<\/p>\n<p>The most represented and best-researched community of mountain grasslands on Mount U\u010dka is the <strong>community of hairy viper&#8217;s grass and spotted hawkweed<\/strong>\u00a0(Scorzonero\u2013Hypochoeretum maculatae), which due to its floristic richness and the amount of rare plant species deserves particular attention. Larger grassland areas can be found around Vela U\u010dka, and on the flysch surface south of the Poklon Pass on the eastern side of U\u010dka&#8217;s peak ridge. Picturesque pastures with narrow-leaved moor grass (<em>Sesleria juncifolia<\/em>) cover smaller surfaces on Vojak peak and Brgud ridge. Larger grassland areas can also be found on \u0106i\u0107arija, for example in the valleys of Vela Sapca and Mala Sapca, where they are gradually becoming overgrown by thicket and forest.<\/p>\n<p><strong>Pastures with feather-grass and sage<\/strong>\u00a0are the most represented type of pasture in almost the whole sub-Mediterranean zone at the foot of Mount U\u010dka. However, just like the other grassland communities in the park, they are also being heavily overgrown by thicket. Sage (<em>Salvia officinalis<\/em>) is not only a well-known medicinal plant \u2013 it also provides some excellent pasturing for bees for high-quality honey. The Mediterranean-montane vegetation zone within the park encompasses several rocky pasture communities, the best-known and most noticeable being the rocky pasture with\u00a0<strong>dwarf sedge and yellow karst knapweed<\/strong>. In its rich floristic composition, this community includes many interesting representatives of U\u010dka&#8217;s flora, which results in variously coloured flowers during the blooming periods of individual species. There are also some areas with feather grass (<em>Stipa pennata<\/em>), which is particularly visible whenever its ripe silky feathery spikes flutter in the light breeze.<\/p>\n","protected":false},"excerpt":{"rendered":"<p>The grasslands of U\u010dka and \u0106i\u0107arija are the result of millennia-long suppression of forest vegetation by human activity. Today they play a very important role in the preservation of biodiversity due to their specific and varied flora and fauna. Different grassland communities that are present in the park developed depending on how they were being [&hellip;]<\/p>\n","protected":false},"author":3,"featured_media":13970,"parent":1896,"menu_order":2,"comment_status":"closed","ping_status":"closed","template":"","meta":{"_et_pb_use_builder":"","_et_pb_old_content":"","_et_gb_content_width":"","inline_featured_image":false,"footnotes":""},"categories":[],"tags":[],"class_list":["post-1948","page","type-page","status-publish","has-post-thumbnail","hentry"],"yoast_head":"<!-- This site is optimized with the Yoast SEO plugin v27.3 - https:\/\/yoast.com\/product\/yoast-seo-wordpress\/ -->\n<title>Grasslands - Park prirode U\u010dka<\/title>\n<meta name=\"robots\" content=\"index, follow, max-snippet:-1, max-image-preview:large, max-video-preview:-1\" \/>\n<link rel=\"canonical\" href=\"https:\/\/www.pp-ucka.hr\/en\/natural-heritage\/flora-and-plant-associations\/grasslands\/\" \/>\n<meta property=\"og:locale\" content=\"en_US\" \/>\n<meta property=\"og:type\" content=\"article\" \/>\n<meta property=\"og:title\" content=\"Grasslands - Park prirode U\u010dka\" \/>\n<meta property=\"og:description\" content=\"The grasslands of U\u010dka and \u0106i\u0107arija are the result of millennia-long suppression of forest vegetation by human activity. Today they play a very important role in the preservation of biodiversity due to their specific and varied flora and fauna. Different grassland communities that are present in the park developed depending on how they were being [&hellip;]\" \/>\n<meta property=\"og:url\" content=\"https:\/\/www.pp-ucka.hr\/en\/natural-heritage\/flora-and-plant-associations\/grasslands\/\" \/>\n<meta property=\"og:site_name\" content=\"Park prirode U\u010dka\" \/>\n<meta property=\"article:modified_time\" content=\"2021-06-15T11:02:38+00:00\" \/>\n<meta property=\"og:image\" content=\"https:\/\/www.pp-ucka.hr\/2020\/wp-content\/uploads\/pp_ucka_prirodna-bastina_travnjaci_naslovna.jpg\" \/>\n\t<meta property=\"og:image:width\" content=\"1920\" \/>\n\t<meta property=\"og:image:height\" content=\"1080\" \/>\n\t<meta property=\"og:image:type\" content=\"image\/jpeg\" \/>\n<meta name=\"twitter:card\" content=\"summary_large_image\" \/>\n<script type=\"application\/ld+json\" class=\"yoast-schema-graph\">{\"@context\":\"https:\\\/\\\/schema.org\",\"@graph\":[{\"@type\":\"WebPage\",\"@id\":\"https:\\\/\\\/www.pp-ucka.hr\\\/en\\\/natural-heritage\\\/flora-and-plant-associations\\\/grasslands\\\/\",\"url\":\"https:\\\/\\\/www.pp-ucka.hr\\\/en\\\/natural-heritage\\\/flora-and-plant-associations\\\/grasslands\\\/\",\"name\":\"Grasslands - Park prirode U\u010dka\",\"isPartOf\":{\"@id\":\"https:\\\/\\\/www.pp-ucka.hr\\\/#website\"},\"primaryImageOfPage\":{\"@id\":\"https:\\\/\\\/www.pp-ucka.hr\\\/en\\\/natural-heritage\\\/flora-and-plant-associations\\\/grasslands\\\/#primaryimage\"},\"image\":{\"@id\":\"https:\\\/\\\/www.pp-ucka.hr\\\/en\\\/natural-heritage\\\/flora-and-plant-associations\\\/grasslands\\\/#primaryimage\"},\"thumbnailUrl\":\"https:\\\/\\\/www.pp-ucka.hr\\\/2020\\\/wp-content\\\/uploads\\\/pp_ucka_prirodna-bastina_travnjaci_naslovna.jpg\",\"datePublished\":\"2013-07-10T10:31:36+00:00\",\"dateModified\":\"2021-06-15T11:02:38+00:00\",\"breadcrumb\":{\"@id\":\"https:\\\/\\\/www.pp-ucka.hr\\\/en\\\/natural-heritage\\\/flora-and-plant-associations\\\/grasslands\\\/#breadcrumb\"},\"inLanguage\":\"en-US\",\"potentialAction\":[{\"@type\":\"ReadAction\",\"target\":[\"https:\\\/\\\/www.pp-ucka.hr\\\/en\\\/natural-heritage\\\/flora-and-plant-associations\\\/grasslands\\\/\"]}]},{\"@type\":\"ImageObject\",\"inLanguage\":\"en-US\",\"@id\":\"https:\\\/\\\/www.pp-ucka.hr\\\/en\\\/natural-heritage\\\/flora-and-plant-associations\\\/grasslands\\\/#primaryimage\",\"url\":\"https:\\\/\\\/www.pp-ucka.hr\\\/2020\\\/wp-content\\\/uploads\\\/pp_ucka_prirodna-bastina_travnjaci_naslovna.jpg\",\"contentUrl\":\"https:\\\/\\\/www.pp-ucka.hr\\\/2020\\\/wp-content\\\/uploads\\\/pp_ucka_prirodna-bastina_travnjaci_naslovna.jpg\",\"width\":1920,\"height\":1080},{\"@type\":\"BreadcrumbList\",\"@id\":\"https:\\\/\\\/www.pp-ucka.hr\\\/en\\\/natural-heritage\\\/flora-and-plant-associations\\\/grasslands\\\/#breadcrumb\",\"itemListElement\":[{\"@type\":\"ListItem\",\"position\":1,\"name\":\"Po\u010detna stranica\",\"item\":\"https:\\\/\\\/www.pp-ucka.hr\\\/en\\\/\"},{\"@type\":\"ListItem\",\"position\":2,\"name\":\"Natural heritage\",\"item\":\"https:\\\/\\\/www.pp-ucka.hr\\\/en\\\/natural-heritage\\\/\"},{\"@type\":\"ListItem\",\"position\":3,\"name\":\"Flora and plant associations\",\"item\":\"https:\\\/\\\/www.pp-ucka.hr\\\/en\\\/natural-heritage\\\/flora-and-plant-associations\\\/\"},{\"@type\":\"ListItem\",\"position\":4,\"name\":\"Grasslands\"}]},{\"@type\":\"WebSite\",\"@id\":\"https:\\\/\\\/www.pp-ucka.hr\\\/#website\",\"url\":\"https:\\\/\\\/www.pp-ucka.hr\\\/\",\"name\":\"Park prirode U\u010dka\",\"description\":\"Park prirode U\u010dka\",\"potentialAction\":[{\"@type\":\"SearchAction\",\"target\":{\"@type\":\"EntryPoint\",\"urlTemplate\":\"https:\\\/\\\/www.pp-ucka.hr\\\/?s={search_term_string}\"},\"query-input\":{\"@type\":\"PropertyValueSpecification\",\"valueRequired\":true,\"valueName\":\"search_term_string\"}}],\"inLanguage\":\"en-US\"}]}<\/script>\n<!-- \/ Yoast SEO plugin. -->","yoast_head_json":{"title":"Grasslands - Park prirode U\u010dka","robots":{"index":"index","follow":"follow","max-snippet":"max-snippet:-1","max-image-preview":"max-image-preview:large","max-video-preview":"max-video-preview:-1"},"canonical":"https:\/\/www.pp-ucka.hr\/en\/natural-heritage\/flora-and-plant-associations\/grasslands\/","og_locale":"en_US","og_type":"article","og_title":"Grasslands - Park prirode U\u010dka","og_description":"The grasslands of U\u010dka and \u0106i\u0107arija are the result of millennia-long suppression of forest vegetation by human activity. Today they play a very important role in the preservation of biodiversity due to their specific and varied flora and fauna. Different grassland communities that are present in the park developed depending on how they were being [&hellip;]","og_url":"https:\/\/www.pp-ucka.hr\/en\/natural-heritage\/flora-and-plant-associations\/grasslands\/","og_site_name":"Park prirode U\u010dka","article_modified_time":"2021-06-15T11:02:38+00:00","og_image":[{"width":1920,"height":1080,"url":"https:\/\/www.pp-ucka.hr\/2020\/wp-content\/uploads\/pp_ucka_prirodna-bastina_travnjaci_naslovna.jpg","type":"image\/jpeg"}],"twitter_card":"summary_large_image","schema":{"@context":"https:\/\/schema.org","@graph":[{"@type":"WebPage","@id":"https:\/\/www.pp-ucka.hr\/en\/natural-heritage\/flora-and-plant-associations\/grasslands\/","url":"https:\/\/www.pp-ucka.hr\/en\/natural-heritage\/flora-and-plant-associations\/grasslands\/","name":"Grasslands - Park prirode U\u010dka","isPartOf":{"@id":"https:\/\/www.pp-ucka.hr\/#website"},"primaryImageOfPage":{"@id":"https:\/\/www.pp-ucka.hr\/en\/natural-heritage\/flora-and-plant-associations\/grasslands\/#primaryimage"},"image":{"@id":"https:\/\/www.pp-ucka.hr\/en\/natural-heritage\/flora-and-plant-associations\/grasslands\/#primaryimage"},"thumbnailUrl":"https:\/\/www.pp-ucka.hr\/2020\/wp-content\/uploads\/pp_ucka_prirodna-bastina_travnjaci_naslovna.jpg","datePublished":"2013-07-10T10:31:36+00:00","dateModified":"2021-06-15T11:02:38+00:00","breadcrumb":{"@id":"https:\/\/www.pp-ucka.hr\/en\/natural-heritage\/flora-and-plant-associations\/grasslands\/#breadcrumb"},"inLanguage":"en-US","potentialAction":[{"@type":"ReadAction","target":["https:\/\/www.pp-ucka.hr\/en\/natural-heritage\/flora-and-plant-associations\/grasslands\/"]}]},{"@type":"ImageObject","inLanguage":"en-US","@id":"https:\/\/www.pp-ucka.hr\/en\/natural-heritage\/flora-and-plant-associations\/grasslands\/#primaryimage","url":"https:\/\/www.pp-ucka.hr\/2020\/wp-content\/uploads\/pp_ucka_prirodna-bastina_travnjaci_naslovna.jpg","contentUrl":"https:\/\/www.pp-ucka.hr\/2020\/wp-content\/uploads\/pp_ucka_prirodna-bastina_travnjaci_naslovna.jpg","width":1920,"height":1080},{"@type":"BreadcrumbList","@id":"https:\/\/www.pp-ucka.hr\/en\/natural-heritage\/flora-and-plant-associations\/grasslands\/#breadcrumb","itemListElement":[{"@type":"ListItem","position":1,"name":"Po\u010detna stranica","item":"https:\/\/www.pp-ucka.hr\/en\/"},{"@type":"ListItem","position":2,"name":"Natural heritage","item":"https:\/\/www.pp-ucka.hr\/en\/natural-heritage\/"},{"@type":"ListItem","position":3,"name":"Flora and plant associations","item":"https:\/\/www.pp-ucka.hr\/en\/natural-heritage\/flora-and-plant-associations\/"},{"@type":"ListItem","position":4,"name":"Grasslands"}]},{"@type":"WebSite","@id":"https:\/\/www.pp-ucka.hr\/#website","url":"https:\/\/www.pp-ucka.hr\/","name":"Park prirode U\u010dka","description":"Park prirode U\u010dka","potentialAction":[{"@type":"SearchAction","target":{"@type":"EntryPoint","urlTemplate":"https:\/\/www.pp-ucka.hr\/?s={search_term_string}"},"query-input":{"@type":"PropertyValueSpecification","valueRequired":true,"valueName":"search_term_string"}}],"inLanguage":"en-US"}]}},"_links":{"self":[{"href":"https:\/\/www.pp-ucka.hr\/en\/wp-json\/wp\/v2\/pages\/1948","targetHints":{"allow":["GET"]}}],"collection":[{"href":"https:\/\/www.pp-ucka.hr\/en\/wp-json\/wp\/v2\/pages"}],"about":[{"href":"https:\/\/www.pp-ucka.hr\/en\/wp-json\/wp\/v2\/types\/page"}],"author":[{"embeddable":true,"href":"https:\/\/www.pp-ucka.hr\/en\/wp-json\/wp\/v2\/users\/3"}],"replies":[{"embeddable":true,"href":"https:\/\/www.pp-ucka.hr\/en\/wp-json\/wp\/v2\/comments?post=1948"}],"version-history":[{"count":0,"href":"https:\/\/www.pp-ucka.hr\/en\/wp-json\/wp\/v2\/pages\/1948\/revisions"}],"up":[{"embeddable":true,"href":"https:\/\/www.pp-ucka.hr\/en\/wp-json\/wp\/v2\/pages\/1896"}],"wp:featuredmedia":[{"embeddable":true,"href":"https:\/\/www.pp-ucka.hr\/en\/wp-json\/wp\/v2\/media\/13970"}],"wp:attachment":[{"href":"https:\/\/www.pp-ucka.hr\/en\/wp-json\/wp\/v2\/media?parent=1948"}],"wp:term":[{"taxonomy":"category","embeddable":true,"href":"https:\/\/www.pp-ucka.hr\/en\/wp-json\/wp\/v2\/categories?post=1948"},{"taxonomy":"post_tag","embeddable":true,"href":"https:\/\/www.pp-ucka.hr\/en\/wp-json\/wp\/v2\/tags?post=1948"}],"curies":[{"name":"wp","href":"https:\/\/api.w.org\/{rel}","templated":true}]}}