{"id":1974,"date":"2013-07-10T10:42:35","date_gmt":"2013-07-10T10:42:35","guid":{"rendered":"http:\/\/www.pp-ucka.hr\/wordpress\/?page_id=1974"},"modified":"2013-07-10T10:42:35","modified_gmt":"2013-07-10T10:42:35","slug":"rocks-and-screes","status":"publish","type":"page","link":"https:\/\/www.pp-ucka.hr\/en\/natural-heritage\/flora-and-plant-associations\/rocks-and-screes\/","title":{"rendered":"Rocks and screes"},"content":{"rendered":"<p><strong><img loading=\"lazy\" decoding=\"async\" class=\"alignleft size-medium wp-image-569\" alt=\"Stijene i to\u010dila\" src=\"http:\/\/www.pp-ucka.hr\/wordpress\/wp-content\/uploads\/stijene-i-tocila-300x225.jpg\" width=\"300\" height=\"225\" srcset=\"https:\/\/www.pp-ucka.hr\/2020\/wp-content\/uploads\/stijene-i-tocila-300x225.jpg 300w, https:\/\/www.pp-ucka.hr\/2020\/wp-content\/uploads\/stijene-i-tocila.jpg 400w\" sizes=\"(max-width: 300px) 100vw, 300px\" \/><\/strong><\/p>\n<p><strong>The rocks<\/strong>\u00a0on the peak ridge of U\u010dka are home to some very interesting species. Apart from edelweiss (<em>Leontopodium alpinum<\/em>) and auricula, which are of particular importance, the rock surfaces at the highest altitudes of U\u010dka are also inhabited by the U\u010dka bellflower (<em>Campanula tommasiniana<\/em>), an endemic plant that grows only on U\u010dka and nowhere else in the world. The vegetation of rocks and screes on U\u010dka also includes some endemic species, such as the endemic community of U\u010dka and Justin bellflower (Campanuletum-tommasinianae-justinianae) that can be found on the shaded rocks of U\u010dka.<\/p>\n<p>Regarding communities of\u00a0<strong>screes<\/strong>\u00a0on U\u010dka, the beech forest zone is home to another endemic community of beaked chervil and rock cranesbill (Geranio &#8211; Antriscetum fumarioides<em>\u00a0<\/em>(Domac) H-i\u0107 1962), which can be found in screes in the beech forest zone.<\/p>\n<p><strong>\u00a0<\/strong><\/p>\n","protected":false},"excerpt":{"rendered":"<p>The rocks\u00a0on the peak ridge of U\u010dka are home to some very interesting species. Apart from edelweiss (Leontopodium alpinum) and auricula, which are of particular importance, the rock surfaces at the highest altitudes of U\u010dka are also inhabited by the U\u010dka bellflower (Campanula tommasiniana), an endemic plant that grows only on U\u010dka and nowhere else [&hellip;]<\/p>\n","protected":false},"author":3,"featured_media":9704,"parent":1896,"menu_order":4,"comment_status":"closed","ping_status":"closed","template":"","meta":{"_et_pb_use_builder":"","_et_pb_old_content":"","_et_gb_content_width":"","inline_featured_image":false,"footnotes":""},"categories":[],"tags":[],"class_list":["post-1974","page","type-page","status-publish","has-post-thumbnail","hentry"],"yoast_head":"<!-- This site is optimized with the Yoast SEO plugin v27.3 - https:\/\/yoast.com\/product\/yoast-seo-wordpress\/ -->\n<title>Rocks and screes - Park prirode U\u010dka<\/title>\n<meta name=\"robots\" content=\"index, follow, max-snippet:-1, max-image-preview:large, max-video-preview:-1\" \/>\n<link rel=\"canonical\" href=\"https:\/\/www.pp-ucka.hr\/en\/natural-heritage\/flora-and-plant-associations\/rocks-and-screes\/\" \/>\n<meta property=\"og:locale\" content=\"en_US\" \/>\n<meta property=\"og:type\" content=\"article\" \/>\n<meta property=\"og:title\" content=\"Rocks and screes - Park prirode U\u010dka\" \/>\n<meta property=\"og:description\" content=\"The rocks\u00a0on the peak ridge of U\u010dka are home to some very interesting species. Apart from edelweiss (Leontopodium alpinum) and auricula, which are of particular importance, the rock surfaces at the highest altitudes of U\u010dka are also inhabited by the U\u010dka bellflower (Campanula tommasiniana), an endemic plant that grows only on U\u010dka and nowhere else [&hellip;]\" \/>\n<meta property=\"og:url\" content=\"https:\/\/www.pp-ucka.hr\/en\/natural-heritage\/flora-and-plant-associations\/rocks-and-screes\/\" \/>\n<meta property=\"og:site_name\" content=\"Park prirode U\u010dka\" \/>\n<meta property=\"og:image\" content=\"https:\/\/www.pp-ucka.hr\/2020\/wp-content\/uploads\/pp_ucka_featured_2000.jpg\" \/>\n\t<meta property=\"og:image:width\" content=\"2000\" \/>\n\t<meta property=\"og:image:height\" content=\"1129\" \/>\n\t<meta property=\"og:image:type\" content=\"image\/jpeg\" \/>\n<meta name=\"twitter:card\" content=\"summary_large_image\" \/>\n<script type=\"application\/ld+json\" class=\"yoast-schema-graph\">{\"@context\":\"https:\\\/\\\/schema.org\",\"@graph\":[{\"@type\":\"WebPage\",\"@id\":\"https:\\\/\\\/www.pp-ucka.hr\\\/en\\\/natural-heritage\\\/flora-and-plant-associations\\\/rocks-and-screes\\\/\",\"url\":\"https:\\\/\\\/www.pp-ucka.hr\\\/en\\\/natural-heritage\\\/flora-and-plant-associations\\\/rocks-and-screes\\\/\",\"name\":\"Rocks and screes - Park prirode U\u010dka\",\"isPartOf\":{\"@id\":\"https:\\\/\\\/www.pp-ucka.hr\\\/#website\"},\"primaryImageOfPage\":{\"@id\":\"https:\\\/\\\/www.pp-ucka.hr\\\/en\\\/natural-heritage\\\/flora-and-plant-associations\\\/rocks-and-screes\\\/#primaryimage\"},\"image\":{\"@id\":\"https:\\\/\\\/www.pp-ucka.hr\\\/en\\\/natural-heritage\\\/flora-and-plant-associations\\\/rocks-and-screes\\\/#primaryimage\"},\"thumbnailUrl\":\"https:\\\/\\\/www.pp-ucka.hr\\\/2020\\\/wp-content\\\/uploads\\\/pp_ucka_featured_2000.jpg\",\"datePublished\":\"2013-07-10T10:42:35+00:00\",\"breadcrumb\":{\"@id\":\"https:\\\/\\\/www.pp-ucka.hr\\\/en\\\/natural-heritage\\\/flora-and-plant-associations\\\/rocks-and-screes\\\/#breadcrumb\"},\"inLanguage\":\"en-US\",\"potentialAction\":[{\"@type\":\"ReadAction\",\"target\":[\"https:\\\/\\\/www.pp-ucka.hr\\\/en\\\/natural-heritage\\\/flora-and-plant-associations\\\/rocks-and-screes\\\/\"]}]},{\"@type\":\"ImageObject\",\"inLanguage\":\"en-US\",\"@id\":\"https:\\\/\\\/www.pp-ucka.hr\\\/en\\\/natural-heritage\\\/flora-and-plant-associations\\\/rocks-and-screes\\\/#primaryimage\",\"url\":\"https:\\\/\\\/www.pp-ucka.hr\\\/2020\\\/wp-content\\\/uploads\\\/pp_ucka_featured_2000.jpg\",\"contentUrl\":\"https:\\\/\\\/www.pp-ucka.hr\\\/2020\\\/wp-content\\\/uploads\\\/pp_ucka_featured_2000.jpg\",\"width\":2000,\"height\":1129},{\"@type\":\"BreadcrumbList\",\"@id\":\"https:\\\/\\\/www.pp-ucka.hr\\\/en\\\/natural-heritage\\\/flora-and-plant-associations\\\/rocks-and-screes\\\/#breadcrumb\",\"itemListElement\":[{\"@type\":\"ListItem\",\"position\":1,\"name\":\"Po\u010detna stranica\",\"item\":\"https:\\\/\\\/www.pp-ucka.hr\\\/en\\\/\"},{\"@type\":\"ListItem\",\"position\":2,\"name\":\"Natural heritage\",\"item\":\"https:\\\/\\\/www.pp-ucka.hr\\\/en\\\/natural-heritage\\\/\"},{\"@type\":\"ListItem\",\"position\":3,\"name\":\"Flora and plant associations\",\"item\":\"https:\\\/\\\/www.pp-ucka.hr\\\/en\\\/natural-heritage\\\/flora-and-plant-associations\\\/\"},{\"@type\":\"ListItem\",\"position\":4,\"name\":\"Rocks and screes\"}]},{\"@type\":\"WebSite\",\"@id\":\"https:\\\/\\\/www.pp-ucka.hr\\\/#website\",\"url\":\"https:\\\/\\\/www.pp-ucka.hr\\\/\",\"name\":\"Park prirode U\u010dka\",\"description\":\"Park prirode U\u010dka\",\"potentialAction\":[{\"@type\":\"SearchAction\",\"target\":{\"@type\":\"EntryPoint\",\"urlTemplate\":\"https:\\\/\\\/www.pp-ucka.hr\\\/?s={search_term_string}\"},\"query-input\":{\"@type\":\"PropertyValueSpecification\",\"valueRequired\":true,\"valueName\":\"search_term_string\"}}],\"inLanguage\":\"en-US\"}]}<\/script>\n<!-- \/ Yoast SEO plugin. -->","yoast_head_json":{"title":"Rocks and screes - Park prirode U\u010dka","robots":{"index":"index","follow":"follow","max-snippet":"max-snippet:-1","max-image-preview":"max-image-preview:large","max-video-preview":"max-video-preview:-1"},"canonical":"https:\/\/www.pp-ucka.hr\/en\/natural-heritage\/flora-and-plant-associations\/rocks-and-screes\/","og_locale":"en_US","og_type":"article","og_title":"Rocks and screes - Park prirode U\u010dka","og_description":"The rocks\u00a0on the peak ridge of U\u010dka are home to some very interesting species. Apart from edelweiss (Leontopodium alpinum) and auricula, which are of particular importance, the rock surfaces at the highest altitudes of U\u010dka are also inhabited by the U\u010dka bellflower (Campanula tommasiniana), an endemic plant that grows only on U\u010dka and nowhere else [&hellip;]","og_url":"https:\/\/www.pp-ucka.hr\/en\/natural-heritage\/flora-and-plant-associations\/rocks-and-screes\/","og_site_name":"Park prirode U\u010dka","og_image":[{"width":2000,"height":1129,"url":"https:\/\/www.pp-ucka.hr\/2020\/wp-content\/uploads\/pp_ucka_featured_2000.jpg","type":"image\/jpeg"}],"twitter_card":"summary_large_image","schema":{"@context":"https:\/\/schema.org","@graph":[{"@type":"WebPage","@id":"https:\/\/www.pp-ucka.hr\/en\/natural-heritage\/flora-and-plant-associations\/rocks-and-screes\/","url":"https:\/\/www.pp-ucka.hr\/en\/natural-heritage\/flora-and-plant-associations\/rocks-and-screes\/","name":"Rocks and screes - Park prirode U\u010dka","isPartOf":{"@id":"https:\/\/www.pp-ucka.hr\/#website"},"primaryImageOfPage":{"@id":"https:\/\/www.pp-ucka.hr\/en\/natural-heritage\/flora-and-plant-associations\/rocks-and-screes\/#primaryimage"},"image":{"@id":"https:\/\/www.pp-ucka.hr\/en\/natural-heritage\/flora-and-plant-associations\/rocks-and-screes\/#primaryimage"},"thumbnailUrl":"https:\/\/www.pp-ucka.hr\/2020\/wp-content\/uploads\/pp_ucka_featured_2000.jpg","datePublished":"2013-07-10T10:42:35+00:00","breadcrumb":{"@id":"https:\/\/www.pp-ucka.hr\/en\/natural-heritage\/flora-and-plant-associations\/rocks-and-screes\/#breadcrumb"},"inLanguage":"en-US","potentialAction":[{"@type":"ReadAction","target":["https:\/\/www.pp-ucka.hr\/en\/natural-heritage\/flora-and-plant-associations\/rocks-and-screes\/"]}]},{"@type":"ImageObject","inLanguage":"en-US","@id":"https:\/\/www.pp-ucka.hr\/en\/natural-heritage\/flora-and-plant-associations\/rocks-and-screes\/#primaryimage","url":"https:\/\/www.pp-ucka.hr\/2020\/wp-content\/uploads\/pp_ucka_featured_2000.jpg","contentUrl":"https:\/\/www.pp-ucka.hr\/2020\/wp-content\/uploads\/pp_ucka_featured_2000.jpg","width":2000,"height":1129},{"@type":"BreadcrumbList","@id":"https:\/\/www.pp-ucka.hr\/en\/natural-heritage\/flora-and-plant-associations\/rocks-and-screes\/#breadcrumb","itemListElement":[{"@type":"ListItem","position":1,"name":"Po\u010detna stranica","item":"https:\/\/www.pp-ucka.hr\/en\/"},{"@type":"ListItem","position":2,"name":"Natural heritage","item":"https:\/\/www.pp-ucka.hr\/en\/natural-heritage\/"},{"@type":"ListItem","position":3,"name":"Flora and plant associations","item":"https:\/\/www.pp-ucka.hr\/en\/natural-heritage\/flora-and-plant-associations\/"},{"@type":"ListItem","position":4,"name":"Rocks and screes"}]},{"@type":"WebSite","@id":"https:\/\/www.pp-ucka.hr\/#website","url":"https:\/\/www.pp-ucka.hr\/","name":"Park prirode U\u010dka","description":"Park prirode U\u010dka","potentialAction":[{"@type":"SearchAction","target":{"@type":"EntryPoint","urlTemplate":"https:\/\/www.pp-ucka.hr\/?s={search_term_string}"},"query-input":{"@type":"PropertyValueSpecification","valueRequired":true,"valueName":"search_term_string"}}],"inLanguage":"en-US"}]}},"_links":{"self":[{"href":"https:\/\/www.pp-ucka.hr\/en\/wp-json\/wp\/v2\/pages\/1974","targetHints":{"allow":["GET"]}}],"collection":[{"href":"https:\/\/www.pp-ucka.hr\/en\/wp-json\/wp\/v2\/pages"}],"about":[{"href":"https:\/\/www.pp-ucka.hr\/en\/wp-json\/wp\/v2\/types\/page"}],"author":[{"embeddable":true,"href":"https:\/\/www.pp-ucka.hr\/en\/wp-json\/wp\/v2\/users\/3"}],"replies":[{"embeddable":true,"href":"https:\/\/www.pp-ucka.hr\/en\/wp-json\/wp\/v2\/comments?post=1974"}],"version-history":[{"count":0,"href":"https:\/\/www.pp-ucka.hr\/en\/wp-json\/wp\/v2\/pages\/1974\/revisions"}],"up":[{"embeddable":true,"href":"https:\/\/www.pp-ucka.hr\/en\/wp-json\/wp\/v2\/pages\/1896"}],"wp:featuredmedia":[{"embeddable":true,"href":"https:\/\/www.pp-ucka.hr\/en\/wp-json\/wp\/v2\/media\/9704"}],"wp:attachment":[{"href":"https:\/\/www.pp-ucka.hr\/en\/wp-json\/wp\/v2\/media?parent=1974"}],"wp:term":[{"taxonomy":"category","embeddable":true,"href":"https:\/\/www.pp-ucka.hr\/en\/wp-json\/wp\/v2\/categories?post=1974"},{"taxonomy":"post_tag","embeddable":true,"href":"https:\/\/www.pp-ucka.hr\/en\/wp-json\/wp\/v2\/tags?post=1974"}],"curies":[{"name":"wp","href":"https:\/\/api.w.org\/{rel}","templated":true}]}}