{"id":1976,"date":"2013-07-10T10:44:37","date_gmt":"2013-07-10T10:44:37","guid":{"rendered":"http:\/\/www.pp-ucka.hr\/wordpress\/?page_id=1976"},"modified":"2013-07-10T10:44:37","modified_gmt":"2013-07-10T10:44:37","slug":"fauna","status":"publish","type":"page","link":"https:\/\/www.pp-ucka.hr\/en\/natural-heritage\/fauna\/","title":{"rendered":"Fauna"},"content":{"rendered":"<p><img loading=\"lazy\" decoding=\"async\" class=\"size-full wp-image-494 alignleft\" alt=\"Fauna\" src=\"http:\/\/www.pp-ucka.hr\/wordpress\/wp-content\/uploads\/fauna.jpg\" width=\"400\" height=\"267\" srcset=\"https:\/\/www.pp-ucka.hr\/2020\/wp-content\/uploads\/fauna.jpg 400w, https:\/\/www.pp-ucka.hr\/2020\/wp-content\/uploads\/fauna-300x200.jpg 300w\" sizes=\"(max-width: 400px) 100vw, 400px\" \/><\/p>\n<p>Being positioned on the boundary between Istria and Kvarner, in immediate proximity to the sea, and having many specific vegetation features, make the mountains of U\u010dka and \u0106i\u0107arija a very interesting area with regard to the altitudinal distribution and characteristics of the local fauna. Learning more about the fauna will enable us to make a better management plan with the aim of protecting species and thus the whole area, since fauna is one of the key components in the natural balance needed for a healthy environment and life. All animals are closely connected and related to their habitats, therefore it is impossible to speak about them or their protection without taking into account their natural habitats.<\/p>\n<p>Due to the lack of more recent data, local fauna has not been researched completely. This is why conducting new scientific research that will give an insight into the actual state of the park fauna is one of the priority management objectives of this public institution.<\/p>\n","protected":false},"excerpt":{"rendered":"<p>Being positioned on the boundary between Istria and Kvarner, in immediate proximity to the sea, and having many specific vegetation features, make the mountains of U\u010dka and \u0106i\u0107arija a very interesting area with regard to the altitudinal distribution and characteristics of the local fauna. Learning more about the fauna will enable us to make a [&hellip;]<\/p>\n","protected":false},"author":3,"featured_media":9704,"parent":275,"menu_order":2,"comment_status":"closed","ping_status":"closed","template":"","meta":{"_et_pb_use_builder":"on","_et_pb_old_content":"","_et_gb_content_width":"","inline_featured_image":false,"footnotes":""},"categories":[],"tags":[],"class_list":["post-1976","page","type-page","status-publish","has-post-thumbnail","hentry"],"yoast_head":"<!-- This site is optimized with the Yoast SEO plugin v27.3 - https:\/\/yoast.com\/product\/yoast-seo-wordpress\/ -->\n<title>Fauna - Park prirode U\u010dka<\/title>\n<meta name=\"robots\" content=\"index, follow, max-snippet:-1, max-image-preview:large, max-video-preview:-1\" \/>\n<link rel=\"canonical\" href=\"https:\/\/www.pp-ucka.hr\/en\/natural-heritage\/fauna\/\" \/>\n<meta property=\"og:locale\" content=\"en_US\" \/>\n<meta property=\"og:type\" content=\"article\" \/>\n<meta property=\"og:title\" content=\"Fauna - Park prirode U\u010dka\" \/>\n<meta property=\"og:description\" content=\"Being positioned on the boundary between Istria and Kvarner, in immediate proximity to the sea, and having many specific vegetation features, make the mountains of U\u010dka and \u0106i\u0107arija a very interesting area with regard to the altitudinal distribution and characteristics of the local fauna. Learning more about the fauna will enable us to make a [&hellip;]\" \/>\n<meta property=\"og:url\" content=\"https:\/\/www.pp-ucka.hr\/en\/natural-heritage\/fauna\/\" \/>\n<meta property=\"og:site_name\" content=\"Park prirode U\u010dka\" \/>\n<meta property=\"og:image\" content=\"https:\/\/www.pp-ucka.hr\/2020\/wp-content\/uploads\/pp_ucka_featured_2000.jpg\" \/>\n\t<meta property=\"og:image:width\" content=\"2000\" \/>\n\t<meta property=\"og:image:height\" content=\"1129\" \/>\n\t<meta property=\"og:image:type\" content=\"image\/jpeg\" \/>\n<meta name=\"twitter:card\" content=\"summary_large_image\" \/>\n<script type=\"application\/ld+json\" class=\"yoast-schema-graph\">{\"@context\":\"https:\\\/\\\/schema.org\",\"@graph\":[{\"@type\":\"WebPage\",\"@id\":\"https:\\\/\\\/www.pp-ucka.hr\\\/en\\\/natural-heritage\\\/fauna\\\/\",\"url\":\"https:\\\/\\\/www.pp-ucka.hr\\\/en\\\/natural-heritage\\\/fauna\\\/\",\"name\":\"Fauna - Park prirode U\u010dka\",\"isPartOf\":{\"@id\":\"https:\\\/\\\/www.pp-ucka.hr\\\/#website\"},\"primaryImageOfPage\":{\"@id\":\"https:\\\/\\\/www.pp-ucka.hr\\\/en\\\/natural-heritage\\\/fauna\\\/#primaryimage\"},\"image\":{\"@id\":\"https:\\\/\\\/www.pp-ucka.hr\\\/en\\\/natural-heritage\\\/fauna\\\/#primaryimage\"},\"thumbnailUrl\":\"https:\\\/\\\/www.pp-ucka.hr\\\/2020\\\/wp-content\\\/uploads\\\/pp_ucka_featured_2000.jpg\",\"datePublished\":\"2013-07-10T10:44:37+00:00\",\"breadcrumb\":{\"@id\":\"https:\\\/\\\/www.pp-ucka.hr\\\/en\\\/natural-heritage\\\/fauna\\\/#breadcrumb\"},\"inLanguage\":\"en-US\",\"potentialAction\":[{\"@type\":\"ReadAction\",\"target\":[\"https:\\\/\\\/www.pp-ucka.hr\\\/en\\\/natural-heritage\\\/fauna\\\/\"]}]},{\"@type\":\"ImageObject\",\"inLanguage\":\"en-US\",\"@id\":\"https:\\\/\\\/www.pp-ucka.hr\\\/en\\\/natural-heritage\\\/fauna\\\/#primaryimage\",\"url\":\"https:\\\/\\\/www.pp-ucka.hr\\\/2020\\\/wp-content\\\/uploads\\\/pp_ucka_featured_2000.jpg\",\"contentUrl\":\"https:\\\/\\\/www.pp-ucka.hr\\\/2020\\\/wp-content\\\/uploads\\\/pp_ucka_featured_2000.jpg\",\"width\":2000,\"height\":1129},{\"@type\":\"BreadcrumbList\",\"@id\":\"https:\\\/\\\/www.pp-ucka.hr\\\/en\\\/natural-heritage\\\/fauna\\\/#breadcrumb\",\"itemListElement\":[{\"@type\":\"ListItem\",\"position\":1,\"name\":\"Po\u010detna stranica\",\"item\":\"https:\\\/\\\/www.pp-ucka.hr\\\/en\\\/\"},{\"@type\":\"ListItem\",\"position\":2,\"name\":\"Natural heritage\",\"item\":\"https:\\\/\\\/www.pp-ucka.hr\\\/en\\\/natural-heritage\\\/\"},{\"@type\":\"ListItem\",\"position\":3,\"name\":\"Fauna\"}]},{\"@type\":\"WebSite\",\"@id\":\"https:\\\/\\\/www.pp-ucka.hr\\\/#website\",\"url\":\"https:\\\/\\\/www.pp-ucka.hr\\\/\",\"name\":\"Park prirode U\u010dka\",\"description\":\"Park prirode U\u010dka\",\"potentialAction\":[{\"@type\":\"SearchAction\",\"target\":{\"@type\":\"EntryPoint\",\"urlTemplate\":\"https:\\\/\\\/www.pp-ucka.hr\\\/?s={search_term_string}\"},\"query-input\":{\"@type\":\"PropertyValueSpecification\",\"valueRequired\":true,\"valueName\":\"search_term_string\"}}],\"inLanguage\":\"en-US\"}]}<\/script>\n<!-- \/ Yoast SEO plugin. -->","yoast_head_json":{"title":"Fauna - Park prirode U\u010dka","robots":{"index":"index","follow":"follow","max-snippet":"max-snippet:-1","max-image-preview":"max-image-preview:large","max-video-preview":"max-video-preview:-1"},"canonical":"https:\/\/www.pp-ucka.hr\/en\/natural-heritage\/fauna\/","og_locale":"en_US","og_type":"article","og_title":"Fauna - Park prirode U\u010dka","og_description":"Being positioned on the boundary between Istria and Kvarner, in immediate proximity to the sea, and having many specific vegetation features, make the mountains of U\u010dka and \u0106i\u0107arija a very interesting area with regard to the altitudinal distribution and characteristics of the local fauna. Learning more about the fauna will enable us to make a [&hellip;]","og_url":"https:\/\/www.pp-ucka.hr\/en\/natural-heritage\/fauna\/","og_site_name":"Park prirode U\u010dka","og_image":[{"width":2000,"height":1129,"url":"https:\/\/www.pp-ucka.hr\/2020\/wp-content\/uploads\/pp_ucka_featured_2000.jpg","type":"image\/jpeg"}],"twitter_card":"summary_large_image","schema":{"@context":"https:\/\/schema.org","@graph":[{"@type":"WebPage","@id":"https:\/\/www.pp-ucka.hr\/en\/natural-heritage\/fauna\/","url":"https:\/\/www.pp-ucka.hr\/en\/natural-heritage\/fauna\/","name":"Fauna - Park prirode U\u010dka","isPartOf":{"@id":"https:\/\/www.pp-ucka.hr\/#website"},"primaryImageOfPage":{"@id":"https:\/\/www.pp-ucka.hr\/en\/natural-heritage\/fauna\/#primaryimage"},"image":{"@id":"https:\/\/www.pp-ucka.hr\/en\/natural-heritage\/fauna\/#primaryimage"},"thumbnailUrl":"https:\/\/www.pp-ucka.hr\/2020\/wp-content\/uploads\/pp_ucka_featured_2000.jpg","datePublished":"2013-07-10T10:44:37+00:00","breadcrumb":{"@id":"https:\/\/www.pp-ucka.hr\/en\/natural-heritage\/fauna\/#breadcrumb"},"inLanguage":"en-US","potentialAction":[{"@type":"ReadAction","target":["https:\/\/www.pp-ucka.hr\/en\/natural-heritage\/fauna\/"]}]},{"@type":"ImageObject","inLanguage":"en-US","@id":"https:\/\/www.pp-ucka.hr\/en\/natural-heritage\/fauna\/#primaryimage","url":"https:\/\/www.pp-ucka.hr\/2020\/wp-content\/uploads\/pp_ucka_featured_2000.jpg","contentUrl":"https:\/\/www.pp-ucka.hr\/2020\/wp-content\/uploads\/pp_ucka_featured_2000.jpg","width":2000,"height":1129},{"@type":"BreadcrumbList","@id":"https:\/\/www.pp-ucka.hr\/en\/natural-heritage\/fauna\/#breadcrumb","itemListElement":[{"@type":"ListItem","position":1,"name":"Po\u010detna stranica","item":"https:\/\/www.pp-ucka.hr\/en\/"},{"@type":"ListItem","position":2,"name":"Natural heritage","item":"https:\/\/www.pp-ucka.hr\/en\/natural-heritage\/"},{"@type":"ListItem","position":3,"name":"Fauna"}]},{"@type":"WebSite","@id":"https:\/\/www.pp-ucka.hr\/#website","url":"https:\/\/www.pp-ucka.hr\/","name":"Park prirode U\u010dka","description":"Park prirode U\u010dka","potentialAction":[{"@type":"SearchAction","target":{"@type":"EntryPoint","urlTemplate":"https:\/\/www.pp-ucka.hr\/?s={search_term_string}"},"query-input":{"@type":"PropertyValueSpecification","valueRequired":true,"valueName":"search_term_string"}}],"inLanguage":"en-US"}]}},"_links":{"self":[{"href":"https:\/\/www.pp-ucka.hr\/en\/wp-json\/wp\/v2\/pages\/1976","targetHints":{"allow":["GET"]}}],"collection":[{"href":"https:\/\/www.pp-ucka.hr\/en\/wp-json\/wp\/v2\/pages"}],"about":[{"href":"https:\/\/www.pp-ucka.hr\/en\/wp-json\/wp\/v2\/types\/page"}],"author":[{"embeddable":true,"href":"https:\/\/www.pp-ucka.hr\/en\/wp-json\/wp\/v2\/users\/3"}],"replies":[{"embeddable":true,"href":"https:\/\/www.pp-ucka.hr\/en\/wp-json\/wp\/v2\/comments?post=1976"}],"version-history":[{"count":0,"href":"https:\/\/www.pp-ucka.hr\/en\/wp-json\/wp\/v2\/pages\/1976\/revisions"}],"up":[{"embeddable":true,"href":"https:\/\/www.pp-ucka.hr\/en\/wp-json\/wp\/v2\/pages\/275"}],"wp:featuredmedia":[{"embeddable":true,"href":"https:\/\/www.pp-ucka.hr\/en\/wp-json\/wp\/v2\/media\/9704"}],"wp:attachment":[{"href":"https:\/\/www.pp-ucka.hr\/en\/wp-json\/wp\/v2\/media?parent=1976"}],"wp:term":[{"taxonomy":"category","embeddable":true,"href":"https:\/\/www.pp-ucka.hr\/en\/wp-json\/wp\/v2\/categories?post=1976"},{"taxonomy":"post_tag","embeddable":true,"href":"https:\/\/www.pp-ucka.hr\/en\/wp-json\/wp\/v2\/tags?post=1976"}],"curies":[{"name":"wp","href":"https:\/\/api.w.org\/{rel}","templated":true}]}}