{"id":1984,"date":"2013-07-10T10:50:01","date_gmt":"2013-07-10T10:50:01","guid":{"rendered":"http:\/\/www.pp-ucka.hr\/wordpress\/?page_id=1984"},"modified":"2021-06-15T13:36:23","modified_gmt":"2021-06-15T11:36:23","slug":"birds","status":"publish","type":"page","link":"https:\/\/www.pp-ucka.hr\/en\/natural-heritage\/fauna\/birds\/","title":{"rendered":"Birds"},"content":{"rendered":"<p><img loading=\"lazy\" decoding=\"async\" class=\"alignleft size-medium wp-image-523\" src=\"http:\/\/www.pp-ucka.hr\/wordpress\/wp-content\/uploads\/ptice-300x225.jpg\" alt=\"Ptice\" width=\"300\" height=\"225\" srcset=\"https:\/\/www.pp-ucka.hr\/2020\/wp-content\/uploads\/ptice-300x225.jpg 300w, https:\/\/www.pp-ucka.hr\/2020\/wp-content\/uploads\/ptice.jpg 400w\" sizes=\"(max-width: 300px) 100vw, 300px\" \/>Bearing in mind the diversity of the relief, type of bedrock, different microclimates and other circumstances, it is possible to distinguish many habitats arranged in a mosaic layout with various bird communities, which were zoned primarily with regard to plant communities. To date, as many as\u00a0<strong>173 bird species<\/strong>\u00a0have been registered in U\u010dka Nature Park and its contact area. In addition to various types of forest habitats, particularly important for birds are rocky habitats, because many birds of prey nest in such areas. Some of these birds are endangered, such as the golden eagle (<em>Aquila chrysaetos<\/em>) and the peregrine falcon (<em>Falco peregrinus<\/em>).<\/p>\n<p>Although it used to nest here, the Eurasian griffon vulture (<em>Gyps fulvus<\/em>) today only flies over the areas of U\u010dka and \u0106i\u0107arija in search of carcasses. Among other protected bird species, particularly interesting are those living in grassland habitats, such as the ortolan (<em>Emberiza hortulana<\/em>) and the woodlark (<em>Lullula arborea<\/em>). For their protection it is necessary to preserve such types of habitats.<\/p>\n","protected":false},"excerpt":{"rendered":"<p>Bearing in mind the diversity of the relief, type of bedrock, different microclimates and other circumstances, it is possible to distinguish many habitats arranged in a mosaic layout with various bird communities, which were zoned primarily with regard to plant communities. To date, as many as\u00a0173 bird species\u00a0have been registered in U\u010dka Nature Park and [&hellip;]<\/p>\n","protected":false},"author":3,"featured_media":14003,"parent":1976,"menu_order":4,"comment_status":"closed","ping_status":"closed","template":"","meta":{"_et_pb_use_builder":"","_et_pb_old_content":"","_et_gb_content_width":"","inline_featured_image":false,"footnotes":""},"categories":[],"tags":[],"class_list":["post-1984","page","type-page","status-publish","has-post-thumbnail","hentry"],"yoast_head":"<!-- This site is optimized with the Yoast SEO plugin v27.3 - https:\/\/yoast.com\/product\/yoast-seo-wordpress\/ -->\n<title>Birds - Park prirode U\u010dka<\/title>\n<meta name=\"robots\" content=\"index, follow, max-snippet:-1, max-image-preview:large, max-video-preview:-1\" \/>\n<link rel=\"canonical\" href=\"https:\/\/www.pp-ucka.hr\/en\/natural-heritage\/fauna\/birds\/\" \/>\n<meta property=\"og:locale\" content=\"en_US\" \/>\n<meta property=\"og:type\" content=\"article\" \/>\n<meta property=\"og:title\" content=\"Birds - Park prirode U\u010dka\" \/>\n<meta property=\"og:description\" content=\"Bearing in mind the diversity of the relief, type of bedrock, different microclimates and other circumstances, it is possible to distinguish many habitats arranged in a mosaic layout with various bird communities, which were zoned primarily with regard to plant communities. To date, as many as\u00a0173 bird species\u00a0have been registered in U\u010dka Nature Park and [&hellip;]\" \/>\n<meta property=\"og:url\" content=\"https:\/\/www.pp-ucka.hr\/en\/natural-heritage\/fauna\/birds\/\" \/>\n<meta property=\"og:site_name\" content=\"Park prirode U\u010dka\" \/>\n<meta property=\"article:modified_time\" content=\"2021-06-15T11:36:23+00:00\" \/>\n<meta property=\"og:image\" content=\"https:\/\/www.pp-ucka.hr\/2020\/wp-content\/uploads\/pp_ucka_prirodna-bastina_fauna_ptice_naslovna.jpg\" \/>\n\t<meta property=\"og:image:width\" content=\"1920\" \/>\n\t<meta property=\"og:image:height\" content=\"1080\" \/>\n\t<meta property=\"og:image:type\" content=\"image\/jpeg\" \/>\n<meta name=\"twitter:card\" content=\"summary_large_image\" \/>\n<script type=\"application\/ld+json\" class=\"yoast-schema-graph\">{\"@context\":\"https:\\\/\\\/schema.org\",\"@graph\":[{\"@type\":\"WebPage\",\"@id\":\"https:\\\/\\\/www.pp-ucka.hr\\\/en\\\/natural-heritage\\\/fauna\\\/birds\\\/\",\"url\":\"https:\\\/\\\/www.pp-ucka.hr\\\/en\\\/natural-heritage\\\/fauna\\\/birds\\\/\",\"name\":\"Birds - Park prirode U\u010dka\",\"isPartOf\":{\"@id\":\"https:\\\/\\\/www.pp-ucka.hr\\\/#website\"},\"primaryImageOfPage\":{\"@id\":\"https:\\\/\\\/www.pp-ucka.hr\\\/en\\\/natural-heritage\\\/fauna\\\/birds\\\/#primaryimage\"},\"image\":{\"@id\":\"https:\\\/\\\/www.pp-ucka.hr\\\/en\\\/natural-heritage\\\/fauna\\\/birds\\\/#primaryimage\"},\"thumbnailUrl\":\"https:\\\/\\\/www.pp-ucka.hr\\\/2020\\\/wp-content\\\/uploads\\\/pp_ucka_prirodna-bastina_fauna_ptice_naslovna.jpg\",\"datePublished\":\"2013-07-10T10:50:01+00:00\",\"dateModified\":\"2021-06-15T11:36:23+00:00\",\"breadcrumb\":{\"@id\":\"https:\\\/\\\/www.pp-ucka.hr\\\/en\\\/natural-heritage\\\/fauna\\\/birds\\\/#breadcrumb\"},\"inLanguage\":\"en-US\",\"potentialAction\":[{\"@type\":\"ReadAction\",\"target\":[\"https:\\\/\\\/www.pp-ucka.hr\\\/en\\\/natural-heritage\\\/fauna\\\/birds\\\/\"]}]},{\"@type\":\"ImageObject\",\"inLanguage\":\"en-US\",\"@id\":\"https:\\\/\\\/www.pp-ucka.hr\\\/en\\\/natural-heritage\\\/fauna\\\/birds\\\/#primaryimage\",\"url\":\"https:\\\/\\\/www.pp-ucka.hr\\\/2020\\\/wp-content\\\/uploads\\\/pp_ucka_prirodna-bastina_fauna_ptice_naslovna.jpg\",\"contentUrl\":\"https:\\\/\\\/www.pp-ucka.hr\\\/2020\\\/wp-content\\\/uploads\\\/pp_ucka_prirodna-bastina_fauna_ptice_naslovna.jpg\",\"width\":1920,\"height\":1080},{\"@type\":\"BreadcrumbList\",\"@id\":\"https:\\\/\\\/www.pp-ucka.hr\\\/en\\\/natural-heritage\\\/fauna\\\/birds\\\/#breadcrumb\",\"itemListElement\":[{\"@type\":\"ListItem\",\"position\":1,\"name\":\"Po\u010detna stranica\",\"item\":\"https:\\\/\\\/www.pp-ucka.hr\\\/en\\\/\"},{\"@type\":\"ListItem\",\"position\":2,\"name\":\"Natural heritage\",\"item\":\"https:\\\/\\\/www.pp-ucka.hr\\\/en\\\/natural-heritage\\\/\"},{\"@type\":\"ListItem\",\"position\":3,\"name\":\"Fauna\",\"item\":\"https:\\\/\\\/www.pp-ucka.hr\\\/en\\\/natural-heritage\\\/fauna\\\/\"},{\"@type\":\"ListItem\",\"position\":4,\"name\":\"Birds\"}]},{\"@type\":\"WebSite\",\"@id\":\"https:\\\/\\\/www.pp-ucka.hr\\\/#website\",\"url\":\"https:\\\/\\\/www.pp-ucka.hr\\\/\",\"name\":\"Park prirode U\u010dka\",\"description\":\"Park prirode U\u010dka\",\"potentialAction\":[{\"@type\":\"SearchAction\",\"target\":{\"@type\":\"EntryPoint\",\"urlTemplate\":\"https:\\\/\\\/www.pp-ucka.hr\\\/?s={search_term_string}\"},\"query-input\":{\"@type\":\"PropertyValueSpecification\",\"valueRequired\":true,\"valueName\":\"search_term_string\"}}],\"inLanguage\":\"en-US\"}]}<\/script>\n<!-- \/ Yoast SEO plugin. -->","yoast_head_json":{"title":"Birds - Park prirode U\u010dka","robots":{"index":"index","follow":"follow","max-snippet":"max-snippet:-1","max-image-preview":"max-image-preview:large","max-video-preview":"max-video-preview:-1"},"canonical":"https:\/\/www.pp-ucka.hr\/en\/natural-heritage\/fauna\/birds\/","og_locale":"en_US","og_type":"article","og_title":"Birds - Park prirode U\u010dka","og_description":"Bearing in mind the diversity of the relief, type of bedrock, different microclimates and other circumstances, it is possible to distinguish many habitats arranged in a mosaic layout with various bird communities, which were zoned primarily with regard to plant communities. To date, as many as\u00a0173 bird species\u00a0have been registered in U\u010dka Nature Park and [&hellip;]","og_url":"https:\/\/www.pp-ucka.hr\/en\/natural-heritage\/fauna\/birds\/","og_site_name":"Park prirode U\u010dka","article_modified_time":"2021-06-15T11:36:23+00:00","og_image":[{"width":1920,"height":1080,"url":"https:\/\/www.pp-ucka.hr\/2020\/wp-content\/uploads\/pp_ucka_prirodna-bastina_fauna_ptice_naslovna.jpg","type":"image\/jpeg"}],"twitter_card":"summary_large_image","schema":{"@context":"https:\/\/schema.org","@graph":[{"@type":"WebPage","@id":"https:\/\/www.pp-ucka.hr\/en\/natural-heritage\/fauna\/birds\/","url":"https:\/\/www.pp-ucka.hr\/en\/natural-heritage\/fauna\/birds\/","name":"Birds - Park prirode U\u010dka","isPartOf":{"@id":"https:\/\/www.pp-ucka.hr\/#website"},"primaryImageOfPage":{"@id":"https:\/\/www.pp-ucka.hr\/en\/natural-heritage\/fauna\/birds\/#primaryimage"},"image":{"@id":"https:\/\/www.pp-ucka.hr\/en\/natural-heritage\/fauna\/birds\/#primaryimage"},"thumbnailUrl":"https:\/\/www.pp-ucka.hr\/2020\/wp-content\/uploads\/pp_ucka_prirodna-bastina_fauna_ptice_naslovna.jpg","datePublished":"2013-07-10T10:50:01+00:00","dateModified":"2021-06-15T11:36:23+00:00","breadcrumb":{"@id":"https:\/\/www.pp-ucka.hr\/en\/natural-heritage\/fauna\/birds\/#breadcrumb"},"inLanguage":"en-US","potentialAction":[{"@type":"ReadAction","target":["https:\/\/www.pp-ucka.hr\/en\/natural-heritage\/fauna\/birds\/"]}]},{"@type":"ImageObject","inLanguage":"en-US","@id":"https:\/\/www.pp-ucka.hr\/en\/natural-heritage\/fauna\/birds\/#primaryimage","url":"https:\/\/www.pp-ucka.hr\/2020\/wp-content\/uploads\/pp_ucka_prirodna-bastina_fauna_ptice_naslovna.jpg","contentUrl":"https:\/\/www.pp-ucka.hr\/2020\/wp-content\/uploads\/pp_ucka_prirodna-bastina_fauna_ptice_naslovna.jpg","width":1920,"height":1080},{"@type":"BreadcrumbList","@id":"https:\/\/www.pp-ucka.hr\/en\/natural-heritage\/fauna\/birds\/#breadcrumb","itemListElement":[{"@type":"ListItem","position":1,"name":"Po\u010detna stranica","item":"https:\/\/www.pp-ucka.hr\/en\/"},{"@type":"ListItem","position":2,"name":"Natural heritage","item":"https:\/\/www.pp-ucka.hr\/en\/natural-heritage\/"},{"@type":"ListItem","position":3,"name":"Fauna","item":"https:\/\/www.pp-ucka.hr\/en\/natural-heritage\/fauna\/"},{"@type":"ListItem","position":4,"name":"Birds"}]},{"@type":"WebSite","@id":"https:\/\/www.pp-ucka.hr\/#website","url":"https:\/\/www.pp-ucka.hr\/","name":"Park prirode U\u010dka","description":"Park prirode U\u010dka","potentialAction":[{"@type":"SearchAction","target":{"@type":"EntryPoint","urlTemplate":"https:\/\/www.pp-ucka.hr\/?s={search_term_string}"},"query-input":{"@type":"PropertyValueSpecification","valueRequired":true,"valueName":"search_term_string"}}],"inLanguage":"en-US"}]}},"_links":{"self":[{"href":"https:\/\/www.pp-ucka.hr\/en\/wp-json\/wp\/v2\/pages\/1984","targetHints":{"allow":["GET"]}}],"collection":[{"href":"https:\/\/www.pp-ucka.hr\/en\/wp-json\/wp\/v2\/pages"}],"about":[{"href":"https:\/\/www.pp-ucka.hr\/en\/wp-json\/wp\/v2\/types\/page"}],"author":[{"embeddable":true,"href":"https:\/\/www.pp-ucka.hr\/en\/wp-json\/wp\/v2\/users\/3"}],"replies":[{"embeddable":true,"href":"https:\/\/www.pp-ucka.hr\/en\/wp-json\/wp\/v2\/comments?post=1984"}],"version-history":[{"count":0,"href":"https:\/\/www.pp-ucka.hr\/en\/wp-json\/wp\/v2\/pages\/1984\/revisions"}],"up":[{"embeddable":true,"href":"https:\/\/www.pp-ucka.hr\/en\/wp-json\/wp\/v2\/pages\/1976"}],"wp:featuredmedia":[{"embeddable":true,"href":"https:\/\/www.pp-ucka.hr\/en\/wp-json\/wp\/v2\/media\/14003"}],"wp:attachment":[{"href":"https:\/\/www.pp-ucka.hr\/en\/wp-json\/wp\/v2\/media?parent=1984"}],"wp:term":[{"taxonomy":"category","embeddable":true,"href":"https:\/\/www.pp-ucka.hr\/en\/wp-json\/wp\/v2\/categories?post=1984"},{"taxonomy":"post_tag","embeddable":true,"href":"https:\/\/www.pp-ucka.hr\/en\/wp-json\/wp\/v2\/tags?post=1984"}],"curies":[{"name":"wp","href":"https:\/\/api.w.org\/{rel}","templated":true}]}}