{"id":1992,"date":"2013-07-10T11:02:14","date_gmt":"2013-07-10T11:02:14","guid":{"rendered":"http:\/\/www.pp-ucka.hr\/wordpress\/?page_id=1992"},"modified":"2013-07-10T11:02:14","modified_gmt":"2013-07-10T11:02:14","slug":"habitats-and-ecosystems","status":"publish","type":"page","link":"https:\/\/www.pp-ucka.hr\/en\/natural-heritage\/habitats-and-ecosystems\/","title":{"rendered":"Habitats and ecosystems"},"content":{"rendered":"<p><img loading=\"lazy\" decoding=\"async\" class=\"alignleft size-medium wp-image-533\" alt=\"Stanista i ekosustavi\" src=\"http:\/\/www.pp-ucka.hr\/wordpress\/wp-content\/uploads\/stanista-i-ekosustavi-300x225.jpg\" width=\"300\" height=\"225\" srcset=\"https:\/\/www.pp-ucka.hr\/2020\/wp-content\/uploads\/stanista-i-ekosustavi-300x225.jpg 300w, https:\/\/www.pp-ucka.hr\/2020\/wp-content\/uploads\/stanista-i-ekosustavi.jpg 400w\" sizes=\"(max-width: 300px) 100vw, 300px\" \/><\/p>\n<p>The mosaic of different habitat types within U\u010dka Nature Park is the result of the area&#8217;s geographical position, natural processes, but also the years-long presence of man and his continuous use of the area. With regard to the distribution and variety of habitats, the areas of U\u010dka and \u0106i\u0107arija are home to plant and animal species that depend directly on these habitats, and whose preservation requires active management. For most habitats, this means that management actions should be aimed at sustaining (some also at increasing) the existing surface and distribution of the habitats.<\/p>\n<p>Within the KAM Project (Karst Associated Management \u2013 Establishing a trans-border network of protected karst areas and joined management), the U\u010dka Nature Park Public Institution made a detailed map on a scale of 1:5000 of habitat types within the park, in the neighbouring protected areas, and its contact area. The habitat-type nomenclature corresponds to the Croatian National Habitat Classification (NKS). According to the NKS, as many as 58 habitat types have been determined in U\u010dka Nature Park at the 4th\u00a0level of classification.<\/p>\n","protected":false},"excerpt":{"rendered":"<p>The mosaic of different habitat types within U\u010dka Nature Park is the result of the area&#8217;s geographical position, natural processes, but also the years-long presence of man and his continuous use of the area. With regard to the distribution and variety of habitats, the areas of U\u010dka and \u0106i\u0107arija are home to plant and animal [&hellip;]<\/p>\n","protected":false},"author":3,"featured_media":9704,"parent":275,"menu_order":3,"comment_status":"closed","ping_status":"closed","template":"","meta":{"_et_pb_use_builder":"","_et_pb_old_content":"","_et_gb_content_width":"","inline_featured_image":false,"footnotes":""},"categories":[],"tags":[],"class_list":["post-1992","page","type-page","status-publish","has-post-thumbnail","hentry"],"yoast_head":"<!-- This site is optimized with the Yoast SEO plugin v27.3 - https:\/\/yoast.com\/product\/yoast-seo-wordpress\/ -->\n<title>Habitats and ecosystems - Park prirode U\u010dka<\/title>\n<meta name=\"robots\" content=\"index, follow, max-snippet:-1, max-image-preview:large, max-video-preview:-1\" \/>\n<link rel=\"canonical\" href=\"https:\/\/www.pp-ucka.hr\/en\/natural-heritage\/habitats-and-ecosystems\/\" \/>\n<meta property=\"og:locale\" content=\"en_US\" \/>\n<meta property=\"og:type\" content=\"article\" \/>\n<meta property=\"og:title\" content=\"Habitats and ecosystems - Park prirode U\u010dka\" \/>\n<meta property=\"og:description\" content=\"The mosaic of different habitat types within U\u010dka Nature Park is the result of the area&#8217;s geographical position, natural processes, but also the years-long presence of man and his continuous use of the area. With regard to the distribution and variety of habitats, the areas of U\u010dka and \u0106i\u0107arija are home to plant and animal [&hellip;]\" \/>\n<meta property=\"og:url\" content=\"https:\/\/www.pp-ucka.hr\/en\/natural-heritage\/habitats-and-ecosystems\/\" \/>\n<meta property=\"og:site_name\" content=\"Park prirode U\u010dka\" \/>\n<meta property=\"og:image\" content=\"https:\/\/www.pp-ucka.hr\/2020\/wp-content\/uploads\/pp_ucka_featured_2000.jpg\" \/>\n\t<meta property=\"og:image:width\" content=\"2000\" \/>\n\t<meta property=\"og:image:height\" content=\"1129\" \/>\n\t<meta property=\"og:image:type\" content=\"image\/jpeg\" \/>\n<meta name=\"twitter:card\" content=\"summary_large_image\" \/>\n<script type=\"application\/ld+json\" class=\"yoast-schema-graph\">{\"@context\":\"https:\\\/\\\/schema.org\",\"@graph\":[{\"@type\":\"WebPage\",\"@id\":\"https:\\\/\\\/www.pp-ucka.hr\\\/en\\\/natural-heritage\\\/habitats-and-ecosystems\\\/\",\"url\":\"https:\\\/\\\/www.pp-ucka.hr\\\/en\\\/natural-heritage\\\/habitats-and-ecosystems\\\/\",\"name\":\"Habitats and ecosystems - Park prirode U\u010dka\",\"isPartOf\":{\"@id\":\"https:\\\/\\\/www.pp-ucka.hr\\\/#website\"},\"primaryImageOfPage\":{\"@id\":\"https:\\\/\\\/www.pp-ucka.hr\\\/en\\\/natural-heritage\\\/habitats-and-ecosystems\\\/#primaryimage\"},\"image\":{\"@id\":\"https:\\\/\\\/www.pp-ucka.hr\\\/en\\\/natural-heritage\\\/habitats-and-ecosystems\\\/#primaryimage\"},\"thumbnailUrl\":\"https:\\\/\\\/www.pp-ucka.hr\\\/2020\\\/wp-content\\\/uploads\\\/pp_ucka_featured_2000.jpg\",\"datePublished\":\"2013-07-10T11:02:14+00:00\",\"breadcrumb\":{\"@id\":\"https:\\\/\\\/www.pp-ucka.hr\\\/en\\\/natural-heritage\\\/habitats-and-ecosystems\\\/#breadcrumb\"},\"inLanguage\":\"en-US\",\"potentialAction\":[{\"@type\":\"ReadAction\",\"target\":[\"https:\\\/\\\/www.pp-ucka.hr\\\/en\\\/natural-heritage\\\/habitats-and-ecosystems\\\/\"]}]},{\"@type\":\"ImageObject\",\"inLanguage\":\"en-US\",\"@id\":\"https:\\\/\\\/www.pp-ucka.hr\\\/en\\\/natural-heritage\\\/habitats-and-ecosystems\\\/#primaryimage\",\"url\":\"https:\\\/\\\/www.pp-ucka.hr\\\/2020\\\/wp-content\\\/uploads\\\/pp_ucka_featured_2000.jpg\",\"contentUrl\":\"https:\\\/\\\/www.pp-ucka.hr\\\/2020\\\/wp-content\\\/uploads\\\/pp_ucka_featured_2000.jpg\",\"width\":2000,\"height\":1129},{\"@type\":\"BreadcrumbList\",\"@id\":\"https:\\\/\\\/www.pp-ucka.hr\\\/en\\\/natural-heritage\\\/habitats-and-ecosystems\\\/#breadcrumb\",\"itemListElement\":[{\"@type\":\"ListItem\",\"position\":1,\"name\":\"Po\u010detna stranica\",\"item\":\"https:\\\/\\\/www.pp-ucka.hr\\\/en\\\/\"},{\"@type\":\"ListItem\",\"position\":2,\"name\":\"Natural heritage\",\"item\":\"https:\\\/\\\/www.pp-ucka.hr\\\/en\\\/natural-heritage\\\/\"},{\"@type\":\"ListItem\",\"position\":3,\"name\":\"Habitats and ecosystems\"}]},{\"@type\":\"WebSite\",\"@id\":\"https:\\\/\\\/www.pp-ucka.hr\\\/#website\",\"url\":\"https:\\\/\\\/www.pp-ucka.hr\\\/\",\"name\":\"Park prirode U\u010dka\",\"description\":\"Park prirode U\u010dka\",\"potentialAction\":[{\"@type\":\"SearchAction\",\"target\":{\"@type\":\"EntryPoint\",\"urlTemplate\":\"https:\\\/\\\/www.pp-ucka.hr\\\/?s={search_term_string}\"},\"query-input\":{\"@type\":\"PropertyValueSpecification\",\"valueRequired\":true,\"valueName\":\"search_term_string\"}}],\"inLanguage\":\"en-US\"}]}<\/script>\n<!-- \/ Yoast SEO plugin. -->","yoast_head_json":{"title":"Habitats and ecosystems - Park prirode U\u010dka","robots":{"index":"index","follow":"follow","max-snippet":"max-snippet:-1","max-image-preview":"max-image-preview:large","max-video-preview":"max-video-preview:-1"},"canonical":"https:\/\/www.pp-ucka.hr\/en\/natural-heritage\/habitats-and-ecosystems\/","og_locale":"en_US","og_type":"article","og_title":"Habitats and ecosystems - Park prirode U\u010dka","og_description":"The mosaic of different habitat types within U\u010dka Nature Park is the result of the area&#8217;s geographical position, natural processes, but also the years-long presence of man and his continuous use of the area. With regard to the distribution and variety of habitats, the areas of U\u010dka and \u0106i\u0107arija are home to plant and animal [&hellip;]","og_url":"https:\/\/www.pp-ucka.hr\/en\/natural-heritage\/habitats-and-ecosystems\/","og_site_name":"Park prirode U\u010dka","og_image":[{"width":2000,"height":1129,"url":"https:\/\/www.pp-ucka.hr\/2020\/wp-content\/uploads\/pp_ucka_featured_2000.jpg","type":"image\/jpeg"}],"twitter_card":"summary_large_image","schema":{"@context":"https:\/\/schema.org","@graph":[{"@type":"WebPage","@id":"https:\/\/www.pp-ucka.hr\/en\/natural-heritage\/habitats-and-ecosystems\/","url":"https:\/\/www.pp-ucka.hr\/en\/natural-heritage\/habitats-and-ecosystems\/","name":"Habitats and ecosystems - Park prirode U\u010dka","isPartOf":{"@id":"https:\/\/www.pp-ucka.hr\/#website"},"primaryImageOfPage":{"@id":"https:\/\/www.pp-ucka.hr\/en\/natural-heritage\/habitats-and-ecosystems\/#primaryimage"},"image":{"@id":"https:\/\/www.pp-ucka.hr\/en\/natural-heritage\/habitats-and-ecosystems\/#primaryimage"},"thumbnailUrl":"https:\/\/www.pp-ucka.hr\/2020\/wp-content\/uploads\/pp_ucka_featured_2000.jpg","datePublished":"2013-07-10T11:02:14+00:00","breadcrumb":{"@id":"https:\/\/www.pp-ucka.hr\/en\/natural-heritage\/habitats-and-ecosystems\/#breadcrumb"},"inLanguage":"en-US","potentialAction":[{"@type":"ReadAction","target":["https:\/\/www.pp-ucka.hr\/en\/natural-heritage\/habitats-and-ecosystems\/"]}]},{"@type":"ImageObject","inLanguage":"en-US","@id":"https:\/\/www.pp-ucka.hr\/en\/natural-heritage\/habitats-and-ecosystems\/#primaryimage","url":"https:\/\/www.pp-ucka.hr\/2020\/wp-content\/uploads\/pp_ucka_featured_2000.jpg","contentUrl":"https:\/\/www.pp-ucka.hr\/2020\/wp-content\/uploads\/pp_ucka_featured_2000.jpg","width":2000,"height":1129},{"@type":"BreadcrumbList","@id":"https:\/\/www.pp-ucka.hr\/en\/natural-heritage\/habitats-and-ecosystems\/#breadcrumb","itemListElement":[{"@type":"ListItem","position":1,"name":"Po\u010detna stranica","item":"https:\/\/www.pp-ucka.hr\/en\/"},{"@type":"ListItem","position":2,"name":"Natural heritage","item":"https:\/\/www.pp-ucka.hr\/en\/natural-heritage\/"},{"@type":"ListItem","position":3,"name":"Habitats and ecosystems"}]},{"@type":"WebSite","@id":"https:\/\/www.pp-ucka.hr\/#website","url":"https:\/\/www.pp-ucka.hr\/","name":"Park prirode U\u010dka","description":"Park prirode U\u010dka","potentialAction":[{"@type":"SearchAction","target":{"@type":"EntryPoint","urlTemplate":"https:\/\/www.pp-ucka.hr\/?s={search_term_string}"},"query-input":{"@type":"PropertyValueSpecification","valueRequired":true,"valueName":"search_term_string"}}],"inLanguage":"en-US"}]}},"_links":{"self":[{"href":"https:\/\/www.pp-ucka.hr\/en\/wp-json\/wp\/v2\/pages\/1992","targetHints":{"allow":["GET"]}}],"collection":[{"href":"https:\/\/www.pp-ucka.hr\/en\/wp-json\/wp\/v2\/pages"}],"about":[{"href":"https:\/\/www.pp-ucka.hr\/en\/wp-json\/wp\/v2\/types\/page"}],"author":[{"embeddable":true,"href":"https:\/\/www.pp-ucka.hr\/en\/wp-json\/wp\/v2\/users\/3"}],"replies":[{"embeddable":true,"href":"https:\/\/www.pp-ucka.hr\/en\/wp-json\/wp\/v2\/comments?post=1992"}],"version-history":[{"count":0,"href":"https:\/\/www.pp-ucka.hr\/en\/wp-json\/wp\/v2\/pages\/1992\/revisions"}],"up":[{"embeddable":true,"href":"https:\/\/www.pp-ucka.hr\/en\/wp-json\/wp\/v2\/pages\/275"}],"wp:featuredmedia":[{"embeddable":true,"href":"https:\/\/www.pp-ucka.hr\/en\/wp-json\/wp\/v2\/media\/9704"}],"wp:attachment":[{"href":"https:\/\/www.pp-ucka.hr\/en\/wp-json\/wp\/v2\/media?parent=1992"}],"wp:term":[{"taxonomy":"category","embeddable":true,"href":"https:\/\/www.pp-ucka.hr\/en\/wp-json\/wp\/v2\/categories?post=1992"},{"taxonomy":"post_tag","embeddable":true,"href":"https:\/\/www.pp-ucka.hr\/en\/wp-json\/wp\/v2\/tags?post=1992"}],"curies":[{"name":"wp","href":"https:\/\/api.w.org\/{rel}","templated":true}]}}