{"id":1997,"date":"2013-07-10T11:09:29","date_gmt":"2013-07-10T11:09:29","guid":{"rendered":"http:\/\/www.pp-ucka.hr\/wordpress\/?page_id=1997"},"modified":"2021-07-29T11:57:29","modified_gmt":"2021-07-29T09:57:29","slug":"water","status":"publish","type":"page","link":"https:\/\/www.pp-ucka.hr\/en\/natural-heritage\/water\/","title":{"rendered":"Water"},"content":{"rendered":"<p><img loading=\"lazy\" decoding=\"async\" class=\"alignleft size-medium wp-image-543\" src=\"http:\/\/www.pp-ucka.hr\/wordpress\/wp-content\/uploads\/vode-300x225.jpg\" alt=\"Vode\" width=\"300\" height=\"225\" srcset=\"https:\/\/www.pp-ucka.hr\/2020\/wp-content\/uploads\/vode-300x225.jpg 300w, https:\/\/www.pp-ucka.hr\/2020\/wp-content\/uploads\/vode.jpg 400w\" sizes=\"(max-width: 300px) 100vw, 300px\" \/>Just like today, water has always been the basic requirement for human settlement of a given area. The 14,000-year-long history of human activity on Mount U\u010dka can mostly be put down to the area&#8217;s abundant water supplies.<\/p>\n<p>From the\u00a0<strong>hydrological and hydrogeological<\/strong>\u00a0perspective, the area of the ridge of Mount U\u010dka belongs to the River Ra\u0161a catchment area (in the west) and the coastal sources between Plominska draga and the Preluk Bay catchment area (in the east). Particularly interesting from the hydrogeological perspective is the peak ridge of northern U\u010dka. Due to its absorption capacity and permeability, fissured and karstified Upper Cretaceous limestone collects groundwater. This limestone lies on<strong>impermeable flysch layers<\/strong>, which is why surplus accumulated groundwater overflows at the contact zones between flysch and limestone. The result is many high-quality\u00a0<strong>water sources<\/strong>\u00a0at the foot of U\u010dka ridge, many of which are used for water supply in the Liburnian area.<\/p>\n<p>The morphology of the slopes of Mount U\u010dka is characterised by several\u00a0<strong>torrential valleys<\/strong>\u00a0that cut deep into the mountain and can be several kilometres long. Particularly interesting are the gorges of Medveja and Mo\u0161\u0107eni\u010dka Draga. These valleys are dry most of the year \u2013 the streams in them only carry large amounts of water in periods of abundant precipitation. This is why they are called torrential streams. The longest torrential watercourses in the park area are: the stream of Potok that flows into the sea in Mo\u0161\u0107eni\u010dka Draga; the torrent that flows into the cove of Medveja; and the stream of Banina, which flows into the sea in Ika.<\/p>\n<p>It is worth mentioning here that until several decades ago, many of the present torrents were permanent watercourses. However, due to changing hydrological and climatic conditions, and because many natural water sources are today being used for the water supply system, these are now just intermittent streams.<\/p>\n<p>In the park there are cca. 50 <strong>karst ponds<\/strong>\u00a0that were regularly maintained in the last century by the inhabitants of nearby villages for the purpose of providing water for cattle and agricultural activities in otherwise waterless areas of U\u010dka and \u0106i\u0107arija. Today such ponds no longer have this function, but due to the scarce availability of water in karst areas in general, they still have an important role for various plant and animal species as the only habitat in which they can survive.<\/p>\n","protected":false},"excerpt":{"rendered":"<p>Just like today, water has always been the basic requirement for human settlement of a given area. The 14,000-year-long history of human activity on Mount U\u010dka can mostly be put down to the area&#8217;s abundant water supplies. From the\u00a0hydrological and hydrogeological\u00a0perspective, the area of the ridge of Mount U\u010dka belongs to the River Ra\u0161a catchment [&hellip;]<\/p>\n","protected":false},"author":3,"featured_media":14011,"parent":275,"menu_order":5,"comment_status":"closed","ping_status":"closed","template":"","meta":{"_et_pb_use_builder":"","_et_pb_old_content":"","_et_gb_content_width":"","inline_featured_image":false,"footnotes":""},"categories":[],"tags":[],"class_list":["post-1997","page","type-page","status-publish","has-post-thumbnail","hentry"],"yoast_head":"<!-- This site is optimized with the Yoast SEO plugin v27.5 - https:\/\/yoast.com\/product\/yoast-seo-wordpress\/ -->\n<title>Water - Park prirode U\u010dka<\/title>\n<meta name=\"robots\" content=\"index, follow, max-snippet:-1, max-image-preview:large, max-video-preview:-1\" \/>\n<link rel=\"canonical\" href=\"https:\/\/www.pp-ucka.hr\/en\/natural-heritage\/water\/\" \/>\n<meta property=\"og:locale\" content=\"en_US\" \/>\n<meta property=\"og:type\" content=\"article\" \/>\n<meta property=\"og:title\" content=\"Water - Park prirode U\u010dka\" \/>\n<meta property=\"og:description\" content=\"Just like today, water has always been the basic requirement for human settlement of a given area. The 14,000-year-long history of human activity on Mount U\u010dka can mostly be put down to the area&#8217;s abundant water supplies. From the\u00a0hydrological and hydrogeological\u00a0perspective, the area of the ridge of Mount U\u010dka belongs to the River Ra\u0161a catchment [&hellip;]\" \/>\n<meta property=\"og:url\" content=\"https:\/\/www.pp-ucka.hr\/en\/natural-heritage\/water\/\" \/>\n<meta property=\"og:site_name\" content=\"Park prirode U\u010dka\" \/>\n<meta property=\"article:modified_time\" content=\"2021-07-29T09:57:29+00:00\" \/>\n<meta property=\"og:image\" content=\"https:\/\/www.pp-ucka.hr\/2020\/wp-content\/uploads\/pp_ucka_prirodna-bastina_vode_naslovna.jpg\" \/>\n\t<meta property=\"og:image:width\" content=\"1920\" \/>\n\t<meta property=\"og:image:height\" content=\"1080\" \/>\n\t<meta property=\"og:image:type\" content=\"image\/jpeg\" \/>\n<meta name=\"twitter:card\" content=\"summary_large_image\" \/>\n<script type=\"application\/ld+json\" class=\"yoast-schema-graph\">{\"@context\":\"https:\\\/\\\/schema.org\",\"@graph\":[{\"@type\":\"WebPage\",\"@id\":\"https:\\\/\\\/www.pp-ucka.hr\\\/en\\\/natural-heritage\\\/water\\\/\",\"url\":\"https:\\\/\\\/www.pp-ucka.hr\\\/en\\\/natural-heritage\\\/water\\\/\",\"name\":\"Water - Park prirode U\u010dka\",\"isPartOf\":{\"@id\":\"https:\\\/\\\/www.pp-ucka.hr\\\/#website\"},\"primaryImageOfPage\":{\"@id\":\"https:\\\/\\\/www.pp-ucka.hr\\\/en\\\/natural-heritage\\\/water\\\/#primaryimage\"},\"image\":{\"@id\":\"https:\\\/\\\/www.pp-ucka.hr\\\/en\\\/natural-heritage\\\/water\\\/#primaryimage\"},\"thumbnailUrl\":\"https:\\\/\\\/www.pp-ucka.hr\\\/2020\\\/wp-content\\\/uploads\\\/pp_ucka_prirodna-bastina_vode_naslovna.jpg\",\"datePublished\":\"2013-07-10T11:09:29+00:00\",\"dateModified\":\"2021-07-29T09:57:29+00:00\",\"breadcrumb\":{\"@id\":\"https:\\\/\\\/www.pp-ucka.hr\\\/en\\\/natural-heritage\\\/water\\\/#breadcrumb\"},\"inLanguage\":\"en-US\",\"potentialAction\":[{\"@type\":\"ReadAction\",\"target\":[\"https:\\\/\\\/www.pp-ucka.hr\\\/en\\\/natural-heritage\\\/water\\\/\"]}]},{\"@type\":\"ImageObject\",\"inLanguage\":\"en-US\",\"@id\":\"https:\\\/\\\/www.pp-ucka.hr\\\/en\\\/natural-heritage\\\/water\\\/#primaryimage\",\"url\":\"https:\\\/\\\/www.pp-ucka.hr\\\/2020\\\/wp-content\\\/uploads\\\/pp_ucka_prirodna-bastina_vode_naslovna.jpg\",\"contentUrl\":\"https:\\\/\\\/www.pp-ucka.hr\\\/2020\\\/wp-content\\\/uploads\\\/pp_ucka_prirodna-bastina_vode_naslovna.jpg\",\"width\":1920,\"height\":1080},{\"@type\":\"BreadcrumbList\",\"@id\":\"https:\\\/\\\/www.pp-ucka.hr\\\/en\\\/natural-heritage\\\/water\\\/#breadcrumb\",\"itemListElement\":[{\"@type\":\"ListItem\",\"position\":1,\"name\":\"Po\u010detna stranica\",\"item\":\"https:\\\/\\\/www.pp-ucka.hr\\\/en\\\/\"},{\"@type\":\"ListItem\",\"position\":2,\"name\":\"Natural heritage\",\"item\":\"https:\\\/\\\/www.pp-ucka.hr\\\/en\\\/natural-heritage\\\/\"},{\"@type\":\"ListItem\",\"position\":3,\"name\":\"Water\"}]},{\"@type\":\"WebSite\",\"@id\":\"https:\\\/\\\/www.pp-ucka.hr\\\/#website\",\"url\":\"https:\\\/\\\/www.pp-ucka.hr\\\/\",\"name\":\"Park prirode U\u010dka\",\"description\":\"Park prirode U\u010dka\",\"potentialAction\":[{\"@type\":\"SearchAction\",\"target\":{\"@type\":\"EntryPoint\",\"urlTemplate\":\"https:\\\/\\\/www.pp-ucka.hr\\\/?s={search_term_string}\"},\"query-input\":{\"@type\":\"PropertyValueSpecification\",\"valueRequired\":true,\"valueName\":\"search_term_string\"}}],\"inLanguage\":\"en-US\"}]}<\/script>\n<!-- \/ Yoast SEO plugin. -->","yoast_head_json":{"title":"Water - Park prirode U\u010dka","robots":{"index":"index","follow":"follow","max-snippet":"max-snippet:-1","max-image-preview":"max-image-preview:large","max-video-preview":"max-video-preview:-1"},"canonical":"https:\/\/www.pp-ucka.hr\/en\/natural-heritage\/water\/","og_locale":"en_US","og_type":"article","og_title":"Water - Park prirode U\u010dka","og_description":"Just like today, water has always been the basic requirement for human settlement of a given area. The 14,000-year-long history of human activity on Mount U\u010dka can mostly be put down to the area&#8217;s abundant water supplies. From the\u00a0hydrological and hydrogeological\u00a0perspective, the area of the ridge of Mount U\u010dka belongs to the River Ra\u0161a catchment [&hellip;]","og_url":"https:\/\/www.pp-ucka.hr\/en\/natural-heritage\/water\/","og_site_name":"Park prirode U\u010dka","article_modified_time":"2021-07-29T09:57:29+00:00","og_image":[{"width":1920,"height":1080,"url":"https:\/\/www.pp-ucka.hr\/2020\/wp-content\/uploads\/pp_ucka_prirodna-bastina_vode_naslovna.jpg","type":"image\/jpeg"}],"twitter_card":"summary_large_image","schema":{"@context":"https:\/\/schema.org","@graph":[{"@type":"WebPage","@id":"https:\/\/www.pp-ucka.hr\/en\/natural-heritage\/water\/","url":"https:\/\/www.pp-ucka.hr\/en\/natural-heritage\/water\/","name":"Water - Park prirode U\u010dka","isPartOf":{"@id":"https:\/\/www.pp-ucka.hr\/#website"},"primaryImageOfPage":{"@id":"https:\/\/www.pp-ucka.hr\/en\/natural-heritage\/water\/#primaryimage"},"image":{"@id":"https:\/\/www.pp-ucka.hr\/en\/natural-heritage\/water\/#primaryimage"},"thumbnailUrl":"https:\/\/www.pp-ucka.hr\/2020\/wp-content\/uploads\/pp_ucka_prirodna-bastina_vode_naslovna.jpg","datePublished":"2013-07-10T11:09:29+00:00","dateModified":"2021-07-29T09:57:29+00:00","breadcrumb":{"@id":"https:\/\/www.pp-ucka.hr\/en\/natural-heritage\/water\/#breadcrumb"},"inLanguage":"en-US","potentialAction":[{"@type":"ReadAction","target":["https:\/\/www.pp-ucka.hr\/en\/natural-heritage\/water\/"]}]},{"@type":"ImageObject","inLanguage":"en-US","@id":"https:\/\/www.pp-ucka.hr\/en\/natural-heritage\/water\/#primaryimage","url":"https:\/\/www.pp-ucka.hr\/2020\/wp-content\/uploads\/pp_ucka_prirodna-bastina_vode_naslovna.jpg","contentUrl":"https:\/\/www.pp-ucka.hr\/2020\/wp-content\/uploads\/pp_ucka_prirodna-bastina_vode_naslovna.jpg","width":1920,"height":1080},{"@type":"BreadcrumbList","@id":"https:\/\/www.pp-ucka.hr\/en\/natural-heritage\/water\/#breadcrumb","itemListElement":[{"@type":"ListItem","position":1,"name":"Po\u010detna stranica","item":"https:\/\/www.pp-ucka.hr\/en\/"},{"@type":"ListItem","position":2,"name":"Natural heritage","item":"https:\/\/www.pp-ucka.hr\/en\/natural-heritage\/"},{"@type":"ListItem","position":3,"name":"Water"}]},{"@type":"WebSite","@id":"https:\/\/www.pp-ucka.hr\/#website","url":"https:\/\/www.pp-ucka.hr\/","name":"Park prirode U\u010dka","description":"Park prirode U\u010dka","potentialAction":[{"@type":"SearchAction","target":{"@type":"EntryPoint","urlTemplate":"https:\/\/www.pp-ucka.hr\/?s={search_term_string}"},"query-input":{"@type":"PropertyValueSpecification","valueRequired":true,"valueName":"search_term_string"}}],"inLanguage":"en-US"}]}},"_links":{"self":[{"href":"https:\/\/www.pp-ucka.hr\/en\/wp-json\/wp\/v2\/pages\/1997","targetHints":{"allow":["GET"]}}],"collection":[{"href":"https:\/\/www.pp-ucka.hr\/en\/wp-json\/wp\/v2\/pages"}],"about":[{"href":"https:\/\/www.pp-ucka.hr\/en\/wp-json\/wp\/v2\/types\/page"}],"author":[{"embeddable":true,"href":"https:\/\/www.pp-ucka.hr\/en\/wp-json\/wp\/v2\/users\/3"}],"replies":[{"embeddable":true,"href":"https:\/\/www.pp-ucka.hr\/en\/wp-json\/wp\/v2\/comments?post=1997"}],"version-history":[{"count":0,"href":"https:\/\/www.pp-ucka.hr\/en\/wp-json\/wp\/v2\/pages\/1997\/revisions"}],"up":[{"embeddable":true,"href":"https:\/\/www.pp-ucka.hr\/en\/wp-json\/wp\/v2\/pages\/275"}],"wp:featuredmedia":[{"embeddable":true,"href":"https:\/\/www.pp-ucka.hr\/en\/wp-json\/wp\/v2\/media\/14011"}],"wp:attachment":[{"href":"https:\/\/www.pp-ucka.hr\/en\/wp-json\/wp\/v2\/media?parent=1997"}],"wp:term":[{"taxonomy":"category","embeddable":true,"href":"https:\/\/www.pp-ucka.hr\/en\/wp-json\/wp\/v2\/categories?post=1997"},{"taxonomy":"post_tag","embeddable":true,"href":"https:\/\/www.pp-ucka.hr\/en\/wp-json\/wp\/v2\/tags?post=1997"}],"curies":[{"name":"wp","href":"https:\/\/api.w.org\/{rel}","templated":true}]}}