{"id":2189,"date":"2013-07-11T09:37:52","date_gmt":"2013-07-11T09:37:52","guid":{"rendered":"http:\/\/www.pp-ucka.hr\/wordpress\/?page_id=2189"},"modified":"2023-09-25T11:48:36","modified_gmt":"2023-09-25T09:48:36","slug":"expert-guidance-by-the-parks-professionals","status":"publish","type":"page","link":"https:\/\/www.pp-ucka.hr\/en\/information-for-visitors\/guided-tours\/expert-guidance-by-the-parks-professionals\/","title":{"rendered":"Guided Tours"},"content":{"rendered":"<p>If you wish to experience the beauty of U\u010dka and \u0106i\u0107arija with a guided tour while trusting the organization of your visit in the U\u010dka Nature Park to experts, refer to one of the many touristic agencies in the area or to the U\u010dka Nature Park Public Institution which offers to its visitors various guided tours by the Park&#8217;s emloyees. The prices for the guided tours that impliy expert interpretation, are:<\/p>\n<ul>\n<li><strong>for groups of up to 10 people: 100 \u20ac\/753,45 kn per group;<\/strong><\/li>\n<li><strong>for groups of more than 10 people: 10\u20ac\/75,35 kn per person.<\/strong><\/li>\n<\/ul>\n<p>In case you want to get to know the area of U\u010dka and \u0106i\u0107arija through stories and tales while walking accompanied by the Park&#8217;s emloyees, contact us via e-mail: <a href=\"mailto:info@pp-ucka.hr\">info@pp-ucka.hr<\/a> and arrange an appointment, at least 7 days in advance.<br \/>\nThe only thing you need to organize on your own is the transportation to the agreed starting point location in the U\u010dka Nature Park.<\/p>\n<h4>THE U\u010cKA NATURE PARK OFFERS THE FOLLOWING TREKKING TOURS:<\/h4>\n<ol>\n<li><a href=\"https:\/\/www.pp-ucka.hr\/en\/poklon-vojak-plas-educational-trail-poklon\/\"><strong>POKLON \u2013 VOJAK \u2013\u00a0 &#8220;PLAS&#8221; EDUCATIONAL TRAIL \u2013 POKLON<\/strong><\/a><\/li>\n<li><a href=\"https:\/\/www.pp-ucka.hr\/en\/information-for-visitors\/educational-and-hiking-trails\/5153-2\/\"><strong>LAND-ART TRAIL &#8220;STRA\u017dICA-SAPA\u0106ICA&#8221;<\/strong><\/a><\/li>\n<\/ol>\n","protected":false},"excerpt":{"rendered":"<p>If you wish to experience the beauty of U\u010dka and \u0106i\u0107arija with a guided tour while trusting the organization of your visit in the U\u010dka Nature Park to experts, refer to one of the many touristic agencies in the area or to the U\u010dka Nature Park Public Institution which offers to its visitors various guided [&hellip;]<\/p>\n","protected":false},"author":3,"featured_media":9704,"parent":2192,"menu_order":1,"comment_status":"closed","ping_status":"closed","template":"","meta":{"_et_pb_use_builder":"","_et_pb_old_content":"","_et_gb_content_width":"","inline_featured_image":false,"footnotes":""},"categories":[124],"tags":[],"class_list":["post-2189","page","type-page","status-publish","has-post-thumbnail","hentry","category-guided-tours-and-education"],"yoast_head":"<!-- This site is optimized with the Yoast SEO plugin v27.3 - https:\/\/yoast.com\/product\/yoast-seo-wordpress\/ -->\n<title>Guided Tours - Park prirode U\u010dka<\/title>\n<meta name=\"robots\" content=\"index, follow, max-snippet:-1, max-image-preview:large, max-video-preview:-1\" \/>\n<link rel=\"canonical\" href=\"https:\/\/www.pp-ucka.hr\/en\/information-for-visitors\/guided-tours\/expert-guidance-by-the-parks-professionals\/\" \/>\n<meta property=\"og:locale\" content=\"en_US\" \/>\n<meta property=\"og:type\" content=\"article\" \/>\n<meta property=\"og:title\" content=\"Guided Tours - Park prirode U\u010dka\" \/>\n<meta property=\"og:description\" content=\"If you wish to experience the beauty of U\u010dka and \u0106i\u0107arija with a guided tour while trusting the organization of your visit in the U\u010dka Nature Park to experts, refer to one of the many touristic agencies in the area or to the U\u010dka Nature Park Public Institution which offers to its visitors various guided [&hellip;]\" \/>\n<meta property=\"og:url\" content=\"https:\/\/www.pp-ucka.hr\/en\/information-for-visitors\/guided-tours\/expert-guidance-by-the-parks-professionals\/\" \/>\n<meta property=\"og:site_name\" content=\"Park prirode U\u010dka\" \/>\n<meta property=\"article:modified_time\" content=\"2023-09-25T09:48:36+00:00\" \/>\n<meta name=\"twitter:card\" content=\"summary_large_image\" \/>\n<meta name=\"twitter:label1\" content=\"Est. reading time\" \/>\n\t<meta name=\"twitter:data1\" content=\"1 minute\" \/>\n<script type=\"application\/ld+json\" class=\"yoast-schema-graph\">{\"@context\":\"https:\\\/\\\/schema.org\",\"@graph\":[{\"@type\":\"WebPage\",\"@id\":\"https:\\\/\\\/www.pp-ucka.hr\\\/en\\\/information-for-visitors\\\/guided-tours\\\/expert-guidance-by-the-parks-professionals\\\/\",\"url\":\"https:\\\/\\\/www.pp-ucka.hr\\\/en\\\/information-for-visitors\\\/guided-tours\\\/expert-guidance-by-the-parks-professionals\\\/\",\"name\":\"Guided Tours - Park prirode U\u010dka\",\"isPartOf\":{\"@id\":\"https:\\\/\\\/www.pp-ucka.hr\\\/#website\"},\"primaryImageOfPage\":{\"@id\":\"https:\\\/\\\/www.pp-ucka.hr\\\/en\\\/information-for-visitors\\\/guided-tours\\\/expert-guidance-by-the-parks-professionals\\\/#primaryimage\"},\"image\":{\"@id\":\"https:\\\/\\\/www.pp-ucka.hr\\\/en\\\/information-for-visitors\\\/guided-tours\\\/expert-guidance-by-the-parks-professionals\\\/#primaryimage\"},\"thumbnailUrl\":\"https:\\\/\\\/www.pp-ucka.hr\\\/2020\\\/wp-content\\\/uploads\\\/pp_ucka_featured_2000.jpg\",\"datePublished\":\"2013-07-11T09:37:52+00:00\",\"dateModified\":\"2023-09-25T09:48:36+00:00\",\"breadcrumb\":{\"@id\":\"https:\\\/\\\/www.pp-ucka.hr\\\/en\\\/information-for-visitors\\\/guided-tours\\\/expert-guidance-by-the-parks-professionals\\\/#breadcrumb\"},\"inLanguage\":\"en-US\",\"potentialAction\":[{\"@type\":\"ReadAction\",\"target\":[\"https:\\\/\\\/www.pp-ucka.hr\\\/en\\\/information-for-visitors\\\/guided-tours\\\/expert-guidance-by-the-parks-professionals\\\/\"]}]},{\"@type\":\"ImageObject\",\"inLanguage\":\"en-US\",\"@id\":\"https:\\\/\\\/www.pp-ucka.hr\\\/en\\\/information-for-visitors\\\/guided-tours\\\/expert-guidance-by-the-parks-professionals\\\/#primaryimage\",\"url\":\"https:\\\/\\\/www.pp-ucka.hr\\\/2020\\\/wp-content\\\/uploads\\\/pp_ucka_featured_2000.jpg\",\"contentUrl\":\"https:\\\/\\\/www.pp-ucka.hr\\\/2020\\\/wp-content\\\/uploads\\\/pp_ucka_featured_2000.jpg\",\"width\":2000,\"height\":1129},{\"@type\":\"BreadcrumbList\",\"@id\":\"https:\\\/\\\/www.pp-ucka.hr\\\/en\\\/information-for-visitors\\\/guided-tours\\\/expert-guidance-by-the-parks-professionals\\\/#breadcrumb\",\"itemListElement\":[{\"@type\":\"ListItem\",\"position\":1,\"name\":\"Po\u010detna stranica\",\"item\":\"https:\\\/\\\/www.pp-ucka.hr\\\/en\\\/\"},{\"@type\":\"ListItem\",\"position\":2,\"name\":\"Information for visitors\",\"item\":\"https:\\\/\\\/www.pp-ucka.hr\\\/en\\\/information-for-visitors\\\/\"},{\"@type\":\"ListItem\",\"position\":3,\"name\":\"Guided tours\",\"item\":\"https:\\\/\\\/www.pp-ucka.hr\\\/en\\\/information-for-visitors\\\/guided-tours\\\/\"},{\"@type\":\"ListItem\",\"position\":4,\"name\":\"Guided Tours\"}]},{\"@type\":\"WebSite\",\"@id\":\"https:\\\/\\\/www.pp-ucka.hr\\\/#website\",\"url\":\"https:\\\/\\\/www.pp-ucka.hr\\\/\",\"name\":\"Park prirode U\u010dka\",\"description\":\"Park prirode U\u010dka\",\"potentialAction\":[{\"@type\":\"SearchAction\",\"target\":{\"@type\":\"EntryPoint\",\"urlTemplate\":\"https:\\\/\\\/www.pp-ucka.hr\\\/?s={search_term_string}\"},\"query-input\":{\"@type\":\"PropertyValueSpecification\",\"valueRequired\":true,\"valueName\":\"search_term_string\"}}],\"inLanguage\":\"en-US\"}]}<\/script>\n<!-- \/ Yoast SEO plugin. -->","yoast_head_json":{"title":"Guided Tours - Park prirode U\u010dka","robots":{"index":"index","follow":"follow","max-snippet":"max-snippet:-1","max-image-preview":"max-image-preview:large","max-video-preview":"max-video-preview:-1"},"canonical":"https:\/\/www.pp-ucka.hr\/en\/information-for-visitors\/guided-tours\/expert-guidance-by-the-parks-professionals\/","og_locale":"en_US","og_type":"article","og_title":"Guided Tours - Park prirode U\u010dka","og_description":"If you wish to experience the beauty of U\u010dka and \u0106i\u0107arija with a guided tour while trusting the organization of your visit in the U\u010dka Nature Park to experts, refer to one of the many touristic agencies in the area or to the U\u010dka Nature Park Public Institution which offers to its visitors various guided [&hellip;]","og_url":"https:\/\/www.pp-ucka.hr\/en\/information-for-visitors\/guided-tours\/expert-guidance-by-the-parks-professionals\/","og_site_name":"Park prirode U\u010dka","article_modified_time":"2023-09-25T09:48:36+00:00","twitter_card":"summary_large_image","twitter_misc":{"Est. reading time":"1 minute"},"schema":{"@context":"https:\/\/schema.org","@graph":[{"@type":"WebPage","@id":"https:\/\/www.pp-ucka.hr\/en\/information-for-visitors\/guided-tours\/expert-guidance-by-the-parks-professionals\/","url":"https:\/\/www.pp-ucka.hr\/en\/information-for-visitors\/guided-tours\/expert-guidance-by-the-parks-professionals\/","name":"Guided Tours - Park prirode U\u010dka","isPartOf":{"@id":"https:\/\/www.pp-ucka.hr\/#website"},"primaryImageOfPage":{"@id":"https:\/\/www.pp-ucka.hr\/en\/information-for-visitors\/guided-tours\/expert-guidance-by-the-parks-professionals\/#primaryimage"},"image":{"@id":"https:\/\/www.pp-ucka.hr\/en\/information-for-visitors\/guided-tours\/expert-guidance-by-the-parks-professionals\/#primaryimage"},"thumbnailUrl":"https:\/\/www.pp-ucka.hr\/2020\/wp-content\/uploads\/pp_ucka_featured_2000.jpg","datePublished":"2013-07-11T09:37:52+00:00","dateModified":"2023-09-25T09:48:36+00:00","breadcrumb":{"@id":"https:\/\/www.pp-ucka.hr\/en\/information-for-visitors\/guided-tours\/expert-guidance-by-the-parks-professionals\/#breadcrumb"},"inLanguage":"en-US","potentialAction":[{"@type":"ReadAction","target":["https:\/\/www.pp-ucka.hr\/en\/information-for-visitors\/guided-tours\/expert-guidance-by-the-parks-professionals\/"]}]},{"@type":"ImageObject","inLanguage":"en-US","@id":"https:\/\/www.pp-ucka.hr\/en\/information-for-visitors\/guided-tours\/expert-guidance-by-the-parks-professionals\/#primaryimage","url":"https:\/\/www.pp-ucka.hr\/2020\/wp-content\/uploads\/pp_ucka_featured_2000.jpg","contentUrl":"https:\/\/www.pp-ucka.hr\/2020\/wp-content\/uploads\/pp_ucka_featured_2000.jpg","width":2000,"height":1129},{"@type":"BreadcrumbList","@id":"https:\/\/www.pp-ucka.hr\/en\/information-for-visitors\/guided-tours\/expert-guidance-by-the-parks-professionals\/#breadcrumb","itemListElement":[{"@type":"ListItem","position":1,"name":"Po\u010detna stranica","item":"https:\/\/www.pp-ucka.hr\/en\/"},{"@type":"ListItem","position":2,"name":"Information for visitors","item":"https:\/\/www.pp-ucka.hr\/en\/information-for-visitors\/"},{"@type":"ListItem","position":3,"name":"Guided tours","item":"https:\/\/www.pp-ucka.hr\/en\/information-for-visitors\/guided-tours\/"},{"@type":"ListItem","position":4,"name":"Guided Tours"}]},{"@type":"WebSite","@id":"https:\/\/www.pp-ucka.hr\/#website","url":"https:\/\/www.pp-ucka.hr\/","name":"Park prirode U\u010dka","description":"Park prirode U\u010dka","potentialAction":[{"@type":"SearchAction","target":{"@type":"EntryPoint","urlTemplate":"https:\/\/www.pp-ucka.hr\/?s={search_term_string}"},"query-input":{"@type":"PropertyValueSpecification","valueRequired":true,"valueName":"search_term_string"}}],"inLanguage":"en-US"}]}},"_links":{"self":[{"href":"https:\/\/www.pp-ucka.hr\/en\/wp-json\/wp\/v2\/pages\/2189","targetHints":{"allow":["GET"]}}],"collection":[{"href":"https:\/\/www.pp-ucka.hr\/en\/wp-json\/wp\/v2\/pages"}],"about":[{"href":"https:\/\/www.pp-ucka.hr\/en\/wp-json\/wp\/v2\/types\/page"}],"author":[{"embeddable":true,"href":"https:\/\/www.pp-ucka.hr\/en\/wp-json\/wp\/v2\/users\/3"}],"replies":[{"embeddable":true,"href":"https:\/\/www.pp-ucka.hr\/en\/wp-json\/wp\/v2\/comments?post=2189"}],"version-history":[{"count":0,"href":"https:\/\/www.pp-ucka.hr\/en\/wp-json\/wp\/v2\/pages\/2189\/revisions"}],"up":[{"embeddable":true,"href":"https:\/\/www.pp-ucka.hr\/en\/wp-json\/wp\/v2\/pages\/2192"}],"wp:featuredmedia":[{"embeddable":true,"href":"https:\/\/www.pp-ucka.hr\/en\/wp-json\/wp\/v2\/media\/9704"}],"wp:attachment":[{"href":"https:\/\/www.pp-ucka.hr\/en\/wp-json\/wp\/v2\/media?parent=2189"}],"wp:term":[{"taxonomy":"category","embeddable":true,"href":"https:\/\/www.pp-ucka.hr\/en\/wp-json\/wp\/v2\/categories?post=2189"},{"taxonomy":"post_tag","embeddable":true,"href":"https:\/\/www.pp-ucka.hr\/en\/wp-json\/wp\/v2\/tags?post=2189"}],"curies":[{"name":"wp","href":"https:\/\/api.w.org\/{rel}","templated":true}]}}