{"id":2213,"date":"2013-07-11T10:12:39","date_gmt":"2013-07-11T10:12:39","guid":{"rendered":"http:\/\/www.pp-ucka.hr\/wordpress\/?page_id=2213"},"modified":"2013-07-11T10:12:39","modified_gmt":"2013-07-11T10:12:39","slug":"moscenicka-draga-trebisca-sucici-moscenicka-draga-3","status":"publish","type":"page","link":"https:\/\/www.pp-ucka.hr\/en\/moscenicka-draga-trebisca-sucici-moscenicka-draga-3\/","title":{"rendered":"MO\u0160\u0106ENI\u010cKA DRAGA \u2013 TREBI\u0160\u0106A \u2013 SU\u010cI\u0106I \u2013 MO\u0160\u0106ENI\u010cKA DRAGA"},"content":{"rendered":"<p><strong><a href=\"http:\/\/www.pp-ucka.hr\/wordpress\/wp-content\/uploads\/vodj-6.jpg\"><img loading=\"lazy\" decoding=\"async\" class=\"alignleft size-medium wp-image-960\" alt=\"MO\u0160\u0106ENI\u010cKA DRAGA \u2013 TREBI\u0160\u0106A \u2013 SU\u010cI\u0106I \u2013 MO\u0160\u0106ENI\u010cKA DRAGA\" src=\"http:\/\/www.pp-ucka.hr\/wordpress\/wp-content\/uploads\/vodj-6-300x200.jpg\" width=\"300\" height=\"200\" srcset=\"https:\/\/www.pp-ucka.hr\/2020\/wp-content\/uploads\/vodj-6-300x200.jpg 300w, https:\/\/www.pp-ucka.hr\/2020\/wp-content\/uploads\/vodj-6.jpg 400w\" sizes=\"(max-width: 300px) 100vw, 300px\" \/><\/a><\/strong><\/p>\n<p><strong>Meeting point<\/strong>: Mo\u0161\u0107eni\u010dka Draga<\/p>\n<p><strong>Description:\u00a0<\/strong>The tour starts in Mo\u0161\u0107eni\u010dka Draga, at the starting point of the Trebi\u0161\u0107a-Perun history and mythology trail. The trail leads through the hamlet of Potoki to the abandoned hamlet of Trebi\u0161\u0107a below the peak of Perun. Scientific research shows that these slopes of Mount U\u010dka had very special significance for the first Slavic settlers to reach the Adriatic. This area was chosen as the site for their cult rituals, and the stage for their mythology explaining the annual cycle of life and natural changes, crucial to human existence. With the help of richly illustrated interpretation boards, visitors can learn more about who the Slavs actually are, what we know today about their origins, why they came here, and the beliefs on which life in their community was based.<\/p>\n<p>On the way back to Mo\u0161\u0107eni\u010dka Draga, the tour passes through the hamlet of Su\u010di\u0107i.<\/p>\n<p><strong><\/p>\n<p>Duration of the trekking tour: ca. 4:00 h<\/strong><\/p>\n<p><strong><strong>Difficulty: medium-hard<\/strong><br \/>\n<\/strong><\/p>\n","protected":false},"excerpt":{"rendered":"<p>Meeting point: Mo\u0161\u0107eni\u010dka Draga Description:\u00a0The tour starts in Mo\u0161\u0107eni\u010dka Draga, at the starting point of the Trebi\u0161\u0107a-Perun history and mythology trail. The trail leads through the hamlet of Potoki to the abandoned hamlet of Trebi\u0161\u0107a below the peak of Perun. Scientific research shows that these slopes of Mount U\u010dka had very special significance for the [&hellip;]<\/p>\n","protected":false},"author":3,"featured_media":9704,"parent":0,"menu_order":0,"comment_status":"closed","ping_status":"closed","template":"","meta":{"_et_pb_use_builder":"","_et_pb_old_content":"","_et_gb_content_width":"","inline_featured_image":false,"footnotes":""},"categories":[],"tags":[],"class_list":["post-2213","page","type-page","status-publish","has-post-thumbnail","hentry"],"yoast_head":"<!-- This site is optimized with the Yoast SEO plugin v27.5 - https:\/\/yoast.com\/product\/yoast-seo-wordpress\/ -->\n<title>MO\u0160\u0106ENI\u010cKA DRAGA \u2013 TREBI\u0160\u0106A \u2013 SU\u010cI\u0106I \u2013 MO\u0160\u0106ENI\u010cKA DRAGA - Park prirode U\u010dka<\/title>\n<meta name=\"robots\" content=\"index, follow, max-snippet:-1, max-image-preview:large, max-video-preview:-1\" \/>\n<link rel=\"canonical\" href=\"https:\/\/www.pp-ucka.hr\/en\/moscenicka-draga-trebisca-sucici-moscenicka-draga-3\/\" \/>\n<meta property=\"og:locale\" content=\"en_US\" \/>\n<meta property=\"og:type\" content=\"article\" \/>\n<meta property=\"og:title\" content=\"MO\u0160\u0106ENI\u010cKA DRAGA \u2013 TREBI\u0160\u0106A \u2013 SU\u010cI\u0106I \u2013 MO\u0160\u0106ENI\u010cKA DRAGA - Park prirode U\u010dka\" \/>\n<meta property=\"og:description\" content=\"Meeting point: Mo\u0161\u0107eni\u010dka Draga Description:\u00a0The tour starts in Mo\u0161\u0107eni\u010dka Draga, at the starting point of the Trebi\u0161\u0107a-Perun history and mythology trail. The trail leads through the hamlet of Potoki to the abandoned hamlet of Trebi\u0161\u0107a below the peak of Perun. Scientific research shows that these slopes of Mount U\u010dka had very special significance for the [&hellip;]\" \/>\n<meta property=\"og:url\" content=\"https:\/\/www.pp-ucka.hr\/en\/moscenicka-draga-trebisca-sucici-moscenicka-draga-3\/\" \/>\n<meta property=\"og:site_name\" content=\"Park prirode U\u010dka\" \/>\n<meta property=\"og:image\" content=\"https:\/\/www.pp-ucka.hr\/2020\/wp-content\/uploads\/pp_ucka_featured_2000.jpg\" \/>\n\t<meta property=\"og:image:width\" content=\"2000\" \/>\n\t<meta property=\"og:image:height\" content=\"1129\" \/>\n\t<meta property=\"og:image:type\" content=\"image\/jpeg\" \/>\n<meta name=\"twitter:card\" content=\"summary_large_image\" \/>\n<script type=\"application\/ld+json\" class=\"yoast-schema-graph\">{\"@context\":\"https:\\\/\\\/schema.org\",\"@graph\":[{\"@type\":\"WebPage\",\"@id\":\"https:\\\/\\\/www.pp-ucka.hr\\\/en\\\/moscenicka-draga-trebisca-sucici-moscenicka-draga-3\\\/\",\"url\":\"https:\\\/\\\/www.pp-ucka.hr\\\/en\\\/moscenicka-draga-trebisca-sucici-moscenicka-draga-3\\\/\",\"name\":\"MO\u0160\u0106ENI\u010cKA DRAGA \u2013 TREBI\u0160\u0106A \u2013 SU\u010cI\u0106I \u2013 MO\u0160\u0106ENI\u010cKA DRAGA - Park prirode U\u010dka\",\"isPartOf\":{\"@id\":\"https:\\\/\\\/www.pp-ucka.hr\\\/#website\"},\"primaryImageOfPage\":{\"@id\":\"https:\\\/\\\/www.pp-ucka.hr\\\/en\\\/moscenicka-draga-trebisca-sucici-moscenicka-draga-3\\\/#primaryimage\"},\"image\":{\"@id\":\"https:\\\/\\\/www.pp-ucka.hr\\\/en\\\/moscenicka-draga-trebisca-sucici-moscenicka-draga-3\\\/#primaryimage\"},\"thumbnailUrl\":\"https:\\\/\\\/www.pp-ucka.hr\\\/2020\\\/wp-content\\\/uploads\\\/pp_ucka_featured_2000.jpg\",\"datePublished\":\"2013-07-11T10:12:39+00:00\",\"breadcrumb\":{\"@id\":\"https:\\\/\\\/www.pp-ucka.hr\\\/en\\\/moscenicka-draga-trebisca-sucici-moscenicka-draga-3\\\/#breadcrumb\"},\"inLanguage\":\"en-US\",\"potentialAction\":[{\"@type\":\"ReadAction\",\"target\":[\"https:\\\/\\\/www.pp-ucka.hr\\\/en\\\/moscenicka-draga-trebisca-sucici-moscenicka-draga-3\\\/\"]}]},{\"@type\":\"ImageObject\",\"inLanguage\":\"en-US\",\"@id\":\"https:\\\/\\\/www.pp-ucka.hr\\\/en\\\/moscenicka-draga-trebisca-sucici-moscenicka-draga-3\\\/#primaryimage\",\"url\":\"https:\\\/\\\/www.pp-ucka.hr\\\/2020\\\/wp-content\\\/uploads\\\/pp_ucka_featured_2000.jpg\",\"contentUrl\":\"https:\\\/\\\/www.pp-ucka.hr\\\/2020\\\/wp-content\\\/uploads\\\/pp_ucka_featured_2000.jpg\",\"width\":2000,\"height\":1129},{\"@type\":\"BreadcrumbList\",\"@id\":\"https:\\\/\\\/www.pp-ucka.hr\\\/en\\\/moscenicka-draga-trebisca-sucici-moscenicka-draga-3\\\/#breadcrumb\",\"itemListElement\":[{\"@type\":\"ListItem\",\"position\":1,\"name\":\"Po\u010detna stranica\",\"item\":\"https:\\\/\\\/www.pp-ucka.hr\\\/en\\\/\"},{\"@type\":\"ListItem\",\"position\":2,\"name\":\"MO\u0160\u0106ENI\u010cKA DRAGA \u2013 TREBI\u0160\u0106A \u2013 SU\u010cI\u0106I \u2013 MO\u0160\u0106ENI\u010cKA DRAGA\"}]},{\"@type\":\"WebSite\",\"@id\":\"https:\\\/\\\/www.pp-ucka.hr\\\/#website\",\"url\":\"https:\\\/\\\/www.pp-ucka.hr\\\/\",\"name\":\"Park prirode U\u010dka\",\"description\":\"Park prirode U\u010dka\",\"potentialAction\":[{\"@type\":\"SearchAction\",\"target\":{\"@type\":\"EntryPoint\",\"urlTemplate\":\"https:\\\/\\\/www.pp-ucka.hr\\\/?s={search_term_string}\"},\"query-input\":{\"@type\":\"PropertyValueSpecification\",\"valueRequired\":true,\"valueName\":\"search_term_string\"}}],\"inLanguage\":\"en-US\"}]}<\/script>\n<!-- \/ Yoast SEO plugin. -->","yoast_head_json":{"title":"MO\u0160\u0106ENI\u010cKA DRAGA \u2013 TREBI\u0160\u0106A \u2013 SU\u010cI\u0106I \u2013 MO\u0160\u0106ENI\u010cKA DRAGA - Park prirode U\u010dka","robots":{"index":"index","follow":"follow","max-snippet":"max-snippet:-1","max-image-preview":"max-image-preview:large","max-video-preview":"max-video-preview:-1"},"canonical":"https:\/\/www.pp-ucka.hr\/en\/moscenicka-draga-trebisca-sucici-moscenicka-draga-3\/","og_locale":"en_US","og_type":"article","og_title":"MO\u0160\u0106ENI\u010cKA DRAGA \u2013 TREBI\u0160\u0106A \u2013 SU\u010cI\u0106I \u2013 MO\u0160\u0106ENI\u010cKA DRAGA - Park prirode U\u010dka","og_description":"Meeting point: Mo\u0161\u0107eni\u010dka Draga Description:\u00a0The tour starts in Mo\u0161\u0107eni\u010dka Draga, at the starting point of the Trebi\u0161\u0107a-Perun history and mythology trail. The trail leads through the hamlet of Potoki to the abandoned hamlet of Trebi\u0161\u0107a below the peak of Perun. Scientific research shows that these slopes of Mount U\u010dka had very special significance for the [&hellip;]","og_url":"https:\/\/www.pp-ucka.hr\/en\/moscenicka-draga-trebisca-sucici-moscenicka-draga-3\/","og_site_name":"Park prirode U\u010dka","og_image":[{"width":2000,"height":1129,"url":"https:\/\/www.pp-ucka.hr\/2020\/wp-content\/uploads\/pp_ucka_featured_2000.jpg","type":"image\/jpeg"}],"twitter_card":"summary_large_image","schema":{"@context":"https:\/\/schema.org","@graph":[{"@type":"WebPage","@id":"https:\/\/www.pp-ucka.hr\/en\/moscenicka-draga-trebisca-sucici-moscenicka-draga-3\/","url":"https:\/\/www.pp-ucka.hr\/en\/moscenicka-draga-trebisca-sucici-moscenicka-draga-3\/","name":"MO\u0160\u0106ENI\u010cKA DRAGA \u2013 TREBI\u0160\u0106A \u2013 SU\u010cI\u0106I \u2013 MO\u0160\u0106ENI\u010cKA DRAGA - Park prirode U\u010dka","isPartOf":{"@id":"https:\/\/www.pp-ucka.hr\/#website"},"primaryImageOfPage":{"@id":"https:\/\/www.pp-ucka.hr\/en\/moscenicka-draga-trebisca-sucici-moscenicka-draga-3\/#primaryimage"},"image":{"@id":"https:\/\/www.pp-ucka.hr\/en\/moscenicka-draga-trebisca-sucici-moscenicka-draga-3\/#primaryimage"},"thumbnailUrl":"https:\/\/www.pp-ucka.hr\/2020\/wp-content\/uploads\/pp_ucka_featured_2000.jpg","datePublished":"2013-07-11T10:12:39+00:00","breadcrumb":{"@id":"https:\/\/www.pp-ucka.hr\/en\/moscenicka-draga-trebisca-sucici-moscenicka-draga-3\/#breadcrumb"},"inLanguage":"en-US","potentialAction":[{"@type":"ReadAction","target":["https:\/\/www.pp-ucka.hr\/en\/moscenicka-draga-trebisca-sucici-moscenicka-draga-3\/"]}]},{"@type":"ImageObject","inLanguage":"en-US","@id":"https:\/\/www.pp-ucka.hr\/en\/moscenicka-draga-trebisca-sucici-moscenicka-draga-3\/#primaryimage","url":"https:\/\/www.pp-ucka.hr\/2020\/wp-content\/uploads\/pp_ucka_featured_2000.jpg","contentUrl":"https:\/\/www.pp-ucka.hr\/2020\/wp-content\/uploads\/pp_ucka_featured_2000.jpg","width":2000,"height":1129},{"@type":"BreadcrumbList","@id":"https:\/\/www.pp-ucka.hr\/en\/moscenicka-draga-trebisca-sucici-moscenicka-draga-3\/#breadcrumb","itemListElement":[{"@type":"ListItem","position":1,"name":"Po\u010detna stranica","item":"https:\/\/www.pp-ucka.hr\/en\/"},{"@type":"ListItem","position":2,"name":"MO\u0160\u0106ENI\u010cKA DRAGA \u2013 TREBI\u0160\u0106A \u2013 SU\u010cI\u0106I \u2013 MO\u0160\u0106ENI\u010cKA DRAGA"}]},{"@type":"WebSite","@id":"https:\/\/www.pp-ucka.hr\/#website","url":"https:\/\/www.pp-ucka.hr\/","name":"Park prirode U\u010dka","description":"Park prirode U\u010dka","potentialAction":[{"@type":"SearchAction","target":{"@type":"EntryPoint","urlTemplate":"https:\/\/www.pp-ucka.hr\/?s={search_term_string}"},"query-input":{"@type":"PropertyValueSpecification","valueRequired":true,"valueName":"search_term_string"}}],"inLanguage":"en-US"}]}},"_links":{"self":[{"href":"https:\/\/www.pp-ucka.hr\/en\/wp-json\/wp\/v2\/pages\/2213","targetHints":{"allow":["GET"]}}],"collection":[{"href":"https:\/\/www.pp-ucka.hr\/en\/wp-json\/wp\/v2\/pages"}],"about":[{"href":"https:\/\/www.pp-ucka.hr\/en\/wp-json\/wp\/v2\/types\/page"}],"author":[{"embeddable":true,"href":"https:\/\/www.pp-ucka.hr\/en\/wp-json\/wp\/v2\/users\/3"}],"replies":[{"embeddable":true,"href":"https:\/\/www.pp-ucka.hr\/en\/wp-json\/wp\/v2\/comments?post=2213"}],"version-history":[{"count":0,"href":"https:\/\/www.pp-ucka.hr\/en\/wp-json\/wp\/v2\/pages\/2213\/revisions"}],"wp:featuredmedia":[{"embeddable":true,"href":"https:\/\/www.pp-ucka.hr\/en\/wp-json\/wp\/v2\/media\/9704"}],"wp:attachment":[{"href":"https:\/\/www.pp-ucka.hr\/en\/wp-json\/wp\/v2\/media?parent=2213"}],"wp:term":[{"taxonomy":"category","embeddable":true,"href":"https:\/\/www.pp-ucka.hr\/en\/wp-json\/wp\/v2\/categories?post=2213"},{"taxonomy":"post_tag","embeddable":true,"href":"https:\/\/www.pp-ucka.hr\/en\/wp-json\/wp\/v2\/tags?post=2213"}],"curies":[{"name":"wp","href":"https:\/\/api.w.org\/{rel}","templated":true}]}}