{"id":23004,"date":"2025-12-03T12:47:00","date_gmt":"2025-12-03T11:47:00","guid":{"rendered":"https:\/\/www.pp-ucka.hr\/barbecue-facilities\/"},"modified":"2025-12-03T13:16:03","modified_gmt":"2025-12-03T12:16:03","slug":"barbecue-facilities","status":"publish","type":"page","link":"https:\/\/www.pp-ucka.hr\/en\/barbecue-facilities\/","title":{"rendered":"Barbecue Facilities"},"content":{"rendered":"<p>[et_pb_section fb_built=&#8221;1&#8243; _builder_version=&#8221;4.27.4&#8243; _module_preset=&#8221;default&#8221; custom_margin=&#8221;-25px||-25px||false|false&#8221; global_colors_info=&#8221;{}&#8221;][et_pb_row _builder_version=&#8221;4.27.4&#8243; _module_preset=&#8221;default&#8221; global_colors_info=&#8221;{}&#8221;][et_pb_column type=&#8221;4_4&#8243; _builder_version=&#8221;4.27.4&#8243; _module_preset=&#8221;default&#8221; global_colors_info=&#8221;{}&#8221;][et_pb_text _builder_version=&#8221;4.27.4&#8243; _module_preset=&#8221;default&#8221; hover_enabled=&#8221;0&#8243; global_colors_info=&#8221;{}&#8221; sticky_enabled=&#8221;0&#8243;]<\/p>\n<h4 style=\"text-align: center;\">In the U\u010dka Nature Park, on a clearing between the villages of Vela U\u010dka and Mala U\u010dka, there is a designated picnic area, ideal for anyone wishing to spend a day outdoors in beautiful, protected nature. The picnic area features five rest areas with barbecues, which are available for rent (with prior reservation).<\/h4>\n<p>&nbsp;<\/p>\n<p>If you would like to rent a rest area with a barbecue:<\/p>\n<ul>\n<li>\n<p>By clicking on a specific rest area, a gallery will open. Select the desired rest area.<\/p>\n<\/li>\n<li>\n<p>To check the availability of the selected rest area, send an email to <a href=\"mailto:info@pp-ucka.hr\">info@pp-ucka.hr<\/a> or call +385 51 770 100.<\/p>\n<\/li>\n<li>\n<p>When sending an email, be sure to include the desired date, arrival time, your full name, and mobile phone number.<\/p>\n<\/li>\n<li>\n<p>You will receive an email with information on availability, a reservation confirmation, and instructions for key collection and payment.<\/p>\n<\/li>\n<li>\n<p>Keys are picked up and returned at the reception desk of the Poklon Visitor Centre during its working hours.<\/p>\n<\/li>\n<li>\n<p>The rest-area-with-barbecue rental service includes the selected rest area, a grill grate, a fire extinguisher, a bag of charcoal, and a waste bag.<\/p>\n<\/li>\n<li>\n<p>There is a designated parking area next to the picnic site, and parking on grassy areas is not permitted.<\/p>\n<\/li>\n<li>\n<p>The rental price for a rest area with a barbecue is 20 EUR per day.<\/p>\n<\/li>\n<\/ul>\n<p>[\/et_pb_text][\/et_pb_column][\/et_pb_row][et_pb_row _builder_version=&#8221;4.27.4&#8243; _module_preset=&#8221;default&#8221; global_colors_info=&#8221;{}&#8221;][et_pb_column type=&#8221;4_4&#8243; _builder_version=&#8221;4.27.4&#8243; _module_preset=&#8221;default&#8221; global_colors_info=&#8221;{}&#8221;][et_pb_heading title=&#8221;Rent a Barbecue&#8221; _builder_version=&#8221;4.27.4&#8243; _module_preset=&#8221;default&#8221; title_text_align=&#8221;center&#8221; title_text_color=&#8221;#65B32E&#8221; background_color=&#8221;RGBA(255,255,255,0)&#8221; global_colors_info=&#8221;{}&#8221;][\/et_pb_heading][\/et_pb_column][\/et_pb_row][et_pb_row _builder_version=&#8221;4.27.4&#8243; _module_preset=&#8221;default&#8221; global_colors_info=&#8221;{}&#8221;][et_pb_column type=&#8221;4_4&#8243; _builder_version=&#8221;4.27.4&#8243; _module_preset=&#8221;default&#8221; global_colors_info=&#8221;{}&#8221;][et_pb_button button_url=&#8221;mailto:info@pp-ucka.hr&#8221; button_text=&#8221;E-mail&#8221; button_alignment=&#8221;center&#8221; _builder_version=&#8221;4.27.4&#8243; _module_preset=&#8221;default&#8221; global_colors_info=&#8221;{}&#8221;][\/et_pb_button][et_pb_button button_url=&#8221;tel:38551770100&#8243; button_text=&#8221;Phone&#8221; button_alignment=&#8221;center&#8221; _builder_version=&#8221;4.27.4&#8243; _module_preset=&#8221;default&#8221; global_colors_info=&#8221;{}&#8221;][\/et_pb_button][\/et_pb_column][\/et_pb_row][\/et_pb_section][et_pb_section fb_built=&#8221;1&#8243; admin_label=&#8221;section&#8221; _builder_version=&#8221;4.27.4&#8243; custom_margin=&#8221;-20px||-20px||false|false&#8221; custom_padding=&#8221;0px||||false|false&#8221; global_colors_info=&#8221;{}&#8221;][et_pb_row _builder_version=&#8221;4.27.4&#8243; _module_preset=&#8221;default&#8221; global_colors_info=&#8221;{}&#8221;][et_pb_column type=&#8221;4_4&#8243; _builder_version=&#8221;4.27.4&#8243; _module_preset=&#8221;default&#8221; global_colors_info=&#8221;{}&#8221;][et_pb_heading title=&#8221;Rest spots&#8221; _builder_version=&#8221;4.27.4&#8243; _module_preset=&#8221;default&#8221; title_text_align=&#8221;center&#8221; title_text_color=&#8221;#65B32E&#8221; global_colors_info=&#8221;{}&#8221;][\/et_pb_heading][\/et_pb_column][\/et_pb_row][et_pb_row column_structure=&#8221;1_3,1_3,1_3&#8243; _builder_version=&#8221;4.27.4&#8243; _module_preset=&#8221;default&#8221; global_colors_info=&#8221;{}&#8221;][et_pb_column type=&#8221;1_3&#8243; _builder_version=&#8221;4.27.4&#8243; _module_preset=&#8221;default&#8221; global_colors_info=&#8221;{}&#8221;][et_pb_image src=&#8221;https:\/\/www.pp-ucka.hr\/2020\/wp-content\/uploads\/1-4-Edited.webp&#8221; title_text=&#8221;1 &#8211; Edited&#8221; url=&#8221;https:\/\/www.pp-ucka.hr\/odmoriste-1\/&#8221; _builder_version=&#8221;4.27.4&#8243; _module_preset=&#8221;default&#8221; border_radii=&#8221;on|20px|20px|20px|20px&#8221; border_color_all=&#8221;#008237&#8243; box_shadow_style=&#8221;preset1&#8243; box_shadow_color=&#8221;#65B32E&#8221; global_colors_info=&#8221;{}&#8221;][\/et_pb_image][et_pb_text _builder_version=&#8221;4.27.4&#8243; _module_preset=&#8221;default&#8221; link_option_url=&#8221;https:\/\/www.pp-ucka.hr\/odmoriste-1\/&#8221; global_colors_info=&#8221;{}&#8221;]<\/p>\n<p style=\"text-align: center;\"><strong>SPOT 1<\/strong><\/p>\n<p>[\/et_pb_text][\/et_pb_column][et_pb_column type=&#8221;1_3&#8243; _builder_version=&#8221;4.27.4&#8243; _module_preset=&#8221;default&#8221; global_colors_info=&#8221;{}&#8221;][et_pb_image src=&#8221;https:\/\/www.pp-ucka.hr\/2020\/wp-content\/uploads\/2-3-Edited.webp&#8221; title_text=&#8221;2-4 &#8211; Edited&#8221; url=&#8221;https:\/\/www.pp-ucka.hr\/odmoriste-2\/&#8221; _builder_version=&#8221;4.27.4&#8243; _module_preset=&#8221;default&#8221; border_radii=&#8221;on|20px|20px|20px|20px&#8221; box_shadow_style=&#8221;preset1&#8243; box_shadow_color=&#8221;#65B32E&#8221; global_colors_info=&#8221;{}&#8221;][\/et_pb_image][et_pb_text _builder_version=&#8221;4.27.4&#8243; _module_preset=&#8221;default&#8221; link_option_url=&#8221;https:\/\/www.pp-ucka.hr\/odmoriste-2\/&#8221; global_colors_info=&#8221;{}&#8221;]<\/p>\n<p style=\"text-align: center;\"><strong>SPOT 2<\/strong><\/p>\n<p>[\/et_pb_text][\/et_pb_column][et_pb_column type=&#8221;1_3&#8243; _builder_version=&#8221;4.27.4&#8243; _module_preset=&#8221;default&#8221; global_colors_info=&#8221;{}&#8221;][et_pb_image src=&#8221;https:\/\/www.pp-ucka.hr\/2020\/wp-content\/uploads\/3-6-Edited.webp&#8221; title_text=&#8221;3_1 &#8211; Edited&#8221; url=&#8221;https:\/\/www.pp-ucka.hr\/odmoriste-3\/&#8221; _builder_version=&#8221;4.27.4&#8243; _module_preset=&#8221;default&#8221; border_radii=&#8221;on|20px|20px|20px|20px&#8221; box_shadow_style=&#8221;preset1&#8243; box_shadow_color=&#8221;#65B32E&#8221; global_colors_info=&#8221;{}&#8221;][\/et_pb_image][et_pb_text _builder_version=&#8221;4.27.4&#8243; _module_preset=&#8221;default&#8221; link_option_url=&#8221;https:\/\/www.pp-ucka.hr\/odmoriste-3\/&#8221; global_colors_info=&#8221;{}&#8221;]<\/p>\n<p style=\"text-align: center;\"><strong>SPOT 3<\/strong><\/p>\n<p>[\/et_pb_text][\/et_pb_column][\/et_pb_row][et_pb_row column_structure=&#8221;1_3,1_3,1_3&#8243; _builder_version=&#8221;4.27.4&#8243; _module_preset=&#8221;default&#8221; global_colors_info=&#8221;{}&#8221;][et_pb_column type=&#8221;1_3&#8243; _builder_version=&#8221;4.27.4&#8243; _module_preset=&#8221;default&#8221; global_colors_info=&#8221;{}&#8221;][et_pb_image src=&#8221;https:\/\/www.pp-ucka.hr\/2020\/wp-content\/uploads\/4-1-Edited.webp&#8221; title_text=&#8221;4 &#8211; Edited&#8221; url=&#8221;https:\/\/www.pp-ucka.hr\/odmoriste-4\/&#8221; _builder_version=&#8221;4.27.4&#8243; _module_preset=&#8221;default&#8221; border_radii=&#8221;on|20px|20px|20px|20px&#8221; border_color_all=&#8221;#008237&#8243; box_shadow_style=&#8221;preset1&#8243; box_shadow_color=&#8221;#65B32E&#8221; global_colors_info=&#8221;{}&#8221;][\/et_pb_image][et_pb_text _builder_version=&#8221;4.27.4&#8243; _module_preset=&#8221;default&#8221; link_option_url=&#8221;https:\/\/www.pp-ucka.hr\/odmoriste-4\/&#8221; global_colors_info=&#8221;{}&#8221;]<\/p>\n<p style=\"text-align: center;\"><strong>SPOT 4<\/strong><\/p>\n<p>[\/et_pb_text][\/et_pb_column][et_pb_column type=&#8221;1_3&#8243; _builder_version=&#8221;4.27.4&#8243; _module_preset=&#8221;default&#8221; global_colors_info=&#8221;{}&#8221;][et_pb_image src=&#8221;https:\/\/www.pp-ucka.hr\/2020\/wp-content\/uploads\/5-3-Edited.webp&#8221; title_text=&#8221;5-2 &#8211; Edited&#8221; url=&#8221;https:\/\/www.pp-ucka.hr\/odmoriste-5\/&#8221; _builder_version=&#8221;4.27.4&#8243; _module_preset=&#8221;default&#8221; border_radii=&#8221;on|20px|20px|20px|20px&#8221; border_color_all=&#8221;#008237&#8243; box_shadow_style=&#8221;preset1&#8243; box_shadow_color=&#8221;#65B32E&#8221; global_colors_info=&#8221;{}&#8221;][\/et_pb_image][et_pb_text _builder_version=&#8221;4.27.4&#8243; _module_preset=&#8221;default&#8221; link_option_url=&#8221;https:\/\/www.pp-ucka.hr\/odmoriste-5\/&#8221; global_colors_info=&#8221;{}&#8221;]<\/p>\n<p style=\"text-align: center;\"><strong>SPOT 5<\/strong><\/p>\n<p>[\/et_pb_text][\/et_pb_column][et_pb_column type=&#8221;1_3&#8243; _builder_version=&#8221;4.27.4&#8243; _module_preset=&#8221;default&#8221; global_colors_info=&#8221;{}&#8221;][\/et_pb_column][\/et_pb_row][\/et_pb_section][et_pb_section fb_built=&#8221;1&#8243; _builder_version=&#8221;4.27.4&#8243; _module_preset=&#8221;default&#8221; custom_margin=&#8221;-15px||-15px||false|false&#8221; custom_padding=&#8221;0px||||false|false&#8221; global_colors_info=&#8221;{}&#8221;][et_pb_row _builder_version=&#8221;4.27.4&#8243; _module_preset=&#8221;default&#8221; global_colors_info=&#8221;{}&#8221;][et_pb_column type=&#8221;4_4&#8243; _builder_version=&#8221;4.27.4&#8243; _module_preset=&#8221;default&#8221; global_colors_info=&#8221;{}&#8221;][et_pb_heading title=&#8221;Location and positions of the rest areas&#8221; _builder_version=&#8221;4.27.4&#8243; _module_preset=&#8221;default&#8221; title_text_align=&#8221;center&#8221; title_text_color=&#8221;#65B32E&#8221; global_colors_info=&#8221;{}&#8221;][\/et_pb_heading][et_pb_code _builder_version=&#8221;4.27.4&#8243; _module_preset=&#8221;default&#8221; text_orientation=&#8221;center&#8221; module_alignment=&#8221;center&#8221; link_option_url=&#8221;https:\/\/www.google.com\/maps\/d\/u\/0\/edit?mid=1OiwveLYqE_uacO7oQVPHbeAYXWSCnNA&#038;usp=sharing&#8221; global_colors_info=&#8221;{}&#8221;]<iframe loading=\"lazy\" src=\"https:\/\/www.google.com\/maps\/d\/embed?mid=1OiwveLYqE_uacO7oQVPHbeAYXWSCnNA&#038;ehbc=2E312F\" width=\"640\" height=\"480\"><\/iframe>[\/et_pb_code][\/et_pb_column][\/et_pb_row][\/et_pb_section]<\/p>\n","protected":false},"excerpt":{"rendered":"<p>In the U\u010dka Nature Park, on a clearing between the villages of Vela U\u010dka and Mala U\u010dka, there is a designated picnic area, ideal for anyone wishing to spend a day outdoors in beautiful, protected nature. The picnic area features five rest areas with barbecues, which are available for rent (with prior reservation).<\/p>\n","protected":false},"author":13,"featured_media":22338,"parent":0,"menu_order":0,"comment_status":"closed","ping_status":"closed","template":"","meta":{"_et_pb_use_builder":"on","_et_pb_old_content":"","_et_gb_content_width":"","inline_featured_image":false,"footnotes":""},"categories":[],"tags":[],"class_list":["post-23004","page","type-page","status-publish","has-post-thumbnail","hentry"],"yoast_head":"<!-- This site is optimized with the Yoast SEO plugin v27.3 - https:\/\/yoast.com\/product\/yoast-seo-wordpress\/ -->\n<title>Barbecue Facilities - Park prirode U\u010dka<\/title>\n<meta name=\"description\" content=\"In the U\u010dka Nature Park, on a clearing between the villages of Vela U\u010dka and Mala U\u010dka, there is a designated picnic area, ideal for anyone wishing to spend a day outdoors in beautiful, protected nature. The picnic area features five rest areas with barbecues, which are available for rent (with prior reservation).\" \/>\n<meta name=\"robots\" content=\"index, follow, max-snippet:-1, max-image-preview:large, max-video-preview:-1\" \/>\n<link rel=\"canonical\" href=\"https:\/\/www.pp-ucka.hr\/en\/barbecue-facilities\/\" \/>\n<meta property=\"og:locale\" content=\"en_US\" \/>\n<meta property=\"og:type\" content=\"article\" \/>\n<meta property=\"og:title\" content=\"Barbecue Facilities - Park prirode U\u010dka\" \/>\n<meta property=\"og:description\" content=\"In the U\u010dka Nature Park, on a clearing between the villages of Vela U\u010dka and Mala U\u010dka, there is a designated picnic area, ideal for anyone wishing to spend a day outdoors in beautiful, protected nature. The picnic area features five rest areas with barbecues, which are available for rent (with prior reservation).\" \/>\n<meta property=\"og:url\" content=\"https:\/\/www.pp-ucka.hr\/en\/barbecue-facilities\/\" \/>\n<meta property=\"og:site_name\" content=\"Park prirode U\u010dka\" \/>\n<meta property=\"article:modified_time\" content=\"2025-12-03T12:16:03+00:00\" \/>\n<meta property=\"og:image\" content=\"https:\/\/www.pp-ucka.hr\/2020\/wp-content\/uploads\/5-2-Edited.webp\" \/>\n\t<meta property=\"og:image:width\" content=\"2000\" \/>\n\t<meta property=\"og:image:height\" content=\"1333\" \/>\n\t<meta property=\"og:image:type\" content=\"image\/jpeg\" \/>\n<meta name=\"twitter:card\" content=\"summary_large_image\" \/>\n<meta name=\"twitter:label1\" content=\"Est. reading time\" \/>\n\t<meta name=\"twitter:data1\" content=\"3 minutes\" \/>\n<script type=\"application\/ld+json\" class=\"yoast-schema-graph\">{\"@context\":\"https:\\\/\\\/schema.org\",\"@graph\":[{\"@type\":\"WebPage\",\"@id\":\"https:\\\/\\\/www.pp-ucka.hr\\\/en\\\/barbecue-facilities\\\/\",\"url\":\"https:\\\/\\\/www.pp-ucka.hr\\\/en\\\/barbecue-facilities\\\/\",\"name\":\"Barbecue Facilities - Park prirode U\u010dka\",\"isPartOf\":{\"@id\":\"https:\\\/\\\/www.pp-ucka.hr\\\/#website\"},\"primaryImageOfPage\":{\"@id\":\"https:\\\/\\\/www.pp-ucka.hr\\\/en\\\/barbecue-facilities\\\/#primaryimage\"},\"image\":{\"@id\":\"https:\\\/\\\/www.pp-ucka.hr\\\/en\\\/barbecue-facilities\\\/#primaryimage\"},\"thumbnailUrl\":\"https:\\\/\\\/www.pp-ucka.hr\\\/2020\\\/wp-content\\\/uploads\\\/5-2-Edited.webp\",\"datePublished\":\"2025-12-03T11:47:00+00:00\",\"dateModified\":\"2025-12-03T12:16:03+00:00\",\"description\":\"In the U\u010dka Nature Park, on a clearing between the villages of Vela U\u010dka and Mala U\u010dka, there is a designated picnic area, ideal for anyone wishing to spend a day outdoors in beautiful, protected nature. The picnic area features five rest areas with barbecues, which are available for rent (with prior reservation).\",\"breadcrumb\":{\"@id\":\"https:\\\/\\\/www.pp-ucka.hr\\\/en\\\/barbecue-facilities\\\/#breadcrumb\"},\"inLanguage\":\"en-US\",\"potentialAction\":[{\"@type\":\"ReadAction\",\"target\":[\"https:\\\/\\\/www.pp-ucka.hr\\\/en\\\/barbecue-facilities\\\/\"]}]},{\"@type\":\"ImageObject\",\"inLanguage\":\"en-US\",\"@id\":\"https:\\\/\\\/www.pp-ucka.hr\\\/en\\\/barbecue-facilities\\\/#primaryimage\",\"url\":\"https:\\\/\\\/www.pp-ucka.hr\\\/2020\\\/wp-content\\\/uploads\\\/5-2-Edited.webp\",\"contentUrl\":\"https:\\\/\\\/www.pp-ucka.hr\\\/2020\\\/wp-content\\\/uploads\\\/5-2-Edited.webp\",\"width\":2000,\"height\":1333},{\"@type\":\"BreadcrumbList\",\"@id\":\"https:\\\/\\\/www.pp-ucka.hr\\\/en\\\/barbecue-facilities\\\/#breadcrumb\",\"itemListElement\":[{\"@type\":\"ListItem\",\"position\":1,\"name\":\"Po\u010detna stranica\",\"item\":\"https:\\\/\\\/www.pp-ucka.hr\\\/en\\\/\"},{\"@type\":\"ListItem\",\"position\":2,\"name\":\"Barbecue Facilities\"}]},{\"@type\":\"WebSite\",\"@id\":\"https:\\\/\\\/www.pp-ucka.hr\\\/#website\",\"url\":\"https:\\\/\\\/www.pp-ucka.hr\\\/\",\"name\":\"Park prirode U\u010dka\",\"description\":\"Park prirode U\u010dka\",\"potentialAction\":[{\"@type\":\"SearchAction\",\"target\":{\"@type\":\"EntryPoint\",\"urlTemplate\":\"https:\\\/\\\/www.pp-ucka.hr\\\/?s={search_term_string}\"},\"query-input\":{\"@type\":\"PropertyValueSpecification\",\"valueRequired\":true,\"valueName\":\"search_term_string\"}}],\"inLanguage\":\"en-US\"}]}<\/script>\n<!-- \/ Yoast SEO plugin. -->","yoast_head_json":{"title":"Barbecue Facilities - Park prirode U\u010dka","description":"In the U\u010dka Nature Park, on a clearing between the villages of Vela U\u010dka and Mala U\u010dka, there is a designated picnic area, ideal for anyone wishing to spend a day outdoors in beautiful, protected nature. The picnic area features five rest areas with barbecues, which are available for rent (with prior reservation).","robots":{"index":"index","follow":"follow","max-snippet":"max-snippet:-1","max-image-preview":"max-image-preview:large","max-video-preview":"max-video-preview:-1"},"canonical":"https:\/\/www.pp-ucka.hr\/en\/barbecue-facilities\/","og_locale":"en_US","og_type":"article","og_title":"Barbecue Facilities - Park prirode U\u010dka","og_description":"In the U\u010dka Nature Park, on a clearing between the villages of Vela U\u010dka and Mala U\u010dka, there is a designated picnic area, ideal for anyone wishing to spend a day outdoors in beautiful, protected nature. The picnic area features five rest areas with barbecues, which are available for rent (with prior reservation).","og_url":"https:\/\/www.pp-ucka.hr\/en\/barbecue-facilities\/","og_site_name":"Park prirode U\u010dka","article_modified_time":"2025-12-03T12:16:03+00:00","og_image":[{"width":2000,"height":1333,"url":"https:\/\/www.pp-ucka.hr\/2020\/wp-content\/uploads\/5-2-Edited.webp","type":"image\/jpeg"}],"twitter_card":"summary_large_image","twitter_misc":{"Est. reading time":"3 minutes"},"schema":{"@context":"https:\/\/schema.org","@graph":[{"@type":"WebPage","@id":"https:\/\/www.pp-ucka.hr\/en\/barbecue-facilities\/","url":"https:\/\/www.pp-ucka.hr\/en\/barbecue-facilities\/","name":"Barbecue Facilities - Park prirode U\u010dka","isPartOf":{"@id":"https:\/\/www.pp-ucka.hr\/#website"},"primaryImageOfPage":{"@id":"https:\/\/www.pp-ucka.hr\/en\/barbecue-facilities\/#primaryimage"},"image":{"@id":"https:\/\/www.pp-ucka.hr\/en\/barbecue-facilities\/#primaryimage"},"thumbnailUrl":"https:\/\/www.pp-ucka.hr\/2020\/wp-content\/uploads\/5-2-Edited.webp","datePublished":"2025-12-03T11:47:00+00:00","dateModified":"2025-12-03T12:16:03+00:00","description":"In the U\u010dka Nature Park, on a clearing between the villages of Vela U\u010dka and Mala U\u010dka, there is a designated picnic area, ideal for anyone wishing to spend a day outdoors in beautiful, protected nature. The picnic area features five rest areas with barbecues, which are available for rent (with prior reservation).","breadcrumb":{"@id":"https:\/\/www.pp-ucka.hr\/en\/barbecue-facilities\/#breadcrumb"},"inLanguage":"en-US","potentialAction":[{"@type":"ReadAction","target":["https:\/\/www.pp-ucka.hr\/en\/barbecue-facilities\/"]}]},{"@type":"ImageObject","inLanguage":"en-US","@id":"https:\/\/www.pp-ucka.hr\/en\/barbecue-facilities\/#primaryimage","url":"https:\/\/www.pp-ucka.hr\/2020\/wp-content\/uploads\/5-2-Edited.webp","contentUrl":"https:\/\/www.pp-ucka.hr\/2020\/wp-content\/uploads\/5-2-Edited.webp","width":2000,"height":1333},{"@type":"BreadcrumbList","@id":"https:\/\/www.pp-ucka.hr\/en\/barbecue-facilities\/#breadcrumb","itemListElement":[{"@type":"ListItem","position":1,"name":"Po\u010detna stranica","item":"https:\/\/www.pp-ucka.hr\/en\/"},{"@type":"ListItem","position":2,"name":"Barbecue Facilities"}]},{"@type":"WebSite","@id":"https:\/\/www.pp-ucka.hr\/#website","url":"https:\/\/www.pp-ucka.hr\/","name":"Park prirode U\u010dka","description":"Park prirode U\u010dka","potentialAction":[{"@type":"SearchAction","target":{"@type":"EntryPoint","urlTemplate":"https:\/\/www.pp-ucka.hr\/?s={search_term_string}"},"query-input":{"@type":"PropertyValueSpecification","valueRequired":true,"valueName":"search_term_string"}}],"inLanguage":"en-US"}]}},"_links":{"self":[{"href":"https:\/\/www.pp-ucka.hr\/en\/wp-json\/wp\/v2\/pages\/23004","targetHints":{"allow":["GET"]}}],"collection":[{"href":"https:\/\/www.pp-ucka.hr\/en\/wp-json\/wp\/v2\/pages"}],"about":[{"href":"https:\/\/www.pp-ucka.hr\/en\/wp-json\/wp\/v2\/types\/page"}],"author":[{"embeddable":true,"href":"https:\/\/www.pp-ucka.hr\/en\/wp-json\/wp\/v2\/users\/13"}],"replies":[{"embeddable":true,"href":"https:\/\/www.pp-ucka.hr\/en\/wp-json\/wp\/v2\/comments?post=23004"}],"version-history":[{"count":9,"href":"https:\/\/www.pp-ucka.hr\/en\/wp-json\/wp\/v2\/pages\/23004\/revisions"}],"predecessor-version":[{"id":23014,"href":"https:\/\/www.pp-ucka.hr\/en\/wp-json\/wp\/v2\/pages\/23004\/revisions\/23014"}],"wp:featuredmedia":[{"embeddable":true,"href":"https:\/\/www.pp-ucka.hr\/en\/wp-json\/wp\/v2\/media\/22338"}],"wp:attachment":[{"href":"https:\/\/www.pp-ucka.hr\/en\/wp-json\/wp\/v2\/media?parent=23004"}],"wp:term":[{"taxonomy":"category","embeddable":true,"href":"https:\/\/www.pp-ucka.hr\/en\/wp-json\/wp\/v2\/categories?post=23004"},{"taxonomy":"post_tag","embeddable":true,"href":"https:\/\/www.pp-ucka.hr\/en\/wp-json\/wp\/v2\/tags?post=23004"}],"curies":[{"name":"wp","href":"https:\/\/api.w.org\/{rel}","templated":true}]}}