{"id":2375,"date":"2013-07-22T11:58:19","date_gmt":"2013-07-22T11:58:19","guid":{"rendered":"http:\/\/www.pp-ucka.hr\/wordpress\/?page_id=2375"},"modified":"2021-07-30T11:06:23","modified_gmt":"2021-07-30T09:06:23","slug":"villages","status":"publish","type":"page","link":"https:\/\/www.pp-ucka.hr\/en\/information-for-visitors\/villages\/","title":{"rendered":"Villages"},"content":{"rendered":"<p>[et_pb_section fb_built=&#8221;1&#8243; admin_label=&#8221;section&#8221; _builder_version=&#8221;4.9.1&#8243; _module_preset=&#8221;a54f0210-f84c-494c-a86b-b935f4ff5c5a&#8221;][et_pb_row disabled_on=&#8221;on|on|off&#8221; admin_label=&#8221;row&#8221; _builder_version=&#8221;4.9.1&#8243; _module_preset=&#8221;712fcb3e-eded-477c-8569-4891cbb4008a&#8221; background_enable_color=&#8221;off&#8221; custom_margin=&#8221;||||false|false&#8221; custom_padding=&#8221;1px||0px||false|false&#8221; sticky_position=&#8221;top&#8221; sticky_offset_top=&#8221;114px&#8221; sticky_limit_bottom=&#8221;section&#8221; border_width_top=&#8221;1px&#8221; border_color_top=&#8221;#005B0C&#8221; border_width_bottom=&#8221;1px&#8221; border_color_bottom=&#8221;#005B0C&#8221; locked=&#8221;off&#8221; border_radii__hover_enabled=&#8221;off|desktop&#8221; border_radii__sticky_enabled=&#8221;on|desktop&#8221; border_radii__sticky=&#8221;off|||10px|10px&#8221; background__sticky_enabled=&#8221;on|sticky&#8221; background_color__sticky=&#8221;rgba(0,91,12,0.8)&#8221; background_enable_color__sticky=&#8221;on&#8221; custom_padding__sticky_enabled=&#8221;on|sticky&#8221; custom_padding__sticky=&#8221;|20px||20px|false|false&#8221;][et_pb_column type=&#8221;4_4&#8243; _builder_version=&#8221;3.25&#8243; custom_padding=&#8221;|||&#8221; custom_padding__hover=&#8221;|||&#8221;][et_pb_menu menu_id=&#8221;108&#8243; _builder_version=&#8221;4.9.1&#8243; _module_preset=&#8221;default&#8221; menu_font=&#8221;Rubik|500||on|||||&#8221; menu_text_color=&#8221;#65B32E&#8221; background_enable_color=&#8221;off&#8221; active_link_color__sticky_enabled=&#8221;on|sticky&#8221; active_link_color__sticky=&#8221;#FFFFFF&#8221; menu_text_color__sticky_enabled=&#8221;on|desktop&#8221; menu_text_color__hover_enabled=&#8221;on|hover&#8221; menu_text_color__hover=&#8221;#E2A600&#8243; menu_text_color__sticky=&#8221;#FFFFFF&#8221;][\/et_pb_menu][\/et_pb_column][\/et_pb_row][et_pb_row custom_padding_last_edited=&#8221;on|tablet&#8221; module_id=&#8221;brest-pod-uckom&#8221; _builder_version=&#8221;4.9.1&#8243; _module_preset=&#8221;0dde398e-b9b1-4181-9db9-5507a180521a&#8221; custom_padding_tablet=&#8221;0px||||false|false&#8221; custom_padding_phone=&#8221;&#8221;][et_pb_column type=&#8221;4_4&#8243; _builder_version=&#8221;4.9.1&#8243; _module_preset=&#8221;default&#8221;][et_pb_text _builder_version=&#8221;4.9.1&#8243; _module_preset=&#8221;default&#8221;]<\/p>\n<h1>Brest pod U\u010dkom<\/h1>\n<p>[\/et_pb_text][et_pb_image src=&#8221;http:\/\/www.pp-ucka.hr\/2020\/wp-content\/uploads\/pp_ucka_naselja_brest_naslovna.jpg&#8221; title_text=&#8221;pp_ucka_naselja_brest_naslovna&#8221; _builder_version=&#8221;4.9.1&#8243; _module_preset=&#8221;default&#8221;][\/et_pb_image][et_pb_text _builder_version=&#8221;4.9.3&#8243; _module_preset=&#8221;default&#8221; hover_enabled=&#8221;0&#8243; sticky_enabled=&#8221;0&#8243;]<\/p>\n<p><strong>Brest pod U\u010dkom<\/strong>\u00a0is a quaint village located entirely within the borders of U\u010dka Nature Park at a height of 708 metres above sea-level amidst a fertile field on the \u0106i\u0107arija plateau.<\/p>\n<p>The people here were once famous for producing charcoal. The forest was their main source of income: it provided the firewood for their homes, but also for producing charcoal, which they would then sell in Opatija, Rijeka, Lovran and other places along the coast.<\/p>\n<p>In addition to arable farming and cattle-breeding, the main occupation of the local people was the production of charcoal in piles called \u201ckarbunice\u201d, from which even today one can see smoke rising.<\/p>\n<p>To sample or buy some home-made sheep\u2019s milk cheese, ask local people for the Rumac brothers. These brothers make their cheese and curd cheese from the milk of the indigenous Istrian sheep breed called pramenka, and their flocks graze freely on the pastures of \u0106i\u0107arija.<\/p>\n<p>[\/et_pb_text][\/et_pb_column][\/et_pb_row][et_pb_row module_id=&#8221;brgudac&#8221; _builder_version=&#8221;4.9.1&#8243; _module_preset=&#8221;0dde398e-b9b1-4181-9db9-5507a180521a&#8221;][et_pb_column type=&#8221;4_4&#8243; _builder_version=&#8221;4.9.1&#8243; _module_preset=&#8221;default&#8221;][et_pb_text _builder_version=&#8221;4.9.1&#8243; _module_preset=&#8221;default&#8221; locked=&#8221;off&#8221;]<\/p>\n<h1>Brgudac<\/h1>\n<p>[\/et_pb_text][et_pb_image src=&#8221;http:\/\/www.pp-ucka.hr\/2020\/wp-content\/uploads\/pp_ucka_naselja_brgudac_naslovna.jpg&#8221; title_text=&#8221;pp_ucka_naselja_brgudac_naslovna&#8221; _builder_version=&#8221;4.9.1&#8243; _module_preset=&#8221;default&#8221;][\/et_pb_image][et_pb_text _builder_version=&#8221;4.9.3&#8243; _module_preset=&#8221;default&#8221; hover_enabled=&#8221;0&#8243; sticky_enabled=&#8221;0&#8243;]<\/p>\n<p>The quaint village of <strong>Brgudac<\/strong> is located in the heart of the \u0106i\u0107arija mountain range at an elevation of 747 m above sea-level, which makes it the highest permanent settlement in Istria. This place, whose history dates back to the Middle Ages, used to teem with life: in the past, more than 400 people lived here, and had up to 3,000 cattle. But due to its later economic conditions and turbulent history, Brgudac\u2019s people had to scatter all over Croatia and abroad. Many of them, however, return here regularly to take care of their heritage and preserve the beauty of this village.<\/p>\n<p>During World War Two, Brgudac was the centre of partisan activities in Istria, and is remembered for the suffering and heroism of it people. On the 10th\u00a0of October 1942, the first rural people\u2019s liberation committee (a self-government body) was founded here, and in December 1943, Brgudac had the first Croatian school in Istria after the fascist ban from 1923. Today a dozen memorials remind visitors of this hard period, most striking being the one that memorises 19 murdered partisans and 37 civil victims of the fascist terror.<\/p>\n<p>Brgudac is the starting point for a hiking route that leads to the Korita water source area and further on to the peak of Veli Planik.<\/p>\n<p>[\/et_pb_text][\/et_pb_column][\/et_pb_row][et_pb_row module_id=&#8221;lovranska-draga&#8221; _builder_version=&#8221;4.9.1&#8243; _module_preset=&#8221;0dde398e-b9b1-4181-9db9-5507a180521a&#8221;][et_pb_column type=&#8221;4_4&#8243; _builder_version=&#8221;4.9.1&#8243; _module_preset=&#8221;default&#8221;][et_pb_text _builder_version=&#8221;4.9.1&#8243; _module_preset=&#8221;default&#8221; locked=&#8221;off&#8221;]<\/p>\n<h1>Lovranska Draga<\/h1>\n<p>[\/et_pb_text][et_pb_image src=&#8221;http:\/\/www.pp-ucka.hr\/2020\/wp-content\/uploads\/pp_ucka_naselja_lovranska-draga_naslovna.jpg&#8221; title_text=&#8221;pp_ucka_naselja_lovranska-draga_naslovna&#8221; _builder_version=&#8221;4.9.1&#8243; _module_preset=&#8221;default&#8221;][\/et_pb_image][et_pb_text _builder_version=&#8221;4.9.3&#8243; _module_preset=&#8221;default&#8221; hover_enabled=&#8221;0&#8243; sticky_enabled=&#8221;0&#8243;]<\/p>\n<p><strong>Lovranska Draga<\/strong> is a picturesque village located within the borders of U\u010dka Nature Park on the eastern slopes of Mount U\u010dka. Until around twenty years ago, its local people engaged intensively in agriculture, especially wine-growing, cattle-breeding, and sheep farming. In addition to vines, the area\u2019s fertile soil was also used to produce different types of fruits and vegetables, predominantly cherries and sweet chestnuts. The small, scattered houses are connected by a network of ancient paths, the most important being those that lead from this rural hinterland of Lovran to Medveja and the sea.<\/p>\n<p>In the past, the women of Lovranska Draga would walk these paths every day carrying firewood, milk and vegetables to Lovran. At the entrance to Lovranska Draga is the small baroque church of St. Michael, patron saint of the village. The church is surrounded by terraces with vineyards and meadows. Together with the peak ridge of Mount U\u010dka in the background, this place makes up a particularly valuable landscape. A stream, locally called simply\u00a0Potok\u00a0(which means stream or brook in Croatian), runs through the village and flows into the sea in Medveja. The most interesting part of this stream is its waterfall, one of the most beautiful waterfalls in U\u010dka Nature Park. It can be reached on the marked\u00a0Slap\u00a0educational trail(Slap\u00a0means waterfall in Croatian).<\/p>\n<p>On the 29th\u00a0of September, local people celebrate the feast of St. Michael, the patron saint of Lovranska Draga.<\/p>\n<p>On this feast day, Lovranska Draga hosts a folk festival where visitors can enjoy one of the traditional dishes of the region \u2013 turnip and beans.<\/p>\n<blockquote>\n<p><strong>Did you know?<\/strong><\/p>\n<p><span>In the Lovranska Draga area, at the site called Oporovina, remnants of prehistoric man were found in 1929. This was the first prehistoric site on Kvarner.<\/span><\/p>\n<\/blockquote>\n<p>[\/et_pb_text][\/et_pb_column][\/et_pb_row][et_pb_row module_id=&#8221;mala-ucka&#8221; _builder_version=&#8221;4.9.1&#8243; _module_preset=&#8221;0dde398e-b9b1-4181-9db9-5507a180521a&#8221;][et_pb_column type=&#8221;4_4&#8243; _builder_version=&#8221;4.9.1&#8243; _module_preset=&#8221;default&#8221;][et_pb_text admin_label=&#8221;Text&#8221; _builder_version=&#8221;4.9.1&#8243; _module_preset=&#8221;default&#8221; locked=&#8221;off&#8221;]<\/p>\n<h1>Mala U\u010dka<\/h1>\n<p>[\/et_pb_text][et_pb_image src=&#8221;http:\/\/www.pp-ucka.hr\/2020\/wp-content\/uploads\/pp_ucka_naselja_mala-ucka_naslovna.jpg&#8221; title_text=&#8221;pp_ucka_naselja_mala-ucka_naslovna&#8221; _builder_version=&#8221;4.9.1&#8243; _module_preset=&#8221;default&#8221;][\/et_pb_image][et_pb_text _builder_version=&#8221;4.9.3&#8243; _module_preset=&#8221;default&#8221; hover_enabled=&#8221;0&#8243; sticky_enabled=&#8221;0&#8243;]<\/p>\n<p><strong>Mala U\u010dka<\/strong> is the highest rural settlement in Istria, located at an elevation of 995 metres above sea-level.<\/p>\n<p>In the past, this village used to have 130 inhabitants (locally called\u00a0U\u010dkari) who engaged in cattle breeding and were famous for their high-quality cheese.<\/p>\n<p>During World War Two, on the 30th\u00a0of April 1944, Italian and German soldiers burned down the entire village. After the war, the remaining inhabitants moved out due to the harsh economic situation. Despite this, the village remained so quaint and picturesque that it was listed in the Registry of immovable cultural monuments in 1976 as a protected rural unit. Today the village of Mala U\u010dka has no permanent residents, but every year in the summer months, the Maliki, a shepherding family, come back to take full advantage of the area\u2019s high-quality pasturing. Visitors can buy some excellent sheep\u2019s milk cheese and curd cheese at their house.<\/p>\n<p>The diversity of Mala U\u010dka\u2019s flora and the beauty of its relief and rural landscape, with the village surrounded by mighty rocks and pastures, represent an extraordinarily valuable natural heritage. To reach the village, take the gravel road from the village of Vela U\u010dka.<\/p>\n<p>[\/et_pb_text][\/et_pb_column][\/et_pb_row][et_pb_row module_id=&#8221;vela-ucka&#8221; _builder_version=&#8221;4.9.1&#8243; _module_preset=&#8221;0dde398e-b9b1-4181-9db9-5507a180521a&#8221;][et_pb_column type=&#8221;4_4&#8243; _builder_version=&#8221;4.9.1&#8243; _module_preset=&#8221;default&#8221;][et_pb_text _builder_version=&#8221;4.9.1&#8243; _module_preset=&#8221;default&#8221; locked=&#8221;off&#8221;]<\/p>\n<h1>Vela U\u010dka<\/h1>\n<p>[\/et_pb_text][et_pb_text _builder_version=&#8221;4.9.3&#8243; _module_preset=&#8221;default&#8221; hover_enabled=&#8221;0&#8243; sticky_enabled=&#8221;0&#8243;]<\/p>\n<p><strong>Vela U\u010dka<\/strong><span>\u00a0is a rural settlement on the highest slopes of Mount U\u010dka. It is located at an elevation of 950 metres above sea-level, which makes it the second highest settlement in Croatia.<\/span><\/p>\n<p>[\/et_pb_text][\/et_pb_column][\/et_pb_row][\/et_pb_section]<\/p>\n","protected":false},"excerpt":{"rendered":"<p>Brest pod U\u010dkomBrest pod U\u010dkom\u00a0is a quaint village located entirely within the borders of U\u010dka Nature Park at a height of 708 metres above sea-level amidst a fertile field on the \u0106i\u0107arija plateau. The people here were once famous for producing charcoal. The forest was their main source of income: it provided the firewood for [&hellip;]<\/p>\n","protected":false},"author":3,"featured_media":14208,"parent":276,"menu_order":0,"comment_status":"closed","ping_status":"closed","template":"","meta":{"_et_pb_use_builder":"on","_et_pb_old_content":"","_et_gb_content_width":"","inline_featured_image":false,"footnotes":""},"categories":[127],"tags":[],"class_list":["post-2375","page","type-page","status-publish","has-post-thumbnail","hentry","category-locations"],"yoast_head":"<!-- This site is optimized with the Yoast SEO plugin v27.3 - https:\/\/yoast.com\/product\/yoast-seo-wordpress\/ -->\n<title>Villages - Park prirode U\u010dka<\/title>\n<meta name=\"robots\" content=\"index, follow, max-snippet:-1, max-image-preview:large, max-video-preview:-1\" \/>\n<link rel=\"canonical\" href=\"https:\/\/www.pp-ucka.hr\/en\/information-for-visitors\/villages\/\" \/>\n<meta property=\"og:locale\" content=\"en_US\" \/>\n<meta property=\"og:type\" content=\"article\" \/>\n<meta property=\"og:title\" content=\"Villages - Park prirode U\u010dka\" \/>\n<meta property=\"og:description\" content=\"Brest pod U\u010dkomBrest pod U\u010dkom\u00a0is a quaint village located entirely within the borders of U\u010dka Nature Park at a height of 708 metres above sea-level amidst a fertile field on the \u0106i\u0107arija plateau. The people here were once famous for producing charcoal. The forest was their main source of income: it provided the firewood for [&hellip;]\" \/>\n<meta property=\"og:url\" content=\"https:\/\/www.pp-ucka.hr\/en\/information-for-visitors\/villages\/\" \/>\n<meta property=\"og:site_name\" content=\"Park prirode U\u010dka\" \/>\n<meta property=\"article:modified_time\" content=\"2021-07-30T09:06:23+00:00\" \/>\n<meta property=\"og:image\" content=\"https:\/\/www.pp-ucka.hr\/2020\/wp-content\/uploads\/pp_ucka_naselja_lovranska-draga_naslovna.jpg\" \/>\n\t<meta property=\"og:image:width\" content=\"1920\" \/>\n\t<meta property=\"og:image:height\" content=\"1080\" \/>\n\t<meta property=\"og:image:type\" content=\"image\/jpeg\" \/>\n<meta name=\"twitter:card\" content=\"summary_large_image\" \/>\n<script type=\"application\/ld+json\" class=\"yoast-schema-graph\">{\"@context\":\"https:\\\/\\\/schema.org\",\"@graph\":[{\"@type\":\"WebPage\",\"@id\":\"https:\\\/\\\/www.pp-ucka.hr\\\/en\\\/information-for-visitors\\\/villages\\\/\",\"url\":\"https:\\\/\\\/www.pp-ucka.hr\\\/en\\\/information-for-visitors\\\/villages\\\/\",\"name\":\"Villages - Park prirode U\u010dka\",\"isPartOf\":{\"@id\":\"https:\\\/\\\/www.pp-ucka.hr\\\/#website\"},\"primaryImageOfPage\":{\"@id\":\"https:\\\/\\\/www.pp-ucka.hr\\\/en\\\/information-for-visitors\\\/villages\\\/#primaryimage\"},\"image\":{\"@id\":\"https:\\\/\\\/www.pp-ucka.hr\\\/en\\\/information-for-visitors\\\/villages\\\/#primaryimage\"},\"thumbnailUrl\":\"https:\\\/\\\/www.pp-ucka.hr\\\/2020\\\/wp-content\\\/uploads\\\/pp_ucka_naselja_lovranska-draga_naslovna.jpg\",\"datePublished\":\"2013-07-22T11:58:19+00:00\",\"dateModified\":\"2021-07-30T09:06:23+00:00\",\"breadcrumb\":{\"@id\":\"https:\\\/\\\/www.pp-ucka.hr\\\/en\\\/information-for-visitors\\\/villages\\\/#breadcrumb\"},\"inLanguage\":\"en-US\",\"potentialAction\":[{\"@type\":\"ReadAction\",\"target\":[\"https:\\\/\\\/www.pp-ucka.hr\\\/en\\\/information-for-visitors\\\/villages\\\/\"]}]},{\"@type\":\"ImageObject\",\"inLanguage\":\"en-US\",\"@id\":\"https:\\\/\\\/www.pp-ucka.hr\\\/en\\\/information-for-visitors\\\/villages\\\/#primaryimage\",\"url\":\"https:\\\/\\\/www.pp-ucka.hr\\\/2020\\\/wp-content\\\/uploads\\\/pp_ucka_naselja_lovranska-draga_naslovna.jpg\",\"contentUrl\":\"https:\\\/\\\/www.pp-ucka.hr\\\/2020\\\/wp-content\\\/uploads\\\/pp_ucka_naselja_lovranska-draga_naslovna.jpg\",\"width\":1920,\"height\":1080},{\"@type\":\"BreadcrumbList\",\"@id\":\"https:\\\/\\\/www.pp-ucka.hr\\\/en\\\/information-for-visitors\\\/villages\\\/#breadcrumb\",\"itemListElement\":[{\"@type\":\"ListItem\",\"position\":1,\"name\":\"Po\u010detna stranica\",\"item\":\"https:\\\/\\\/www.pp-ucka.hr\\\/en\\\/\"},{\"@type\":\"ListItem\",\"position\":2,\"name\":\"Information for visitors\",\"item\":\"https:\\\/\\\/www.pp-ucka.hr\\\/en\\\/information-for-visitors\\\/\"},{\"@type\":\"ListItem\",\"position\":3,\"name\":\"Villages\"}]},{\"@type\":\"WebSite\",\"@id\":\"https:\\\/\\\/www.pp-ucka.hr\\\/#website\",\"url\":\"https:\\\/\\\/www.pp-ucka.hr\\\/\",\"name\":\"Park prirode U\u010dka\",\"description\":\"Park prirode U\u010dka\",\"potentialAction\":[{\"@type\":\"SearchAction\",\"target\":{\"@type\":\"EntryPoint\",\"urlTemplate\":\"https:\\\/\\\/www.pp-ucka.hr\\\/?s={search_term_string}\"},\"query-input\":{\"@type\":\"PropertyValueSpecification\",\"valueRequired\":true,\"valueName\":\"search_term_string\"}}],\"inLanguage\":\"en-US\"}]}<\/script>\n<!-- \/ Yoast SEO plugin. -->","yoast_head_json":{"title":"Villages - Park prirode U\u010dka","robots":{"index":"index","follow":"follow","max-snippet":"max-snippet:-1","max-image-preview":"max-image-preview:large","max-video-preview":"max-video-preview:-1"},"canonical":"https:\/\/www.pp-ucka.hr\/en\/information-for-visitors\/villages\/","og_locale":"en_US","og_type":"article","og_title":"Villages - Park prirode U\u010dka","og_description":"Brest pod U\u010dkomBrest pod U\u010dkom\u00a0is a quaint village located entirely within the borders of U\u010dka Nature Park at a height of 708 metres above sea-level amidst a fertile field on the \u0106i\u0107arija plateau. The people here were once famous for producing charcoal. The forest was their main source of income: it provided the firewood for [&hellip;]","og_url":"https:\/\/www.pp-ucka.hr\/en\/information-for-visitors\/villages\/","og_site_name":"Park prirode U\u010dka","article_modified_time":"2021-07-30T09:06:23+00:00","og_image":[{"width":1920,"height":1080,"url":"https:\/\/www.pp-ucka.hr\/2020\/wp-content\/uploads\/pp_ucka_naselja_lovranska-draga_naslovna.jpg","type":"image\/jpeg"}],"twitter_card":"summary_large_image","schema":{"@context":"https:\/\/schema.org","@graph":[{"@type":"WebPage","@id":"https:\/\/www.pp-ucka.hr\/en\/information-for-visitors\/villages\/","url":"https:\/\/www.pp-ucka.hr\/en\/information-for-visitors\/villages\/","name":"Villages - Park prirode U\u010dka","isPartOf":{"@id":"https:\/\/www.pp-ucka.hr\/#website"},"primaryImageOfPage":{"@id":"https:\/\/www.pp-ucka.hr\/en\/information-for-visitors\/villages\/#primaryimage"},"image":{"@id":"https:\/\/www.pp-ucka.hr\/en\/information-for-visitors\/villages\/#primaryimage"},"thumbnailUrl":"https:\/\/www.pp-ucka.hr\/2020\/wp-content\/uploads\/pp_ucka_naselja_lovranska-draga_naslovna.jpg","datePublished":"2013-07-22T11:58:19+00:00","dateModified":"2021-07-30T09:06:23+00:00","breadcrumb":{"@id":"https:\/\/www.pp-ucka.hr\/en\/information-for-visitors\/villages\/#breadcrumb"},"inLanguage":"en-US","potentialAction":[{"@type":"ReadAction","target":["https:\/\/www.pp-ucka.hr\/en\/information-for-visitors\/villages\/"]}]},{"@type":"ImageObject","inLanguage":"en-US","@id":"https:\/\/www.pp-ucka.hr\/en\/information-for-visitors\/villages\/#primaryimage","url":"https:\/\/www.pp-ucka.hr\/2020\/wp-content\/uploads\/pp_ucka_naselja_lovranska-draga_naslovna.jpg","contentUrl":"https:\/\/www.pp-ucka.hr\/2020\/wp-content\/uploads\/pp_ucka_naselja_lovranska-draga_naslovna.jpg","width":1920,"height":1080},{"@type":"BreadcrumbList","@id":"https:\/\/www.pp-ucka.hr\/en\/information-for-visitors\/villages\/#breadcrumb","itemListElement":[{"@type":"ListItem","position":1,"name":"Po\u010detna stranica","item":"https:\/\/www.pp-ucka.hr\/en\/"},{"@type":"ListItem","position":2,"name":"Information for visitors","item":"https:\/\/www.pp-ucka.hr\/en\/information-for-visitors\/"},{"@type":"ListItem","position":3,"name":"Villages"}]},{"@type":"WebSite","@id":"https:\/\/www.pp-ucka.hr\/#website","url":"https:\/\/www.pp-ucka.hr\/","name":"Park prirode U\u010dka","description":"Park prirode U\u010dka","potentialAction":[{"@type":"SearchAction","target":{"@type":"EntryPoint","urlTemplate":"https:\/\/www.pp-ucka.hr\/?s={search_term_string}"},"query-input":{"@type":"PropertyValueSpecification","valueRequired":true,"valueName":"search_term_string"}}],"inLanguage":"en-US"}]}},"_links":{"self":[{"href":"https:\/\/www.pp-ucka.hr\/en\/wp-json\/wp\/v2\/pages\/2375","targetHints":{"allow":["GET"]}}],"collection":[{"href":"https:\/\/www.pp-ucka.hr\/en\/wp-json\/wp\/v2\/pages"}],"about":[{"href":"https:\/\/www.pp-ucka.hr\/en\/wp-json\/wp\/v2\/types\/page"}],"author":[{"embeddable":true,"href":"https:\/\/www.pp-ucka.hr\/en\/wp-json\/wp\/v2\/users\/3"}],"replies":[{"embeddable":true,"href":"https:\/\/www.pp-ucka.hr\/en\/wp-json\/wp\/v2\/comments?post=2375"}],"version-history":[{"count":0,"href":"https:\/\/www.pp-ucka.hr\/en\/wp-json\/wp\/v2\/pages\/2375\/revisions"}],"up":[{"embeddable":true,"href":"https:\/\/www.pp-ucka.hr\/en\/wp-json\/wp\/v2\/pages\/276"}],"wp:featuredmedia":[{"embeddable":true,"href":"https:\/\/www.pp-ucka.hr\/en\/wp-json\/wp\/v2\/media\/14208"}],"wp:attachment":[{"href":"https:\/\/www.pp-ucka.hr\/en\/wp-json\/wp\/v2\/media?parent=2375"}],"wp:term":[{"taxonomy":"category","embeddable":true,"href":"https:\/\/www.pp-ucka.hr\/en\/wp-json\/wp\/v2\/categories?post=2375"},{"taxonomy":"post_tag","embeddable":true,"href":"https:\/\/www.pp-ucka.hr\/en\/wp-json\/wp\/v2\/tags?post=2375"}],"curies":[{"name":"wp","href":"https:\/\/api.w.org\/{rel}","templated":true}]}}