{"id":2393,"date":"2013-07-22T12:36:28","date_gmt":"2013-07-22T12:36:28","guid":{"rendered":"http:\/\/www.pp-ucka.hr\/wordpress\/?page_id=2393"},"modified":"2019-05-03T11:55:12","modified_gmt":"2019-05-03T11:55:12","slug":"accommodation-in-ucka-nature-park","status":"publish","type":"page","link":"https:\/\/www.pp-ucka.hr\/en\/information-for-visitors\/accommodation-in-ucka-nature-park\/","title":{"rendered":"Accommodation in U\u010dka Nature Park"},"content":{"rendered":"<h2><\/h2>\n<p>&nbsp;<\/p>\n<h2>CAMPING GROUND NEAR U\u010cKA NATURE PARK<\/h2>\n<p><a href=\"https:\/\/www.camping.hr\/default.aspx?objectid=10704&amp;lng=hr&amp;destid=24176\">https:\/\/www.camping.hr\/default.aspx?objectid=10704&amp;lng=hr&amp;destid=24176\u00a0<\/a><\/p>\n<p>&nbsp;<\/p>\n<h2>ACCOMMODATION WITHIN U\u010cKA NATURE PARK<\/h2>\n<p><img loading=\"lazy\" decoding=\"async\" class=\"alignleft size-thumbnail wp-image-4137\" alt=\"pansion\" src=\"http:\/\/www.pp-ucka.hr\/wordpress\/wp-content\/uploads\/pansion-130x130.jpg\" width=\"130\" height=\"130\" \/><\/p>\n<h3>RESTAURANT &amp; PANSION U\u010cKA<\/h3>\n<p><a href=\"http:\/\/www.pansion-ucka.com\/index.php\/en\/\" target=\"_blank\">www.pansion-ucka.com\/index.php\/en\/<\/a><\/p>\n<p>e-mail: <a href=\"mailto:kargopatija@gmail.com\">kargopatija@gmail.com<\/a><\/p>\n<p>tel: 00 385 (0)51 516 899<\/p>\n<p>Vela U\u010dka bb, 51414 I\u010di\u0107i<\/p>\n<p>&nbsp;<\/p>\n<h3><img loading=\"lazy\" decoding=\"async\" class=\"alignleft size-thumbnail wp-image-817\" alt=\"Planinarski dom Poklon\" src=\"http:\/\/www.pp-ucka.hr\/wordpress\/wp-content\/uploads\/smjestaj-1-130x130.jpg\" width=\"130\" height=\"130\" \/>POKLON MOUNTAIN HUT<\/h3>\n<p>managed by the Opatija Hiking Club<br \/>\n<a href=\"http:\/\/www.pdopatija.hr\/\" target=\"_blank\">www.pdopatija.hr<\/a><br \/>\ne- mail:\u00a0<a href=\"mailto:pdopatija1950@gmail.com\">pdopatija1950@gmail.com<br \/>\n<\/a>tel: 00 385 (0)51 299 610<\/p>\n<p>(open only on weekends)<br \/>\n14 beds in two rooms; no shower<\/p>\n<p>&nbsp;<\/p>\n<h3><img loading=\"lazy\" decoding=\"async\" class=\"alignleft size-thumbnail wp-image-820\" alt=\"Planinarski dom Korita\" src=\"http:\/\/www.pp-ucka.hr\/wordpress\/wp-content\/uploads\/smjestaj-2-130x130.jpg\" width=\"130\" height=\"130\" \/>KORITA MOUNTAIN HUT<\/h3>\n<p>managed by the Glas Istre Hiking Club<\/p>\n<p>Contact:\u00a0Boris Doblanovi\u0107 +385 98 701 535<\/p>\n<p>(open only on weekends)<\/p>\n<p>&nbsp;<\/p>\n<p>&nbsp;<\/p>\n<h3><img loading=\"lazy\" decoding=\"async\" class=\"alignleft size-thumbnail wp-image-830\" alt=\"Hotel &quot;Draga di Lovrana&quot;\" src=\"http:\/\/www.pp-ucka.hr\/wordpress\/wp-content\/uploads\/smjestaj-4-130x130.jpg\" width=\"130\" height=\"130\" \/>HOTEL &#8220;DRAGA DI LOVRANA&#8221;<\/h3>\n<p><a href=\"http:\/\/www.dragadilovrana.hr\/\" target=\"_blank\">www.dragadilovrana.hr<\/a><\/p>\n<p>e-mail:\u00a0<a href=\"mailto:hotel@dragadilovrana.hr\">hotel@dragadilovrana.hr<\/a><\/p>\n<p>tel: 00385(0)51\/294-166<br \/>\nfax: 00385(0)51\/291-826<\/p>\n<p>Lovranska Draga 1, 51415 Lovran<\/p>\n<p>&nbsp;<\/p>\n<h3><img loading=\"lazy\" decoding=\"async\" class=\"alignleft size-thumbnail wp-image-833\" alt=\"Villa Sirotnjak\" src=\"http:\/\/www.pp-ucka.hr\/wordpress\/wp-content\/uploads\/smjestaj-5-130x130.jpg\" width=\"130\" height=\"130\" \/>VILLA SIROTNJAK<\/h3>\n<p><a href=\"http:\/\/www.traveladriatic.net\/hr\/user\/villasirotnjak\/\" target=\"_blank\">www.traveladriatic.net\/hr\/user\/villasirotnjak\/<\/a><\/p>\n<p>e-mail:\u00a0<a href=\"mailto:villasirotnjak@gmail.com\">villasirotnjak@gmail.com<\/a><\/p>\n<p>tel: 00385-51-291-348<br \/>\nmob: 00385-91-4291-348<\/p>\n<p>Lovranska Draga 10, 51415 Lovran<\/p>\n<p>&nbsp;<\/p>\n<h3><img loading=\"lazy\" decoding=\"async\" class=\"alignleft size-thumbnail wp-image-835\" alt=\"Ku\u0107a za odmor &quot;Ivan\u010di\u0107&quot;\" src=\"http:\/\/www.pp-ucka.hr\/wordpress\/wp-content\/uploads\/smjestaj-7-130x130.jpg\" width=\"130\" height=\"130\" \/>IVAN\u010cI\u0106 HOLIDAY HOME<\/h3>\n<p>tel: 00385(0)51\/715-535<\/p>\n<p>mob: 00385(91)534-0500<\/p>\n<p>Brgudac<\/p>\n<p>&nbsp;<\/p>\n<p>&nbsp;<\/p>\n<h3><img loading=\"lazy\" decoding=\"async\" class=\"alignleft size-thumbnail wp-image-836\" alt=\"Apartman za odmor &quot;Vista&quot;\" src=\"http:\/\/www.pp-ucka.hr\/wordpress\/wp-content\/uploads\/smjestaj-8-130x130.jpg\" width=\"130\" height=\"130\" \/>HOLIDAY HOME &#8220;VISTA&#8221;<\/h3>\n<p>e-mail:\u00a0<a href=\"mailto:seka.dule@yahoo.com\">seka.dule@yahoo.com<\/a><\/p>\n<p>tel: 00385(0)52\/653-253<br \/>\nmob: 00385(0)97\/736-7420<\/p>\n<p>Brest pod U\u010dkom 50, 52426 Lupoglav<\/p>\n<p>&nbsp;<\/p>\n<h2>IN THE IMMEDIATE VICINITY OF THE PARK<\/h2>\n<h2><strong>POLJANE<\/strong><\/h2>\n<h3><img loading=\"lazy\" decoding=\"async\" class=\"alignleft size-thumbnail wp-image-838\" alt=\"Ku\u0107a za odmor &quot;Bla\u017ei\u0107&quot;\" src=\"http:\/\/www.pp-ucka.hr\/wordpress\/wp-content\/uploads\/smjestaj-9-130x130.jpg\" width=\"130\" height=\"130\" \/>BLA\u017dI\u0106 HOLIDAY HOME<\/h3>\n<p><a href=\"http:\/\/www.apartmani-blazic.com\/\" target=\"_blank\">www.apartmani-blazic.com<\/a><\/p>\n<p>e-mail:\u00a0<a href=\"mailto:silvijablazic@hotmail.com\">silvijablazic@hotmail.com<\/a><\/p>\n<p>tel: 00385(0)51\/708-178<br \/>\nmob: 00385(0)91\/522-3893<\/p>\n<p>Poljane Ladeti 48, 51414 I\u010di\u0107i<\/p>\n<p>&nbsp;<\/p>\n<h3><img loading=\"lazy\" decoding=\"async\" class=\"alignleft size-thumbnail wp-image-840\" alt=\"Vila Harmonia\" src=\"http:\/\/www.pp-ucka.hr\/wordpress\/wp-content\/uploads\/smjestaj-10-130x130.jpg\" width=\"130\" height=\"130\" \/>VILA HARMONIA<\/h3>\n<p><a href=\"http:\/\/www.vilaharmonia.net\/\" target=\"_blank\">www.vilaharmonia.net<\/a><\/p>\n<p>e-mail:\u00a0<a href=\"mailto:info@vilaharmonia.net\">info@vilaharmonia.net<\/a><\/p>\n<p>tel: +385 51 227 222<\/p>\n<p>Poljane Falaleli\u0107i 3, 51414 I\u010di\u0107i<\/p>\n<p>&nbsp;<\/p>\n<h3><a href=\"http:\/\/www.pp-ucka.hr\/wordpress\/wp-content\/uploads\/privatni_smje\u0161taj_babiloni.jpg\"><img loading=\"lazy\" decoding=\"async\" class=\"alignleft size-thumbnail wp-image-3326\" alt=\"privatni_smje\u0161taj_babiloni\" src=\"http:\/\/www.pp-ucka.hr\/wordpress\/wp-content\/uploads\/privatni_smje\u0161taj_babiloni-130x130.jpg\" width=\"130\" height=\"130\" \/><\/a>APARTMENT BABILONI<\/h3>\n<p><a href=\"http:\/\/palminadujmesic.wix.com\/apartment-babiloni\" target=\"_blank\">http:\/\/palminadujmesic.wix.com\/apartment-babiloni<\/a><\/p>\n<p><a href=\"https:\/\/www.airbnb.com\/rooms\/1402019\" target=\"_blank\">https:\/\/www.airbnb.com\/rooms\/1402019<\/a><\/p>\n<p>e-mail: <a href=\"mailto:palmina.dujmesic@gmail.com\" target=\"_blank\">palmina.dujmesic@gmail.com<\/a><\/p>\n<p>mob: +385 95 9017 255<\/p>\n<p>Babiloni 111 d, Poljane &#8211; 51414 I\u010di\u0107i<\/p>\n<p>&nbsp;<\/p>\n<h2><strong>MO\u0160\u0106ENICE<\/strong><\/h2>\n<h3><img loading=\"lazy\" decoding=\"async\" class=\"alignleft size-thumbnail wp-image-842\" alt=\"Restoran &quot;Perun&quot;\" src=\"http:\/\/www.pp-ucka.hr\/wordpress\/wp-content\/uploads\/smjestaj-11-130x130.jpg\" width=\"130\" height=\"130\" \/>RESTAURANT &#8220;PERUN&#8221;<\/h3>\n<p><a href=\"http:\/\/www.perun.hr\/index.html\" target=\"_blank\">http:\/\/www.perun.hr\/index.html<\/a><\/p>\n<p>e-mail:\u00a0<a href=\"mailto:restoran-perun@ri.t-com.hr\">restoran-perun@ri.t-com.hr<\/a><\/p>\n<p>tel: 00385(0)51\/737-551<br \/>\nfax: 00385(0)51\/737-510<\/p>\n<p>Mo\u0161\u0107enice bb, Mo\u0161\u0107eni\u010dka Draga<\/p>\n<p>&nbsp;<\/p>\n<h3><img loading=\"lazy\" decoding=\"async\" class=\"alignleft size-thumbnail wp-image-844\" alt=\"Vila &quot;Per\u0161i\u0107&quot;\" src=\"http:\/\/www.pp-ucka.hr\/wordpress\/wp-content\/uploads\/smjestaj-12-130x130.jpg\" width=\"130\" height=\"130\" \/>VILA &#8220;PER\u0160I\u0106&#8221;<\/h3>\n<p><a href=\"http:\/\/www.annalinea.hr\/apartmani\/villa-persic.htm\" target=\"_blank\">www.annalinea.hr\/apartmani\/villa-persic.htm<\/a><\/p>\n<p>e-mail: <a href=\"mailto:paola_persic@yahoo.co.uk\">paola_persic@yahoo.co.uk<\/a>\u00a0;\u00a0<a href=\"mailto:annalinea@ri.t-com.hr\">annalinea@ri.t-com.hr<\/a><\/p>\n<p>tel: 00385(0)51\/737-281<\/p>\n<p>Mo\u0161\u0107enice 97b (Selce), Mo\u0161\u0107eni\u010dka Draga<\/p>\n<p>&nbsp;<\/p>\n<h2><strong>SV. JELENA<\/strong><\/h2>\n<h3><img loading=\"lazy\" decoding=\"async\" class=\"alignleft size-thumbnail wp-image-845\" alt=\"&quot;Cottage Flora&quot;\" src=\"http:\/\/www.pp-ucka.hr\/wordpress\/wp-content\/uploads\/smjestaj-13-130x130.jpg\" width=\"130\" height=\"130\" \/>&#8220;COTTAGE FLORA&#8221;<\/h3>\n<p><a href=\"http:\/\/www.annalinea.hr\/apartmani\/cottage-flora.htm\" target=\"_blank\">www.annalinea.hr\/apartmani\/cottage-flora.htm<\/a><\/p>\n<p>e-mail:\u00a0<a href=\"mailto:annalinea@ri.t-com.hr\">annalinea@ri.t-com.hr<\/a><\/p>\n<p>tel\/fax: 00385(0)51\/737-207<\/p>\n<p>Filipa\u0161i, Sv Jelena, Mo\u0161\u0107eni\u010dka Draga<\/p>\n<p>&nbsp;<\/p>\n<h3><img loading=\"lazy\" decoding=\"async\" class=\"alignleft size-thumbnail wp-image-849\" alt=\"Villa &quot;Tramontana&quot;\" src=\"http:\/\/www.pp-ucka.hr\/wordpress\/wp-content\/uploads\/smjestaj-14-130x130.jpg\" width=\"130\" height=\"130\" \/>VILLA &#8220;TRAMONTANA&#8221;<\/h3>\n<p><a href=\"http:\/\/www.villatramontana.com\/\" target=\"_blank\">www.villatramontana.com<\/a><\/p>\n<p>tel\/fax: 00385(0)51\/290-026<br \/>\nmob: 00385(0)91\/229-0026<\/p>\n<p>Barci 13a, Sv Jelena, Mo\u0161\u0107eni\u010dka Draga<\/p>\n<p>&nbsp;<\/p>\n<h2><strong>GRABROVA<\/strong><\/h2>\n<h3><img loading=\"lazy\" decoding=\"async\" class=\"alignleft size-thumbnail wp-image-850\" alt=\"Ku\u0107a za odmor &quot;Kordi\u0107&quot;\" src=\"http:\/\/www.pp-ucka.hr\/wordpress\/wp-content\/uploads\/smjestaj-15-130x130.jpg\" width=\"130\" height=\"130\" \/>KORDI\u0106 HOLIDAY HOME<\/h3>\n<p><a href=\"http:\/\/www.annalinea.hr\/apartmani\/kordic.htm\" target=\"_blank\">www.annalinea.hr\/apartmani\/kordic.htm<\/a><\/p>\n<p>tel: 00385(0)51\/721-312<\/p>\n<p>Grabrova, Mo\u0161\u0107eni\u010dka Draga<\/p>\n<p>&nbsp;<\/p>\n<p>&nbsp;<\/p>\n<h3><img loading=\"lazy\" decoding=\"async\" class=\"alignleft size-thumbnail wp-image-851\" alt=\"Vila &quot;Marica&quot;\" src=\"http:\/\/www.pp-ucka.hr\/wordpress\/wp-content\/uploads\/smjestaj-16-130x130.jpg\" width=\"130\" height=\"130\" \/>VILLA &#8220;MARICA&#8221;<\/h3>\n<p>e-mail:\u00a0<a href=\"mailto:vila.marica@ri.t-com.hr\">vila.marica@ri.t-com.hr<\/a><br \/>\ntel: 00385(0)51\/737-474<\/p>\n<p>mob: 00385(0)91\/189-84-65<\/p>\n<p>Grabrova 2, Mo\u0161\u0107eni\u010dka Draga<\/p>\n<p>&nbsp;<\/p>\n<h2><strong>LOVRAN<\/strong><\/h2>\n<h3><img loading=\"lazy\" decoding=\"async\" class=\"alignleft size-thumbnail wp-image-852\" alt=\"Ruralni turizam Ivuli\u0107i\" src=\"http:\/\/www.pp-ucka.hr\/wordpress\/wp-content\/uploads\/smjestaj-17-130x130.jpg\" width=\"130\" height=\"130\" \/>IVULI\u0106I RURAL TOURISM<\/h3>\n<p><a href=\"http:\/\/www.ivulici.net\/\" target=\"_blank\">www.ivulici.net<\/a><\/p>\n<p>e-mail:\u00a0<a href=\"mailto:info@ivulici.net?subject=Upit%20o%20smjestaju\">info@ivulici.net<\/a><\/p>\n<p>tel: 00385(0)51\/294-405<br \/>\nmob: 00385(0)95\/813-2225<\/p>\n<p>Liganj 71, Lovran<\/p>\n<p>&nbsp;<\/p>\n<h2><strong>TULI\u0160EVICA<\/strong><\/h2>\n<h3><img loading=\"lazy\" decoding=\"async\" class=\"alignleft size-thumbnail wp-image-854\" alt=\"Gospodarstvo Oraj\" src=\"http:\/\/www.pp-ucka.hr\/wordpress\/wp-content\/uploads\/smjestaj-18-130x130.jpg\" width=\"130\" height=\"130\" \/>ORAJ FARMHOUSE<\/h3>\n<p><a href=\"http:\/\/www.lovranske-vile.com\/\" target=\"_blank\">www.lovranske-vile.com<\/a><\/p>\n<p>e-mail:\u00a0<a href=\"mailto:sales@lovranske-vile.com\">sales@lovranske-vile.com<\/a><br \/>\ntel: 00385(0)51\/294-400<\/p>\n<p>Viktora Cara Emina 11, 51415 Lovran<\/p>\n<p>&nbsp;<\/p>\n<h2><strong>KR\u0160AN<\/strong><\/h2>\n<h3><img loading=\"lazy\" decoding=\"async\" class=\"alignleft size-thumbnail wp-image-856\" alt=\"Konoba &quot;Stare staze&quot;\" src=\"http:\/\/www.pp-ucka.hr\/wordpress\/wp-content\/uploads\/smjestaj-20-130x130.jpg\" width=\"130\" height=\"130\" \/>KONOBA &#8220;STARE STAZE&#8221;<\/h3>\n<p><a href=\"http:\/\/www.konoba-hacienda-starestaze.hr\/\" target=\"_blank\">www.konoba-hacienda-starestaze.hr<\/a><\/p>\n<p>e.mail:\u00a0<a href=\"mailto:info@konoba-hacienda-starestaze.hr\">info@konoba-hacienda-starestaze.hr<\/a><\/p>\n<p>tel: 00385(0)52\/863-259<\/p>\n<p>Kr\u0161an 26, Kr\u0161an<\/p>\n<p>Opening hours: 12:00-24:00<\/p>\n<p>Capacity of the terrace\/hall\u2013 80\/60 people<\/p>\n<p>Closed on Tuesdays<\/p>\n<p>&nbsp;<\/p>\n<h2>VRANJA<\/h2>\n<h3><img loading=\"lazy\" decoding=\"async\" class=\"alignleft\" alt=\"apartman_petra_vranja\" src=\"http:\/\/www.pp-ucka.hr\/wordpress\/wp-content\/uploads\/apartman_petra_vranja-130x130.jpg\" width=\"130\" height=\"130\" \/>APARTMAN PETRA 3*<\/h3>\n<p><a href=\"http:\/\/www.apartman-petra-vranja.com\" target=\"_blank\">www.apartman-petra-vranja.com<\/a><\/p>\n<p>email: <a href=\"mailto:info@apartman-petra-vranja.com\" target=\"_blank\">info@apartman-petra-vranja.com<\/a><\/p>\n<p>mob: 00385(0)91\/591-7055<\/p>\n<p>Grozi\u0107i 29A, 52 434 Vranja<\/p>\n","protected":false},"excerpt":{"rendered":"<p>&nbsp; CAMPING GROUND NEAR U\u010cKA NATURE PARK https:\/\/www.camping.hr\/default.aspx?objectid=10704&amp;lng=hr&amp;destid=24176\u00a0 &nbsp; ACCOMMODATION WITHIN U\u010cKA NATURE PARK RESTAURANT &amp; PANSION U\u010cKA www.pansion-ucka.com\/index.php\/en\/ e-mail: kargopatija@gmail.com tel: 00 385 (0)51 516 899 Vela U\u010dka bb, 51414 I\u010di\u0107i &nbsp; POKLON MOUNTAIN HUT managed by the Opatija Hiking Club www.pdopatija.hr e- mail:\u00a0pdopatija1950@gmail.com tel: 00 385 (0)51 299 610 (open only on weekends) [&hellip;]<\/p>\n","protected":false},"author":3,"featured_media":9704,"parent":276,"menu_order":0,"comment_status":"closed","ping_status":"closed","template":"","meta":{"_et_pb_use_builder":"","_et_pb_old_content":"","_et_gb_content_width":"","inline_featured_image":false,"footnotes":""},"categories":[],"tags":[],"class_list":["post-2393","page","type-page","status-publish","has-post-thumbnail","hentry"],"yoast_head":"<!-- This site is optimized with the Yoast SEO plugin v27.3 - https:\/\/yoast.com\/product\/yoast-seo-wordpress\/ -->\n<title>Accommodation in U\u010dka Nature Park - Park prirode U\u010dka<\/title>\n<meta name=\"robots\" content=\"index, follow, max-snippet:-1, max-image-preview:large, max-video-preview:-1\" \/>\n<link rel=\"canonical\" href=\"https:\/\/www.pp-ucka.hr\/en\/information-for-visitors\/accommodation-in-ucka-nature-park\/\" \/>\n<meta property=\"og:locale\" content=\"en_US\" \/>\n<meta property=\"og:type\" content=\"article\" \/>\n<meta property=\"og:title\" content=\"Accommodation in U\u010dka Nature Park - Park prirode U\u010dka\" \/>\n<meta property=\"og:description\" content=\"&nbsp; CAMPING GROUND NEAR U\u010cKA NATURE PARK https:\/\/www.camping.hr\/default.aspx?objectid=10704&amp;lng=hr&amp;destid=24176\u00a0 &nbsp; ACCOMMODATION WITHIN U\u010cKA NATURE PARK RESTAURANT &amp; PANSION U\u010cKA www.pansion-ucka.com\/index.php\/en\/ e-mail: kargopatija@gmail.com tel: 00 385 (0)51 516 899 Vela U\u010dka bb, 51414 I\u010di\u0107i &nbsp; POKLON MOUNTAIN HUT managed by the Opatija Hiking Club www.pdopatija.hr e- mail:\u00a0pdopatija1950@gmail.com tel: 00 385 (0)51 299 610 (open only on weekends) [&hellip;]\" \/>\n<meta property=\"og:url\" content=\"https:\/\/www.pp-ucka.hr\/en\/information-for-visitors\/accommodation-in-ucka-nature-park\/\" \/>\n<meta property=\"og:site_name\" content=\"Park prirode U\u010dka\" \/>\n<meta property=\"article:modified_time\" content=\"2019-05-03T11:55:12+00:00\" \/>\n<meta property=\"og:image\" content=\"https:\/\/www.pp-ucka.hr\/2020\/wp-content\/uploads\/pp_ucka_featured_2000.jpg\" \/>\n\t<meta property=\"og:image:width\" content=\"2000\" \/>\n\t<meta property=\"og:image:height\" content=\"1129\" \/>\n\t<meta property=\"og:image:type\" content=\"image\/jpeg\" \/>\n<meta name=\"twitter:card\" content=\"summary_large_image\" \/>\n<script type=\"application\/ld+json\" class=\"yoast-schema-graph\">{\"@context\":\"https:\\\/\\\/schema.org\",\"@graph\":[{\"@type\":\"WebPage\",\"@id\":\"https:\\\/\\\/www.pp-ucka.hr\\\/en\\\/information-for-visitors\\\/accommodation-in-ucka-nature-park\\\/\",\"url\":\"https:\\\/\\\/www.pp-ucka.hr\\\/en\\\/information-for-visitors\\\/accommodation-in-ucka-nature-park\\\/\",\"name\":\"Accommodation in U\u010dka Nature Park - Park prirode U\u010dka\",\"isPartOf\":{\"@id\":\"https:\\\/\\\/www.pp-ucka.hr\\\/#website\"},\"primaryImageOfPage\":{\"@id\":\"https:\\\/\\\/www.pp-ucka.hr\\\/en\\\/information-for-visitors\\\/accommodation-in-ucka-nature-park\\\/#primaryimage\"},\"image\":{\"@id\":\"https:\\\/\\\/www.pp-ucka.hr\\\/en\\\/information-for-visitors\\\/accommodation-in-ucka-nature-park\\\/#primaryimage\"},\"thumbnailUrl\":\"https:\\\/\\\/www.pp-ucka.hr\\\/2020\\\/wp-content\\\/uploads\\\/pp_ucka_featured_2000.jpg\",\"datePublished\":\"2013-07-22T12:36:28+00:00\",\"dateModified\":\"2019-05-03T11:55:12+00:00\",\"breadcrumb\":{\"@id\":\"https:\\\/\\\/www.pp-ucka.hr\\\/en\\\/information-for-visitors\\\/accommodation-in-ucka-nature-park\\\/#breadcrumb\"},\"inLanguage\":\"en-US\",\"potentialAction\":[{\"@type\":\"ReadAction\",\"target\":[\"https:\\\/\\\/www.pp-ucka.hr\\\/en\\\/information-for-visitors\\\/accommodation-in-ucka-nature-park\\\/\"]}]},{\"@type\":\"ImageObject\",\"inLanguage\":\"en-US\",\"@id\":\"https:\\\/\\\/www.pp-ucka.hr\\\/en\\\/information-for-visitors\\\/accommodation-in-ucka-nature-park\\\/#primaryimage\",\"url\":\"https:\\\/\\\/www.pp-ucka.hr\\\/2020\\\/wp-content\\\/uploads\\\/pp_ucka_featured_2000.jpg\",\"contentUrl\":\"https:\\\/\\\/www.pp-ucka.hr\\\/2020\\\/wp-content\\\/uploads\\\/pp_ucka_featured_2000.jpg\",\"width\":2000,\"height\":1129},{\"@type\":\"BreadcrumbList\",\"@id\":\"https:\\\/\\\/www.pp-ucka.hr\\\/en\\\/information-for-visitors\\\/accommodation-in-ucka-nature-park\\\/#breadcrumb\",\"itemListElement\":[{\"@type\":\"ListItem\",\"position\":1,\"name\":\"Po\u010detna stranica\",\"item\":\"https:\\\/\\\/www.pp-ucka.hr\\\/en\\\/\"},{\"@type\":\"ListItem\",\"position\":2,\"name\":\"Information for visitors\",\"item\":\"https:\\\/\\\/www.pp-ucka.hr\\\/en\\\/information-for-visitors\\\/\"},{\"@type\":\"ListItem\",\"position\":3,\"name\":\"Accommodation in U\u010dka Nature Park\"}]},{\"@type\":\"WebSite\",\"@id\":\"https:\\\/\\\/www.pp-ucka.hr\\\/#website\",\"url\":\"https:\\\/\\\/www.pp-ucka.hr\\\/\",\"name\":\"Park prirode U\u010dka\",\"description\":\"Park prirode U\u010dka\",\"potentialAction\":[{\"@type\":\"SearchAction\",\"target\":{\"@type\":\"EntryPoint\",\"urlTemplate\":\"https:\\\/\\\/www.pp-ucka.hr\\\/?s={search_term_string}\"},\"query-input\":{\"@type\":\"PropertyValueSpecification\",\"valueRequired\":true,\"valueName\":\"search_term_string\"}}],\"inLanguage\":\"en-US\"}]}<\/script>\n<!-- \/ Yoast SEO plugin. -->","yoast_head_json":{"title":"Accommodation in U\u010dka Nature Park - Park prirode U\u010dka","robots":{"index":"index","follow":"follow","max-snippet":"max-snippet:-1","max-image-preview":"max-image-preview:large","max-video-preview":"max-video-preview:-1"},"canonical":"https:\/\/www.pp-ucka.hr\/en\/information-for-visitors\/accommodation-in-ucka-nature-park\/","og_locale":"en_US","og_type":"article","og_title":"Accommodation in U\u010dka Nature Park - Park prirode U\u010dka","og_description":"&nbsp; CAMPING GROUND NEAR U\u010cKA NATURE PARK https:\/\/www.camping.hr\/default.aspx?objectid=10704&amp;lng=hr&amp;destid=24176\u00a0 &nbsp; ACCOMMODATION WITHIN U\u010cKA NATURE PARK RESTAURANT &amp; PANSION U\u010cKA www.pansion-ucka.com\/index.php\/en\/ e-mail: kargopatija@gmail.com tel: 00 385 (0)51 516 899 Vela U\u010dka bb, 51414 I\u010di\u0107i &nbsp; POKLON MOUNTAIN HUT managed by the Opatija Hiking Club www.pdopatija.hr e- mail:\u00a0pdopatija1950@gmail.com tel: 00 385 (0)51 299 610 (open only on weekends) [&hellip;]","og_url":"https:\/\/www.pp-ucka.hr\/en\/information-for-visitors\/accommodation-in-ucka-nature-park\/","og_site_name":"Park prirode U\u010dka","article_modified_time":"2019-05-03T11:55:12+00:00","og_image":[{"width":2000,"height":1129,"url":"https:\/\/www.pp-ucka.hr\/2020\/wp-content\/uploads\/pp_ucka_featured_2000.jpg","type":"image\/jpeg"}],"twitter_card":"summary_large_image","schema":{"@context":"https:\/\/schema.org","@graph":[{"@type":"WebPage","@id":"https:\/\/www.pp-ucka.hr\/en\/information-for-visitors\/accommodation-in-ucka-nature-park\/","url":"https:\/\/www.pp-ucka.hr\/en\/information-for-visitors\/accommodation-in-ucka-nature-park\/","name":"Accommodation in U\u010dka Nature Park - Park prirode U\u010dka","isPartOf":{"@id":"https:\/\/www.pp-ucka.hr\/#website"},"primaryImageOfPage":{"@id":"https:\/\/www.pp-ucka.hr\/en\/information-for-visitors\/accommodation-in-ucka-nature-park\/#primaryimage"},"image":{"@id":"https:\/\/www.pp-ucka.hr\/en\/information-for-visitors\/accommodation-in-ucka-nature-park\/#primaryimage"},"thumbnailUrl":"https:\/\/www.pp-ucka.hr\/2020\/wp-content\/uploads\/pp_ucka_featured_2000.jpg","datePublished":"2013-07-22T12:36:28+00:00","dateModified":"2019-05-03T11:55:12+00:00","breadcrumb":{"@id":"https:\/\/www.pp-ucka.hr\/en\/information-for-visitors\/accommodation-in-ucka-nature-park\/#breadcrumb"},"inLanguage":"en-US","potentialAction":[{"@type":"ReadAction","target":["https:\/\/www.pp-ucka.hr\/en\/information-for-visitors\/accommodation-in-ucka-nature-park\/"]}]},{"@type":"ImageObject","inLanguage":"en-US","@id":"https:\/\/www.pp-ucka.hr\/en\/information-for-visitors\/accommodation-in-ucka-nature-park\/#primaryimage","url":"https:\/\/www.pp-ucka.hr\/2020\/wp-content\/uploads\/pp_ucka_featured_2000.jpg","contentUrl":"https:\/\/www.pp-ucka.hr\/2020\/wp-content\/uploads\/pp_ucka_featured_2000.jpg","width":2000,"height":1129},{"@type":"BreadcrumbList","@id":"https:\/\/www.pp-ucka.hr\/en\/information-for-visitors\/accommodation-in-ucka-nature-park\/#breadcrumb","itemListElement":[{"@type":"ListItem","position":1,"name":"Po\u010detna stranica","item":"https:\/\/www.pp-ucka.hr\/en\/"},{"@type":"ListItem","position":2,"name":"Information for visitors","item":"https:\/\/www.pp-ucka.hr\/en\/information-for-visitors\/"},{"@type":"ListItem","position":3,"name":"Accommodation in U\u010dka Nature Park"}]},{"@type":"WebSite","@id":"https:\/\/www.pp-ucka.hr\/#website","url":"https:\/\/www.pp-ucka.hr\/","name":"Park prirode U\u010dka","description":"Park prirode U\u010dka","potentialAction":[{"@type":"SearchAction","target":{"@type":"EntryPoint","urlTemplate":"https:\/\/www.pp-ucka.hr\/?s={search_term_string}"},"query-input":{"@type":"PropertyValueSpecification","valueRequired":true,"valueName":"search_term_string"}}],"inLanguage":"en-US"}]}},"_links":{"self":[{"href":"https:\/\/www.pp-ucka.hr\/en\/wp-json\/wp\/v2\/pages\/2393","targetHints":{"allow":["GET"]}}],"collection":[{"href":"https:\/\/www.pp-ucka.hr\/en\/wp-json\/wp\/v2\/pages"}],"about":[{"href":"https:\/\/www.pp-ucka.hr\/en\/wp-json\/wp\/v2\/types\/page"}],"author":[{"embeddable":true,"href":"https:\/\/www.pp-ucka.hr\/en\/wp-json\/wp\/v2\/users\/3"}],"replies":[{"embeddable":true,"href":"https:\/\/www.pp-ucka.hr\/en\/wp-json\/wp\/v2\/comments?post=2393"}],"version-history":[{"count":0,"href":"https:\/\/www.pp-ucka.hr\/en\/wp-json\/wp\/v2\/pages\/2393\/revisions"}],"up":[{"embeddable":true,"href":"https:\/\/www.pp-ucka.hr\/en\/wp-json\/wp\/v2\/pages\/276"}],"wp:featuredmedia":[{"embeddable":true,"href":"https:\/\/www.pp-ucka.hr\/en\/wp-json\/wp\/v2\/media\/9704"}],"wp:attachment":[{"href":"https:\/\/www.pp-ucka.hr\/en\/wp-json\/wp\/v2\/media?parent=2393"}],"wp:term":[{"taxonomy":"category","embeddable":true,"href":"https:\/\/www.pp-ucka.hr\/en\/wp-json\/wp\/v2\/categories?post=2393"},{"taxonomy":"post_tag","embeddable":true,"href":"https:\/\/www.pp-ucka.hr\/en\/wp-json\/wp\/v2\/tags?post=2393"}],"curies":[{"name":"wp","href":"https:\/\/api.w.org\/{rel}","templated":true}]}}