{"id":2398,"date":"2013-07-22T12:45:43","date_gmt":"2013-07-22T12:45:43","guid":{"rendered":"http:\/\/www.pp-ucka.hr\/wordpress\/?page_id=2398"},"modified":"2015-01-13T08:33:40","modified_gmt":"2015-01-13T08:33:40","slug":"bars-and-restaurants-in-ucka-nature-park","status":"publish","type":"page","link":"https:\/\/www.pp-ucka.hr\/en\/information-for-visitors\/bars-and-restaurants-in-ucka-nature-park\/","title":{"rendered":"Bars and Restaurants in U\u010dka Nature Park"},"content":{"rendered":"<h2>WITHIN U\u010cKA NATURE PARK<\/h2>\n<p><img loading=\"lazy\" decoding=\"async\" class=\"alignleft size-thumbnail wp-image-4137\" alt=\"pansion\" src=\"http:\/\/www.pp-ucka.hr\/wordpress\/wp-content\/uploads\/pansion-130x130.jpg\" width=\"130\" height=\"130\" \/><\/p>\n<h3>RESTAURANT &amp; PANSION U\u010cKA<\/h3>\n<p><a href=\"http:\/\/www.pansion-ucka.com\/index.php\/en\/\" target=\"_blank\">www.pansion-ucka.com\/index.php\/en\/<\/a><\/p>\n<p>e-mail: <a href=\"mailto:kargopatija@gmail.com\">kargopatija@gmail.com<\/a><\/p>\n<p>tel: 00 385 (0)51 516 899<\/p>\n<p>Vela U\u010dka bb, 51414 I\u010di\u0107i<\/p>\n<p>&nbsp;<\/p>\n<p>&nbsp;<\/p>\n<h3><img loading=\"lazy\" decoding=\"async\" class=\"alignleft size-thumbnail wp-image-915\" alt=\"\" src=\"http:\/\/www.pp-ucka.hr\/wordpress\/wp-content\/uploads\/ugo-1-130x130.jpg\" width=\"130\" height=\"130\" \/>RESTAURANT DOPOLAVORO<\/h3>\n<p><a href=\"http:\/\/www.dopolavoro.hr\/\" target=\"_blank\">www.dopolavoro.hr<\/a><\/p>\n<p>tel: 00385(0)51\/299-641<br \/>\nfax: 00385(0)51\/299-649<br \/>\ngsm: 00385(0)91\/222-5335<\/p>\n<p>e-mail:\u00a0<a href=\"mailto:info@dopolavoro.hr\">info@dopolavoro.hr<\/a><br \/>\nVela U\u010dka 9<\/p>\n<p>&nbsp;<\/p>\n<h3><img loading=\"lazy\" decoding=\"async\" class=\"alignleft size-thumbnail wp-image-830\" alt=\"Hotel &quot;Draga di Lovrana&quot;\" src=\"http:\/\/www.pp-ucka.hr\/wordpress\/wp-content\/uploads\/smjestaj-4-130x130.jpg\" width=\"130\" height=\"130\" \/>RESTAURANT \u201cDRAGA DI LOVRANA\u201d<\/h3>\n<p><a href=\"http:\/\/www.dragadilovrana.hr\/\" target=\"_blank\">www.dragadilovrana.hr<\/a><\/p>\n<p>e-mail:\u00a0<a href=\"mailto:hotel@dragadilovrana.hr\">hotel@dragadilovrana.hr<\/a><\/p>\n<p>tel: 00385(0)51\/294-166<br \/>\nfax: 00385(0)51\/291-826<\/p>\n<p>Lovranska Draga 1, 51415 Lovran<\/p>\n<p>&nbsp;<\/p>\n<h3><img loading=\"lazy\" decoding=\"async\" class=\"alignleft size-thumbnail wp-image-918\" alt=\"Konoba &quot;Lovranska Draga&quot;\" src=\"http:\/\/www.pp-ucka.hr\/wordpress\/wp-content\/uploads\/ugo-4-130x130.jpg\" width=\"130\" height=\"130\" \/>KONOBA \u201cLOVRANSKA DRAGA\u201d<\/h3>\n<p>tel: 00385(0)51\/292-720<br \/>\nfax: 00385(0)51\/276-360<\/p>\n<p>Lovranska Draga 34, 51415 Lovran<\/p>\n<p>Capacity of the terrace\/hall \u2013 30\/10 people<\/p>\n<p>Opening hours in summer: 12:00-24:00<\/p>\n<p>Opening hours in winter: 15:00-24:00<\/p>\n<p>Closed on Mondays<\/p>\n<p>&nbsp;<\/p>\n<p>&nbsp;<\/p>\n<h2>IN THE IMMEDIATE VICINITY OF THE PARK\u00a0&#8211; ISTRA<\/h2>\n<h2>VRANJA<\/h2>\n<h3><img loading=\"lazy\" decoding=\"async\" class=\"alignleft size-thumbnail wp-image-920\" alt=\"Konoba &quot;Toma\u0161ko&quot;\" src=\"http:\/\/www.pp-ucka.hr\/wordpress\/wp-content\/uploads\/ugo-5-130x130.jpg\" width=\"130\" height=\"130\" \/>KONOBA \u201cTOMA\u0160KO\u201d<\/h3>\n<p>tel: 00385(0)52\/685-263<\/p>\n<p>Vranja 13, Lupoglav<\/p>\n<p>Capacity of the terrace\/hall \u2013 40\/60 people<\/p>\n<p>Opening hours on weekends: 13:00-24:00<\/p>\n<p>Opening hours during the week: 11:00-23:00<\/p>\n<p>&nbsp;<\/p>\n<h3><img loading=\"lazy\" decoding=\"async\" class=\"alignleft size-thumbnail wp-image-922\" alt=\"Konoba &quot;Ema&quot;\" src=\"http:\/\/www.pp-ucka.hr\/wordpress\/wp-content\/uploads\/ugo-6-130x130.jpg\" width=\"130\" height=\"130\" \/>KONOBA \u201cTEMA\u201d<\/h3>\n<p>tel: 00385(0)52\/685-372<br \/>\nfax: 00385(0)52\/685-370<\/p>\n<p>Vranja 29a, Lupoglav<\/p>\n<p>Capacity of the terrace\/hall \u2013 40\/45 people<\/p>\n<p>Opening hours: 07:00-23:00<\/p>\n<p>Closed on Tuesdays<\/p>\n<p>&nbsp;<\/p>\n<h2>BOLJUN<\/h2>\n<h3><img loading=\"lazy\" decoding=\"async\" class=\"alignleft size-thumbnail wp-image-923\" alt=\"Boljunska konoba\" src=\"http:\/\/www.pp-ucka.hr\/wordpress\/wp-content\/uploads\/ugo-7-130x130.jpg\" width=\"130\" height=\"130\" \/>BOLJUNSKA KONOBA<\/h3>\n<p><a href=\"http:\/\/www.boljunska-konoba.com\/\" target=\"_blank\">www.boljunska-konoba.com<\/a><\/p>\n<p>e-mail:\u00a0<a href=\"mailto:info@boljunska-konoba.com\">info@boljunska-konoba.com<\/a><\/p>\n<p>tel: 00385(0)52\/631-100<\/p>\n<p>Boljun 30a, Boljun<\/p>\n<p>Capacity of the terrace\/hall \u2013 40\/50 people<\/p>\n<p>Opening hours: 15:00-23:00<\/p>\n<p>Opening hours on Saturdays: 15:00-24:00<\/p>\n<p>Opening hours on Sundays and holidays: 12:00-23:00<\/p>\n<p>Closed on Tuesdays<\/p>\n<p>&nbsp;<\/p>\n<h2>LUPOGLAV<\/h2>\n<h3><img loading=\"lazy\" decoding=\"async\" class=\"alignleft size-thumbnail wp-image-924\" alt=\"Buffet pizzeria &quot;Alba&quot;\" src=\"http:\/\/www.pp-ucka.hr\/wordpress\/wp-content\/uploads\/ugo-8-130x130.jpg\" width=\"130\" height=\"130\" \/>BUFFET PIZZERIA &#8220;ALBA&#8221;<\/h3>\n<p>tel: 00385(0)52\/685-145<\/p>\n<p>Lupoglav 7, Lupoglav<\/p>\n<p>Capacity of the terrace\/hall \u2013 30\/50 people<\/p>\n<p>Opening hours: 08:00-23:00<\/p>\n<p>&nbsp;<\/p>\n<h3><img loading=\"lazy\" decoding=\"async\" class=\"alignleft size-thumbnail wp-image-925\" alt=\"Restoran &quot;Planik&quot;\" src=\"http:\/\/www.pp-ucka.hr\/wordpress\/wp-content\/uploads\/ugo-10-130x130.jpg\" width=\"130\" height=\"130\" \/>RESTAURANT PLANIK<\/h3>\n<p>tel: 00385(0)52\/685-113<\/p>\n<p>Lupoglav 22a, Lupoglav<\/p>\n<p>Opening hours: 08:00-23:00<\/p>\n<p>Opening hours on Tuesdays: 08:00-17:00<\/p>\n<p>&nbsp;<\/p>\n<h2>VOZILI\u0106I<\/h2>\n<h3><img loading=\"lazy\" decoding=\"async\" class=\"alignleft size-thumbnail wp-image-926\" alt=\"Restoran &quot;Tri Murve&quot;\" src=\"http:\/\/www.pp-ucka.hr\/wordpress\/wp-content\/uploads\/ugo-11-130x130.jpg\" width=\"130\" height=\"130\" \/>RESTAURANT &#8220;TRI MURVE&#8221;<\/h3>\n<p>tel: 00385(0)52\/863-255<br \/>\nfax: 00385(0)52\/880-671<\/p>\n<p>Vozili\u0107i 19, Plomin<\/p>\n<p>Opening hours: 12:00-23:00<\/p>\n<p>Capacity of the terrace\/hall \u2013 60\/60 people<\/p>\n<p>&nbsp;<\/p>\n<h3><img loading=\"lazy\" decoding=\"async\" class=\"alignleft size-thumbnail wp-image-927\" alt=\"Restoran &quot;Antonio&quot;\" src=\"http:\/\/www.pp-ucka.hr\/wordpress\/wp-content\/uploads\/ugo-12-130x130.jpg\" width=\"130\" height=\"130\" \/>RESTAURANT &#8220;ANTONIO&#8221;<\/h3>\n<p>tel: 00385(0)52\/863-275<\/p>\n<p>Vozili\u0107i 34, Plomin<\/p>\n<p>Opening hours: 14:00-23:00<\/p>\n<p>Opening hours on Saturdays and Sundays: 14:00-24:00<\/p>\n<p>&nbsp;<\/p>\n<h2>KR\u0160AN<\/h2>\n<h3><img loading=\"lazy\" decoding=\"async\" class=\"alignleft size-thumbnail wp-image-856\" alt=\"Konoba &quot;Stare staze&quot;\" src=\"http:\/\/www.pp-ucka.hr\/wordpress\/wp-content\/uploads\/smjestaj-20-130x130.jpg\" width=\"130\" height=\"130\" \/>KONOBA &#8220;STARE STAZE&#8221;<\/h3>\n<p><a href=\"http:\/\/www.konoba-hacienda-starestaze.hr\/\" target=\"_blank\">www.konoba-hacienda-starestaze.hr<\/a><\/p>\n<p>e.mail:\u00a0<a href=\"mailto:info@konoba-hacienda-starestaze.hr\">info@konoba-hacienda-starestaze.hr<\/a><\/p>\n<p>tel: 00385(0)52\/863-259<\/p>\n<p>Kr\u0161an 26, Kr\u0161an<\/p>\n<p>Opening hours: 12:00-24:00<\/p>\n<p>Capacity of the terrace\/hall \u2013 80\/60 people<\/p>\n<p>Closed on Tuesdays<\/p>\n<p>&nbsp;<\/p>\n<h2>IN THE IMMEDIATE VICINITY OF THE PARK\u00a0&#8211; KVARNER<\/h2>\n<h2>MO\u0160\u0106ENICE<\/h2>\n<h3><img loading=\"lazy\" decoding=\"async\" class=\"alignleft size-thumbnail wp-image-842\" alt=\"Restoran &quot;Perun&quot;\" src=\"http:\/\/www.pp-ucka.hr\/wordpress\/wp-content\/uploads\/smjestaj-11-130x130.jpg\" width=\"130\" height=\"130\" \/>RESTAURANT &#8220;PERUN&#8221;<\/h3>\n<p><a href=\"http:\/\/www.perun.hr\/index.html\" target=\"_blank\">http:\/\/www.perun.hr\/index.html<\/a><\/p>\n<p>e-mail:\u00a0<a href=\"mailto:restoran-perun@ri.t-com.hr\">restoran-perun@ri.t-com.hr<\/a><\/p>\n<p>tel: 00385(0)51\/737-551<br \/>\nfax: 00385(0)51\/737-510<\/p>\n<p>Mo\u0161\u0107enice bb, Mo\u0161\u0107eni\u010dka Draga<\/p>\n<p>Capacity of the terrace\/hall \u2013 200\/110 people<\/p>\n<p>Opening hours: 07:00-23:00<\/p>\n<p>&nbsp;<\/p>\n<h2>SV. JELENA<\/h2>\n<h3><img loading=\"lazy\" decoding=\"async\" class=\"alignleft size-thumbnail wp-image-929\" alt=\"Konoba &quot;Slamnjaki&quot;\" src=\"http:\/\/www.pp-ucka.hr\/wordpress\/wp-content\/uploads\/ugo-16-130x130.jpg\" width=\"130\" height=\"130\" \/>KONOBA &#8220;SLAMNJAKI&#8221;<\/h3>\n<p>tel\/fax: 00385(0)51\/290-132<\/p>\n<p>Sv. Jelena 25a, Brse\u010d<\/p>\n<p>Capacity of the terrace\/hall \u2013 50\/50 people<\/p>\n<p>Opening hours: 11:00-22:00<\/p>\n<p>Closed on Mondays<\/p>\n<p>&nbsp;<\/p>\n<h2>MEDVEJA &#8211; KALI<\/h2>\n<h3><img loading=\"lazy\" decoding=\"async\" class=\"alignleft size-thumbnail wp-image-930\" alt=\"Konoba &quot;Kali&quot;\" src=\"http:\/\/www.pp-ucka.hr\/wordpress\/wp-content\/uploads\/ugo-17-130x130.jpg\" width=\"130\" height=\"130\" \/>KONOBA &#8220;KALI&#8221;<\/h3>\n<p><a href=\"http:\/\/www.konobakali.hr\/\" target=\"_blank\">www.konobakali.hr<\/a><\/p>\n<p>e-mail:\u00a0<a href=\"mailto:dobartek@konobakali.hr\">dobartek@konobakali.hr<\/a><\/p>\n<p>tel: 00385(0)51\/293-268<\/p>\n<p>fax: 00385(0)51\/294-268<\/p>\n<p>Kali 39a, 51415 Lovran, Medveja<\/p>\n<p>Opening hours: 16:00-24:00<\/p>\n","protected":false},"excerpt":{"rendered":"<p>WITHIN U\u010cKA NATURE PARK RESTAURANT &amp; PANSION U\u010cKA www.pansion-ucka.com\/index.php\/en\/ e-mail: kargopatija@gmail.com tel: 00 385 (0)51 516 899 Vela U\u010dka bb, 51414 I\u010di\u0107i &nbsp; &nbsp; RESTAURANT DOPOLAVORO www.dopolavoro.hr tel: 00385(0)51\/299-641 fax: 00385(0)51\/299-649 gsm: 00385(0)91\/222-5335 e-mail:\u00a0info@dopolavoro.hr Vela U\u010dka 9 &nbsp; RESTAURANT \u201cDRAGA DI LOVRANA\u201d www.dragadilovrana.hr e-mail:\u00a0hotel@dragadilovrana.hr tel: 00385(0)51\/294-166 fax: 00385(0)51\/291-826 Lovranska Draga 1, 51415 Lovran &nbsp; KONOBA [&hellip;]<\/p>\n","protected":false},"author":3,"featured_media":9704,"parent":276,"menu_order":0,"comment_status":"closed","ping_status":"closed","template":"","meta":{"_et_pb_use_builder":"","_et_pb_old_content":"","_et_gb_content_width":"","inline_featured_image":false,"footnotes":""},"categories":[],"tags":[],"class_list":["post-2398","page","type-page","status-publish","has-post-thumbnail","hentry"],"yoast_head":"<!-- This site is optimized with the Yoast SEO plugin v27.5 - https:\/\/yoast.com\/product\/yoast-seo-wordpress\/ -->\n<title>Bars and Restaurants in U\u010dka Nature Park - Park prirode U\u010dka<\/title>\n<meta name=\"robots\" content=\"index, follow, max-snippet:-1, max-image-preview:large, max-video-preview:-1\" \/>\n<link rel=\"canonical\" href=\"https:\/\/www.pp-ucka.hr\/en\/information-for-visitors\/bars-and-restaurants-in-ucka-nature-park\/\" \/>\n<meta property=\"og:locale\" content=\"en_US\" \/>\n<meta property=\"og:type\" content=\"article\" \/>\n<meta property=\"og:title\" content=\"Bars and Restaurants in U\u010dka Nature Park - Park prirode U\u010dka\" \/>\n<meta property=\"og:description\" content=\"WITHIN U\u010cKA NATURE PARK RESTAURANT &amp; PANSION U\u010cKA www.pansion-ucka.com\/index.php\/en\/ e-mail: kargopatija@gmail.com tel: 00 385 (0)51 516 899 Vela U\u010dka bb, 51414 I\u010di\u0107i &nbsp; &nbsp; RESTAURANT DOPOLAVORO www.dopolavoro.hr tel: 00385(0)51\/299-641 fax: 00385(0)51\/299-649 gsm: 00385(0)91\/222-5335 e-mail:\u00a0info@dopolavoro.hr Vela U\u010dka 9 &nbsp; RESTAURANT \u201cDRAGA DI LOVRANA\u201d www.dragadilovrana.hr e-mail:\u00a0hotel@dragadilovrana.hr tel: 00385(0)51\/294-166 fax: 00385(0)51\/291-826 Lovranska Draga 1, 51415 Lovran &nbsp; KONOBA [&hellip;]\" \/>\n<meta property=\"og:url\" content=\"https:\/\/www.pp-ucka.hr\/en\/information-for-visitors\/bars-and-restaurants-in-ucka-nature-park\/\" \/>\n<meta property=\"og:site_name\" content=\"Park prirode U\u010dka\" \/>\n<meta property=\"article:modified_time\" content=\"2015-01-13T08:33:40+00:00\" \/>\n<meta property=\"og:image\" content=\"https:\/\/www.pp-ucka.hr\/2020\/wp-content\/uploads\/pp_ucka_featured_2000.jpg\" \/>\n\t<meta property=\"og:image:width\" content=\"2000\" \/>\n\t<meta property=\"og:image:height\" content=\"1129\" \/>\n\t<meta property=\"og:image:type\" content=\"image\/jpeg\" \/>\n<meta name=\"twitter:card\" content=\"summary_large_image\" \/>\n<script type=\"application\/ld+json\" class=\"yoast-schema-graph\">{\"@context\":\"https:\\\/\\\/schema.org\",\"@graph\":[{\"@type\":\"WebPage\",\"@id\":\"https:\\\/\\\/www.pp-ucka.hr\\\/en\\\/information-for-visitors\\\/bars-and-restaurants-in-ucka-nature-park\\\/\",\"url\":\"https:\\\/\\\/www.pp-ucka.hr\\\/en\\\/information-for-visitors\\\/bars-and-restaurants-in-ucka-nature-park\\\/\",\"name\":\"Bars and Restaurants in U\u010dka Nature Park - Park prirode U\u010dka\",\"isPartOf\":{\"@id\":\"https:\\\/\\\/www.pp-ucka.hr\\\/#website\"},\"primaryImageOfPage\":{\"@id\":\"https:\\\/\\\/www.pp-ucka.hr\\\/en\\\/information-for-visitors\\\/bars-and-restaurants-in-ucka-nature-park\\\/#primaryimage\"},\"image\":{\"@id\":\"https:\\\/\\\/www.pp-ucka.hr\\\/en\\\/information-for-visitors\\\/bars-and-restaurants-in-ucka-nature-park\\\/#primaryimage\"},\"thumbnailUrl\":\"https:\\\/\\\/www.pp-ucka.hr\\\/2020\\\/wp-content\\\/uploads\\\/pp_ucka_featured_2000.jpg\",\"datePublished\":\"2013-07-22T12:45:43+00:00\",\"dateModified\":\"2015-01-13T08:33:40+00:00\",\"breadcrumb\":{\"@id\":\"https:\\\/\\\/www.pp-ucka.hr\\\/en\\\/information-for-visitors\\\/bars-and-restaurants-in-ucka-nature-park\\\/#breadcrumb\"},\"inLanguage\":\"en-US\",\"potentialAction\":[{\"@type\":\"ReadAction\",\"target\":[\"https:\\\/\\\/www.pp-ucka.hr\\\/en\\\/information-for-visitors\\\/bars-and-restaurants-in-ucka-nature-park\\\/\"]}]},{\"@type\":\"ImageObject\",\"inLanguage\":\"en-US\",\"@id\":\"https:\\\/\\\/www.pp-ucka.hr\\\/en\\\/information-for-visitors\\\/bars-and-restaurants-in-ucka-nature-park\\\/#primaryimage\",\"url\":\"https:\\\/\\\/www.pp-ucka.hr\\\/2020\\\/wp-content\\\/uploads\\\/pp_ucka_featured_2000.jpg\",\"contentUrl\":\"https:\\\/\\\/www.pp-ucka.hr\\\/2020\\\/wp-content\\\/uploads\\\/pp_ucka_featured_2000.jpg\",\"width\":2000,\"height\":1129},{\"@type\":\"BreadcrumbList\",\"@id\":\"https:\\\/\\\/www.pp-ucka.hr\\\/en\\\/information-for-visitors\\\/bars-and-restaurants-in-ucka-nature-park\\\/#breadcrumb\",\"itemListElement\":[{\"@type\":\"ListItem\",\"position\":1,\"name\":\"Po\u010detna stranica\",\"item\":\"https:\\\/\\\/www.pp-ucka.hr\\\/en\\\/\"},{\"@type\":\"ListItem\",\"position\":2,\"name\":\"Information for visitors\",\"item\":\"https:\\\/\\\/www.pp-ucka.hr\\\/en\\\/information-for-visitors\\\/\"},{\"@type\":\"ListItem\",\"position\":3,\"name\":\"Bars and Restaurants in U\u010dka Nature Park\"}]},{\"@type\":\"WebSite\",\"@id\":\"https:\\\/\\\/www.pp-ucka.hr\\\/#website\",\"url\":\"https:\\\/\\\/www.pp-ucka.hr\\\/\",\"name\":\"Park prirode U\u010dka\",\"description\":\"Park prirode U\u010dka\",\"potentialAction\":[{\"@type\":\"SearchAction\",\"target\":{\"@type\":\"EntryPoint\",\"urlTemplate\":\"https:\\\/\\\/www.pp-ucka.hr\\\/?s={search_term_string}\"},\"query-input\":{\"@type\":\"PropertyValueSpecification\",\"valueRequired\":true,\"valueName\":\"search_term_string\"}}],\"inLanguage\":\"en-US\"}]}<\/script>\n<!-- \/ Yoast SEO plugin. -->","yoast_head_json":{"title":"Bars and Restaurants in U\u010dka Nature Park - Park prirode U\u010dka","robots":{"index":"index","follow":"follow","max-snippet":"max-snippet:-1","max-image-preview":"max-image-preview:large","max-video-preview":"max-video-preview:-1"},"canonical":"https:\/\/www.pp-ucka.hr\/en\/information-for-visitors\/bars-and-restaurants-in-ucka-nature-park\/","og_locale":"en_US","og_type":"article","og_title":"Bars and Restaurants in U\u010dka Nature Park - Park prirode U\u010dka","og_description":"WITHIN U\u010cKA NATURE PARK RESTAURANT &amp; PANSION U\u010cKA www.pansion-ucka.com\/index.php\/en\/ e-mail: kargopatija@gmail.com tel: 00 385 (0)51 516 899 Vela U\u010dka bb, 51414 I\u010di\u0107i &nbsp; &nbsp; RESTAURANT DOPOLAVORO www.dopolavoro.hr tel: 00385(0)51\/299-641 fax: 00385(0)51\/299-649 gsm: 00385(0)91\/222-5335 e-mail:\u00a0info@dopolavoro.hr Vela U\u010dka 9 &nbsp; RESTAURANT \u201cDRAGA DI LOVRANA\u201d www.dragadilovrana.hr e-mail:\u00a0hotel@dragadilovrana.hr tel: 00385(0)51\/294-166 fax: 00385(0)51\/291-826 Lovranska Draga 1, 51415 Lovran &nbsp; KONOBA [&hellip;]","og_url":"https:\/\/www.pp-ucka.hr\/en\/information-for-visitors\/bars-and-restaurants-in-ucka-nature-park\/","og_site_name":"Park prirode U\u010dka","article_modified_time":"2015-01-13T08:33:40+00:00","og_image":[{"width":2000,"height":1129,"url":"https:\/\/www.pp-ucka.hr\/2020\/wp-content\/uploads\/pp_ucka_featured_2000.jpg","type":"image\/jpeg"}],"twitter_card":"summary_large_image","schema":{"@context":"https:\/\/schema.org","@graph":[{"@type":"WebPage","@id":"https:\/\/www.pp-ucka.hr\/en\/information-for-visitors\/bars-and-restaurants-in-ucka-nature-park\/","url":"https:\/\/www.pp-ucka.hr\/en\/information-for-visitors\/bars-and-restaurants-in-ucka-nature-park\/","name":"Bars and Restaurants in U\u010dka Nature Park - Park prirode U\u010dka","isPartOf":{"@id":"https:\/\/www.pp-ucka.hr\/#website"},"primaryImageOfPage":{"@id":"https:\/\/www.pp-ucka.hr\/en\/information-for-visitors\/bars-and-restaurants-in-ucka-nature-park\/#primaryimage"},"image":{"@id":"https:\/\/www.pp-ucka.hr\/en\/information-for-visitors\/bars-and-restaurants-in-ucka-nature-park\/#primaryimage"},"thumbnailUrl":"https:\/\/www.pp-ucka.hr\/2020\/wp-content\/uploads\/pp_ucka_featured_2000.jpg","datePublished":"2013-07-22T12:45:43+00:00","dateModified":"2015-01-13T08:33:40+00:00","breadcrumb":{"@id":"https:\/\/www.pp-ucka.hr\/en\/information-for-visitors\/bars-and-restaurants-in-ucka-nature-park\/#breadcrumb"},"inLanguage":"en-US","potentialAction":[{"@type":"ReadAction","target":["https:\/\/www.pp-ucka.hr\/en\/information-for-visitors\/bars-and-restaurants-in-ucka-nature-park\/"]}]},{"@type":"ImageObject","inLanguage":"en-US","@id":"https:\/\/www.pp-ucka.hr\/en\/information-for-visitors\/bars-and-restaurants-in-ucka-nature-park\/#primaryimage","url":"https:\/\/www.pp-ucka.hr\/2020\/wp-content\/uploads\/pp_ucka_featured_2000.jpg","contentUrl":"https:\/\/www.pp-ucka.hr\/2020\/wp-content\/uploads\/pp_ucka_featured_2000.jpg","width":2000,"height":1129},{"@type":"BreadcrumbList","@id":"https:\/\/www.pp-ucka.hr\/en\/information-for-visitors\/bars-and-restaurants-in-ucka-nature-park\/#breadcrumb","itemListElement":[{"@type":"ListItem","position":1,"name":"Po\u010detna stranica","item":"https:\/\/www.pp-ucka.hr\/en\/"},{"@type":"ListItem","position":2,"name":"Information for visitors","item":"https:\/\/www.pp-ucka.hr\/en\/information-for-visitors\/"},{"@type":"ListItem","position":3,"name":"Bars and Restaurants in U\u010dka Nature Park"}]},{"@type":"WebSite","@id":"https:\/\/www.pp-ucka.hr\/#website","url":"https:\/\/www.pp-ucka.hr\/","name":"Park prirode U\u010dka","description":"Park prirode U\u010dka","potentialAction":[{"@type":"SearchAction","target":{"@type":"EntryPoint","urlTemplate":"https:\/\/www.pp-ucka.hr\/?s={search_term_string}"},"query-input":{"@type":"PropertyValueSpecification","valueRequired":true,"valueName":"search_term_string"}}],"inLanguage":"en-US"}]}},"_links":{"self":[{"href":"https:\/\/www.pp-ucka.hr\/en\/wp-json\/wp\/v2\/pages\/2398","targetHints":{"allow":["GET"]}}],"collection":[{"href":"https:\/\/www.pp-ucka.hr\/en\/wp-json\/wp\/v2\/pages"}],"about":[{"href":"https:\/\/www.pp-ucka.hr\/en\/wp-json\/wp\/v2\/types\/page"}],"author":[{"embeddable":true,"href":"https:\/\/www.pp-ucka.hr\/en\/wp-json\/wp\/v2\/users\/3"}],"replies":[{"embeddable":true,"href":"https:\/\/www.pp-ucka.hr\/en\/wp-json\/wp\/v2\/comments?post=2398"}],"version-history":[{"count":0,"href":"https:\/\/www.pp-ucka.hr\/en\/wp-json\/wp\/v2\/pages\/2398\/revisions"}],"up":[{"embeddable":true,"href":"https:\/\/www.pp-ucka.hr\/en\/wp-json\/wp\/v2\/pages\/276"}],"wp:featuredmedia":[{"embeddable":true,"href":"https:\/\/www.pp-ucka.hr\/en\/wp-json\/wp\/v2\/media\/9704"}],"wp:attachment":[{"href":"https:\/\/www.pp-ucka.hr\/en\/wp-json\/wp\/v2\/media?parent=2398"}],"wp:term":[{"taxonomy":"category","embeddable":true,"href":"https:\/\/www.pp-ucka.hr\/en\/wp-json\/wp\/v2\/categories?post=2398"},{"taxonomy":"post_tag","embeddable":true,"href":"https:\/\/www.pp-ucka.hr\/en\/wp-json\/wp\/v2\/tags?post=2398"}],"curies":[{"name":"wp","href":"https:\/\/api.w.org\/{rel}","templated":true}]}}