{"id":270,"date":"2013-04-18T07:01:54","date_gmt":"2013-04-18T07:01:54","guid":{"rendered":"http:\/\/www.pp-ucka.hr\/wordpress\/?page_id=270"},"modified":"2013-07-09T11:22:49","modified_gmt":"2013-07-09T11:22:49","slug":"about-the-park","status":"publish","type":"page","link":"https:\/\/www.pp-ucka.hr\/en\/about-the-park\/","title":{"rendered":"About the park"},"content":{"rendered":"<p><a href=\"http:\/\/www.pp-ucka.hr\/wordpress\/wp-content\/uploads\/pp-ucka-iz-zraka_011.jpg\"><img loading=\"lazy\" decoding=\"async\" class=\"alignleft  wp-image-1687\" alt=\"pp-ucka-iz-zraka_01\" src=\"http:\/\/www.pp-ucka.hr\/wordpress\/wp-content\/uploads\/pp-ucka-iz-zraka_011.jpg\" width=\"320\" height=\"240\" srcset=\"https:\/\/www.pp-ucka.hr\/2020\/wp-content\/uploads\/pp-ucka-iz-zraka_011.jpg 400w, https:\/\/www.pp-ucka.hr\/2020\/wp-content\/uploads\/pp-ucka-iz-zraka_011-300x225.jpg 300w\" sizes=\"(max-width: 320px) 100vw, 320px\" \/><\/a><\/p>\n<p>U\u010dka Nature Park encompasses Mount U\u010dka and a part of the \u0106i\u0107arija mountain range. It is located along the northern Adriatic coast at one of the most northerly points of the Mediterranean, right where Istria meets the continental part of Croatia.<\/p>\n<p>The distinctive features for which this area was proclaimed a nature park have been known about for long time. Due to its relief and proximity to the sea, the area is characterised by a particular climate and lush forest vegetation. Also important are its rich meadows and other anthropogenic habitats that are home to numerous endemic, threatened and protected plant and animal species.<\/p>\n<h2>U\u010cKA NATURE PARK GENERAL INFORMATION<\/h2>\n<p>\u2022 <strong>ENCOMPASSES<\/strong>: Mount U\u010dka and part of the \u0106i\u0107arija mountain range<\/p>\n<p>\u2022 <strong>AREA<\/strong>: 160 km2<\/p>\n<p>\u2022 <strong>HIGHEST PEAKS<\/strong>: Vojak 1,401 m, Veli Planik 1,272 m<\/p>\n<p>\u2022 <strong>ACT AND YEAR OF PROCLAMATION<\/strong>: Law on the Proclamation of U\u010dka Nature Park (Narodne novine official gazette no. 45\/99); April 1999<\/p>\n<p>\u2022 <strong>ACT AND YEAR OF ESTABLISHMENT OF THE PUBLIC INSTITUTION<\/strong>: Decree about the establishment of the U\u010dka Nature Park Public Institution (Narodne novine official gazette 96\/99); September 1999<\/p>\n<p>\u2022 <strong>COUNTIES<\/strong>: Istria, Primorje-Gorski kotar<\/p>\n<p>\u2022 <strong>TOWNS<\/strong>: Opatija<\/p>\n<p>\u2022 <strong>MUNICIPALITIES<\/strong>: Kr\u0161an, Lani\u0161\u0107e, Lovran, Lupoglav, Matulji, Mo\u0161\u0107eni\u010dka Draga<\/p>\n<p>&nbsp;<\/p>\n<h2>What is a nature park?<\/h2>\n<p>A nature park is a &#8220;spacious natural or partly cultivated land and\/or sea area with ecological characteristics of international and national importance that are particularly valuable because of their landscape, cultural-historical heritage, educational or recreational potential&#8221;. In a nature park, activities that do not endanger its crucial characteristics are allowed (Nature Protection Law; Narodne novine official gazette no. 70\/05).<\/p>\n","protected":false},"excerpt":{"rendered":"<p>U\u010dka Nature Park encompasses Mount U\u010dka and a part of the \u0106i\u0107arija mountain range. It is located along the northern Adriatic coast at one of the most northerly points of the Mediterranean, right where Istria meets the continental part of Croatia. The distinctive features for which this area was proclaimed a nature park have been [&hellip;]<\/p>\n","protected":false},"author":3,"featured_media":9704,"parent":0,"menu_order":4,"comment_status":"closed","ping_status":"closed","template":"","meta":{"_et_pb_use_builder":"","_et_pb_old_content":"","_et_gb_content_width":"","inline_featured_image":false,"footnotes":""},"categories":[],"tags":[],"class_list":["post-270","page","type-page","status-publish","has-post-thumbnail","hentry"],"yoast_head":"<!-- This site is optimized with the Yoast SEO plugin v27.3 - https:\/\/yoast.com\/product\/yoast-seo-wordpress\/ -->\n<title>About the park - Park prirode U\u010dka<\/title>\n<meta name=\"robots\" content=\"index, follow, max-snippet:-1, max-image-preview:large, max-video-preview:-1\" \/>\n<link rel=\"canonical\" href=\"https:\/\/www.pp-ucka.hr\/en\/about-the-park\/\" \/>\n<meta property=\"og:locale\" content=\"en_US\" \/>\n<meta property=\"og:type\" content=\"article\" \/>\n<meta property=\"og:title\" content=\"About the park - Park prirode U\u010dka\" \/>\n<meta property=\"og:description\" content=\"U\u010dka Nature Park encompasses Mount U\u010dka and a part of the \u0106i\u0107arija mountain range. It is located along the northern Adriatic coast at one of the most northerly points of the Mediterranean, right where Istria meets the continental part of Croatia. The distinctive features for which this area was proclaimed a nature park have been [&hellip;]\" \/>\n<meta property=\"og:url\" content=\"https:\/\/www.pp-ucka.hr\/en\/about-the-park\/\" \/>\n<meta property=\"og:site_name\" content=\"Park prirode U\u010dka\" \/>\n<meta property=\"article:modified_time\" content=\"2013-07-09T11:22:49+00:00\" \/>\n<meta property=\"og:image\" content=\"https:\/\/www.pp-ucka.hr\/2020\/wp-content\/uploads\/pp_ucka_featured_2000.jpg\" \/>\n\t<meta property=\"og:image:width\" content=\"2000\" \/>\n\t<meta property=\"og:image:height\" content=\"1129\" \/>\n\t<meta property=\"og:image:type\" content=\"image\/jpeg\" \/>\n<meta name=\"twitter:card\" content=\"summary_large_image\" \/>\n<script type=\"application\/ld+json\" class=\"yoast-schema-graph\">{\"@context\":\"https:\\\/\\\/schema.org\",\"@graph\":[{\"@type\":\"WebPage\",\"@id\":\"https:\\\/\\\/www.pp-ucka.hr\\\/en\\\/about-the-park\\\/\",\"url\":\"https:\\\/\\\/www.pp-ucka.hr\\\/en\\\/about-the-park\\\/\",\"name\":\"About the park - Park prirode U\u010dka\",\"isPartOf\":{\"@id\":\"https:\\\/\\\/www.pp-ucka.hr\\\/#website\"},\"primaryImageOfPage\":{\"@id\":\"https:\\\/\\\/www.pp-ucka.hr\\\/en\\\/about-the-park\\\/#primaryimage\"},\"image\":{\"@id\":\"https:\\\/\\\/www.pp-ucka.hr\\\/en\\\/about-the-park\\\/#primaryimage\"},\"thumbnailUrl\":\"https:\\\/\\\/www.pp-ucka.hr\\\/2020\\\/wp-content\\\/uploads\\\/pp_ucka_featured_2000.jpg\",\"datePublished\":\"2013-04-18T07:01:54+00:00\",\"dateModified\":\"2013-07-09T11:22:49+00:00\",\"breadcrumb\":{\"@id\":\"https:\\\/\\\/www.pp-ucka.hr\\\/en\\\/about-the-park\\\/#breadcrumb\"},\"inLanguage\":\"en-US\",\"potentialAction\":[{\"@type\":\"ReadAction\",\"target\":[\"https:\\\/\\\/www.pp-ucka.hr\\\/en\\\/about-the-park\\\/\"]}]},{\"@type\":\"ImageObject\",\"inLanguage\":\"en-US\",\"@id\":\"https:\\\/\\\/www.pp-ucka.hr\\\/en\\\/about-the-park\\\/#primaryimage\",\"url\":\"https:\\\/\\\/www.pp-ucka.hr\\\/2020\\\/wp-content\\\/uploads\\\/pp_ucka_featured_2000.jpg\",\"contentUrl\":\"https:\\\/\\\/www.pp-ucka.hr\\\/2020\\\/wp-content\\\/uploads\\\/pp_ucka_featured_2000.jpg\",\"width\":2000,\"height\":1129},{\"@type\":\"BreadcrumbList\",\"@id\":\"https:\\\/\\\/www.pp-ucka.hr\\\/en\\\/about-the-park\\\/#breadcrumb\",\"itemListElement\":[{\"@type\":\"ListItem\",\"position\":1,\"name\":\"Po\u010detna stranica\",\"item\":\"https:\\\/\\\/www.pp-ucka.hr\\\/en\\\/\"},{\"@type\":\"ListItem\",\"position\":2,\"name\":\"About the park\"}]},{\"@type\":\"WebSite\",\"@id\":\"https:\\\/\\\/www.pp-ucka.hr\\\/#website\",\"url\":\"https:\\\/\\\/www.pp-ucka.hr\\\/\",\"name\":\"Park prirode U\u010dka\",\"description\":\"Park prirode U\u010dka\",\"potentialAction\":[{\"@type\":\"SearchAction\",\"target\":{\"@type\":\"EntryPoint\",\"urlTemplate\":\"https:\\\/\\\/www.pp-ucka.hr\\\/?s={search_term_string}\"},\"query-input\":{\"@type\":\"PropertyValueSpecification\",\"valueRequired\":true,\"valueName\":\"search_term_string\"}}],\"inLanguage\":\"en-US\"}]}<\/script>\n<!-- \/ Yoast SEO plugin. -->","yoast_head_json":{"title":"About the park - Park prirode U\u010dka","robots":{"index":"index","follow":"follow","max-snippet":"max-snippet:-1","max-image-preview":"max-image-preview:large","max-video-preview":"max-video-preview:-1"},"canonical":"https:\/\/www.pp-ucka.hr\/en\/about-the-park\/","og_locale":"en_US","og_type":"article","og_title":"About the park - Park prirode U\u010dka","og_description":"U\u010dka Nature Park encompasses Mount U\u010dka and a part of the \u0106i\u0107arija mountain range. It is located along the northern Adriatic coast at one of the most northerly points of the Mediterranean, right where Istria meets the continental part of Croatia. The distinctive features for which this area was proclaimed a nature park have been [&hellip;]","og_url":"https:\/\/www.pp-ucka.hr\/en\/about-the-park\/","og_site_name":"Park prirode U\u010dka","article_modified_time":"2013-07-09T11:22:49+00:00","og_image":[{"width":2000,"height":1129,"url":"https:\/\/www.pp-ucka.hr\/2020\/wp-content\/uploads\/pp_ucka_featured_2000.jpg","type":"image\/jpeg"}],"twitter_card":"summary_large_image","schema":{"@context":"https:\/\/schema.org","@graph":[{"@type":"WebPage","@id":"https:\/\/www.pp-ucka.hr\/en\/about-the-park\/","url":"https:\/\/www.pp-ucka.hr\/en\/about-the-park\/","name":"About the park - Park prirode U\u010dka","isPartOf":{"@id":"https:\/\/www.pp-ucka.hr\/#website"},"primaryImageOfPage":{"@id":"https:\/\/www.pp-ucka.hr\/en\/about-the-park\/#primaryimage"},"image":{"@id":"https:\/\/www.pp-ucka.hr\/en\/about-the-park\/#primaryimage"},"thumbnailUrl":"https:\/\/www.pp-ucka.hr\/2020\/wp-content\/uploads\/pp_ucka_featured_2000.jpg","datePublished":"2013-04-18T07:01:54+00:00","dateModified":"2013-07-09T11:22:49+00:00","breadcrumb":{"@id":"https:\/\/www.pp-ucka.hr\/en\/about-the-park\/#breadcrumb"},"inLanguage":"en-US","potentialAction":[{"@type":"ReadAction","target":["https:\/\/www.pp-ucka.hr\/en\/about-the-park\/"]}]},{"@type":"ImageObject","inLanguage":"en-US","@id":"https:\/\/www.pp-ucka.hr\/en\/about-the-park\/#primaryimage","url":"https:\/\/www.pp-ucka.hr\/2020\/wp-content\/uploads\/pp_ucka_featured_2000.jpg","contentUrl":"https:\/\/www.pp-ucka.hr\/2020\/wp-content\/uploads\/pp_ucka_featured_2000.jpg","width":2000,"height":1129},{"@type":"BreadcrumbList","@id":"https:\/\/www.pp-ucka.hr\/en\/about-the-park\/#breadcrumb","itemListElement":[{"@type":"ListItem","position":1,"name":"Po\u010detna stranica","item":"https:\/\/www.pp-ucka.hr\/en\/"},{"@type":"ListItem","position":2,"name":"About the park"}]},{"@type":"WebSite","@id":"https:\/\/www.pp-ucka.hr\/#website","url":"https:\/\/www.pp-ucka.hr\/","name":"Park prirode U\u010dka","description":"Park prirode U\u010dka","potentialAction":[{"@type":"SearchAction","target":{"@type":"EntryPoint","urlTemplate":"https:\/\/www.pp-ucka.hr\/?s={search_term_string}"},"query-input":{"@type":"PropertyValueSpecification","valueRequired":true,"valueName":"search_term_string"}}],"inLanguage":"en-US"}]}},"_links":{"self":[{"href":"https:\/\/www.pp-ucka.hr\/en\/wp-json\/wp\/v2\/pages\/270","targetHints":{"allow":["GET"]}}],"collection":[{"href":"https:\/\/www.pp-ucka.hr\/en\/wp-json\/wp\/v2\/pages"}],"about":[{"href":"https:\/\/www.pp-ucka.hr\/en\/wp-json\/wp\/v2\/types\/page"}],"author":[{"embeddable":true,"href":"https:\/\/www.pp-ucka.hr\/en\/wp-json\/wp\/v2\/users\/3"}],"replies":[{"embeddable":true,"href":"https:\/\/www.pp-ucka.hr\/en\/wp-json\/wp\/v2\/comments?post=270"}],"version-history":[{"count":0,"href":"https:\/\/www.pp-ucka.hr\/en\/wp-json\/wp\/v2\/pages\/270\/revisions"}],"wp:featuredmedia":[{"embeddable":true,"href":"https:\/\/www.pp-ucka.hr\/en\/wp-json\/wp\/v2\/media\/9704"}],"wp:attachment":[{"href":"https:\/\/www.pp-ucka.hr\/en\/wp-json\/wp\/v2\/media?parent=270"}],"wp:term":[{"taxonomy":"category","embeddable":true,"href":"https:\/\/www.pp-ucka.hr\/en\/wp-json\/wp\/v2\/categories?post=270"},{"taxonomy":"post_tag","embeddable":true,"href":"https:\/\/www.pp-ucka.hr\/en\/wp-json\/wp\/v2\/tags?post=270"}],"curies":[{"name":"wp","href":"https:\/\/api.w.org\/{rel}","templated":true}]}}