{"id":275,"date":"2013-04-18T07:04:08","date_gmt":"2013-04-18T07:04:08","guid":{"rendered":"http:\/\/www.pp-ucka.hr\/wordpress\/?page_id=275"},"modified":"2021-07-23T14:04:39","modified_gmt":"2021-07-23T12:04:39","slug":"natural-heritage","status":"publish","type":"page","link":"https:\/\/www.pp-ucka.hr\/en\/natural-heritage\/","title":{"rendered":"Natural heritage"},"content":{"rendered":"<p><a href=\"http:\/\/www.pp-ucka.hr\/wordpress\/wp-content\/uploads\/panorama-vela-draga-custom.jpg\"><img loading=\"lazy\" decoding=\"async\" class=\"alignleft size-full wp-image-1505\" src=\"http:\/\/www.pp-ucka.hr\/wordpress\/wp-content\/uploads\/panorama-vela-draga-custom.jpg\" alt=\"panorama vela draga custom\" width=\"320\" height=\"400\" srcset=\"https:\/\/www.pp-ucka.hr\/2020\/wp-content\/uploads\/panorama-vela-draga-custom.jpg 320w, https:\/\/www.pp-ucka.hr\/2020\/wp-content\/uploads\/panorama-vela-draga-custom-240x300.jpg 240w\" sizes=\"(max-width: 320px) 100vw, 320px\" \/><\/a>U\u010dka Nature Park is characterised by an exceptional variety of features in a comparatively small area. U\u010dka is probably the only place in the world where one can take a photograph of the endemic U\u010dka or Tommasini bell-flower (<em>Campanula tommasiniana<\/em>) and one of the last European locations where patient bird watchers will be rewarded with impressive glimpses of the Eurasian griffon vulture (<em>Gyps fulvus<\/em>) or golden eagle (<em>Aquila chrysaetos<\/em>). These species are two outstanding representatives of the ornithological life to be found on U\u010dka, which includes cca. 114 nesting birds and many other birds that occasionally visit this mountain.<\/p>\n<p>A distinctive characteristic of U\u010dka Nature Park&#8217;s flora is that it is an area which, with regard to its geographical location and climate, abounds in both continental and Mediterranean species. According to the existing literature, the flora of U\u010dka Nature Park encompasses approximately 1300 different species, which is an extraordinarily large number, considering the relatively small size of the protected area. Such a richness is a result of the previously described environmental factors, predominantly climate, geology and relief.<\/p>\n<p>U\u010dka has a long tradition of botanical, especially floristic research. The first scientists to visit U\u010dka were botanists. The list of prominent researchers is quite long, and most of the floristic papers that were published in the 20th\u00a0century have widened our knowledge of the richness of the local flora. In addition, it must be emphasised that despite the centuries-long floristic research, new discoveries can still be made here.<\/p>\n<p>With regards to the diversity of habitats and the plant and animal species living there, Mount U\u010dka is an important point of biological diversity on the European continent. The data about local fauna in the literature from the first half of the 20th century reveal the existence of a great number of endemic and protected species in the park, which require active care. It is estimated that we are familiar with only 40% of the total number of species that inhabit the park.<\/p>\n","protected":false},"excerpt":{"rendered":"<p>U\u010dka Nature Park is characterised by an exceptional variety of features in a comparatively small area. U\u010dka is probably the only place in the world where one can take a photograph of the endemic U\u010dka or Tommasini bell-flower (Campanula tommasiniana) and one of the last European locations where patient bird watchers will be rewarded with [&hellip;]<\/p>\n","protected":false},"author":3,"featured_media":13955,"parent":0,"menu_order":0,"comment_status":"closed","ping_status":"closed","template":"","meta":{"_et_pb_use_builder":"","_et_pb_old_content":"","_et_gb_content_width":"","inline_featured_image":false,"footnotes":""},"categories":[122],"tags":[],"class_list":["post-275","page","type-page","status-publish","has-post-thumbnail","hentry","category-about-the-park"],"yoast_head":"<!-- This site is optimized with the Yoast SEO plugin v27.3 - https:\/\/yoast.com\/product\/yoast-seo-wordpress\/ -->\n<title>Natural heritage - Park prirode U\u010dka<\/title>\n<meta name=\"robots\" content=\"index, follow, max-snippet:-1, max-image-preview:large, max-video-preview:-1\" \/>\n<link rel=\"canonical\" href=\"https:\/\/www.pp-ucka.hr\/en\/natural-heritage\/\" \/>\n<meta property=\"og:locale\" content=\"en_US\" \/>\n<meta property=\"og:type\" content=\"article\" \/>\n<meta property=\"og:title\" content=\"Natural heritage - Park prirode U\u010dka\" \/>\n<meta property=\"og:description\" content=\"U\u010dka Nature Park is characterised by an exceptional variety of features in a comparatively small area. U\u010dka is probably the only place in the world where one can take a photograph of the endemic U\u010dka or Tommasini bell-flower (Campanula tommasiniana) and one of the last European locations where patient bird watchers will be rewarded with [&hellip;]\" \/>\n<meta property=\"og:url\" content=\"https:\/\/www.pp-ucka.hr\/en\/natural-heritage\/\" \/>\n<meta property=\"og:site_name\" content=\"Park prirode U\u010dka\" \/>\n<meta property=\"article:modified_time\" content=\"2021-07-23T12:04:39+00:00\" \/>\n<meta property=\"og:image\" content=\"https:\/\/www.pp-ucka.hr\/2020\/wp-content\/uploads\/pp_ucka_prirodna-bastina_naslovna.jpg\" \/>\n\t<meta property=\"og:image:width\" content=\"1920\" \/>\n\t<meta property=\"og:image:height\" content=\"1080\" \/>\n\t<meta property=\"og:image:type\" content=\"image\/jpeg\" \/>\n<meta name=\"twitter:card\" content=\"summary_large_image\" \/>\n<script type=\"application\/ld+json\" class=\"yoast-schema-graph\">{\"@context\":\"https:\\\/\\\/schema.org\",\"@graph\":[{\"@type\":\"WebPage\",\"@id\":\"https:\\\/\\\/www.pp-ucka.hr\\\/en\\\/natural-heritage\\\/\",\"url\":\"https:\\\/\\\/www.pp-ucka.hr\\\/en\\\/natural-heritage\\\/\",\"name\":\"Natural heritage - Park prirode U\u010dka\",\"isPartOf\":{\"@id\":\"https:\\\/\\\/www.pp-ucka.hr\\\/#website\"},\"primaryImageOfPage\":{\"@id\":\"https:\\\/\\\/www.pp-ucka.hr\\\/en\\\/natural-heritage\\\/#primaryimage\"},\"image\":{\"@id\":\"https:\\\/\\\/www.pp-ucka.hr\\\/en\\\/natural-heritage\\\/#primaryimage\"},\"thumbnailUrl\":\"https:\\\/\\\/www.pp-ucka.hr\\\/2020\\\/wp-content\\\/uploads\\\/pp_ucka_prirodna-bastina_naslovna.jpg\",\"datePublished\":\"2013-04-18T07:04:08+00:00\",\"dateModified\":\"2021-07-23T12:04:39+00:00\",\"breadcrumb\":{\"@id\":\"https:\\\/\\\/www.pp-ucka.hr\\\/en\\\/natural-heritage\\\/#breadcrumb\"},\"inLanguage\":\"en-US\",\"potentialAction\":[{\"@type\":\"ReadAction\",\"target\":[\"https:\\\/\\\/www.pp-ucka.hr\\\/en\\\/natural-heritage\\\/\"]}]},{\"@type\":\"ImageObject\",\"inLanguage\":\"en-US\",\"@id\":\"https:\\\/\\\/www.pp-ucka.hr\\\/en\\\/natural-heritage\\\/#primaryimage\",\"url\":\"https:\\\/\\\/www.pp-ucka.hr\\\/2020\\\/wp-content\\\/uploads\\\/pp_ucka_prirodna-bastina_naslovna.jpg\",\"contentUrl\":\"https:\\\/\\\/www.pp-ucka.hr\\\/2020\\\/wp-content\\\/uploads\\\/pp_ucka_prirodna-bastina_naslovna.jpg\",\"width\":1920,\"height\":1080},{\"@type\":\"BreadcrumbList\",\"@id\":\"https:\\\/\\\/www.pp-ucka.hr\\\/en\\\/natural-heritage\\\/#breadcrumb\",\"itemListElement\":[{\"@type\":\"ListItem\",\"position\":1,\"name\":\"Po\u010detna stranica\",\"item\":\"https:\\\/\\\/www.pp-ucka.hr\\\/en\\\/\"},{\"@type\":\"ListItem\",\"position\":2,\"name\":\"Natural heritage\"}]},{\"@type\":\"WebSite\",\"@id\":\"https:\\\/\\\/www.pp-ucka.hr\\\/#website\",\"url\":\"https:\\\/\\\/www.pp-ucka.hr\\\/\",\"name\":\"Park prirode U\u010dka\",\"description\":\"Park prirode U\u010dka\",\"potentialAction\":[{\"@type\":\"SearchAction\",\"target\":{\"@type\":\"EntryPoint\",\"urlTemplate\":\"https:\\\/\\\/www.pp-ucka.hr\\\/?s={search_term_string}\"},\"query-input\":{\"@type\":\"PropertyValueSpecification\",\"valueRequired\":true,\"valueName\":\"search_term_string\"}}],\"inLanguage\":\"en-US\"}]}<\/script>\n<!-- \/ Yoast SEO plugin. -->","yoast_head_json":{"title":"Natural heritage - Park prirode U\u010dka","robots":{"index":"index","follow":"follow","max-snippet":"max-snippet:-1","max-image-preview":"max-image-preview:large","max-video-preview":"max-video-preview:-1"},"canonical":"https:\/\/www.pp-ucka.hr\/en\/natural-heritage\/","og_locale":"en_US","og_type":"article","og_title":"Natural heritage - Park prirode U\u010dka","og_description":"U\u010dka Nature Park is characterised by an exceptional variety of features in a comparatively small area. U\u010dka is probably the only place in the world where one can take a photograph of the endemic U\u010dka or Tommasini bell-flower (Campanula tommasiniana) and one of the last European locations where patient bird watchers will be rewarded with [&hellip;]","og_url":"https:\/\/www.pp-ucka.hr\/en\/natural-heritage\/","og_site_name":"Park prirode U\u010dka","article_modified_time":"2021-07-23T12:04:39+00:00","og_image":[{"width":1920,"height":1080,"url":"https:\/\/www.pp-ucka.hr\/2020\/wp-content\/uploads\/pp_ucka_prirodna-bastina_naslovna.jpg","type":"image\/jpeg"}],"twitter_card":"summary_large_image","schema":{"@context":"https:\/\/schema.org","@graph":[{"@type":"WebPage","@id":"https:\/\/www.pp-ucka.hr\/en\/natural-heritage\/","url":"https:\/\/www.pp-ucka.hr\/en\/natural-heritage\/","name":"Natural heritage - Park prirode U\u010dka","isPartOf":{"@id":"https:\/\/www.pp-ucka.hr\/#website"},"primaryImageOfPage":{"@id":"https:\/\/www.pp-ucka.hr\/en\/natural-heritage\/#primaryimage"},"image":{"@id":"https:\/\/www.pp-ucka.hr\/en\/natural-heritage\/#primaryimage"},"thumbnailUrl":"https:\/\/www.pp-ucka.hr\/2020\/wp-content\/uploads\/pp_ucka_prirodna-bastina_naslovna.jpg","datePublished":"2013-04-18T07:04:08+00:00","dateModified":"2021-07-23T12:04:39+00:00","breadcrumb":{"@id":"https:\/\/www.pp-ucka.hr\/en\/natural-heritage\/#breadcrumb"},"inLanguage":"en-US","potentialAction":[{"@type":"ReadAction","target":["https:\/\/www.pp-ucka.hr\/en\/natural-heritage\/"]}]},{"@type":"ImageObject","inLanguage":"en-US","@id":"https:\/\/www.pp-ucka.hr\/en\/natural-heritage\/#primaryimage","url":"https:\/\/www.pp-ucka.hr\/2020\/wp-content\/uploads\/pp_ucka_prirodna-bastina_naslovna.jpg","contentUrl":"https:\/\/www.pp-ucka.hr\/2020\/wp-content\/uploads\/pp_ucka_prirodna-bastina_naslovna.jpg","width":1920,"height":1080},{"@type":"BreadcrumbList","@id":"https:\/\/www.pp-ucka.hr\/en\/natural-heritage\/#breadcrumb","itemListElement":[{"@type":"ListItem","position":1,"name":"Po\u010detna stranica","item":"https:\/\/www.pp-ucka.hr\/en\/"},{"@type":"ListItem","position":2,"name":"Natural heritage"}]},{"@type":"WebSite","@id":"https:\/\/www.pp-ucka.hr\/#website","url":"https:\/\/www.pp-ucka.hr\/","name":"Park prirode U\u010dka","description":"Park prirode U\u010dka","potentialAction":[{"@type":"SearchAction","target":{"@type":"EntryPoint","urlTemplate":"https:\/\/www.pp-ucka.hr\/?s={search_term_string}"},"query-input":{"@type":"PropertyValueSpecification","valueRequired":true,"valueName":"search_term_string"}}],"inLanguage":"en-US"}]}},"_links":{"self":[{"href":"https:\/\/www.pp-ucka.hr\/en\/wp-json\/wp\/v2\/pages\/275","targetHints":{"allow":["GET"]}}],"collection":[{"href":"https:\/\/www.pp-ucka.hr\/en\/wp-json\/wp\/v2\/pages"}],"about":[{"href":"https:\/\/www.pp-ucka.hr\/en\/wp-json\/wp\/v2\/types\/page"}],"author":[{"embeddable":true,"href":"https:\/\/www.pp-ucka.hr\/en\/wp-json\/wp\/v2\/users\/3"}],"replies":[{"embeddable":true,"href":"https:\/\/www.pp-ucka.hr\/en\/wp-json\/wp\/v2\/comments?post=275"}],"version-history":[{"count":0,"href":"https:\/\/www.pp-ucka.hr\/en\/wp-json\/wp\/v2\/pages\/275\/revisions"}],"wp:featuredmedia":[{"embeddable":true,"href":"https:\/\/www.pp-ucka.hr\/en\/wp-json\/wp\/v2\/media\/13955"}],"wp:attachment":[{"href":"https:\/\/www.pp-ucka.hr\/en\/wp-json\/wp\/v2\/media?parent=275"}],"wp:term":[{"taxonomy":"category","embeddable":true,"href":"https:\/\/www.pp-ucka.hr\/en\/wp-json\/wp\/v2\/categories?post=275"},{"taxonomy":"post_tag","embeddable":true,"href":"https:\/\/www.pp-ucka.hr\/en\/wp-json\/wp\/v2\/tags?post=275"}],"curies":[{"name":"wp","href":"https:\/\/api.w.org\/{rel}","templated":true}]}}