{"id":276,"date":"2013-04-18T07:04:37","date_gmt":"2013-04-18T07:04:37","guid":{"rendered":"http:\/\/www.pp-ucka.hr\/wordpress\/?page_id=276"},"modified":"2013-07-09T11:46:18","modified_gmt":"2013-07-09T11:46:18","slug":"information-for-visitors","status":"publish","type":"page","link":"https:\/\/www.pp-ucka.hr\/en\/information-for-visitors\/","title":{"rendered":"Information for visitors"},"content":{"rendered":"<p><a href=\"http:\/\/www.pp-ucka.hr\/wordpress\/wp-content\/uploads\/p3021211.jpg\"><img loading=\"lazy\" decoding=\"async\" class=\"alignleft size-full wp-image-1507\" alt=\"p3021211\" src=\"http:\/\/www.pp-ucka.hr\/wordpress\/wp-content\/uploads\/p3021211.jpg\" width=\"400\" height=\"300\" srcset=\"https:\/\/www.pp-ucka.hr\/2020\/wp-content\/uploads\/p3021211.jpg 400w, https:\/\/www.pp-ucka.hr\/2020\/wp-content\/uploads\/p3021211-300x225.jpg 300w\" sizes=\"(max-width: 400px) 100vw, 400px\" \/><\/a>The beauty of the mountains of U\u010dka and \u0106i\u0107arija has always attracted plenty of attention from day-trippers and visitors for whom these green oases of peace represent a refuge to escape the bustle and crowds of the city. Being well located near so many major urban centres, Mount U\u010dka has always been a popular destination for hikers and nature lovers.<\/p>\n<p>After Mount U\u010dka and part of the \u0106i\u0107arija mountain range were declared the U\u010dka Nature Park, preconditions were established for better and more organised development of tourism in the area. However, there is one very specific thing to bear in mind when speaking about tourism in protected areas: visiting these areas must not in any way degrade the natural or human-made features for which the protection was declared in the first place.<\/p>\n<p>Setting up tables at the entrances to the park, brown signs on the roads, signposts at the crossings of the main hiking routes, and boards explaining the rules of behaviour, were the first steps to creating the necessary tourist infrastructure and organising a system for visitors. This was an indispensable priority for a systematic and well-organised development of the park. Many efforts have been made to provide a better infrastructure, essential for creating a more compelling tourism offer aimed at presenting the beautiful nature of the area at its best and making each visit to U\u010dka and \u0106i\u0107arija an unforgettable experience.<\/p>\n","protected":false},"excerpt":{"rendered":"<p>The beauty of the mountains of U\u010dka and \u0106i\u0107arija has always attracted plenty of attention from day-trippers and visitors for whom these green oases of peace represent a refuge to escape the bustle and crowds of the city. Being well located near so many major urban centres, Mount U\u010dka has always been a popular destination [&hellip;]<\/p>\n","protected":false},"author":3,"featured_media":9704,"parent":0,"menu_order":0,"comment_status":"closed","ping_status":"closed","template":"","meta":{"_et_pb_use_builder":"","_et_pb_old_content":"","_et_gb_content_width":"","inline_featured_image":false,"footnotes":""},"categories":[],"tags":[],"class_list":["post-276","page","type-page","status-publish","has-post-thumbnail","hentry"],"yoast_head":"<!-- This site is optimized with the Yoast SEO plugin v27.3 - https:\/\/yoast.com\/product\/yoast-seo-wordpress\/ -->\n<title>Information for visitors - Park prirode U\u010dka<\/title>\n<meta name=\"robots\" content=\"index, follow, max-snippet:-1, max-image-preview:large, max-video-preview:-1\" \/>\n<link rel=\"canonical\" href=\"https:\/\/www.pp-ucka.hr\/en\/information-for-visitors\/\" \/>\n<meta property=\"og:locale\" content=\"en_US\" \/>\n<meta property=\"og:type\" content=\"article\" \/>\n<meta property=\"og:title\" content=\"Information for visitors - Park prirode U\u010dka\" \/>\n<meta property=\"og:description\" content=\"The beauty of the mountains of U\u010dka and \u0106i\u0107arija has always attracted plenty of attention from day-trippers and visitors for whom these green oases of peace represent a refuge to escape the bustle and crowds of the city. Being well located near so many major urban centres, Mount U\u010dka has always been a popular destination [&hellip;]\" \/>\n<meta property=\"og:url\" content=\"https:\/\/www.pp-ucka.hr\/en\/information-for-visitors\/\" \/>\n<meta property=\"og:site_name\" content=\"Park prirode U\u010dka\" \/>\n<meta property=\"article:modified_time\" content=\"2013-07-09T11:46:18+00:00\" \/>\n<meta property=\"og:image\" content=\"https:\/\/www.pp-ucka.hr\/2020\/wp-content\/uploads\/pp_ucka_featured_2000.jpg\" \/>\n\t<meta property=\"og:image:width\" content=\"2000\" \/>\n\t<meta property=\"og:image:height\" content=\"1129\" \/>\n\t<meta property=\"og:image:type\" content=\"image\/jpeg\" \/>\n<meta name=\"twitter:card\" content=\"summary_large_image\" \/>\n<script type=\"application\/ld+json\" class=\"yoast-schema-graph\">{\"@context\":\"https:\\\/\\\/schema.org\",\"@graph\":[{\"@type\":\"WebPage\",\"@id\":\"https:\\\/\\\/www.pp-ucka.hr\\\/en\\\/information-for-visitors\\\/\",\"url\":\"https:\\\/\\\/www.pp-ucka.hr\\\/en\\\/information-for-visitors\\\/\",\"name\":\"Information for visitors - Park prirode U\u010dka\",\"isPartOf\":{\"@id\":\"https:\\\/\\\/www.pp-ucka.hr\\\/#website\"},\"primaryImageOfPage\":{\"@id\":\"https:\\\/\\\/www.pp-ucka.hr\\\/en\\\/information-for-visitors\\\/#primaryimage\"},\"image\":{\"@id\":\"https:\\\/\\\/www.pp-ucka.hr\\\/en\\\/information-for-visitors\\\/#primaryimage\"},\"thumbnailUrl\":\"https:\\\/\\\/www.pp-ucka.hr\\\/2020\\\/wp-content\\\/uploads\\\/pp_ucka_featured_2000.jpg\",\"datePublished\":\"2013-04-18T07:04:37+00:00\",\"dateModified\":\"2013-07-09T11:46:18+00:00\",\"breadcrumb\":{\"@id\":\"https:\\\/\\\/www.pp-ucka.hr\\\/en\\\/information-for-visitors\\\/#breadcrumb\"},\"inLanguage\":\"en-US\",\"potentialAction\":[{\"@type\":\"ReadAction\",\"target\":[\"https:\\\/\\\/www.pp-ucka.hr\\\/en\\\/information-for-visitors\\\/\"]}]},{\"@type\":\"ImageObject\",\"inLanguage\":\"en-US\",\"@id\":\"https:\\\/\\\/www.pp-ucka.hr\\\/en\\\/information-for-visitors\\\/#primaryimage\",\"url\":\"https:\\\/\\\/www.pp-ucka.hr\\\/2020\\\/wp-content\\\/uploads\\\/pp_ucka_featured_2000.jpg\",\"contentUrl\":\"https:\\\/\\\/www.pp-ucka.hr\\\/2020\\\/wp-content\\\/uploads\\\/pp_ucka_featured_2000.jpg\",\"width\":2000,\"height\":1129},{\"@type\":\"BreadcrumbList\",\"@id\":\"https:\\\/\\\/www.pp-ucka.hr\\\/en\\\/information-for-visitors\\\/#breadcrumb\",\"itemListElement\":[{\"@type\":\"ListItem\",\"position\":1,\"name\":\"Po\u010detna stranica\",\"item\":\"https:\\\/\\\/www.pp-ucka.hr\\\/en\\\/\"},{\"@type\":\"ListItem\",\"position\":2,\"name\":\"Information for visitors\"}]},{\"@type\":\"WebSite\",\"@id\":\"https:\\\/\\\/www.pp-ucka.hr\\\/#website\",\"url\":\"https:\\\/\\\/www.pp-ucka.hr\\\/\",\"name\":\"Park prirode U\u010dka\",\"description\":\"Park prirode U\u010dka\",\"potentialAction\":[{\"@type\":\"SearchAction\",\"target\":{\"@type\":\"EntryPoint\",\"urlTemplate\":\"https:\\\/\\\/www.pp-ucka.hr\\\/?s={search_term_string}\"},\"query-input\":{\"@type\":\"PropertyValueSpecification\",\"valueRequired\":true,\"valueName\":\"search_term_string\"}}],\"inLanguage\":\"en-US\"}]}<\/script>\n<!-- \/ Yoast SEO plugin. -->","yoast_head_json":{"title":"Information for visitors - Park prirode U\u010dka","robots":{"index":"index","follow":"follow","max-snippet":"max-snippet:-1","max-image-preview":"max-image-preview:large","max-video-preview":"max-video-preview:-1"},"canonical":"https:\/\/www.pp-ucka.hr\/en\/information-for-visitors\/","og_locale":"en_US","og_type":"article","og_title":"Information for visitors - Park prirode U\u010dka","og_description":"The beauty of the mountains of U\u010dka and \u0106i\u0107arija has always attracted plenty of attention from day-trippers and visitors for whom these green oases of peace represent a refuge to escape the bustle and crowds of the city. Being well located near so many major urban centres, Mount U\u010dka has always been a popular destination [&hellip;]","og_url":"https:\/\/www.pp-ucka.hr\/en\/information-for-visitors\/","og_site_name":"Park prirode U\u010dka","article_modified_time":"2013-07-09T11:46:18+00:00","og_image":[{"width":2000,"height":1129,"url":"https:\/\/www.pp-ucka.hr\/2020\/wp-content\/uploads\/pp_ucka_featured_2000.jpg","type":"image\/jpeg"}],"twitter_card":"summary_large_image","schema":{"@context":"https:\/\/schema.org","@graph":[{"@type":"WebPage","@id":"https:\/\/www.pp-ucka.hr\/en\/information-for-visitors\/","url":"https:\/\/www.pp-ucka.hr\/en\/information-for-visitors\/","name":"Information for visitors - Park prirode U\u010dka","isPartOf":{"@id":"https:\/\/www.pp-ucka.hr\/#website"},"primaryImageOfPage":{"@id":"https:\/\/www.pp-ucka.hr\/en\/information-for-visitors\/#primaryimage"},"image":{"@id":"https:\/\/www.pp-ucka.hr\/en\/information-for-visitors\/#primaryimage"},"thumbnailUrl":"https:\/\/www.pp-ucka.hr\/2020\/wp-content\/uploads\/pp_ucka_featured_2000.jpg","datePublished":"2013-04-18T07:04:37+00:00","dateModified":"2013-07-09T11:46:18+00:00","breadcrumb":{"@id":"https:\/\/www.pp-ucka.hr\/en\/information-for-visitors\/#breadcrumb"},"inLanguage":"en-US","potentialAction":[{"@type":"ReadAction","target":["https:\/\/www.pp-ucka.hr\/en\/information-for-visitors\/"]}]},{"@type":"ImageObject","inLanguage":"en-US","@id":"https:\/\/www.pp-ucka.hr\/en\/information-for-visitors\/#primaryimage","url":"https:\/\/www.pp-ucka.hr\/2020\/wp-content\/uploads\/pp_ucka_featured_2000.jpg","contentUrl":"https:\/\/www.pp-ucka.hr\/2020\/wp-content\/uploads\/pp_ucka_featured_2000.jpg","width":2000,"height":1129},{"@type":"BreadcrumbList","@id":"https:\/\/www.pp-ucka.hr\/en\/information-for-visitors\/#breadcrumb","itemListElement":[{"@type":"ListItem","position":1,"name":"Po\u010detna stranica","item":"https:\/\/www.pp-ucka.hr\/en\/"},{"@type":"ListItem","position":2,"name":"Information for visitors"}]},{"@type":"WebSite","@id":"https:\/\/www.pp-ucka.hr\/#website","url":"https:\/\/www.pp-ucka.hr\/","name":"Park prirode U\u010dka","description":"Park prirode U\u010dka","potentialAction":[{"@type":"SearchAction","target":{"@type":"EntryPoint","urlTemplate":"https:\/\/www.pp-ucka.hr\/?s={search_term_string}"},"query-input":{"@type":"PropertyValueSpecification","valueRequired":true,"valueName":"search_term_string"}}],"inLanguage":"en-US"}]}},"_links":{"self":[{"href":"https:\/\/www.pp-ucka.hr\/en\/wp-json\/wp\/v2\/pages\/276","targetHints":{"allow":["GET"]}}],"collection":[{"href":"https:\/\/www.pp-ucka.hr\/en\/wp-json\/wp\/v2\/pages"}],"about":[{"href":"https:\/\/www.pp-ucka.hr\/en\/wp-json\/wp\/v2\/types\/page"}],"author":[{"embeddable":true,"href":"https:\/\/www.pp-ucka.hr\/en\/wp-json\/wp\/v2\/users\/3"}],"replies":[{"embeddable":true,"href":"https:\/\/www.pp-ucka.hr\/en\/wp-json\/wp\/v2\/comments?post=276"}],"version-history":[{"count":0,"href":"https:\/\/www.pp-ucka.hr\/en\/wp-json\/wp\/v2\/pages\/276\/revisions"}],"wp:featuredmedia":[{"embeddable":true,"href":"https:\/\/www.pp-ucka.hr\/en\/wp-json\/wp\/v2\/media\/9704"}],"wp:attachment":[{"href":"https:\/\/www.pp-ucka.hr\/en\/wp-json\/wp\/v2\/media?parent=276"}],"wp:term":[{"taxonomy":"category","embeddable":true,"href":"https:\/\/www.pp-ucka.hr\/en\/wp-json\/wp\/v2\/categories?post=276"},{"taxonomy":"post_tag","embeddable":true,"href":"https:\/\/www.pp-ucka.hr\/en\/wp-json\/wp\/v2\/tags?post=276"}],"curies":[{"name":"wp","href":"https:\/\/api.w.org\/{rel}","templated":true}]}}