{"id":277,"date":"2013-04-18T07:04:53","date_gmt":"2013-04-18T07:04:53","guid":{"rendered":"http:\/\/www.pp-ucka.hr\/wordpress\/?page_id=277"},"modified":"2021-06-15T13:43:33","modified_gmt":"2021-06-15T11:43:33","slug":"cultural-heritage","status":"publish","type":"page","link":"https:\/\/www.pp-ucka.hr\/en\/cultural-heritage\/","title":{"rendered":"Cultural heritage"},"content":{"rendered":"<p><a href=\"http:\/\/www.pp-ucka.hr\/wordpress\/wp-content\/uploads\/uvodna-slika-kulturna-bastina_crop.jpg\"><img loading=\"lazy\" decoding=\"async\" class=\"alignleft size-full wp-image-1502\" src=\"http:\/\/www.pp-ucka.hr\/wordpress\/wp-content\/uploads\/uvodna-slika-kulturna-bastina_crop.jpg\" alt=\"uvodna slika-kulturna bastina_crop\" width=\"448\" height=\"336\" srcset=\"https:\/\/www.pp-ucka.hr\/2020\/wp-content\/uploads\/uvodna-slika-kulturna-bastina_crop.jpg 448w, https:\/\/www.pp-ucka.hr\/2020\/wp-content\/uploads\/uvodna-slika-kulturna-bastina_crop-300x225.jpg 300w\" sizes=\"(max-width: 448px) 100vw, 448px\" \/><\/a>The area encompassed by U\u010dka Nature Park has been a site of continuous human dwelling and activity for the last 13,000 years. During this period, people have not only left a rich cultural heritage, but have also significantly influenced the area&#8217;s natural environment. Inhabitants of today&#8217;s park area had for centuries engaged in cattle-breeding, agriculture, and forestry. Human activity and the skilful management of natural resources resulted in pastures and agricultural land, distinguished by numerous dry-stone walls, traditional shepherd&#8217;s huts and field shelters, which are still visible today and make up the area&#8217;s authentic cultural and historical heritage<em>.<\/em><\/p>\n<p>These landscapes that were cleared by human hand have become important biological habitats. Over the millennia, a new ecosystem stabilised around these habitats, which is different in nature from the forest ecosystem that prevailed before. The neglect of traditional activities resulted in imbalance and unfavourable changes to the natural landscape. Therefore, preserving local traditional culture is an indispensable part of protecting the area&#8217;s natural environment and valuable landscape.<\/p>\n<p>Here you can learn more about the long and turbulent history of human dwelling and activity on the mountains of U\u010dka and \u0106i\u0107arija, and get more detailed information about important individual sites of cultural heritage within U\u010dka Nature Park.<\/p>\n","protected":false},"excerpt":{"rendered":"<p>The area encompassed by U\u010dka Nature Park has been a site of continuous human dwelling and activity for the last 13,000 years. During this period, people have not only left a rich cultural heritage, but have also significantly influenced the area&#8217;s natural environment. Inhabitants of today&#8217;s park area had for centuries engaged in cattle-breeding, agriculture, [&hellip;]<\/p>\n","protected":false},"author":3,"featured_media":14015,"parent":0,"menu_order":2,"comment_status":"closed","ping_status":"closed","template":"","meta":{"_et_pb_use_builder":"","_et_pb_old_content":"","_et_gb_content_width":"","inline_featured_image":false,"footnotes":""},"categories":[122],"tags":[],"class_list":["post-277","page","type-page","status-publish","has-post-thumbnail","hentry","category-about-the-park"],"yoast_head":"<!-- This site is optimized with the Yoast SEO plugin v27.3 - https:\/\/yoast.com\/product\/yoast-seo-wordpress\/ -->\n<title>Cultural heritage - Park prirode U\u010dka<\/title>\n<meta name=\"robots\" content=\"index, follow, max-snippet:-1, max-image-preview:large, max-video-preview:-1\" \/>\n<link rel=\"canonical\" href=\"https:\/\/www.pp-ucka.hr\/en\/cultural-heritage\/\" \/>\n<meta property=\"og:locale\" content=\"en_US\" \/>\n<meta property=\"og:type\" content=\"article\" \/>\n<meta property=\"og:title\" content=\"Cultural heritage - Park prirode U\u010dka\" \/>\n<meta property=\"og:description\" content=\"The area encompassed by U\u010dka Nature Park has been a site of continuous human dwelling and activity for the last 13,000 years. During this period, people have not only left a rich cultural heritage, but have also significantly influenced the area&#8217;s natural environment. Inhabitants of today&#8217;s park area had for centuries engaged in cattle-breeding, agriculture, [&hellip;]\" \/>\n<meta property=\"og:url\" content=\"https:\/\/www.pp-ucka.hr\/en\/cultural-heritage\/\" \/>\n<meta property=\"og:site_name\" content=\"Park prirode U\u010dka\" \/>\n<meta property=\"article:modified_time\" content=\"2021-06-15T11:43:33+00:00\" \/>\n<meta property=\"og:image\" content=\"https:\/\/www.pp-ucka.hr\/2020\/wp-content\/uploads\/pp_ucka_kulturna-bastina_naslovna.jpg\" \/>\n\t<meta property=\"og:image:width\" content=\"1920\" \/>\n\t<meta property=\"og:image:height\" content=\"1080\" \/>\n\t<meta property=\"og:image:type\" content=\"image\/jpeg\" \/>\n<meta name=\"twitter:card\" content=\"summary_large_image\" \/>\n<script type=\"application\/ld+json\" class=\"yoast-schema-graph\">{\"@context\":\"https:\\\/\\\/schema.org\",\"@graph\":[{\"@type\":\"WebPage\",\"@id\":\"https:\\\/\\\/www.pp-ucka.hr\\\/en\\\/cultural-heritage\\\/\",\"url\":\"https:\\\/\\\/www.pp-ucka.hr\\\/en\\\/cultural-heritage\\\/\",\"name\":\"Cultural heritage - Park prirode U\u010dka\",\"isPartOf\":{\"@id\":\"https:\\\/\\\/www.pp-ucka.hr\\\/#website\"},\"primaryImageOfPage\":{\"@id\":\"https:\\\/\\\/www.pp-ucka.hr\\\/en\\\/cultural-heritage\\\/#primaryimage\"},\"image\":{\"@id\":\"https:\\\/\\\/www.pp-ucka.hr\\\/en\\\/cultural-heritage\\\/#primaryimage\"},\"thumbnailUrl\":\"https:\\\/\\\/www.pp-ucka.hr\\\/2020\\\/wp-content\\\/uploads\\\/pp_ucka_kulturna-bastina_naslovna.jpg\",\"datePublished\":\"2013-04-18T07:04:53+00:00\",\"dateModified\":\"2021-06-15T11:43:33+00:00\",\"breadcrumb\":{\"@id\":\"https:\\\/\\\/www.pp-ucka.hr\\\/en\\\/cultural-heritage\\\/#breadcrumb\"},\"inLanguage\":\"en-US\",\"potentialAction\":[{\"@type\":\"ReadAction\",\"target\":[\"https:\\\/\\\/www.pp-ucka.hr\\\/en\\\/cultural-heritage\\\/\"]}]},{\"@type\":\"ImageObject\",\"inLanguage\":\"en-US\",\"@id\":\"https:\\\/\\\/www.pp-ucka.hr\\\/en\\\/cultural-heritage\\\/#primaryimage\",\"url\":\"https:\\\/\\\/www.pp-ucka.hr\\\/2020\\\/wp-content\\\/uploads\\\/pp_ucka_kulturna-bastina_naslovna.jpg\",\"contentUrl\":\"https:\\\/\\\/www.pp-ucka.hr\\\/2020\\\/wp-content\\\/uploads\\\/pp_ucka_kulturna-bastina_naslovna.jpg\",\"width\":1920,\"height\":1080},{\"@type\":\"BreadcrumbList\",\"@id\":\"https:\\\/\\\/www.pp-ucka.hr\\\/en\\\/cultural-heritage\\\/#breadcrumb\",\"itemListElement\":[{\"@type\":\"ListItem\",\"position\":1,\"name\":\"Po\u010detna stranica\",\"item\":\"https:\\\/\\\/www.pp-ucka.hr\\\/en\\\/\"},{\"@type\":\"ListItem\",\"position\":2,\"name\":\"Cultural heritage\"}]},{\"@type\":\"WebSite\",\"@id\":\"https:\\\/\\\/www.pp-ucka.hr\\\/#website\",\"url\":\"https:\\\/\\\/www.pp-ucka.hr\\\/\",\"name\":\"Park prirode U\u010dka\",\"description\":\"Park prirode U\u010dka\",\"potentialAction\":[{\"@type\":\"SearchAction\",\"target\":{\"@type\":\"EntryPoint\",\"urlTemplate\":\"https:\\\/\\\/www.pp-ucka.hr\\\/?s={search_term_string}\"},\"query-input\":{\"@type\":\"PropertyValueSpecification\",\"valueRequired\":true,\"valueName\":\"search_term_string\"}}],\"inLanguage\":\"en-US\"}]}<\/script>\n<!-- \/ Yoast SEO plugin. -->","yoast_head_json":{"title":"Cultural heritage - Park prirode U\u010dka","robots":{"index":"index","follow":"follow","max-snippet":"max-snippet:-1","max-image-preview":"max-image-preview:large","max-video-preview":"max-video-preview:-1"},"canonical":"https:\/\/www.pp-ucka.hr\/en\/cultural-heritage\/","og_locale":"en_US","og_type":"article","og_title":"Cultural heritage - Park prirode U\u010dka","og_description":"The area encompassed by U\u010dka Nature Park has been a site of continuous human dwelling and activity for the last 13,000 years. During this period, people have not only left a rich cultural heritage, but have also significantly influenced the area&#8217;s natural environment. Inhabitants of today&#8217;s park area had for centuries engaged in cattle-breeding, agriculture, [&hellip;]","og_url":"https:\/\/www.pp-ucka.hr\/en\/cultural-heritage\/","og_site_name":"Park prirode U\u010dka","article_modified_time":"2021-06-15T11:43:33+00:00","og_image":[{"width":1920,"height":1080,"url":"https:\/\/www.pp-ucka.hr\/2020\/wp-content\/uploads\/pp_ucka_kulturna-bastina_naslovna.jpg","type":"image\/jpeg"}],"twitter_card":"summary_large_image","schema":{"@context":"https:\/\/schema.org","@graph":[{"@type":"WebPage","@id":"https:\/\/www.pp-ucka.hr\/en\/cultural-heritage\/","url":"https:\/\/www.pp-ucka.hr\/en\/cultural-heritage\/","name":"Cultural heritage - Park prirode U\u010dka","isPartOf":{"@id":"https:\/\/www.pp-ucka.hr\/#website"},"primaryImageOfPage":{"@id":"https:\/\/www.pp-ucka.hr\/en\/cultural-heritage\/#primaryimage"},"image":{"@id":"https:\/\/www.pp-ucka.hr\/en\/cultural-heritage\/#primaryimage"},"thumbnailUrl":"https:\/\/www.pp-ucka.hr\/2020\/wp-content\/uploads\/pp_ucka_kulturna-bastina_naslovna.jpg","datePublished":"2013-04-18T07:04:53+00:00","dateModified":"2021-06-15T11:43:33+00:00","breadcrumb":{"@id":"https:\/\/www.pp-ucka.hr\/en\/cultural-heritage\/#breadcrumb"},"inLanguage":"en-US","potentialAction":[{"@type":"ReadAction","target":["https:\/\/www.pp-ucka.hr\/en\/cultural-heritage\/"]}]},{"@type":"ImageObject","inLanguage":"en-US","@id":"https:\/\/www.pp-ucka.hr\/en\/cultural-heritage\/#primaryimage","url":"https:\/\/www.pp-ucka.hr\/2020\/wp-content\/uploads\/pp_ucka_kulturna-bastina_naslovna.jpg","contentUrl":"https:\/\/www.pp-ucka.hr\/2020\/wp-content\/uploads\/pp_ucka_kulturna-bastina_naslovna.jpg","width":1920,"height":1080},{"@type":"BreadcrumbList","@id":"https:\/\/www.pp-ucka.hr\/en\/cultural-heritage\/#breadcrumb","itemListElement":[{"@type":"ListItem","position":1,"name":"Po\u010detna stranica","item":"https:\/\/www.pp-ucka.hr\/en\/"},{"@type":"ListItem","position":2,"name":"Cultural heritage"}]},{"@type":"WebSite","@id":"https:\/\/www.pp-ucka.hr\/#website","url":"https:\/\/www.pp-ucka.hr\/","name":"Park prirode U\u010dka","description":"Park prirode U\u010dka","potentialAction":[{"@type":"SearchAction","target":{"@type":"EntryPoint","urlTemplate":"https:\/\/www.pp-ucka.hr\/?s={search_term_string}"},"query-input":{"@type":"PropertyValueSpecification","valueRequired":true,"valueName":"search_term_string"}}],"inLanguage":"en-US"}]}},"_links":{"self":[{"href":"https:\/\/www.pp-ucka.hr\/en\/wp-json\/wp\/v2\/pages\/277","targetHints":{"allow":["GET"]}}],"collection":[{"href":"https:\/\/www.pp-ucka.hr\/en\/wp-json\/wp\/v2\/pages"}],"about":[{"href":"https:\/\/www.pp-ucka.hr\/en\/wp-json\/wp\/v2\/types\/page"}],"author":[{"embeddable":true,"href":"https:\/\/www.pp-ucka.hr\/en\/wp-json\/wp\/v2\/users\/3"}],"replies":[{"embeddable":true,"href":"https:\/\/www.pp-ucka.hr\/en\/wp-json\/wp\/v2\/comments?post=277"}],"version-history":[{"count":0,"href":"https:\/\/www.pp-ucka.hr\/en\/wp-json\/wp\/v2\/pages\/277\/revisions"}],"wp:featuredmedia":[{"embeddable":true,"href":"https:\/\/www.pp-ucka.hr\/en\/wp-json\/wp\/v2\/media\/14015"}],"wp:attachment":[{"href":"https:\/\/www.pp-ucka.hr\/en\/wp-json\/wp\/v2\/media?parent=277"}],"wp:term":[{"taxonomy":"category","embeddable":true,"href":"https:\/\/www.pp-ucka.hr\/en\/wp-json\/wp\/v2\/categories?post=277"},{"taxonomy":"post_tag","embeddable":true,"href":"https:\/\/www.pp-ucka.hr\/en\/wp-json\/wp\/v2\/tags?post=277"}],"curies":[{"name":"wp","href":"https:\/\/api.w.org\/{rel}","templated":true}]}}