{"id":278,"date":"2013-04-18T07:05:06","date_gmt":"2013-04-18T07:05:06","guid":{"rendered":"http:\/\/www.pp-ucka.hr\/wordpress\/?page_id=278"},"modified":"2014-02-26T08:21:39","modified_gmt":"2014-02-26T08:21:39","slug":"links","status":"publish","type":"page","link":"https:\/\/www.pp-ucka.hr\/en\/links\/","title":{"rendered":"Links"},"content":{"rendered":"<h2>Counties \/ towns\/ municipalities<\/h2>\n<p><a href=\"http:\/\/www.pgz.hr\/\" target=\"_blank\">http:\/\/www.pgz.hr\/<\/a>\u00a0&#8211; County of Primorje-Gorski kotar<br \/>\n<a href=\"http:\/\/www.istra-istria.hr\/\" target=\"_blank\">http:\/\/www.istra-istria.hr\/<\/a>\u00a0&#8211; Istria County<br \/>\n<a href=\"http:\/\/www.opatija.hr\/\" target=\"_blank\">http:\/\/www.opatija.hr\/<\/a>\u00a0&#8211; Town of Opatija<a href=\"http:\/\/www.tz-lovran.hr\/\" target=\"_blank\"><br \/>\n<\/a><a href=\"http:\/\/www.opcinalovran.hr\/\" target=\"_blank\">http:\/\/www.opcinalovran.hr\/<\/a>\u00a0&#8211; Municipality of Lovran<br \/>\n<a href=\"http:\/\/www.moscenicka-draga.hr\/Application\/MDraga\/Default.aspx\" target=\"_blank\">http:\/\/www.moscenicka-draga.hr\/Application\/MDraga\/Default.aspx<\/a>\u00a0&#8211; Municipality of Mo\u0161\u0107eni\u010dka Draga<br \/>\n<a href=\"http:\/\/www.matulji.hr\/\" target=\"_blank\">http:\/\/www.matulji.hr\/<\/a>\u00a0&#8211; Municipality of Matulji<br \/>\n<a href=\"http:\/\/www.krsan.hr\/\" target=\"_blank\">http:\/\/www.krsan.hr\/<\/a>\u00a0&#8211; Municipality of Kr\u0161an<\/p>\n<h2>Croatian National Parks and Nature Parks<\/h2>\n<p><a href=\"http:\/\/www.brijuni.hr\/Home.aspx?PageID=1&amp;gohome=true\" target=\"_blank\">http:\/\/www.brijuni.hr\/Home.aspx?PageID=1&amp;gohome=true<\/a>\u00a0&#8211; Brijuni National Park<br \/>\n<a href=\"http:\/\/www.kornati.hr\/hrv\/index.asp\" target=\"_blank\">http:\/\/www.kornati.hr\/hrv\/index.asp<\/a>\u00a0&#8211; Kornati National Park<br \/>\n<a href=\"http:\/\/www.npkrka.hr\/\" target=\"_blank\">http:\/\/www.npkrka.hr\/<\/a>\u00a0&#8211; Krka National Park<br \/>\n<a href=\"http:\/\/www.np-mljet.hr\/\" target=\"_blank\">http:\/\/www.np-mljet.hr\/<\/a>\u00a0&#8211; Mljet National Park<br \/>\n<a href=\"http:\/\/www.paklenica.hr\/\" target=\"_blank\">http:\/\/www.paklenica.hr\/<\/a>\u00a0&#8211; Paklenica National Park<br \/>\n<a href=\"http:\/\/np-plitvicka-jezera.hr\/hrv\/\" target=\"_blank\">http:\/\/np-plitvicka-jezera.hr\/hrv\/<\/a>\u00a0&#8211; Plitvice Lakes National Park<br \/>\n<a href=\"http:\/\/risnjak.hr\/\" target=\"_blank\">http:\/\/risnjak.hr\/<\/a>\u00a0&#8211; Risnjak National Park<br \/>\n<a href=\"http:\/\/www.np-sjeverni-velebit.hr\/\" target=\"_blank\">http:\/\/www.np-sjeverni-velebit.hr\/<\/a>\u00a0&#8211; Northern Velebit National Park<br \/>\n<a href=\"http:\/\/www.biokovo.com\/\" target=\"_blank\">http:\/\/www.biokovo.com\/<\/a>\u00a0&#8211; Biokovo Nature Park<br \/>\n<a href=\"http:\/\/www.kopacki-rit.com\/\" target=\"_blank\">http:\/\/www.kopacki-rit.com\/<\/a>\u00a0&#8211; Kopa\u010dki rit Nature Park<br \/>\n<a href=\"http:\/\/www.pp-lonjsko-polje.hr\/\" target=\"_blank\">http:\/\/www.pp-lonjsko-polje.hr\/<\/a>\u00a0&#8211; Lonjsko polje Nature Park<br \/>\n<a href=\"http:\/\/www.pp-medvednica.hr\/\" target=\"_blank\">http:\/\/www.pp-medvednica.hr\/<\/a>\u00a0&#8211; Medvednica Nature Park<br \/>\n<a href=\"http:\/\/www.pp-papuk.hr\/\" target=\"_blank\">http:\/\/www.pp-papuk.hr\/<\/a>\u00a0&#8211; Papuk Nature Park<br \/>\n<a href=\"http:\/\/www.telascica.hr\/\" target=\"_blank\">http:\/\/www.telascica.hr\/<\/a>\u00a0&#8211; Tela\u0161\u0107ica Nature Park<br \/>\n<a href=\"http:\/\/www.pp-velebit.hr\/\" target=\"_blank\">http:\/\/www.pp-velebit.hr\/<\/a>\u00a0&#8211; Velebit Nature Park<br \/>\n<a href=\"http:\/\/vransko-jezero.hr\/cms\/\" target=\"_blank\">http:\/\/vransko-jezero.hr\/cms\/<\/a>\u00a0&#8211; Vrana Lake Nature Park<br \/>\n<a href=\"http:\/\/www.park-zumberak.hr\/\" target=\"_blank\">http:\/\/www.park-zumberak.hr\/<\/a>\u00a0&#8211; \u017dumberak-Samoborsko gorje Nature Park<br \/>\n<a href=\"http:\/\/pp-lastovo.hr\/\" target=\"_blank\">http:\/\/pp-lastovo.hr\/<\/a>\u00a0&#8211; Lastovsko oto\u010dje Nature Park<\/p>\n<h2>Other Croatian links<\/h2>\n<p><a href=\"http:\/\/www.mzoip.hr\/default.aspx?id=3967\" target=\"_blank\">http:\/\/www.mzoip.hr\/default.aspx?id=3967<\/a>\u00a0&#8211; Ministry of Environment and Nature Protection<a href=\"http:\/\/www.mzopu.hr\/\" target=\"_blank\"><br \/>\n<\/a><a href=\"http:\/\/www.zastita-prirode.hr\/eng\" target=\"_blank\">http:\/\/www.zastita-prirode.hr\/eng<\/a>\u00a0&#8211; Nature Protection Web Portal<br \/>\n<a href=\"http:\/\/www.voda.hr\/\" target=\"_blank\">http:\/\/www.voda.hr\/<\/a>\u00a0&#8211; Hrvatske vode water management company<a href=\"http:\/\/www.hrsume.hr\/\" target=\"_blank\"><br \/>\nhttp:\/\/www.hrsume.hr\/<\/a>\u00a0&#8211; Hrvatske \u0161ume forest management company<a href=\"http:\/\/www.plsavez.hr\/hr\" target=\"_blank\"><br \/>\nhttp:\/\/www.plsavez.hr\/hr<\/a>\u00a0&#8211; Hrvatski planinarski savez (Croatian Mountaineering Association)<a href=\"http:\/\/www.hpm.hr\/\" target=\"_blank\"><br \/>\nhttp:\/\/www.hpm.hr\/<\/a>\u00a0&#8211; Croatian Natural History Museum, Zagreb<a href=\"http:\/\/www.dzzp.hr\/\" target=\"_blank\"><br \/>\nhttp:\/\/www.dzzp.hr\/<\/a>\u00a0&#8211; Croatian State Institution for Nature Protection<a href=\"http:\/\/www.zzjzpgz.hr\/\" target=\"_blank\"><br \/>\nhttp:\/\/www.zzjzpgz.hr<\/a>\u00a0&#8211; Department of Public Health of the County of Primorje-Gorski kotar<a href=\"http:\/\/www.zavod.pgz.hr\/novo\/Home.aspx?PageID=1&amp;gohome=true\" target=\"_blank\"><br \/>\nhttp:\/\/www.zavod.pgz.hr\/novo\/Home.aspx?PageID=1&amp;gohome=true<\/a>\u00a0&#8211; Institute of Physical Planning of the Primorje-Gorski kotar County Public Institution<br \/>\n<a href=\"http:\/\/www.natura-histrica.hr\/\" target=\"_blank\">http:\/\/www.natura-histrica.hr\/<\/a>\u00a0&#8211; Natura Histrica, Istria County<br \/>\n<a href=\"http:\/\/www.supovi.hr\/?lang=en\" target=\"_blank\">http:\/\/www.supovi.hr\/?lang=en<\/a> &#8211; Grifon &#8211; Birds of Prey Conservation Centre<br \/>\n<a href=\"http:\/\/www.prirodoslovni.com\/\" target=\"_blank\">http:\/\/www.prirodoslovni.com\/<\/a>\u00a0&#8211; Rijeka Natural History Museum<br \/>\n<a href=\"http:\/\/www.gss-rijeka.hr\/gss\/index.php?id=1\" target=\"_blank\">http:\/\/www.gss-rijeka.hr\/gss\/index.php?id=1<\/a>\u00a0&#8211; Croatian Mountain Rescue Service &#8211; Station Rijeka<br \/>\n<a href=\"http:\/\/www.homo-volans.hr\/\" target=\"_blank\">http:\/\/www.homo-volans.hr\/<\/a>\u00a0&#8211; Homo Volans, Paragliding and Hang-Gliding Club, Opatija<br \/>\n<a href=\"http:\/\/bbk-kvarner.hr\/\" target=\"_blank\">http:\/\/bbk-kvarner.hr\/<\/a>\u00a0&#8211; Kvarner Mountain Biking Club, Vi\u0161kovo<br \/>\n<a href=\"http:\/\/biologija.com.hr\/\" target=\"_blank\">http:\/\/biologija.com.hr\/<\/a>\u00a0&#8211; scientific portal Biologija.com.hr<br \/>\n<a href=\"http:\/\/www.natura2000.hr\/\" target=\"_blank\">http:\/\/www.natura2000.hr\/<\/a>\u00a0&#8211; Natura 2000 in Croatia<br \/>\n<a href=\"http:\/\/www.ju-priroda.hr\/\" target=\"_blank\">http:\/\/www.ju-priroda.hr\/<\/a>\u00a0&#8211; Priroda Public Institution<br \/>\n<a href=\"http:\/\/www.vlaski-zejanski.com\/\">http:\/\/www.vlaski-zejanski.com\/<\/a> &#8211; Vlashki and Zheyanski language<\/p>\n<h2>International links<\/h2>\n<p><a href=\"http:\/\/www.ecnc.nl\/\" target=\"_blank\">http:\/\/www.ecnc.nl\/<\/a>\u00a0&#8211; European Centre for Nature Conservation<br \/>\n<a href=\"http:\/\/www.iucn.org\/\" target=\"_blank\">http:\/\/www.iucn.org\/<\/a>\u00a0&#8211; International Union for Conservation of Nature<br \/>\n<a href=\"http:\/\/www.nps.gov\/\" target=\"_blank\">http:\/\/www.nps.gov\/<\/a>\u00a0&#8211; US National Park Service<br \/>\n<a href=\"http:\/\/www.iucn.org\/about\/union\/commissions\/wcpa\/\" target=\"_blank\">http:\/\/www.iucn.org\/about\/union\/commissions\/wcpa\/<\/a>\u00a0&#8211; World Commission on Protected Areas<br \/>\n<a href=\"http:\/\/www.nparks.gov.sg\/\" target=\"_blank\">http:\/\/www.nparks.gov.sg\/<\/a>\u00a0&#8211; National Parks Board, Singapure<br \/>\n<a href=\"http:\/\/www.anpa.gov.uk\/\" target=\"_blank\">http:\/\/www.anpa.gov.uk\/<\/a>\u00a0&#8211; Association of National Park Authorities, Great Britain<br \/>\n<a href=\"http:\/\/www.parks.it\/index.html\" target=\"_blank\">http:\/\/www.parks.it\/index.html<\/a>\u00a0&#8211; The Italian Natural Parks<br \/>\n<a href=\"http:\/\/www.parcs-naturels-regionaux.tm.fr\/\" target=\"_blank\">http:\/\/www.parcs-naturels-regionaux.tm.fr\/<\/a>\u00a0&#8211; Parks in France<br \/>\n<a href=\"http:\/\/www.europarc-deutschland.de\/pages\/index.htm\" target=\"_blank\">http:\/\/www.europarc-deutschland.de\/pages\/index.htm<\/a>\u00a0&#8211; Protected Areas in Germany<br \/>\n<a href=\"http:\/\/www.sll.fi\/mpe\/parkindex.html\" target=\"_blank\">http:\/\/www.sll.fi\/mpe\/parkindex.html<\/a>\u00a0&#8211; Russian National Parks<br \/>\n<a href=\"http:\/\/www.pc.gc.ca\/index.aspx\" target=\"_blank\">http:\/\/www.pc.gc.ca\/index.aspx<\/a>\u00a0&#8211; Parks Canada<br \/>\n<a href=\"http:\/\/www.atn.com.au\/parks\/parks.htm\" target=\"_blank\">http:\/\/www.atn.com.au\/parks\/parks.htm<\/a>\u00a0&#8211; Australia\u2019s National Parks<br \/>\n<a href=\"http:\/\/www.natura.org\/\" target=\"_blank\">http:\/\/www.natura.org\/<\/a>\u00a0&#8211; Natura 2000<\/p>\n","protected":false},"excerpt":{"rendered":"<p>Counties \/ towns\/ municipalities http:\/\/www.pgz.hr\/\u00a0&#8211; County of Primorje-Gorski kotar http:\/\/www.istra-istria.hr\/\u00a0&#8211; Istria County http:\/\/www.opatija.hr\/\u00a0&#8211; Town of Opatija http:\/\/www.opcinalovran.hr\/\u00a0&#8211; Municipality of Lovran http:\/\/www.moscenicka-draga.hr\/Application\/MDraga\/Default.aspx\u00a0&#8211; Municipality of Mo\u0161\u0107eni\u010dka Draga http:\/\/www.matulji.hr\/\u00a0&#8211; Municipality of Matulji http:\/\/www.krsan.hr\/\u00a0&#8211; Municipality of Kr\u0161an Croatian National Parks and Nature Parks http:\/\/www.brijuni.hr\/Home.aspx?PageID=1&amp;gohome=true\u00a0&#8211; Brijuni National Park http:\/\/www.kornati.hr\/hrv\/index.asp\u00a0&#8211; Kornati National Park http:\/\/www.npkrka.hr\/\u00a0&#8211; Krka National Park http:\/\/www.np-mljet.hr\/\u00a0&#8211; Mljet National Park [&hellip;]<\/p>\n","protected":false},"author":3,"featured_media":9704,"parent":0,"menu_order":0,"comment_status":"open","ping_status":"closed","template":"","meta":{"_et_pb_use_builder":"","_et_pb_old_content":"","_et_gb_content_width":"","inline_featured_image":false,"footnotes":""},"categories":[],"tags":[],"class_list":["post-278","page","type-page","status-publish","has-post-thumbnail","hentry"],"yoast_head":"<!-- This site is optimized with the Yoast SEO plugin v27.3 - https:\/\/yoast.com\/product\/yoast-seo-wordpress\/ -->\n<title>Links - Park prirode U\u010dka<\/title>\n<meta name=\"robots\" content=\"index, follow, max-snippet:-1, max-image-preview:large, max-video-preview:-1\" \/>\n<link rel=\"canonical\" href=\"https:\/\/www.pp-ucka.hr\/en\/links\/\" \/>\n<meta property=\"og:locale\" content=\"en_US\" \/>\n<meta property=\"og:type\" content=\"article\" \/>\n<meta property=\"og:title\" content=\"Links - Park prirode U\u010dka\" \/>\n<meta property=\"og:description\" content=\"Counties \/ towns\/ municipalities http:\/\/www.pgz.hr\/\u00a0&#8211; County of Primorje-Gorski kotar http:\/\/www.istra-istria.hr\/\u00a0&#8211; Istria County http:\/\/www.opatija.hr\/\u00a0&#8211; Town of Opatija http:\/\/www.opcinalovran.hr\/\u00a0&#8211; Municipality of Lovran http:\/\/www.moscenicka-draga.hr\/Application\/MDraga\/Default.aspx\u00a0&#8211; Municipality of Mo\u0161\u0107eni\u010dka Draga http:\/\/www.matulji.hr\/\u00a0&#8211; Municipality of Matulji http:\/\/www.krsan.hr\/\u00a0&#8211; Municipality of Kr\u0161an Croatian National Parks and Nature Parks http:\/\/www.brijuni.hr\/Home.aspx?PageID=1&amp;gohome=true\u00a0&#8211; Brijuni National Park http:\/\/www.kornati.hr\/hrv\/index.asp\u00a0&#8211; Kornati National Park http:\/\/www.npkrka.hr\/\u00a0&#8211; Krka National Park http:\/\/www.np-mljet.hr\/\u00a0&#8211; Mljet National Park [&hellip;]\" \/>\n<meta property=\"og:url\" content=\"https:\/\/www.pp-ucka.hr\/en\/links\/\" \/>\n<meta property=\"og:site_name\" content=\"Park prirode U\u010dka\" \/>\n<meta property=\"article:modified_time\" content=\"2014-02-26T08:21:39+00:00\" \/>\n<meta property=\"og:image\" content=\"https:\/\/www.pp-ucka.hr\/2020\/wp-content\/uploads\/pp_ucka_featured_2000.jpg\" \/>\n\t<meta property=\"og:image:width\" content=\"2000\" \/>\n\t<meta property=\"og:image:height\" content=\"1129\" \/>\n\t<meta property=\"og:image:type\" content=\"image\/jpeg\" \/>\n<meta name=\"twitter:card\" content=\"summary_large_image\" \/>\n<script type=\"application\/ld+json\" class=\"yoast-schema-graph\">{\"@context\":\"https:\\\/\\\/schema.org\",\"@graph\":[{\"@type\":\"WebPage\",\"@id\":\"https:\\\/\\\/www.pp-ucka.hr\\\/en\\\/links\\\/\",\"url\":\"https:\\\/\\\/www.pp-ucka.hr\\\/en\\\/links\\\/\",\"name\":\"Links - Park prirode U\u010dka\",\"isPartOf\":{\"@id\":\"https:\\\/\\\/www.pp-ucka.hr\\\/#website\"},\"primaryImageOfPage\":{\"@id\":\"https:\\\/\\\/www.pp-ucka.hr\\\/en\\\/links\\\/#primaryimage\"},\"image\":{\"@id\":\"https:\\\/\\\/www.pp-ucka.hr\\\/en\\\/links\\\/#primaryimage\"},\"thumbnailUrl\":\"https:\\\/\\\/www.pp-ucka.hr\\\/2020\\\/wp-content\\\/uploads\\\/pp_ucka_featured_2000.jpg\",\"datePublished\":\"2013-04-18T07:05:06+00:00\",\"dateModified\":\"2014-02-26T08:21:39+00:00\",\"breadcrumb\":{\"@id\":\"https:\\\/\\\/www.pp-ucka.hr\\\/en\\\/links\\\/#breadcrumb\"},\"inLanguage\":\"en-US\",\"potentialAction\":[{\"@type\":\"ReadAction\",\"target\":[\"https:\\\/\\\/www.pp-ucka.hr\\\/en\\\/links\\\/\"]}]},{\"@type\":\"ImageObject\",\"inLanguage\":\"en-US\",\"@id\":\"https:\\\/\\\/www.pp-ucka.hr\\\/en\\\/links\\\/#primaryimage\",\"url\":\"https:\\\/\\\/www.pp-ucka.hr\\\/2020\\\/wp-content\\\/uploads\\\/pp_ucka_featured_2000.jpg\",\"contentUrl\":\"https:\\\/\\\/www.pp-ucka.hr\\\/2020\\\/wp-content\\\/uploads\\\/pp_ucka_featured_2000.jpg\",\"width\":2000,\"height\":1129},{\"@type\":\"BreadcrumbList\",\"@id\":\"https:\\\/\\\/www.pp-ucka.hr\\\/en\\\/links\\\/#breadcrumb\",\"itemListElement\":[{\"@type\":\"ListItem\",\"position\":1,\"name\":\"Po\u010detna stranica\",\"item\":\"https:\\\/\\\/www.pp-ucka.hr\\\/en\\\/\"},{\"@type\":\"ListItem\",\"position\":2,\"name\":\"Links\"}]},{\"@type\":\"WebSite\",\"@id\":\"https:\\\/\\\/www.pp-ucka.hr\\\/#website\",\"url\":\"https:\\\/\\\/www.pp-ucka.hr\\\/\",\"name\":\"Park prirode U\u010dka\",\"description\":\"Park prirode U\u010dka\",\"potentialAction\":[{\"@type\":\"SearchAction\",\"target\":{\"@type\":\"EntryPoint\",\"urlTemplate\":\"https:\\\/\\\/www.pp-ucka.hr\\\/?s={search_term_string}\"},\"query-input\":{\"@type\":\"PropertyValueSpecification\",\"valueRequired\":true,\"valueName\":\"search_term_string\"}}],\"inLanguage\":\"en-US\"}]}<\/script>\n<!-- \/ Yoast SEO plugin. -->","yoast_head_json":{"title":"Links - Park prirode U\u010dka","robots":{"index":"index","follow":"follow","max-snippet":"max-snippet:-1","max-image-preview":"max-image-preview:large","max-video-preview":"max-video-preview:-1"},"canonical":"https:\/\/www.pp-ucka.hr\/en\/links\/","og_locale":"en_US","og_type":"article","og_title":"Links - Park prirode U\u010dka","og_description":"Counties \/ towns\/ municipalities http:\/\/www.pgz.hr\/\u00a0&#8211; County of Primorje-Gorski kotar http:\/\/www.istra-istria.hr\/\u00a0&#8211; Istria County http:\/\/www.opatija.hr\/\u00a0&#8211; Town of Opatija http:\/\/www.opcinalovran.hr\/\u00a0&#8211; Municipality of Lovran http:\/\/www.moscenicka-draga.hr\/Application\/MDraga\/Default.aspx\u00a0&#8211; Municipality of Mo\u0161\u0107eni\u010dka Draga http:\/\/www.matulji.hr\/\u00a0&#8211; Municipality of Matulji http:\/\/www.krsan.hr\/\u00a0&#8211; Municipality of Kr\u0161an Croatian National Parks and Nature Parks http:\/\/www.brijuni.hr\/Home.aspx?PageID=1&amp;gohome=true\u00a0&#8211; Brijuni National Park http:\/\/www.kornati.hr\/hrv\/index.asp\u00a0&#8211; Kornati National Park http:\/\/www.npkrka.hr\/\u00a0&#8211; Krka National Park http:\/\/www.np-mljet.hr\/\u00a0&#8211; Mljet National Park [&hellip;]","og_url":"https:\/\/www.pp-ucka.hr\/en\/links\/","og_site_name":"Park prirode U\u010dka","article_modified_time":"2014-02-26T08:21:39+00:00","og_image":[{"width":2000,"height":1129,"url":"https:\/\/www.pp-ucka.hr\/2020\/wp-content\/uploads\/pp_ucka_featured_2000.jpg","type":"image\/jpeg"}],"twitter_card":"summary_large_image","schema":{"@context":"https:\/\/schema.org","@graph":[{"@type":"WebPage","@id":"https:\/\/www.pp-ucka.hr\/en\/links\/","url":"https:\/\/www.pp-ucka.hr\/en\/links\/","name":"Links - Park prirode U\u010dka","isPartOf":{"@id":"https:\/\/www.pp-ucka.hr\/#website"},"primaryImageOfPage":{"@id":"https:\/\/www.pp-ucka.hr\/en\/links\/#primaryimage"},"image":{"@id":"https:\/\/www.pp-ucka.hr\/en\/links\/#primaryimage"},"thumbnailUrl":"https:\/\/www.pp-ucka.hr\/2020\/wp-content\/uploads\/pp_ucka_featured_2000.jpg","datePublished":"2013-04-18T07:05:06+00:00","dateModified":"2014-02-26T08:21:39+00:00","breadcrumb":{"@id":"https:\/\/www.pp-ucka.hr\/en\/links\/#breadcrumb"},"inLanguage":"en-US","potentialAction":[{"@type":"ReadAction","target":["https:\/\/www.pp-ucka.hr\/en\/links\/"]}]},{"@type":"ImageObject","inLanguage":"en-US","@id":"https:\/\/www.pp-ucka.hr\/en\/links\/#primaryimage","url":"https:\/\/www.pp-ucka.hr\/2020\/wp-content\/uploads\/pp_ucka_featured_2000.jpg","contentUrl":"https:\/\/www.pp-ucka.hr\/2020\/wp-content\/uploads\/pp_ucka_featured_2000.jpg","width":2000,"height":1129},{"@type":"BreadcrumbList","@id":"https:\/\/www.pp-ucka.hr\/en\/links\/#breadcrumb","itemListElement":[{"@type":"ListItem","position":1,"name":"Po\u010detna stranica","item":"https:\/\/www.pp-ucka.hr\/en\/"},{"@type":"ListItem","position":2,"name":"Links"}]},{"@type":"WebSite","@id":"https:\/\/www.pp-ucka.hr\/#website","url":"https:\/\/www.pp-ucka.hr\/","name":"Park prirode U\u010dka","description":"Park prirode U\u010dka","potentialAction":[{"@type":"SearchAction","target":{"@type":"EntryPoint","urlTemplate":"https:\/\/www.pp-ucka.hr\/?s={search_term_string}"},"query-input":{"@type":"PropertyValueSpecification","valueRequired":true,"valueName":"search_term_string"}}],"inLanguage":"en-US"}]}},"_links":{"self":[{"href":"https:\/\/www.pp-ucka.hr\/en\/wp-json\/wp\/v2\/pages\/278","targetHints":{"allow":["GET"]}}],"collection":[{"href":"https:\/\/www.pp-ucka.hr\/en\/wp-json\/wp\/v2\/pages"}],"about":[{"href":"https:\/\/www.pp-ucka.hr\/en\/wp-json\/wp\/v2\/types\/page"}],"author":[{"embeddable":true,"href":"https:\/\/www.pp-ucka.hr\/en\/wp-json\/wp\/v2\/users\/3"}],"replies":[{"embeddable":true,"href":"https:\/\/www.pp-ucka.hr\/en\/wp-json\/wp\/v2\/comments?post=278"}],"version-history":[{"count":0,"href":"https:\/\/www.pp-ucka.hr\/en\/wp-json\/wp\/v2\/pages\/278\/revisions"}],"wp:featuredmedia":[{"embeddable":true,"href":"https:\/\/www.pp-ucka.hr\/en\/wp-json\/wp\/v2\/media\/9704"}],"wp:attachment":[{"href":"https:\/\/www.pp-ucka.hr\/en\/wp-json\/wp\/v2\/media?parent=278"}],"wp:term":[{"taxonomy":"category","embeddable":true,"href":"https:\/\/www.pp-ucka.hr\/en\/wp-json\/wp\/v2\/categories?post=278"},{"taxonomy":"post_tag","embeddable":true,"href":"https:\/\/www.pp-ucka.hr\/en\/wp-json\/wp\/v2\/tags?post=278"}],"curies":[{"name":"wp","href":"https:\/\/api.w.org\/{rel}","templated":true}]}}