{"id":279,"date":"2013-04-18T07:05:22","date_gmt":"2013-04-18T07:05:22","guid":{"rendered":"http:\/\/www.pp-ucka.hr\/wordpress\/?page_id=279"},"modified":"2023-03-23T10:48:57","modified_gmt":"2023-03-23T09:48:57","slug":"contact","status":"publish","type":"page","link":"https:\/\/www.pp-ucka.hr\/en\/contact\/","title":{"rendered":"Contact"},"content":{"rendered":"<p>[et_pb_section fb_built=&#8221;1&#8243; admin_label=&#8221;section&#8221; _builder_version=&#8221;4.16&#8243; custom_margin=&#8221;0px||||false|false&#8221; custom_padding=&#8221;0px||||false|false&#8221; global_colors_info=&#8221;{}&#8221;][et_pb_row column_structure=&#8221;1_2,1_2&#8243; admin_label=&#8221;row&#8221; _builder_version=&#8221;4.16&#8243; background_size=&#8221;initial&#8221; background_position=&#8221;top_left&#8221; background_repeat=&#8221;repeat&#8221; width=&#8221;100%&#8221; max_width=&#8221;100%&#8221; custom_margin=&#8221;0px||||false|false&#8221; custom_padding=&#8221;0px||||false|false&#8221; global_colors_info=&#8221;{}&#8221;][et_pb_column type=&#8221;1_2&#8243; _builder_version=&#8221;4.16&#8243; custom_padding=&#8221;|||&#8221; global_colors_info=&#8221;{}&#8221; custom_padding__hover=&#8221;|||&#8221;][et_pb_text admin_label=&#8221;Text&#8221; _builder_version=&#8221;4.20.0&#8243; background_size=&#8221;initial&#8221; background_position=&#8221;top_left&#8221; background_repeat=&#8221;repeat&#8221; custom_padding=&#8221;||20px||false|false&#8221; hover_enabled=&#8221;0&#8243; border_width_bottom=&#8221;1px&#8221; border_color_bottom=&#8221;#f2f2f2&#8243; global_colors_info=&#8221;{}&#8221; sticky_enabled=&#8221;0&#8243;]<\/p>\n<h2>U\u010dka Nature Park<\/h2>\n<p><strong>POKLON VISITOR CENTRE:<\/strong><br \/><strong>Poklon 8, Vela U\u010dka<\/strong><br \/><strong> I\u010di\u0107i 51414<\/strong><br \/><strong> Hrvatska<\/strong><\/p>\n<p>tel: <a href=\"tel:38551770100\">+385 (0)51 770 100<\/a> (reception)<br \/>e-mail: <a href=\"mailto:info@pp-ucka.hr\">info@pp-ucka.hr<\/a><\/p>\n<p>[\/et_pb_text][et_pb_text admin_label=&#8221;Text&#8221; _builder_version=&#8221;4.16&#8243; background_size=&#8221;initial&#8221; background_position=&#8221;top_left&#8221; background_repeat=&#8221;repeat&#8221; custom_padding=&#8221;||20px||false|false&#8221; hover_enabled=&#8221;0&#8243; border_width_bottom=&#8221;1px&#8221; border_color_bottom=&#8221;#f2f2f2&#8243; global_colors_info=&#8221;{}&#8221; sticky_enabled=&#8221;0&#8243; disabled_on=&#8221;on|on|on&#8221; disabled=&#8221;on&#8221;]<\/p>\n<h2>DIRECTOR&#8217;S OFFICE<\/h2>\n<h3>Director<\/h3>\n<p>Egon Vasili\u0107, univ. dipl. polit.<br \/><a href=\"mailto:evasilic@pp-ucka.hr\">evasilic@pp-ucka.hr<\/a><br \/><a href=\"tel:38551770161\">+385 (0)51 770 161<\/a><\/p>\n<p>[\/et_pb_text][et_pb_text admin_label=&#8221;Text&#8221; _builder_version=&#8221;4.16&#8243; background_size=&#8221;initial&#8221; background_position=&#8221;top_left&#8221; background_repeat=&#8221;repeat&#8221; custom_padding=&#8221;||20px||false|false&#8221; border_width_bottom=&#8221;1px&#8221; border_color_bottom=&#8221;#f2f2f2&#8243; global_colors_info=&#8221;{}&#8221; disabled_on=&#8221;on|on|on&#8221; disabled=&#8221;on&#8221;]<\/p>\n<h2>NATURE CONSERVATION DEPARTMENT<\/h2>\n<h3>Head of the department<\/h3>\n<p>dr. sc. Dalia Matijevi\u0107, dipl. ing. biol.<br \/><a href=\"mailto:dmatijevic@pp-ucka.hr\">dmatijevic@pp-ucka.hr<\/a><br \/><a href=\"tel:38551770164\">+385 (0)51 770 164<\/a><\/p>\n<h3>Main educator<\/h3>\n<p>Andrea Stojakovi\u0107, prof. fil. i ped.<br \/><a href=\"mailto:astojakovic@pp-ucka.hr\">astojakovic@pp-ucka.hr<\/a><br \/><a href=\"tel:38551770165\">+385 (0)51 770 165<\/a><\/p>\n<h3>Professional associate for education<\/h3>\n<p>Doroteja Brozan, mag. geogr.<br \/><a href=\"mailto:dbrozan@pp-ucka.hr\">dbrozan@pp-ucka.hr<\/a><br \/><a href=\"tel:38551770165\">+385 (0)51 770 165<\/a><\/p>\n<h3>Professional associate biologist<\/h3>\n<p>Vesna Ahel, mag. oecol. et prot. nat.<br \/><a href=\"mailto:vahel@pp-ucka.hr\">vahel@pp-ucka.hr<\/a><br \/><a href=\"tel:38551770166\">+385 (0)51 770 166<\/a><\/p>\n<h3>Professional associate for project management<\/h3>\n<p>Klaudija Ko\u0161a, stru\u010d. spec. oec.<br \/><a href=\"mailto:kkosa@pp-ucka.hr\">kkosa@pp-ucka.hr<\/a><br \/><a href=\"tel:38551770163\">+385 (0)51 770 163<\/a><\/p>\n<p>Nika Krajnovi\u0107, mag. ing. aedif.<br \/><a href=\"mailto:nkrajnovic@pp-ucka.hr\">nkrajnovic@pp-ucka.hr<\/a><br \/><a href=\"tel:38551770163\">+385 (0)51 770 160<\/a><\/p>\n<p>[\/et_pb_text][et_pb_text admin_label=&#8221;Text&#8221; _builder_version=&#8221;4.16&#8243; background_size=&#8221;initial&#8221; background_position=&#8221;top_left&#8221; background_repeat=&#8221;repeat&#8221; custom_padding=&#8221;||20px||false|false&#8221; border_width_bottom=&#8221;1px&#8221; border_color_bottom=&#8221;#f2f2f2&#8243; global_colors_info=&#8221;{}&#8221; disabled_on=&#8221;on|on|on&#8221; disabled=&#8221;on&#8221;]<\/p>\n<h2>MARGETING DEPARTMENT<\/h2>\n<h3>Professional associate for marketing<\/h3>\n<p>Doris Kramari\u0107<br \/><a href=\"mailto:dkramaric@pp-ucka.hr\">dkramaric@pp-ucka.hr<\/a><br \/><a href=\"tel:38551770160\">+385 (0)51 770 160<\/a><\/p>\n<p>&nbsp;<\/p>\n<p>&nbsp;<\/p>\n<p>[\/et_pb_text][et_pb_text admin_label=&#8221;Text&#8221; _builder_version=&#8221;4.16&#8243; background_size=&#8221;initial&#8221; background_position=&#8221;top_left&#8221; background_repeat=&#8221;repeat&#8221; custom_padding=&#8221;||20px||false|false&#8221; border_width_bottom=&#8221;1px&#8221; border_color_bottom=&#8221;#f2f2f2&#8243; global_colors_info=&#8221;{}&#8221; disabled_on=&#8221;on|on|on&#8221; disabled=&#8221;on&#8221;]<\/p>\n<h2>GENERAL SERVICE DEPARTMENT<\/h2>\n<h3>Head of department<\/h3>\n<p>Manuela Ba\u0107ac, oec.<a href=\"mailto:%20%3Cscript%20language='JavaScript'%20type='text\/javascript'%3E%20%3C!--%20var%20prefix%20=%20'mailto:';%20var%20suffix%20=%20'';%20var%20attribs%20=%20'';%20var%20path%20=%20'hr'%20+%20'ef'%20+%20'=';%20var%20addy5494%20=%20'mbacac'%20+%20'@';%20addy5494%20=%20addy5494%20+%20'pp-ucka'%20+%20'.'%20+%20'hr';%20document.write(%20'%3Ca%20'%20+%20path%20+%20'\\''%20+%20prefix%20+%20addy5494%20+%20suffix%20+%20'\\''%20+%20attribs%20+%20'%3E'%20);%20document.write(%20addy5494%20);%20document.write(%20'%3C\\\/a%3E'%20);%20\/\/--%3E%20%3C\/script%3E%20%3Cscript%20language='JavaScript'%20type='text\/javascript'%3E%20%3C!--%20document.write(%20''%20);%20\/\/--%3E%20%3C\/script%3EOva%20e-mail%20adresa%20je%20za%C5%A1ti%C4%87ena%20od%20spam%20robota,%20nije%20vidljiva%20ako%20ste%20isklju%C4%8Dili%20JavaScript%20%3Cscript%20language='JavaScript'%20type='text\/javascript'%3E%20%3C!--%20document.write(%20'%3C\/'%20);%20document.write(%20'span%3E'%20);%20\/\/--%3E%20%3C\/script%3E\"><br \/><\/a><a href=\"mailto:mbacac@pp-ucka.hr\">mbacac@pp-ucka.hr<\/a><br \/><a href=\"tel:38551770162\">+385 (0)51 770 162<\/a><\/p>\n<p>[\/et_pb_text][et_pb_text admin_label=&#8221;Text&#8221; _builder_version=&#8221;4.16&#8243; background_size=&#8221;initial&#8221; background_position=&#8221;top_left&#8221; background_repeat=&#8221;repeat&#8221; custom_padding=&#8221;||20px||false|false&#8221; border_width_bottom=&#8221;1px&#8221; border_color_bottom=&#8221;#f2f2f2&#8243; global_colors_info=&#8221;{}&#8221; disabled_on=&#8221;on|on|on&#8221; disabled=&#8221;on&#8221;]<\/p>\n<h2>RANGER SERVICE<\/h2>\n<h3>Chief ranger<\/h3>\n<p>\u017darko Erceg, dipl. ing. univ. spec. oec.<br \/><a href=\"mailto:zerceg@pp-ucka.hr\">zerceg@pp-ucka.hr<\/a><br \/><a href=\"tel:38551770167\">+385 (0)51 770 167<\/a><\/p>\n<h3>Ranger<\/h3>\n<p>Filip Star\u010devi\u0107, bacc. biol.<a href=\"mailto:%20%3Cscript%20language='JavaScript'%20type='text\/javascript'%3E%20%3C!--%20var%20prefix%20=%20'mailto:';%20var%20suffix%20=%20'';%20var%20attribs%20=%20'';%20var%20path%20=%20'hr'%20+%20'ef'%20+%20'=';%20var%20addy67334%20=%20'fstarcevic'%20+%20'@';%20addy67334%20=%20addy67334%20+%20'pp-ucka'%20+%20'.'%20+%20'hr';%20document.write(%20'%3Ca%20'%20+%20path%20+%20'\\''%20+%20prefix%20+%20addy67334%20+%20suffix%20+%20'\\''%20+%20attribs%20+%20'%3E'%20);%20document.write(%20addy67334%20);%20document.write(%20'%3C\\\/a%3E'%20);%20\/\/--%3E%20%3C\/script%3E%20%3Cscript%20language='JavaScript'%20type='text\/javascript'%3E%20%3C!--%20document.write(%20''%20);%20\/\/--%3E%20%3C\/script%3EOva%20e-mail%20adresa%20je%20za%C5%A1ti%C4%87ena%20od%20spam%20robota,%20nije%20vidljiva%20ako%20ste%20isklju%C4%8Dili%20JavaScript%20%3Cscript%20language='JavaScript'%20type='text\/javascript'%3E%20%3C!--%20document.write(%20'%3C\/'%20);%20document.write(%20'span%3E'%20);%20\/\/--%3E%20%3C\/script%3E\"><br \/><\/a><a href=\"mailto:fstarcevic@pp-ucka.hr\">fstarcevic@pp-ucka.hr<\/a><br \/><a href=\"tel:385912604422\">+385 (0)91 260 44 22<\/a><\/p>\n<h3>Ranger<\/h3>\n<p>Leo Peru\u010d<a href=\"mailto:%20%3Cscript%20language='JavaScript'%20type='text\/javascript'%3E%20%3C!--%20var%20prefix%20=%20'mailto:';%20var%20suffix%20=%20'';%20var%20attribs%20=%20'';%20var%20path%20=%20'hr'%20+%20'ef'%20+%20'=';%20var%20addy89170%20=%20'fstarcevic'%20+%20'@';%20addy89170%20=%20addy89170%20+%20'pp-ucka'%20+%20'.'%20+%20'hr';%20document.write(%20'%3Ca%20'%20+%20path%20+%20'\\''%20+%20prefix%20+%20addy89170%20+%20suffix%20+%20'\\''%20+%20attribs%20+%20'%3E'%20);%20document.write(%20addy89170%20);%20document.write(%20'%3C\\\/a%3E'%20);%20\/\/--%3E%20%3C\/script%3E%20%3Cscript%20language='JavaScript'%20type='text\/javascript'%3E%20%3C!--%20document.write(%20'%3Cspan%20style=\\'display:%20none;\\'%3E'%20);%20\/\/--%3E%20%3C\/script%3EOva%20e-mail%20adresa%20je%20za%C5%A1ti%C4%87ena%20od%20spam%20robota,%20nije%20vidljiva%20ako%20ste%20isklju%C4%8Dili%20JavaScript%20%3Cscript%20language='JavaScript'%20type='text\/javascript'%3E%20%3C!--%20document.write(%20'%3C\/'%20);%20document.write(%20'span%3E'%20);%20\/\/--%3E%20%3C\/script%3E\"><br \/><\/a><a href=\"mailto:lperuc@pp-ucka.hr\">lperuc@pp-ucka.hr<\/a><br \/><a href=\"tel:385915910226\">+385 (0)91 591 02 26<\/a><\/p>\n<p>[\/et_pb_text][et_pb_text admin_label=&#8221;Text&#8221; _builder_version=&#8221;4.16&#8243; background_size=&#8221;initial&#8221; background_position=&#8221;top_left&#8221; background_repeat=&#8221;repeat&#8221; custom_padding=&#8221;||20px||false|false&#8221; border_width_bottom=&#8221;1px&#8221; border_color_bottom=&#8221;#f2f2f2&#8243; global_colors_info=&#8221;{}&#8221; disabled_on=&#8221;on|on|on&#8221; disabled=&#8221;on&#8221;]<\/p>\n<h2>TEHNICHAL AND MAINTAINANCE SERVICE<\/h2>\n<h3>Head of service<\/h3>\n<p>Florijan Tomc, str. teh.<a href=\"mailto:%20%3Cscript%20language='JavaScript'%20type='text\/javascript'%3E%20%3C!--%20var%20prefix%20=%20'mailto:';%20var%20suffix%20=%20'';%20var%20attribs%20=%20'';%20var%20path%20=%20'hr'%20+%20'ef'%20+%20'=';%20var%20addy90713%20=%20'ftomc'%20+%20'@';%20addy90713%20=%20addy90713%20+%20'pp-ucka'%20+%20'.'%20+%20'hr';%20document.write(%20'%3Ca%20'%20+%20path%20+%20'\\''%20+%20prefix%20+%20addy90713%20+%20suffix%20+%20'\\''%20+%20attribs%20+%20'%3E'%20);%20document.write(%20addy90713%20);%20document.write(%20'%3C\\\/a%3E'%20);%20\/\/--%3E%20%3C\/script%3E%20%3Cscript%20language='JavaScript'%20type='text\/javascript'%3E%20%3C!--%20document.write(%20'%3Cspan%20style=\\'display:%20none;\\'%3E'%20);%20\/\/--%3E%20%3C\/script%3EOva%20e-mail%20adresa%20je%20za%C5%A1ti%C4%87ena%20od%20spam%20robota,%20nije%20vidljiva%20ako%20ste%20isklju%C4%8Dili%20JavaScript%20%3Cscript%20language='JavaScript'%20type='text\/javascript'%3E%20%3C!--%20document.write(%20'%3C\/'%20);%20document.write(%20'span%3E'%20);%20\/\/--%3E%20%3C\/script%3E\"><br \/><\/a><a href=\"mailto:ftomc@pp-ucka.hr\">ftomc@pp-ucka.hr<\/a><br \/>+385(0)51 770 168<\/p>\n<p>[\/et_pb_text][et_pb_text admin_label=&#8221;Text&#8221; _builder_version=&#8221;4.16&#8243; background_size=&#8221;initial&#8221; background_position=&#8221;top_left&#8221; background_repeat=&#8221;repeat&#8221; custom_padding=&#8221;||20px||false|false&#8221; border_width_bottom=&#8221;1px&#8221; border_color_bottom=&#8221;#f2f2f2&#8243; global_colors_info=&#8221;{}&#8221; disabled_on=&#8221;on|on|on&#8221; disabled=&#8221;on&#8221;]<\/p>\n<h2>SOUVENIR SHOP POKLON<\/h2>\n<p><a href=\"tel:38551770101\">+385 (0)51 770 101<\/a><\/p>\n<p>[\/et_pb_text][et_pb_text admin_label=&#8221;Text&#8221; _builder_version=&#8221;4.16&#8243; background_size=&#8221;initial&#8221; background_position=&#8221;top_left&#8221; background_repeat=&#8221;repeat&#8221; custom_padding=&#8221;||20px||false|false&#8221; border_width_bottom=&#8221;1px&#8221; border_color_bottom=&#8221;#f2f2f2&#8243; global_colors_info=&#8221;{}&#8221; disabled_on=&#8221;on|on|on&#8221; disabled=&#8221;on&#8221;]<\/p>\n<h2>CAFE BAR<\/h2>\n<p><a href=\"tel:38551770102\">+385 (0)51 770 102<\/a><\/p>\n<p>[\/et_pb_text][et_pb_text admin_label=&#8221;Text&#8221; _builder_version=&#8221;4.16&#8243; background_size=&#8221;initial&#8221; background_position=&#8221;top_left&#8221; background_repeat=&#8221;repeat&#8221; global_colors_info=&#8221;{}&#8221; disabled_on=&#8221;on|on|on&#8221; disabled=&#8221;on&#8221;]<\/p>\n<h2>INFO-CENTRE \u2013 SOUVENIR SHOP VOJAK<\/h2>\n<p><a href=\"tel:385918959669\">+385 (0)91 895 96 69<\/a><\/p>\n<p>[\/et_pb_text][et_pb_text admin_label=&#8221;Text&#8221; _builder_version=&#8221;4.16&#8243; background_size=&#8221;initial&#8221; background_position=&#8221;top_left&#8221; background_repeat=&#8221;repeat&#8221; global_colors_info=&#8221;{}&#8221; disabled_on=&#8221;on|on|on&#8221; disabled=&#8221;on&#8221;]<\/p>\n<h3>WORKING HOURS<\/h3>\n<p>POKLON VISITOR CENTRE:<br \/>every day<br \/>9:00 &#8211; 19:00<\/p>\n<p>U\u010cKA NATURE PARK PUBLIC INSTITUTION:<br \/>Monday &#8211; Friday<br \/>08:00 \u2013 16:00 h<\/p>\n<p>[\/et_pb_text][\/et_pb_column][et_pb_column type=&#8221;1_2&#8243; _builder_version=&#8221;4.16&#8243; custom_padding=&#8221;|||&#8221; global_colors_info=&#8221;{}&#8221; custom_padding__hover=&#8221;|||&#8221;][\/et_pb_column][\/et_pb_row][\/et_pb_section]<\/p>\n","protected":false},"excerpt":{"rendered":"<p>U\u010dka Nature Park POKLON VISITOR CENTRE:Poklon 8, Vela U\u010dka I\u010di\u0107i 51414 Hrvatska tel: +385 (0)51 770 100 (reception)e-mail: info@pp-ucka.hrDIRECTOR&#8217;S OFFICE Director Egon Vasili\u0107, univ. dipl. polit.evasilic@pp-ucka.hr+385 (0)51 770 161NATURE CONSERVATION DEPARTMENT Head of the department dr. sc. Dalia Matijevi\u0107, dipl. ing. biol.dmatijevic@pp-ucka.hr+385 (0)51 770 164 Main educator Andrea Stojakovi\u0107, prof. fil. i ped.astojakovic@pp-ucka.hr+385 (0)51 770 [&hellip;]<\/p>\n","protected":false},"author":3,"featured_media":9704,"parent":0,"menu_order":0,"comment_status":"open","ping_status":"open","template":"","meta":{"_et_pb_use_builder":"on","_et_pb_old_content":"","_et_gb_content_width":"","inline_featured_image":false,"footnotes":""},"categories":[],"tags":[],"class_list":["post-279","page","type-page","status-publish","has-post-thumbnail","hentry"],"yoast_head":"<!-- This site is optimized with the Yoast SEO plugin v27.3 - https:\/\/yoast.com\/product\/yoast-seo-wordpress\/ -->\n<title>Contact - Park prirode U\u010dka<\/title>\n<meta name=\"robots\" content=\"index, follow, max-snippet:-1, max-image-preview:large, max-video-preview:-1\" \/>\n<link rel=\"canonical\" href=\"https:\/\/www.pp-ucka.hr\/en\/contact\/\" \/>\n<meta property=\"og:locale\" content=\"en_US\" \/>\n<meta property=\"og:type\" content=\"article\" \/>\n<meta property=\"og:title\" content=\"Contact - Park prirode U\u010dka\" \/>\n<meta property=\"og:description\" content=\"U\u010dka Nature Park POKLON VISITOR CENTRE:Poklon 8, Vela U\u010dka I\u010di\u0107i 51414 Hrvatska tel: +385 (0)51 770 100 (reception)e-mail: info@pp-ucka.hrDIRECTOR&#039;S OFFICE Director Egon Vasili\u0107, univ. dipl. polit.evasilic@pp-ucka.hr+385 (0)51 770 161NATURE CONSERVATION DEPARTMENT Head of the department dr. sc. Dalia Matijevi\u0107, dipl. ing. biol.dmatijevic@pp-ucka.hr+385 (0)51 770 164 Main educator Andrea Stojakovi\u0107, prof. fil. i ped.astojakovic@pp-ucka.hr+385 (0)51 770 [&hellip;]\" \/>\n<meta property=\"og:url\" content=\"https:\/\/www.pp-ucka.hr\/en\/contact\/\" \/>\n<meta property=\"og:site_name\" content=\"Park prirode U\u010dka\" \/>\n<meta property=\"article:modified_time\" content=\"2023-03-23T09:48:57+00:00\" \/>\n<meta name=\"twitter:card\" content=\"summary_large_image\" \/>\n<meta name=\"twitter:label1\" content=\"Est. reading time\" \/>\n\t<meta name=\"twitter:data1\" content=\"2 minutes\" \/>\n<script type=\"application\/ld+json\" class=\"yoast-schema-graph\">{\"@context\":\"https:\\\/\\\/schema.org\",\"@graph\":[{\"@type\":\"WebPage\",\"@id\":\"https:\\\/\\\/www.pp-ucka.hr\\\/en\\\/contact\\\/\",\"url\":\"https:\\\/\\\/www.pp-ucka.hr\\\/en\\\/contact\\\/\",\"name\":\"Contact - Park prirode U\u010dka\",\"isPartOf\":{\"@id\":\"https:\\\/\\\/www.pp-ucka.hr\\\/#website\"},\"primaryImageOfPage\":{\"@id\":\"https:\\\/\\\/www.pp-ucka.hr\\\/en\\\/contact\\\/#primaryimage\"},\"image\":{\"@id\":\"https:\\\/\\\/www.pp-ucka.hr\\\/en\\\/contact\\\/#primaryimage\"},\"thumbnailUrl\":\"https:\\\/\\\/www.pp-ucka.hr\\\/2020\\\/wp-content\\\/uploads\\\/pp_ucka_featured_2000.jpg\",\"datePublished\":\"2013-04-18T07:05:22+00:00\",\"dateModified\":\"2023-03-23T09:48:57+00:00\",\"breadcrumb\":{\"@id\":\"https:\\\/\\\/www.pp-ucka.hr\\\/en\\\/contact\\\/#breadcrumb\"},\"inLanguage\":\"en-US\",\"potentialAction\":[{\"@type\":\"ReadAction\",\"target\":[\"https:\\\/\\\/www.pp-ucka.hr\\\/en\\\/contact\\\/\"]}]},{\"@type\":\"ImageObject\",\"inLanguage\":\"en-US\",\"@id\":\"https:\\\/\\\/www.pp-ucka.hr\\\/en\\\/contact\\\/#primaryimage\",\"url\":\"https:\\\/\\\/www.pp-ucka.hr\\\/2020\\\/wp-content\\\/uploads\\\/pp_ucka_featured_2000.jpg\",\"contentUrl\":\"https:\\\/\\\/www.pp-ucka.hr\\\/2020\\\/wp-content\\\/uploads\\\/pp_ucka_featured_2000.jpg\",\"width\":2000,\"height\":1129},{\"@type\":\"BreadcrumbList\",\"@id\":\"https:\\\/\\\/www.pp-ucka.hr\\\/en\\\/contact\\\/#breadcrumb\",\"itemListElement\":[{\"@type\":\"ListItem\",\"position\":1,\"name\":\"Po\u010detna stranica\",\"item\":\"https:\\\/\\\/www.pp-ucka.hr\\\/en\\\/\"},{\"@type\":\"ListItem\",\"position\":2,\"name\":\"Contact\"}]},{\"@type\":\"WebSite\",\"@id\":\"https:\\\/\\\/www.pp-ucka.hr\\\/#website\",\"url\":\"https:\\\/\\\/www.pp-ucka.hr\\\/\",\"name\":\"Park prirode U\u010dka\",\"description\":\"Park prirode U\u010dka\",\"potentialAction\":[{\"@type\":\"SearchAction\",\"target\":{\"@type\":\"EntryPoint\",\"urlTemplate\":\"https:\\\/\\\/www.pp-ucka.hr\\\/?s={search_term_string}\"},\"query-input\":{\"@type\":\"PropertyValueSpecification\",\"valueRequired\":true,\"valueName\":\"search_term_string\"}}],\"inLanguage\":\"en-US\"}]}<\/script>\n<!-- \/ Yoast SEO plugin. -->","yoast_head_json":{"title":"Contact - Park prirode U\u010dka","robots":{"index":"index","follow":"follow","max-snippet":"max-snippet:-1","max-image-preview":"max-image-preview:large","max-video-preview":"max-video-preview:-1"},"canonical":"https:\/\/www.pp-ucka.hr\/en\/contact\/","og_locale":"en_US","og_type":"article","og_title":"Contact - Park prirode U\u010dka","og_description":"U\u010dka Nature Park POKLON VISITOR CENTRE:Poklon 8, Vela U\u010dka I\u010di\u0107i 51414 Hrvatska tel: +385 (0)51 770 100 (reception)e-mail: info@pp-ucka.hrDIRECTOR'S OFFICE Director Egon Vasili\u0107, univ. dipl. polit.evasilic@pp-ucka.hr+385 (0)51 770 161NATURE CONSERVATION DEPARTMENT Head of the department dr. sc. Dalia Matijevi\u0107, dipl. ing. biol.dmatijevic@pp-ucka.hr+385 (0)51 770 164 Main educator Andrea Stojakovi\u0107, prof. fil. i ped.astojakovic@pp-ucka.hr+385 (0)51 770 [&hellip;]","og_url":"https:\/\/www.pp-ucka.hr\/en\/contact\/","og_site_name":"Park prirode U\u010dka","article_modified_time":"2023-03-23T09:48:57+00:00","twitter_card":"summary_large_image","twitter_misc":{"Est. reading time":"2 minutes"},"schema":{"@context":"https:\/\/schema.org","@graph":[{"@type":"WebPage","@id":"https:\/\/www.pp-ucka.hr\/en\/contact\/","url":"https:\/\/www.pp-ucka.hr\/en\/contact\/","name":"Contact - Park prirode U\u010dka","isPartOf":{"@id":"https:\/\/www.pp-ucka.hr\/#website"},"primaryImageOfPage":{"@id":"https:\/\/www.pp-ucka.hr\/en\/contact\/#primaryimage"},"image":{"@id":"https:\/\/www.pp-ucka.hr\/en\/contact\/#primaryimage"},"thumbnailUrl":"https:\/\/www.pp-ucka.hr\/2020\/wp-content\/uploads\/pp_ucka_featured_2000.jpg","datePublished":"2013-04-18T07:05:22+00:00","dateModified":"2023-03-23T09:48:57+00:00","breadcrumb":{"@id":"https:\/\/www.pp-ucka.hr\/en\/contact\/#breadcrumb"},"inLanguage":"en-US","potentialAction":[{"@type":"ReadAction","target":["https:\/\/www.pp-ucka.hr\/en\/contact\/"]}]},{"@type":"ImageObject","inLanguage":"en-US","@id":"https:\/\/www.pp-ucka.hr\/en\/contact\/#primaryimage","url":"https:\/\/www.pp-ucka.hr\/2020\/wp-content\/uploads\/pp_ucka_featured_2000.jpg","contentUrl":"https:\/\/www.pp-ucka.hr\/2020\/wp-content\/uploads\/pp_ucka_featured_2000.jpg","width":2000,"height":1129},{"@type":"BreadcrumbList","@id":"https:\/\/www.pp-ucka.hr\/en\/contact\/#breadcrumb","itemListElement":[{"@type":"ListItem","position":1,"name":"Po\u010detna stranica","item":"https:\/\/www.pp-ucka.hr\/en\/"},{"@type":"ListItem","position":2,"name":"Contact"}]},{"@type":"WebSite","@id":"https:\/\/www.pp-ucka.hr\/#website","url":"https:\/\/www.pp-ucka.hr\/","name":"Park prirode U\u010dka","description":"Park prirode U\u010dka","potentialAction":[{"@type":"SearchAction","target":{"@type":"EntryPoint","urlTemplate":"https:\/\/www.pp-ucka.hr\/?s={search_term_string}"},"query-input":{"@type":"PropertyValueSpecification","valueRequired":true,"valueName":"search_term_string"}}],"inLanguage":"en-US"}]}},"_links":{"self":[{"href":"https:\/\/www.pp-ucka.hr\/en\/wp-json\/wp\/v2\/pages\/279","targetHints":{"allow":["GET"]}}],"collection":[{"href":"https:\/\/www.pp-ucka.hr\/en\/wp-json\/wp\/v2\/pages"}],"about":[{"href":"https:\/\/www.pp-ucka.hr\/en\/wp-json\/wp\/v2\/types\/page"}],"author":[{"embeddable":true,"href":"https:\/\/www.pp-ucka.hr\/en\/wp-json\/wp\/v2\/users\/3"}],"replies":[{"embeddable":true,"href":"https:\/\/www.pp-ucka.hr\/en\/wp-json\/wp\/v2\/comments?post=279"}],"version-history":[{"count":0,"href":"https:\/\/www.pp-ucka.hr\/en\/wp-json\/wp\/v2\/pages\/279\/revisions"}],"wp:featuredmedia":[{"embeddable":true,"href":"https:\/\/www.pp-ucka.hr\/en\/wp-json\/wp\/v2\/media\/9704"}],"wp:attachment":[{"href":"https:\/\/www.pp-ucka.hr\/en\/wp-json\/wp\/v2\/media?parent=279"}],"wp:term":[{"taxonomy":"category","embeddable":true,"href":"https:\/\/www.pp-ucka.hr\/en\/wp-json\/wp\/v2\/categories?post=279"},{"taxonomy":"post_tag","embeddable":true,"href":"https:\/\/www.pp-ucka.hr\/en\/wp-json\/wp\/v2\/tags?post=279"}],"curies":[{"name":"wp","href":"https:\/\/api.w.org\/{rel}","templated":true}]}}