{"id":3377,"date":"2014-02-05T12:32:49","date_gmt":"2014-02-05T12:32:49","guid":{"rendered":"http:\/\/www.pp-ucka.hr\/?page_id=3377"},"modified":"2021-10-13T15:06:36","modified_gmt":"2021-10-13T13:06:36","slug":"ucka-educational-walking-trails","status":"publish","type":"page","link":"https:\/\/www.pp-ucka.hr\/en\/information-for-visitors\/ucka-educational-walking-trails\/","title":{"rendered":"Educational and walking trails"},"content":{"rendered":"<p>[et_pb_section fb_built=&#8221;1&#8243; admin_label=&#8221;section&#8221; _builder_version=&#8221;4.9.1&#8243; _module_preset=&#8221;a54f0210-f84c-494c-a86b-b935f4ff5c5a&#8221; locked=&#8221;off&#8221;][et_pb_row disabled_on=&#8221;on|on|off&#8221; admin_label=&#8221;row&#8221; _builder_version=&#8221;4.9.1&#8243; _module_preset=&#8221;712fcb3e-eded-477c-8569-4891cbb4008a&#8221; background_enable_color=&#8221;off&#8221; custom_margin=&#8221;||||false|false&#8221; custom_padding=&#8221;1px||0px||false|false&#8221; sticky_position=&#8221;top&#8221; sticky_offset_top=&#8221;114px&#8221; sticky_limit_bottom=&#8221;section&#8221; border_width_top=&#8221;1px&#8221; border_color_top=&#8221;#005B0C&#8221; border_width_bottom=&#8221;1px&#8221; border_color_bottom=&#8221;#005B0C&#8221; locked=&#8221;off&#8221; border_radii__hover_enabled=&#8221;off|desktop&#8221; border_radii__sticky_enabled=&#8221;on|desktop&#8221; border_radii__sticky=&#8221;off|||10px|10px&#8221; background__sticky_enabled=&#8221;on|sticky&#8221; background_color__sticky=&#8221;rgba(0,91,12,0.8)&#8221; background_enable_color__sticky=&#8221;on&#8221; custom_padding__sticky_enabled=&#8221;on|sticky&#8221; custom_padding__sticky=&#8221;|20px||20px|false|false&#8221;][et_pb_column type=&#8221;4_4&#8243; _builder_version=&#8221;3.25&#8243; custom_padding=&#8221;|||&#8221; custom_padding__hover=&#8221;|||&#8221;][et_pb_menu menu_id=&#8221;109&#8243; _builder_version=&#8221;4.9.1&#8243; _module_preset=&#8221;default&#8221; menu_font=&#8221;Rubik|500||on|||||&#8221; menu_text_color=&#8221;#65B32E&#8221; background_enable_color=&#8221;off&#8221; active_link_color__sticky_enabled=&#8221;on|sticky&#8221; active_link_color__sticky=&#8221;#FFFFFF&#8221; menu_text_color__sticky_enabled=&#8221;on|desktop&#8221; menu_text_color__hover_enabled=&#8221;on|hover&#8221; menu_text_color__hover=&#8221;#E2A600&#8243; menu_text_color__sticky=&#8221;#FFFFFF&#8221;][\/et_pb_menu][\/et_pb_column][\/et_pb_row][et_pb_row custom_padding_last_edited=&#8221;on|desktop&#8221; module_id=&#8221;strazica-sapacica&#8221; _builder_version=&#8221;4.9.1&#8243; _module_preset=&#8221;0dde398e-b9b1-4181-9db9-5507a180521a&#8221; custom_padding_tablet=&#8221;&#8221; custom_padding_phone=&#8221;&#8221; custom_padding__hover_enabled=&#8221;off|desktop&#8221;][et_pb_column type=&#8221;4_4&#8243; _builder_version=&#8221;4.9.1&#8243; _module_preset=&#8221;default&#8221;][et_pb_text _builder_version=&#8221;4.9.3&#8243; _module_preset=&#8221;default&#8221;]<\/p>\n<h1>The Land Art Trail Stra\u017eica\u2013Sapa\u0107ica<\/h1>\n<p>[\/et_pb_text][et_pb_image src=&#8221;https:\/\/www.pp-ucka.hr\/2020\/wp-content\/uploads\/Land-art_otisci-dlanova-195-1024&#215;683.jpg&#8221; title_text=&#8221;pp_ucka_staze_land-art_naslovna&#8221; _builder_version=&#8221;4.9.3&#8243; _module_preset=&#8221;default&#8221; hover_enabled=&#8221;0&#8243; sticky_enabled=&#8221;0&#8243;][\/et_pb_image][et_pb_text _builder_version=&#8221;4.9.3&#8243; _module_preset=&#8221;default&#8221;]<\/p>\n<p><b>Discover the natural beauty of \u0106i\u0107arija high plateau and artistic works in places where you would least expect them!<\/b><i><br \/><\/i><\/p>\n<p>This circular trail is a combination of artistic interventions in the form of land art and the natural beauty of \u0106i\u0107arija, that is, its southern areas around the cliff of Stra\u017eica and the meadow of Sapa\u0107ica. The trail is not demanding so it is suitable for parents with children, the elderly and other visitors looking for a pleasant and easy walk through the countryside.<\/p>\n<p>The leading thought of the trail is the development of the importance of the connection of man and nature. Man is, regardless of the alienation and bustle of today\u2019s way of life, an inseparable part of nature. As you walk, breath in the fragrance of the forest, listen to its sounds, feel the moist earth under your toes, feel the powerful energy of nature around you. Don\u2019t forget to look for the land art works that will encourage contemplation and meditation within you. Stand in silence, feel nature and connect with it as you observe the artistic work.<\/p>\n<p><b>Difficulty: easy<\/b><\/p>\n<p><b>Length: 6.5 km<\/b><\/p>\n<p><b>Duration: 2 \u2013 3 hours<\/b><\/p>\n<p><strong>Start: Poklon Visitor Centre<\/strong><\/p>\n<p><strong>Brochure<\/strong>: <a href=\"https:\/\/www.pp-ucka.hr\/2020\/wp-content\/uploads\/Brosura-strazica-sapacica.pdf\" rel=\"attachment wp-att-16811\">Brosura_LandArt<\/a><\/p>\n<p>[\/et_pb_text][et_pb_code _builder_version=&#8221;4.9.3&#8243; _module_preset=&#8221;default&#8221; text_orientation=&#8221;center&#8221;]<iframe loading=\"lazy\" src=\"https:\/\/www.google.com\/maps\/d\/u\/0\/embed?mid=1P9C1fO2q8YSlPURM2rcb73YT9QlcszLW\" width=\"640\" height=\"480\"><\/iframe>[\/et_pb_code][\/et_pb_column][\/et_pb_row][et_pb_row custom_padding_last_edited=&#8221;on|desktop&#8221; module_id=&#8221;vela-draga&#8221; _builder_version=&#8221;4.9.1&#8243; _module_preset=&#8221;0dde398e-b9b1-4181-9db9-5507a180521a&#8221; custom_padding_tablet=&#8221;&#8221; custom_padding_phone=&#8221;&#8221; custom_padding__hover_enabled=&#8221;off|desktop&#8221;][et_pb_column type=&#8221;4_4&#8243; _builder_version=&#8221;4.9.1&#8243; _module_preset=&#8221;default&#8221;][et_pb_text _builder_version=&#8221;4.9.3&#8243; _module_preset=&#8221;default&#8221;]<\/p>\n<h1>The Vela Draga Educational Trail<\/h1>\n<p>[\/et_pb_text][et_pb_image src=&#8221;https:\/\/www.pp-ucka.hr\/2020\/wp-content\/uploads\/POUCNA-STAZA-Vela-Draga-1024&#215;682.jpeg&#8221; title_text=&#8221;pp_ucka_staze_vela-draga_naslovna&#8221; _builder_version=&#8221;4.9.3&#8243; _module_preset=&#8221;default&#8221; hover_enabled=&#8221;0&#8243; sticky_enabled=&#8221;0&#8243;][\/et_pb_image][et_pb_text _builder_version=&#8221;4.9.3&#8243; _module_preset=&#8221;default&#8221;]<\/p>\n<p>Without question one of the most attractive sites within U\u010dka Nature Park is the canyon of\u00a0<strong>Vela draga<\/strong>. This natural phenomenon, which the forces of nature \u2013 earthquakes, wind, sun and water \u2013 first began shaping as early as the Tertiary period (140 million years ago), has been protected since 1963 as a natural reserve, and since 1998 as a\u00a0<strong>geomorphological nature monument<\/strong>.<\/p>\n<p>The Vela Draga educational trail passes along the edge of this impressive canyon. Interpretation boards inform visitors in four languages about this nature monument of extraordinary geomorphological value. The text on the boards is written in easy-to-understand popular scientific language to explain geological phenomena such as the origins of the U\u010dka massif and this canyon. Above the canyon is a well-tended vantage point where walkers can rest for a while and admire the magnificent view of the limestone towers, which will certainly remain etched in the memory and arose admiration for the\u00a0 nature. The more demanding part of the trail descends from this vantage point to the feet of the stone towers and the bottom of the canyon.<\/p>\n<p>Apart from geological phenomena, this trail also informs visitors about alpinism and free climbing \u2013 sports that have been pursued in Vela draga since 1931. Over time, Vela draga became a famous climbing area where many Croatian and European alpinists and free-climbers gained valuable experience.<\/p>\n<p><strong>Height: canyon \u2013 300 m (vantage point \u2013 500 m)<\/strong><\/p>\n<p><strong>Length: 2 km<\/strong><\/p>\n<p><strong>Duration: 1:00 \u2013 1:30 hours<\/strong><\/p>\n<p><strong>Start: Vela draga Parking<\/strong><\/p>\n<p><strong>Brochure<\/strong>: <a href=\"https:\/\/www.pp-ucka.hr\/2020\/wp-content\/uploads\/Brosura-Vela-draga.pdf\" rel=\"attachment wp-att-16808\">Brosura_Vela draga<\/a><\/p>\n<p>[\/et_pb_text][et_pb_code _builder_version=&#8221;4.9.3&#8243; _module_preset=&#8221;default&#8221; text_orientation=&#8221;center&#8221;]<iframe loading=\"lazy\" src=\"https:\/\/www.google.com\/maps\/d\/u\/0\/embed?mid=1gmeC1lCbVcWRJmEZowAjozfywu9k1CLz\" width=\"640\" height=\"480\"><\/iframe>[\/et_pb_code][\/et_pb_column][\/et_pb_row][et_pb_row custom_padding_last_edited=&#8221;on|tablet&#8221; module_id=&#8221;plas&#8221; _builder_version=&#8221;4.9.1&#8243; _module_preset=&#8221;0dde398e-b9b1-4181-9db9-5507a180521a&#8221; custom_padding_tablet=&#8221;0px||||false|false&#8221; custom_padding_phone=&#8221;&#8221;][et_pb_column type=&#8221;4_4&#8243; _builder_version=&#8221;4.9.1&#8243; _module_preset=&#8221;default&#8221;][et_pb_text _builder_version=&#8221;4.9.3&#8243; _module_preset=&#8221;default&#8221;]<\/p>\n<h1>The Plas Educational Trail<\/h1>\n<p>[\/et_pb_text][et_pb_image src=&#8221;https:\/\/www.pp-ucka.hr\/2020\/wp-content\/uploads\/HIKE-Plas-4-1024&#215;683.jpeg&#8221; title_text=&#8221;pp_ucka_staze_plas_naslovna&#8221; _builder_version=&#8221;4.9.3&#8243; _module_preset=&#8221;default&#8221; hover_enabled=&#8221;0&#8243; sticky_enabled=&#8221;0&#8243;][\/et_pb_image][et_pb_text _builder_version=&#8221;4.9.3&#8243; _module_preset=&#8221;default&#8221;]<\/p>\n<p>To fully experience the natural beauty of the\u00a0<strong>peak ridge of U\u010dka<\/strong>, take a walk along the Plas educational trail, which starts only ca. 300 metres below the peak of Vojak.<\/p>\n<p>The Plas educational trail passes over the slopes of the peak ridge of U\u010dka, which is of extraordinary importance and value for its geological formation and rare endemic plant and animal species. The trail runs through a thick forest of typical littoral beech. It features tended places to rest and vantage points offering magnificent views of the Istrian hills and the \u0106i\u0107arija mountain range. Interpretation boards along the trail introduce visitors to the natural characteristics of this summit area of U\u010dka, the richness and biological diversity of its flora and fauna, and the origins and various forms of the karst relief.<\/p>\n<p><strong>Height: 1,300 m<\/strong><\/p>\n<p><strong>Length: 2 km<\/strong><\/p>\n<p><strong>Duration: 1:00 \u2013 1:30 hours<\/strong><\/p>\n<p><strong>Start: Road to Vojak or hiking trail &#8220;Poklon &#8211; Vojak&#8221;<\/strong><\/p>\n<p><strong>Important<\/strong>: To reach the Plas Educational Trail, you&#8217;ll need to walk from Poklon for about 1 hour.<\/p>\n<p>Brochure: <a href=\"https:\/\/www.pp-ucka.hr\/2020\/wp-content\/uploads\/Bro\u0161ura-Plas-Vojak.pdf\" rel=\"attachment wp-att-16790\">Bro\u0161ura-Plas-Vojak.pdf<\/a><\/p>\n<p>[\/et_pb_text][et_pb_code _builder_version=&#8221;4.9.3&#8243; _module_preset=&#8221;default&#8221; text_orientation=&#8221;center&#8221;]<iframe loading=\"lazy\" src=\"https:\/\/www.google.com\/maps\/d\/u\/0\/embed?mid=1SWG79_gITwk3-ZNTiOhDjzS4SN5vwAEE\" width=\"640\" height=\"480\"><\/iframe>[\/et_pb_code][\/et_pb_column][\/et_pb_row][et_pb_row custom_padding_last_edited=&#8221;on|desktop&#8221; module_id=&#8221;slap&#8221; _builder_version=&#8221;4.9.1&#8243; _module_preset=&#8221;0dde398e-b9b1-4181-9db9-5507a180521a&#8221; custom_padding_tablet=&#8221;&#8221; custom_padding_phone=&#8221;&#8221; custom_padding__hover_enabled=&#8221;off|desktop&#8221;][et_pb_column type=&#8221;4_4&#8243; _builder_version=&#8221;4.9.1&#8243; _module_preset=&#8221;default&#8221;][et_pb_text _builder_version=&#8221;4.9.3&#8243; _module_preset=&#8221;default&#8221;]<\/p>\n<h1>The Slap Walking Trail<\/h1>\n<p>[\/et_pb_text][et_pb_image src=&#8221;https:\/\/www.pp-ucka.hr\/2020\/wp-content\/uploads\/HIKE-Slap-2-1024&#215;683.jpeg&#8221; title_text=&#8221;pp_ucka_staze_slap_naslovna&#8221; _builder_version=&#8221;4.9.3&#8243; _module_preset=&#8221;default&#8221; hover_enabled=&#8221;0&#8243; sticky_enabled=&#8221;0&#8243;][\/et_pb_image][et_pb_text _builder_version=&#8221;4.9.3&#8243; _module_preset=&#8221;default&#8221;]<\/p>\n<p>Slap (waterfall) walking trail\u00a0 runs through the area of\u00a0<strong>Lovranska Draga<\/strong>, one of the most beautiful and impressive torrential valleys on the eastern slopes of U\u010dka mountain. Even today it is still being shaped by the force of the flow of water.<\/p>\n<p>The trail leads to the waterfall, which is\u00a0<strong>torrential<\/strong>\u00a0(<strong>i.e. it exists only during the rain and shortly afterwards<\/strong>), and whose stream runs through the canyon and flows into the sea at Medveja.<\/p>\n<p>The trail leads to the resting area next to the waterfall, in a sweet-chestnut grove next to the oak and hornbeam forest and karstic terraces that were once used for agriculture.<\/p>\n<p><strong>Height: 359 m<\/strong><\/p>\n<p><strong>Length: 800 m<\/strong><\/p>\n<p><strong>Duration: 30 minutes<\/strong><\/p>\n<p><strong>Start: Lovranska Draga<\/strong><\/p>\n<p><strong>Brochure<\/strong>: <a href=\"https:\/\/www.pp-ucka.hr\/2020\/wp-content\/uploads\/Brosura-Slap-Lovranska-Draga.pdf\" rel=\"attachment wp-att-16802\">Brosura-Slap-Lovranska-Draga.pdf<\/a><\/p>\n<p>[\/et_pb_text][et_pb_code _builder_version=&#8221;4.9.3&#8243; _module_preset=&#8221;default&#8221; text_orientation=&#8221;center&#8221;]<iframe loading=\"lazy\" src=\"https:\/\/www.google.com\/maps\/d\/u\/0\/embed?mid=1G7FW3rHQ0vs0oKDZx7hSHH_a9zhwgiIi\" width=\"640\" height=\"480\"><\/iframe>[\/et_pb_code][\/et_pb_column][\/et_pb_row][et_pb_row custom_padding_last_edited=&#8221;on|desktop&#8221; module_id=&#8221;trebisca-perun&#8221; _builder_version=&#8221;4.9.1&#8243; _module_preset=&#8221;0dde398e-b9b1-4181-9db9-5507a180521a&#8221; custom_padding_tablet=&#8221;&#8221; custom_padding_phone=&#8221;&#8221; custom_padding__hover_enabled=&#8221;off|desktop&#8221;][et_pb_column type=&#8221;4_4&#8243; _builder_version=&#8221;4.9.1&#8243; _module_preset=&#8221;default&#8221;][et_pb_text _builder_version=&#8221;4.9.3&#8243; _module_preset=&#8221;default&#8221;]<\/p>\n<h1>The Trebi\u0161\u0107a-Perun Historic And Mythological Trail<\/h1>\n<p>[\/et_pb_text][et_pb_image src=&#8221;https:\/\/www.pp-ucka.hr\/2020\/wp-content\/uploads\/HIKE-Trebisca-4-1024&#215;683.jpeg&#8221; title_text=&#8221;pp_ucka_staze_trebisce-perun_naslovna&#8221; _builder_version=&#8221;4.9.3&#8243; _module_preset=&#8221;default&#8221; hover_enabled=&#8221;0&#8243; sticky_enabled=&#8221;0&#8243;][\/et_pb_image][et_pb_text _builder_version=&#8221;4.9.3&#8243; _module_preset=&#8221;default&#8221;]<\/p>\n<p><strong>An ancient myth witnessed in landscape<\/strong><\/p>\n<p>On the eastern slopes of Mount U\u010dka, above the wonderful beach of Mo\u0161\u0107eni\u010dka Draga, there lies a deep, mysterious gorge, whose shade hides a story older than thousand years.<\/p>\n<p>It has long been supposed that these slopes of Mount U\u010dka had very special significance for the first Slavic settlers to reach the Kvarner area. Today we know that this area was chosen as the site for their most sacred beliefs, the stage for ancient mythical events on which the cycle of life and natural changes, crucial to human existence, were based.<\/p>\n<p>The Trebi\u0161\u0107a-Perun history and mythology trail is an attempt to explain more about who the Slavs actually are, what we know today about their origins, why they came here, and the beliefs on which life in their community was based. The trail tells the exciting story of how the pieces of this ancient history, whose traces have survived a thousand eventful years, have been pieced together into the jigsaw that makes up our present knowledge about the sacred nature of this area.<\/p>\n<p>The trail leads you through pristine nature and preserved hamlets in the canyon of Poto\u0161ka vala up to the peak of Perun (880 metres above sea level). In addition to the mythic dimension of this area, you will also learn more about this area\u2019s extraordinarily beautiful natural landscape and the history of the hard yet quaint way in which people used to live here.<\/p>\n<p>The Trebi\u0161\u0107a-Perun history and mythology trail is an all-day hiking trip. Before starting, we recommend you assess your physical condition and make sure to wear appropriate shoes and clothes and take enough water and food. The only reliable source of drinking water is in the hamlet of Trebi\u0161\u0107a.<\/p>\n<p><strong>Height: 10 \u2013 880 m<\/strong><\/p>\n<p><strong>Length: 15 km<\/strong><\/p>\n<p><strong>Duration: 7 hours<\/strong><\/p>\n<p><strong>Start: Potoki \/ Sveti Petar (Mo\u0161\u010deni\u0107ka Draga) \/ Mo\u0161\u0107enice<\/strong><\/p>\n<p><strong>Brochure<\/strong>: <a href=\"https:\/\/www.pp-ucka.hr\/2020\/wp-content\/uploads\/Bro\u0161ura-Trebi\u0161\u0107a-Perun.pdf\" rel=\"attachment wp-att-16797\">Bro\u0161ura-Trebi\u0161\u0107a-Perun.pdf<\/a><\/p>\n<p>[\/et_pb_text][et_pb_code _builder_version=&#8221;4.9.3&#8243; _module_preset=&#8221;default&#8221; text_orientation=&#8221;center&#8221;]<iframe loading=\"lazy\" src=\"https:\/\/www.google.com\/maps\/d\/embed?mid=1sfKq2kvNUWd5FM0ybLgnhMfopTLJjjCR\" width=\"640\" height=\"480\"><\/iframe>[\/et_pb_code][\/et_pb_column][\/et_pb_row][\/et_pb_section]<\/p>\n","protected":false},"excerpt":{"rendered":"<p>The Land Art Trail Stra\u017eica\u2013Sapa\u0107icaDiscover the natural beauty of \u0106i\u0107arija high plateau and artistic works in places where you would least expect them! This circular trail is a combination of artistic interventions in the form of land art and the natural beauty of \u0106i\u0107arija, that is, its southern areas around the cliff of Stra\u017eica and [&hellip;]<\/p>\n","protected":false},"author":3,"featured_media":16823,"parent":276,"menu_order":0,"comment_status":"closed","ping_status":"closed","template":"","meta":{"_et_pb_use_builder":"on","_et_pb_old_content":"","_et_gb_content_width":"","inline_featured_image":false,"footnotes":""},"categories":[148],"tags":[],"class_list":["post-3377","page","type-page","status-publish","has-post-thumbnail","hentry","category-trails"],"yoast_head":"<!-- This site is optimized with the Yoast SEO plugin v27.3 - https:\/\/yoast.com\/product\/yoast-seo-wordpress\/ -->\n<title>Educational and walking trails - Park prirode U\u010dka<\/title>\n<meta name=\"robots\" content=\"index, follow, max-snippet:-1, max-image-preview:large, max-video-preview:-1\" \/>\n<link rel=\"canonical\" href=\"https:\/\/www.pp-ucka.hr\/en\/information-for-visitors\/ucka-educational-walking-trails\/\" \/>\n<meta property=\"og:locale\" content=\"en_US\" \/>\n<meta property=\"og:type\" content=\"article\" \/>\n<meta property=\"og:title\" content=\"Educational and walking trails - Park prirode U\u010dka\" \/>\n<meta property=\"og:description\" content=\"The Land Art Trail Stra\u017eica\u2013Sapa\u0107icaDiscover the natural beauty of \u0106i\u0107arija high plateau and artistic works in places where you would least expect them! This circular trail is a combination of artistic interventions in the form of land art and the natural beauty of \u0106i\u0107arija, that is, its southern areas around the cliff of Stra\u017eica and [&hellip;]\" \/>\n<meta property=\"og:url\" content=\"https:\/\/www.pp-ucka.hr\/en\/information-for-visitors\/ucka-educational-walking-trails\/\" \/>\n<meta property=\"og:site_name\" content=\"Park prirode U\u010dka\" \/>\n<meta property=\"article:modified_time\" content=\"2021-10-13T13:06:36+00:00\" \/>\n<meta property=\"og:image\" content=\"https:\/\/www.pp-ucka.hr\/2020\/wp-content\/uploads\/HIKE-Slap-2.jpeg\" \/>\n\t<meta property=\"og:image:width\" content=\"1500\" \/>\n\t<meta property=\"og:image:height\" content=\"1000\" \/>\n\t<meta property=\"og:image:type\" content=\"image\/jpeg\" \/>\n<meta name=\"twitter:card\" content=\"summary_large_image\" \/>\n<meta name=\"twitter:label1\" content=\"Est. reading time\" \/>\n\t<meta name=\"twitter:data1\" content=\"6 minutes\" \/>\n<script type=\"application\/ld+json\" class=\"yoast-schema-graph\">{\"@context\":\"https:\\\/\\\/schema.org\",\"@graph\":[{\"@type\":\"WebPage\",\"@id\":\"https:\\\/\\\/www.pp-ucka.hr\\\/en\\\/information-for-visitors\\\/ucka-educational-walking-trails\\\/\",\"url\":\"https:\\\/\\\/www.pp-ucka.hr\\\/en\\\/information-for-visitors\\\/ucka-educational-walking-trails\\\/\",\"name\":\"Educational and walking trails - Park prirode U\u010dka\",\"isPartOf\":{\"@id\":\"https:\\\/\\\/www.pp-ucka.hr\\\/#website\"},\"primaryImageOfPage\":{\"@id\":\"https:\\\/\\\/www.pp-ucka.hr\\\/en\\\/information-for-visitors\\\/ucka-educational-walking-trails\\\/#primaryimage\"},\"image\":{\"@id\":\"https:\\\/\\\/www.pp-ucka.hr\\\/en\\\/information-for-visitors\\\/ucka-educational-walking-trails\\\/#primaryimage\"},\"thumbnailUrl\":\"https:\\\/\\\/www.pp-ucka.hr\\\/2020\\\/wp-content\\\/uploads\\\/HIKE-Slap-2.jpeg\",\"datePublished\":\"2014-02-05T12:32:49+00:00\",\"dateModified\":\"2021-10-13T13:06:36+00:00\",\"breadcrumb\":{\"@id\":\"https:\\\/\\\/www.pp-ucka.hr\\\/en\\\/information-for-visitors\\\/ucka-educational-walking-trails\\\/#breadcrumb\"},\"inLanguage\":\"en-US\",\"potentialAction\":[{\"@type\":\"ReadAction\",\"target\":[\"https:\\\/\\\/www.pp-ucka.hr\\\/en\\\/information-for-visitors\\\/ucka-educational-walking-trails\\\/\"]}]},{\"@type\":\"ImageObject\",\"inLanguage\":\"en-US\",\"@id\":\"https:\\\/\\\/www.pp-ucka.hr\\\/en\\\/information-for-visitors\\\/ucka-educational-walking-trails\\\/#primaryimage\",\"url\":\"https:\\\/\\\/www.pp-ucka.hr\\\/2020\\\/wp-content\\\/uploads\\\/HIKE-Slap-2.jpeg\",\"contentUrl\":\"https:\\\/\\\/www.pp-ucka.hr\\\/2020\\\/wp-content\\\/uploads\\\/HIKE-Slap-2.jpeg\",\"width\":1500,\"height\":1000},{\"@type\":\"BreadcrumbList\",\"@id\":\"https:\\\/\\\/www.pp-ucka.hr\\\/en\\\/information-for-visitors\\\/ucka-educational-walking-trails\\\/#breadcrumb\",\"itemListElement\":[{\"@type\":\"ListItem\",\"position\":1,\"name\":\"Po\u010detna stranica\",\"item\":\"https:\\\/\\\/www.pp-ucka.hr\\\/en\\\/\"},{\"@type\":\"ListItem\",\"position\":2,\"name\":\"Information for visitors\",\"item\":\"https:\\\/\\\/www.pp-ucka.hr\\\/en\\\/information-for-visitors\\\/\"},{\"@type\":\"ListItem\",\"position\":3,\"name\":\"Educational and walking trails\"}]},{\"@type\":\"WebSite\",\"@id\":\"https:\\\/\\\/www.pp-ucka.hr\\\/#website\",\"url\":\"https:\\\/\\\/www.pp-ucka.hr\\\/\",\"name\":\"Park prirode U\u010dka\",\"description\":\"Park prirode U\u010dka\",\"potentialAction\":[{\"@type\":\"SearchAction\",\"target\":{\"@type\":\"EntryPoint\",\"urlTemplate\":\"https:\\\/\\\/www.pp-ucka.hr\\\/?s={search_term_string}\"},\"query-input\":{\"@type\":\"PropertyValueSpecification\",\"valueRequired\":true,\"valueName\":\"search_term_string\"}}],\"inLanguage\":\"en-US\"}]}<\/script>\n<!-- \/ Yoast SEO plugin. -->","yoast_head_json":{"title":"Educational and walking trails - Park prirode U\u010dka","robots":{"index":"index","follow":"follow","max-snippet":"max-snippet:-1","max-image-preview":"max-image-preview:large","max-video-preview":"max-video-preview:-1"},"canonical":"https:\/\/www.pp-ucka.hr\/en\/information-for-visitors\/ucka-educational-walking-trails\/","og_locale":"en_US","og_type":"article","og_title":"Educational and walking trails - Park prirode U\u010dka","og_description":"The Land Art Trail Stra\u017eica\u2013Sapa\u0107icaDiscover the natural beauty of \u0106i\u0107arija high plateau and artistic works in places where you would least expect them! This circular trail is a combination of artistic interventions in the form of land art and the natural beauty of \u0106i\u0107arija, that is, its southern areas around the cliff of Stra\u017eica and [&hellip;]","og_url":"https:\/\/www.pp-ucka.hr\/en\/information-for-visitors\/ucka-educational-walking-trails\/","og_site_name":"Park prirode U\u010dka","article_modified_time":"2021-10-13T13:06:36+00:00","og_image":[{"width":1500,"height":1000,"url":"https:\/\/www.pp-ucka.hr\/2020\/wp-content\/uploads\/HIKE-Slap-2.jpeg","type":"image\/jpeg"}],"twitter_card":"summary_large_image","twitter_misc":{"Est. reading time":"6 minutes"},"schema":{"@context":"https:\/\/schema.org","@graph":[{"@type":"WebPage","@id":"https:\/\/www.pp-ucka.hr\/en\/information-for-visitors\/ucka-educational-walking-trails\/","url":"https:\/\/www.pp-ucka.hr\/en\/information-for-visitors\/ucka-educational-walking-trails\/","name":"Educational and walking trails - Park prirode U\u010dka","isPartOf":{"@id":"https:\/\/www.pp-ucka.hr\/#website"},"primaryImageOfPage":{"@id":"https:\/\/www.pp-ucka.hr\/en\/information-for-visitors\/ucka-educational-walking-trails\/#primaryimage"},"image":{"@id":"https:\/\/www.pp-ucka.hr\/en\/information-for-visitors\/ucka-educational-walking-trails\/#primaryimage"},"thumbnailUrl":"https:\/\/www.pp-ucka.hr\/2020\/wp-content\/uploads\/HIKE-Slap-2.jpeg","datePublished":"2014-02-05T12:32:49+00:00","dateModified":"2021-10-13T13:06:36+00:00","breadcrumb":{"@id":"https:\/\/www.pp-ucka.hr\/en\/information-for-visitors\/ucka-educational-walking-trails\/#breadcrumb"},"inLanguage":"en-US","potentialAction":[{"@type":"ReadAction","target":["https:\/\/www.pp-ucka.hr\/en\/information-for-visitors\/ucka-educational-walking-trails\/"]}]},{"@type":"ImageObject","inLanguage":"en-US","@id":"https:\/\/www.pp-ucka.hr\/en\/information-for-visitors\/ucka-educational-walking-trails\/#primaryimage","url":"https:\/\/www.pp-ucka.hr\/2020\/wp-content\/uploads\/HIKE-Slap-2.jpeg","contentUrl":"https:\/\/www.pp-ucka.hr\/2020\/wp-content\/uploads\/HIKE-Slap-2.jpeg","width":1500,"height":1000},{"@type":"BreadcrumbList","@id":"https:\/\/www.pp-ucka.hr\/en\/information-for-visitors\/ucka-educational-walking-trails\/#breadcrumb","itemListElement":[{"@type":"ListItem","position":1,"name":"Po\u010detna stranica","item":"https:\/\/www.pp-ucka.hr\/en\/"},{"@type":"ListItem","position":2,"name":"Information for visitors","item":"https:\/\/www.pp-ucka.hr\/en\/information-for-visitors\/"},{"@type":"ListItem","position":3,"name":"Educational and walking trails"}]},{"@type":"WebSite","@id":"https:\/\/www.pp-ucka.hr\/#website","url":"https:\/\/www.pp-ucka.hr\/","name":"Park prirode U\u010dka","description":"Park prirode U\u010dka","potentialAction":[{"@type":"SearchAction","target":{"@type":"EntryPoint","urlTemplate":"https:\/\/www.pp-ucka.hr\/?s={search_term_string}"},"query-input":{"@type":"PropertyValueSpecification","valueRequired":true,"valueName":"search_term_string"}}],"inLanguage":"en-US"}]}},"_links":{"self":[{"href":"https:\/\/www.pp-ucka.hr\/en\/wp-json\/wp\/v2\/pages\/3377","targetHints":{"allow":["GET"]}}],"collection":[{"href":"https:\/\/www.pp-ucka.hr\/en\/wp-json\/wp\/v2\/pages"}],"about":[{"href":"https:\/\/www.pp-ucka.hr\/en\/wp-json\/wp\/v2\/types\/page"}],"author":[{"embeddable":true,"href":"https:\/\/www.pp-ucka.hr\/en\/wp-json\/wp\/v2\/users\/3"}],"replies":[{"embeddable":true,"href":"https:\/\/www.pp-ucka.hr\/en\/wp-json\/wp\/v2\/comments?post=3377"}],"version-history":[{"count":0,"href":"https:\/\/www.pp-ucka.hr\/en\/wp-json\/wp\/v2\/pages\/3377\/revisions"}],"up":[{"embeddable":true,"href":"https:\/\/www.pp-ucka.hr\/en\/wp-json\/wp\/v2\/pages\/276"}],"wp:featuredmedia":[{"embeddable":true,"href":"https:\/\/www.pp-ucka.hr\/en\/wp-json\/wp\/v2\/media\/16823"}],"wp:attachment":[{"href":"https:\/\/www.pp-ucka.hr\/en\/wp-json\/wp\/v2\/media?parent=3377"}],"wp:term":[{"taxonomy":"category","embeddable":true,"href":"https:\/\/www.pp-ucka.hr\/en\/wp-json\/wp\/v2\/categories?post=3377"},{"taxonomy":"post_tag","embeddable":true,"href":"https:\/\/www.pp-ucka.hr\/en\/wp-json\/wp\/v2\/tags?post=3377"}],"curies":[{"name":"wp","href":"https:\/\/api.w.org\/{rel}","templated":true}]}}