{"id":5153,"date":"2016-06-16T07:37:03","date_gmt":"2016-06-16T07:37:03","guid":{"rendered":"http:\/\/www.pp-ucka.hr\/?page_id=5153"},"modified":"2021-07-30T18:35:00","modified_gmt":"2021-07-30T16:35:00","slug":"5153-2","status":"publish","type":"page","link":"https:\/\/www.pp-ucka.hr\/en\/information-for-visitors\/ucka-educational-walking-trails\/5153-2\/","title":{"rendered":"Land art trail Stra\u017eica-Sapa\u0107ica"},"content":{"rendered":"<p style=\"text-align: center;\"><strong>Descriptions of the land art points<\/strong><\/p>\n<p><img loading=\"lazy\" decoding=\"async\" class=\"aligncenter size-medium wp-image-5257\" src=\"http:\/\/www.pp-ucka.hr\/wordpress\/wp-content\/uploads\/27-300x198.jpg\" alt=\"27\" width=\"300\" height=\"198\" \/><\/p>\n<p><b>\u2018Grassy top\u2019<\/b><\/p>\n<p>A stone circle with footprints in the limestone slab invites you to take off your shoes and stand inside it, be calm and quiet, listen to the nature around you and feel part of that nature.<\/p>\n<p><img loading=\"lazy\" decoding=\"async\" class=\"size-medium wp-image-5428 aligncenter\" title=\"Travnati vr\u0161ak\" src=\"http:\/\/www.pp-ucka.hr\/wordpress\/wp-content\/uploads\/Travnati-vr\u0161ak-N.Trinajstic-2-300x225.jpg\" alt=\"Travnati vr\u0161ak - N.Trinajstic (2)\" width=\"300\" height=\"225\" srcset=\"https:\/\/www.pp-ucka.hr\/2020\/wp-content\/uploads\/Travnati-vr\u0161ak-N.Trinajstic-2-300x225.jpg 300w, https:\/\/www.pp-ucka.hr\/2020\/wp-content\/uploads\/Travnati-vr\u0161ak-N.Trinajstic-2-1024x768.jpg 1024w, https:\/\/www.pp-ucka.hr\/2020\/wp-content\/uploads\/Travnati-vr\u0161ak-N.Trinajstic-2-768x576.jpg 768w, https:\/\/www.pp-ucka.hr\/2020\/wp-content\/uploads\/Travnati-vr\u0161ak-N.Trinajstic-2-1536x1152.jpg 1536w, https:\/\/www.pp-ucka.hr\/2020\/wp-content\/uploads\/Travnati-vr\u0161ak-N.Trinajstic-2-2048x1536.jpg 2048w, https:\/\/www.pp-ucka.hr\/2020\/wp-content\/uploads\/Travnati-vr\u0161ak-N.Trinajstic-2-510x382.jpg 510w, https:\/\/www.pp-ucka.hr\/2020\/wp-content\/uploads\/Travnati-vr\u0161ak-N.Trinajstic-2-1080x810.jpg 1080w, https:\/\/www.pp-ucka.hr\/2020\/wp-content\/uploads\/Travnati-vr\u0161ak-N.Trinajstic-2-1280x960.jpg 1280w, https:\/\/www.pp-ucka.hr\/2020\/wp-content\/uploads\/Travnati-vr\u0161ak-N.Trinajstic-2-980x735.jpg 980w, https:\/\/www.pp-ucka.hr\/2020\/wp-content\/uploads\/Travnati-vr\u0161ak-N.Trinajstic-2-480x360.jpg 480w\" sizes=\"(max-width: 300px) 100vw, 300px\" \/><\/p>\n<p><b>\u2018Fairy gathering\u2019<\/b><\/p>\n<p>On a small hill seven stones stick out that nature has placed in a circle. Enter the circle and choose one of the seven painted stone symbols which attracts you the most, sit next to that stone on the soft grass and enjoy the shade of this magical place.<\/p>\n<p><b>\u00a0<\/b><\/p>\n<p><b>\u2018Love stone\u2019<\/b><\/p>\n<p>A rock in the shape of a heart, comprised of two stones which lean on each other, symbolising love, partnership and mutual support. The deeper message of the painted rock is love and the unity of man and nature.<\/p>\n<p><img loading=\"lazy\" decoding=\"async\" class=\"size-medium wp-image-5470 aligncenter\" src=\"http:\/\/www.pp-ucka.hr\/wordpress\/wp-content\/uploads\/ljubavni-kamen-2-300x199.jpg\" alt=\"\" width=\"300\" height=\"199\" \/><\/p>\n<p><b>\u2018Palm prints\u2019<\/b><\/p>\n<p>This land art carries a message of the positive impact of man on nature. The pastures on U\u010dka did not occur naturally but from the millennia of man\u2019s activities. The palm prints on the rock want to show the actions of human hands that have left a positive impact on the biodiversity of the natural world.<\/p>\n<p><img loading=\"lazy\" decoding=\"async\" class=\"size-medium wp-image-5433 aligncenter\" title=\"Otisci dlanova\" src=\"http:\/\/www.pp-ucka.hr\/wordpress\/wp-content\/uploads\/Land-art_otisci-dlanova-2141-300x200.jpg\" alt=\"Land art_otisci dlanova 214\" width=\"300\" height=\"200\" \/><\/p>\n<p><b>\u2018Sheep geoglyphs\u2019<\/b><\/p>\n<p>In a symbolic way the sheep geoglyphs return the flocks to the pastures and represent the indigenous Istrian species \u2013 Pramenka, on pastures which were once used for grazing in the past.<\/p>\n<p><img loading=\"lazy\" decoding=\"async\" class=\"size-medium wp-image-5430 aligncenter\" title=\"Geoglifi ovaca\" src=\"http:\/\/www.pp-ucka.hr\/wordpress\/wp-content\/uploads\/Geoglifi-ovca-N.Trinajstic-300x225.jpg\" alt=\"Geoglifi ovca - N.Trinajstic\" width=\"300\" height=\"225\" \/><\/p>\n<p><b>\u2018Red tree\u2019<\/b><\/p>\n<p>The message of this land art is the negative impact of man on nature. The gas pipeline, powerline, transmitter, radar, road, the U\u010dka tunnel \u2013 all of these are man\u2019s products which unnaturally stick out amidst the mountain beauty. And so this red tree unnaturally dominates the landscape, transmitting a message about man&#8217;s destruction of nature.<\/p>\n<p><img loading=\"lazy\" decoding=\"async\" class=\"size-medium wp-image-5439 aligncenter\" title=\"Crveno stablo\" src=\"http:\/\/www.pp-ucka.hr\/wordpress\/wp-content\/uploads\/Crveno-stablo-P.Dragi\u010devi\u0107-168x300.jpg\" alt=\"Crveno stablo - P.Dragi\u010devi\u0107\" width=\"168\" height=\"300\" \/><\/p>\n<p><b>\u2018Stone teeth\u2019<\/b><\/p>\n<p>The bare stone surface stands out like a stain in relation to the surrounding grass, whilst numerous stone teeth protrude into the air. The painted teeth send a message that nature can very well show its \u201cteeth\u201d if man goes too far with its destruction.<\/p>\n<p><img loading=\"lazy\" decoding=\"async\" class=\"size-medium wp-image-5432 aligncenter\" title=\"Kameni zupci\" src=\"http:\/\/www.pp-ucka.hr\/wordpress\/wp-content\/uploads\/Kameni-zupci-N.Trinajstic-300x225.jpg\" alt=\"Kameni zupci - N.Trinajstic\" width=\"300\" height=\"225\" \/><\/p>\n<p><b>\u2018Labyrinth\u2019<\/b><\/p>\n<p>The geoglyph in the shape of a labyrinth directs you to stay on the right path on the sharp turn of the trail. It also points to the trail which leads to the Gornji (Upper) viewpoint with its beautiful view of Istria, the geomorphological natural monument of the Vela Draga canyon and the main U\u010dka massif.<\/p>\n<p><b>\u00a0<\/b><\/p>\n<p><b>\u2018Stone playground&#8217;<\/b><\/p>\n<p>Given the abundant source of broken stones, here we invite you to play with the building of your own land art, pillars, mounds, pyramids, circles, spirals or other shapes as you want. It is an excellent way to stimulate your own creativity!<\/p>\n<p><b>\u00a0<\/b><\/p>\n<p><b>\u2018Spiral geoglyph\u2019<\/b><\/p>\n<p>The spiral geoglyph has been made following the cross section of the spiral shell of a fossilised foraminifer, which, if you look a little carefully, can be found in the nearby scattered rocks.<\/p>\n<p><b>\u00a0<\/b><\/p>\n<p><b>\u2018Stone forest&#8217;<\/b><\/p>\n<p>In the place where the forest has been completely cleared there only remain sad stumps as a reminder of the impressive trees that once grew here and provided homes for numerous forest creatures. The land art installations here are a direct artistic reminder of the damage that arises due to the reckless and excessive cutting down of trees.<b><\/b><\/p>\n<p><img loading=\"lazy\" decoding=\"async\" class=\"size-medium wp-image-5431 aligncenter\" title=\"Kamena \u0161uma\" src=\"http:\/\/www.pp-ucka.hr\/wordpress\/wp-content\/uploads\/Kamena-\u0161uma-N.Trinajstic-4-225x300.jpg\" alt=\"Kamena \u0161uma - N.Trinajstic (4)\" width=\"225\" height=\"300\" srcset=\"https:\/\/www.pp-ucka.hr\/2020\/wp-content\/uploads\/Kamena-\u0161uma-N.Trinajstic-4-225x300.jpg 225w, https:\/\/www.pp-ucka.hr\/2020\/wp-content\/uploads\/Kamena-\u0161uma-N.Trinajstic-4-768x1024.jpg 768w, https:\/\/www.pp-ucka.hr\/2020\/wp-content\/uploads\/Kamena-\u0161uma-N.Trinajstic-4-1152x1536.jpg 1152w, https:\/\/www.pp-ucka.hr\/2020\/wp-content\/uploads\/Kamena-\u0161uma-N.Trinajstic-4-1536x2048.jpg 1536w, https:\/\/www.pp-ucka.hr\/2020\/wp-content\/uploads\/Kamena-\u0161uma-N.Trinajstic-4-1080x1440.jpg 1080w, https:\/\/www.pp-ucka.hr\/2020\/wp-content\/uploads\/Kamena-\u0161uma-N.Trinajstic-4-1280x1707.jpg 1280w, https:\/\/www.pp-ucka.hr\/2020\/wp-content\/uploads\/Kamena-\u0161uma-N.Trinajstic-4-980x1307.jpg 980w, https:\/\/www.pp-ucka.hr\/2020\/wp-content\/uploads\/Kamena-\u0161uma-N.Trinajstic-4-480x640.jpg 480w, https:\/\/www.pp-ucka.hr\/2020\/wp-content\/uploads\/Kamena-\u0161uma-N.Trinajstic-4-scaled.jpg 1920w\" sizes=\"(max-width: 225px) 100vw, 225px\" \/><\/p>\n<p><b>\u2018Rock painting on the Stra\u017eica cliff\u2019<\/b><\/p>\n<p>The theme of this large abstract cliff painting are lichens, their diversity and importance to the eco-system. They are extremely sensitive to human activities such as pollution and forest clearance. Due to the loss of habitats, changes in the microclimatic conditions and pollution of the air they have become endangered.<\/p>\n<p><img loading=\"lazy\" decoding=\"async\" class=\"size-medium wp-image-5497 aligncenter\" src=\"http:\/\/www.pp-ucka.hr\/wordpress\/wp-content\/uploads\/stijenska-slikarija-na-litici-2-300x200.jpg\" alt=\"\" width=\"300\" height=\"200\" \/><\/p>\n<p><b>\u2018Moss\u2019<\/b><\/p>\n<p>The petroglyph painted on a small stone opposite the bench draws attention to moss, which has overgrown on the mass of stones on the rock creep under the Stra\u017eica cliffs.<\/p>\n<p><img loading=\"lazy\" decoding=\"async\" class=\"size-medium wp-image-5474 aligncenter\" src=\"http:\/\/www.pp-ucka.hr\/wordpress\/wp-content\/uploads\/mahovina-i-3-300x200.jpg\" alt=\"\" width=\"300\" height=\"200\" \/><\/p>\n<p><b>\u2018Two monoliths with a spiral motif&#8217;<\/b><\/p>\n<p>The theme of this point is the spiral as a basic form of nature that appears from the microcosm to the macrocosm. The spiral form is present in DNA, in the shells of foraminifera that build the limestone rocks of U\u010dka, in the twists of young fern leaves and other natural forms, all the way to spiral galaxies.<\/p>\n<p><img loading=\"lazy\" decoding=\"async\" class=\"size-medium wp-image-5429 aligncenter\" title=\"Monolit s motivom spirale\" src=\"http:\/\/www.pp-ucka.hr\/wordpress\/wp-content\/uploads\/Dva-monolita-s-motivom-spirale-N.Trinajstic-225x300.jpg\" alt=\"Dva monolita s motivom spirale - N.Trinajstic\" width=\"225\" height=\"300\" \/><\/p>\n<p><b>\u2018Painted logs\u2019<\/b><\/p>\n<p>This installation is located on the rise to the Krog viewpoint on Stra\u017eica. Enjoy the view of the western slopes of U\u010dka, Istria and the Josephine Road, named in honour of Emperor Joseph II, who had it built at the end of the 18<sup>th<\/sup> century. Stra\u017eica took its name from the observation points from the Uskok-Venetian War in the 17<sup>th<\/sup> century. The remains are visible along the ridge in the form of dry stone walls and levelled clearings.<\/p>\n<p><b>\u00a0<\/b><\/p>\n<p><b>\u2018Grassy plateau\u2019<\/b><\/p>\n<p>On the grassy plateau there is a little geoglyph which serves as a resting place. At the end of the plateau is a small elevation on which a lovely big tree is growing that invites you to hug it with gratitude to nature.<\/p>\n<p><b>\u00a0<\/b><\/p>\n<p><b>About the author<\/b><\/p>\n<p>Boris Pecigo\u0161 graduated in painting at the Arthouse \u2013 College of Visual Arts, Ljubljana. He is a member of the Croatian Association of Artists, Zagreb. In his artistic creativity he is inspired by the power and beauty of nature, gentle and meditative music, deep and emotional poetry as well as mystic zen spirituality. He is the founder and head of the Atelier Hayat association which works in three intertwined fields \u2013 art, the love of nature and personal development.<\/p>\n<p>Online art portfolio: boris-pecigos.com<\/p>\n<p><b>\u00a0<\/b><\/p>\n<p><b>CREDITS:<\/b><\/p>\n<p><b>Standard credit from institutions + <\/b><\/p>\n<p>Text, illustrations and map: Boris Pecigo\u0161, MA<\/p>\n<p>Photography: Boris Pecigo\u0161, archive of the U\u010dka Nature Park Public Institution<\/p>\n","protected":false},"excerpt":{"rendered":"<p>Descriptions of the land art points \u2018Grassy top\u2019 A stone circle with footprints in the limestone slab invites you to take off your shoes and stand inside it, be calm and quiet, listen to the nature around you and feel part of that nature. \u2018Fairy gathering\u2019 On a small hill seven stones stick out that [&hellip;]<\/p>\n","protected":false},"author":3,"featured_media":9704,"parent":3377,"menu_order":0,"comment_status":"closed","ping_status":"closed","template":"","meta":{"_et_pb_use_builder":"","_et_pb_old_content":"","_et_gb_content_width":"","inline_featured_image":false,"footnotes":""},"categories":[],"tags":[],"class_list":["post-5153","page","type-page","status-publish","has-post-thumbnail","hentry"],"yoast_head":"<!-- This site is optimized with the Yoast SEO plugin v27.3 - https:\/\/yoast.com\/product\/yoast-seo-wordpress\/ -->\n<title>Land art trail Stra\u017eica-Sapa\u0107ica - Park prirode U\u010dka<\/title>\n<meta name=\"robots\" content=\"index, follow, max-snippet:-1, max-image-preview:large, max-video-preview:-1\" \/>\n<link rel=\"canonical\" href=\"https:\/\/www.pp-ucka.hr\/en\/information-for-visitors\/ucka-educational-walking-trails\/5153-2\/\" \/>\n<meta property=\"og:locale\" content=\"en_US\" \/>\n<meta property=\"og:type\" content=\"article\" \/>\n<meta property=\"og:title\" content=\"Land art trail Stra\u017eica-Sapa\u0107ica - Park prirode U\u010dka\" \/>\n<meta property=\"og:description\" content=\"Descriptions of the land art points \u2018Grassy top\u2019 A stone circle with footprints in the limestone slab invites you to take off your shoes and stand inside it, be calm and quiet, listen to the nature around you and feel part of that nature. \u2018Fairy gathering\u2019 On a small hill seven stones stick out that [&hellip;]\" \/>\n<meta property=\"og:url\" content=\"https:\/\/www.pp-ucka.hr\/en\/information-for-visitors\/ucka-educational-walking-trails\/5153-2\/\" \/>\n<meta property=\"og:site_name\" content=\"Park prirode U\u010dka\" \/>\n<meta property=\"article:modified_time\" content=\"2021-07-30T16:35:00+00:00\" \/>\n<meta property=\"og:image\" content=\"https:\/\/www.pp-ucka.hr\/2020\/wp-content\/uploads\/pp_ucka_featured_2000.jpg\" \/>\n\t<meta property=\"og:image:width\" content=\"2000\" \/>\n\t<meta property=\"og:image:height\" content=\"1129\" \/>\n\t<meta property=\"og:image:type\" content=\"image\/jpeg\" \/>\n<meta name=\"twitter:card\" content=\"summary_large_image\" \/>\n<script type=\"application\/ld+json\" class=\"yoast-schema-graph\">{\"@context\":\"https:\\\/\\\/schema.org\",\"@graph\":[{\"@type\":\"WebPage\",\"@id\":\"https:\\\/\\\/www.pp-ucka.hr\\\/en\\\/information-for-visitors\\\/ucka-educational-walking-trails\\\/5153-2\\\/\",\"url\":\"https:\\\/\\\/www.pp-ucka.hr\\\/en\\\/information-for-visitors\\\/ucka-educational-walking-trails\\\/5153-2\\\/\",\"name\":\"Land art trail Stra\u017eica-Sapa\u0107ica - Park prirode U\u010dka\",\"isPartOf\":{\"@id\":\"https:\\\/\\\/www.pp-ucka.hr\\\/#website\"},\"primaryImageOfPage\":{\"@id\":\"https:\\\/\\\/www.pp-ucka.hr\\\/en\\\/information-for-visitors\\\/ucka-educational-walking-trails\\\/5153-2\\\/#primaryimage\"},\"image\":{\"@id\":\"https:\\\/\\\/www.pp-ucka.hr\\\/en\\\/information-for-visitors\\\/ucka-educational-walking-trails\\\/5153-2\\\/#primaryimage\"},\"thumbnailUrl\":\"https:\\\/\\\/www.pp-ucka.hr\\\/2020\\\/wp-content\\\/uploads\\\/pp_ucka_featured_2000.jpg\",\"datePublished\":\"2016-06-16T07:37:03+00:00\",\"dateModified\":\"2021-07-30T16:35:00+00:00\",\"breadcrumb\":{\"@id\":\"https:\\\/\\\/www.pp-ucka.hr\\\/en\\\/information-for-visitors\\\/ucka-educational-walking-trails\\\/5153-2\\\/#breadcrumb\"},\"inLanguage\":\"en-US\",\"potentialAction\":[{\"@type\":\"ReadAction\",\"target\":[\"https:\\\/\\\/www.pp-ucka.hr\\\/en\\\/information-for-visitors\\\/ucka-educational-walking-trails\\\/5153-2\\\/\"]}]},{\"@type\":\"ImageObject\",\"inLanguage\":\"en-US\",\"@id\":\"https:\\\/\\\/www.pp-ucka.hr\\\/en\\\/information-for-visitors\\\/ucka-educational-walking-trails\\\/5153-2\\\/#primaryimage\",\"url\":\"https:\\\/\\\/www.pp-ucka.hr\\\/2020\\\/wp-content\\\/uploads\\\/pp_ucka_featured_2000.jpg\",\"contentUrl\":\"https:\\\/\\\/www.pp-ucka.hr\\\/2020\\\/wp-content\\\/uploads\\\/pp_ucka_featured_2000.jpg\",\"width\":2000,\"height\":1129},{\"@type\":\"BreadcrumbList\",\"@id\":\"https:\\\/\\\/www.pp-ucka.hr\\\/en\\\/information-for-visitors\\\/ucka-educational-walking-trails\\\/5153-2\\\/#breadcrumb\",\"itemListElement\":[{\"@type\":\"ListItem\",\"position\":1,\"name\":\"Po\u010detna stranica\",\"item\":\"https:\\\/\\\/www.pp-ucka.hr\\\/en\\\/\"},{\"@type\":\"ListItem\",\"position\":2,\"name\":\"Information for visitors\",\"item\":\"https:\\\/\\\/www.pp-ucka.hr\\\/en\\\/information-for-visitors\\\/\"},{\"@type\":\"ListItem\",\"position\":3,\"name\":\"Educational and walking trails\",\"item\":\"https:\\\/\\\/www.pp-ucka.hr\\\/en\\\/information-for-visitors\\\/ucka-educational-walking-trails\\\/\"},{\"@type\":\"ListItem\",\"position\":4,\"name\":\"Land art trail Stra\u017eica-Sapa\u0107ica\"}]},{\"@type\":\"WebSite\",\"@id\":\"https:\\\/\\\/www.pp-ucka.hr\\\/#website\",\"url\":\"https:\\\/\\\/www.pp-ucka.hr\\\/\",\"name\":\"Park prirode U\u010dka\",\"description\":\"Park prirode U\u010dka\",\"potentialAction\":[{\"@type\":\"SearchAction\",\"target\":{\"@type\":\"EntryPoint\",\"urlTemplate\":\"https:\\\/\\\/www.pp-ucka.hr\\\/?s={search_term_string}\"},\"query-input\":{\"@type\":\"PropertyValueSpecification\",\"valueRequired\":true,\"valueName\":\"search_term_string\"}}],\"inLanguage\":\"en-US\"}]}<\/script>\n<!-- \/ Yoast SEO plugin. -->","yoast_head_json":{"title":"Land art trail Stra\u017eica-Sapa\u0107ica - Park prirode U\u010dka","robots":{"index":"index","follow":"follow","max-snippet":"max-snippet:-1","max-image-preview":"max-image-preview:large","max-video-preview":"max-video-preview:-1"},"canonical":"https:\/\/www.pp-ucka.hr\/en\/information-for-visitors\/ucka-educational-walking-trails\/5153-2\/","og_locale":"en_US","og_type":"article","og_title":"Land art trail Stra\u017eica-Sapa\u0107ica - Park prirode U\u010dka","og_description":"Descriptions of the land art points \u2018Grassy top\u2019 A stone circle with footprints in the limestone slab invites you to take off your shoes and stand inside it, be calm and quiet, listen to the nature around you and feel part of that nature. \u2018Fairy gathering\u2019 On a small hill seven stones stick out that [&hellip;]","og_url":"https:\/\/www.pp-ucka.hr\/en\/information-for-visitors\/ucka-educational-walking-trails\/5153-2\/","og_site_name":"Park prirode U\u010dka","article_modified_time":"2021-07-30T16:35:00+00:00","og_image":[{"width":2000,"height":1129,"url":"https:\/\/www.pp-ucka.hr\/2020\/wp-content\/uploads\/pp_ucka_featured_2000.jpg","type":"image\/jpeg"}],"twitter_card":"summary_large_image","schema":{"@context":"https:\/\/schema.org","@graph":[{"@type":"WebPage","@id":"https:\/\/www.pp-ucka.hr\/en\/information-for-visitors\/ucka-educational-walking-trails\/5153-2\/","url":"https:\/\/www.pp-ucka.hr\/en\/information-for-visitors\/ucka-educational-walking-trails\/5153-2\/","name":"Land art trail Stra\u017eica-Sapa\u0107ica - Park prirode U\u010dka","isPartOf":{"@id":"https:\/\/www.pp-ucka.hr\/#website"},"primaryImageOfPage":{"@id":"https:\/\/www.pp-ucka.hr\/en\/information-for-visitors\/ucka-educational-walking-trails\/5153-2\/#primaryimage"},"image":{"@id":"https:\/\/www.pp-ucka.hr\/en\/information-for-visitors\/ucka-educational-walking-trails\/5153-2\/#primaryimage"},"thumbnailUrl":"https:\/\/www.pp-ucka.hr\/2020\/wp-content\/uploads\/pp_ucka_featured_2000.jpg","datePublished":"2016-06-16T07:37:03+00:00","dateModified":"2021-07-30T16:35:00+00:00","breadcrumb":{"@id":"https:\/\/www.pp-ucka.hr\/en\/information-for-visitors\/ucka-educational-walking-trails\/5153-2\/#breadcrumb"},"inLanguage":"en-US","potentialAction":[{"@type":"ReadAction","target":["https:\/\/www.pp-ucka.hr\/en\/information-for-visitors\/ucka-educational-walking-trails\/5153-2\/"]}]},{"@type":"ImageObject","inLanguage":"en-US","@id":"https:\/\/www.pp-ucka.hr\/en\/information-for-visitors\/ucka-educational-walking-trails\/5153-2\/#primaryimage","url":"https:\/\/www.pp-ucka.hr\/2020\/wp-content\/uploads\/pp_ucka_featured_2000.jpg","contentUrl":"https:\/\/www.pp-ucka.hr\/2020\/wp-content\/uploads\/pp_ucka_featured_2000.jpg","width":2000,"height":1129},{"@type":"BreadcrumbList","@id":"https:\/\/www.pp-ucka.hr\/en\/information-for-visitors\/ucka-educational-walking-trails\/5153-2\/#breadcrumb","itemListElement":[{"@type":"ListItem","position":1,"name":"Po\u010detna stranica","item":"https:\/\/www.pp-ucka.hr\/en\/"},{"@type":"ListItem","position":2,"name":"Information for visitors","item":"https:\/\/www.pp-ucka.hr\/en\/information-for-visitors\/"},{"@type":"ListItem","position":3,"name":"Educational and walking trails","item":"https:\/\/www.pp-ucka.hr\/en\/information-for-visitors\/ucka-educational-walking-trails\/"},{"@type":"ListItem","position":4,"name":"Land art trail Stra\u017eica-Sapa\u0107ica"}]},{"@type":"WebSite","@id":"https:\/\/www.pp-ucka.hr\/#website","url":"https:\/\/www.pp-ucka.hr\/","name":"Park prirode U\u010dka","description":"Park prirode U\u010dka","potentialAction":[{"@type":"SearchAction","target":{"@type":"EntryPoint","urlTemplate":"https:\/\/www.pp-ucka.hr\/?s={search_term_string}"},"query-input":{"@type":"PropertyValueSpecification","valueRequired":true,"valueName":"search_term_string"}}],"inLanguage":"en-US"}]}},"_links":{"self":[{"href":"https:\/\/www.pp-ucka.hr\/en\/wp-json\/wp\/v2\/pages\/5153","targetHints":{"allow":["GET"]}}],"collection":[{"href":"https:\/\/www.pp-ucka.hr\/en\/wp-json\/wp\/v2\/pages"}],"about":[{"href":"https:\/\/www.pp-ucka.hr\/en\/wp-json\/wp\/v2\/types\/page"}],"author":[{"embeddable":true,"href":"https:\/\/www.pp-ucka.hr\/en\/wp-json\/wp\/v2\/users\/3"}],"replies":[{"embeddable":true,"href":"https:\/\/www.pp-ucka.hr\/en\/wp-json\/wp\/v2\/comments?post=5153"}],"version-history":[{"count":0,"href":"https:\/\/www.pp-ucka.hr\/en\/wp-json\/wp\/v2\/pages\/5153\/revisions"}],"up":[{"embeddable":true,"href":"https:\/\/www.pp-ucka.hr\/en\/wp-json\/wp\/v2\/pages\/3377"}],"wp:featuredmedia":[{"embeddable":true,"href":"https:\/\/www.pp-ucka.hr\/en\/wp-json\/wp\/v2\/media\/9704"}],"wp:attachment":[{"href":"https:\/\/www.pp-ucka.hr\/en\/wp-json\/wp\/v2\/media?parent=5153"}],"wp:term":[{"taxonomy":"category","embeddable":true,"href":"https:\/\/www.pp-ucka.hr\/en\/wp-json\/wp\/v2\/categories?post=5153"},{"taxonomy":"post_tag","embeddable":true,"href":"https:\/\/www.pp-ucka.hr\/en\/wp-json\/wp\/v2\/tags?post=5153"}],"curies":[{"name":"wp","href":"https:\/\/api.w.org\/{rel}","templated":true}]}}